{"id":15674,"date":"2023-02-14T14:29:14","date_gmt":"2023-02-14T13:29:14","guid":{"rendered":"http:\/\/aem.hr\/?page_id=15674"},"modified":"2023-05-31T14:28:33","modified_gmt":"2023-05-31T12:28:33","slug":"dorde-matic-doprinos-srpske-manjine-hrvatskoj-kulturi-visoki-modernizam-umjetnika-20-stoljeca","status":"publish","type":"page","link":"https:\/\/aem.hr\/en\/dorde-matic-doprinos-srpske-manjine-hrvatskoj-kulturi-visoki-modernizam-umjetnika-20-stoljeca\/","title":{"rendered":"\u0110or\u0111e Mati\u0107 &#8211; Doprinos srpske manjine hrvatskoj kulturi"},"content":{"rendered":"\n<div class=\"wp-block-file\"><a id=\"wp-block-file--media-d24a0b8a-0c21-4502-8dc5-865500be34e7\" href=\"https:\/\/aem.hr\/wp-content\/uploads\/2023\/02\/1.-Veljko-Milicevic-antologijski-pisac.pdf\">1. Veljko Mili\u0107evi\u0107, antologijski pisac<\/a><a href=\"https:\/\/aem.hr\/wp-content\/uploads\/2023\/02\/1.-Veljko-Milicevic-antologijski-pisac.pdf\" class=\"wp-block-file__button wp-element-button\" download aria-describedby=\"wp-block-file--media-d24a0b8a-0c21-4502-8dc5-865500be34e7\">Preuzimanje<\/a><\/div>\n\n\n\n<div class=\"wp-block-file\"><a id=\"wp-block-file--media-ff5916d7-5665-49cb-8192-e213d3fd7715\" href=\"https:\/\/aem.hr\/wp-content\/uploads\/2023\/02\/2.-Sava-Sumanovic-velicanstveni-zamah.pdf\">2. Sava \u0160umanovi\u0107, veli\u010danstveni zamah<\/a><a href=\"https:\/\/aem.hr\/wp-content\/uploads\/2023\/02\/2.-Sava-Sumanovic-velicanstveni-zamah.pdf\" class=\"wp-block-file__button wp-element-button\" download aria-describedby=\"wp-block-file--media-ff5916d7-5665-49cb-8192-e213d3fd7715\">Preuzimanje<\/a><\/div>\n\n\n\n<div class=\"wp-block-file\"><a id=\"wp-block-file--media-f38ace50-7b8b-49ca-a1b1-8ca6e624b9fb\" href=\"https:\/\/aem.hr\/wp-content\/uploads\/2023\/02\/3.-Tesla-\u2013-ponos-gubitnika-i-sluganska.pdf\">3. Tesla \u2013 ponos gubitnika i sluganska<\/a><a href=\"https:\/\/aem.hr\/wp-content\/uploads\/2023\/02\/3.-Tesla-\u2013-ponos-gubitnika-i-sluganska.pdf\" class=\"wp-block-file__button wp-element-button\" download aria-describedby=\"wp-block-file--media-f38ace50-7b8b-49ca-a1b1-8ca6e624b9fb\">Preuzimanje<\/a><\/div>\n\n\n\n<div class=\"wp-block-file\"><a id=\"wp-block-file--media-aa18ad96-5c1c-4911-8f26-23444f0c6300\" href=\"https:\/\/aem.hr\/wp-content\/uploads\/2023\/02\/4.-Goran-Kostic-\u2013-Kosta-od-studenog.pdf\">4. Goran Kosti\u0107 \u2013 Kosta, od studenog<\/a><a href=\"https:\/\/aem.hr\/wp-content\/uploads\/2023\/02\/4.-Goran-Kostic-\u2013-Kosta-od-studenog.pdf\" class=\"wp-block-file__button wp-element-button\" download aria-describedby=\"wp-block-file--media-aa18ad96-5c1c-4911-8f26-23444f0c6300\">Preuzimanje<\/a><\/div>\n\n\n\n<div class=\"wp-block-file\"><a id=\"wp-block-file--media-0a79f7f1-4b9c-473a-b71b-8af63fd4146f\" href=\"https:\/\/aem.hr\/wp-content\/uploads\/2023\/02\/5.-Vladika-Jovan_-Episkopska-knjiznica.pdf\">5. Vladika Jovan_ Episkopska knji\u017enica<\/a><a href=\"https:\/\/aem.hr\/wp-content\/uploads\/2023\/02\/5.-Vladika-Jovan_-Episkopska-knjiznica.pdf\" class=\"wp-block-file__button wp-element-button\" download aria-describedby=\"wp-block-file--media-0a79f7f1-4b9c-473a-b71b-8af63fd4146f\">Preuzimanje<\/a><\/div>\n\n\n\n<div class=\"wp-block-file\"><a id=\"wp-block-file--media-6bf22624-24d7-4aa9-b5af-7898e891dac3\" href=\"https:\/\/aem.hr\/wp-content\/uploads\/2023\/02\/6.-Katarina-velika.pdf\">6. Katarina velika<\/a><a href=\"https:\/\/aem.hr\/wp-content\/uploads\/2023\/02\/6.-Katarina-velika.pdf\" class=\"wp-block-file__button wp-element-button\" download aria-describedby=\"wp-block-file--media-6bf22624-24d7-4aa9-b5af-7898e891dac3\">Preuzimanje<\/a><\/div>\n\n\n\n<p><\/p>\n","protected":false},"excerpt":{"rendered":"","protected":false},"author":18,"featured_media":0,"parent":0,"menu_order":0,"comment_status":"closed","ping_status":"closed","template":"","meta":{"_acf_changed":false,"inline_featured_image":false,"advgb_blocks_editor_width":"","advgb_blocks_columns_visual_guide":"","_links_to":"","_links_to_type":0,"footnotes":""},"class_list":["post-15674","page","type-page","status-publish","hentry"],"acf":[],"yoast_head":"<!-- This site is optimized with the Yoast SEO plugin v25.7 - https:\/\/yoast.com\/wordpress\/plugins\/seo\/ -->\n<title>\u0110or\u0111e Mati\u0107 - Doprinos srpske manjine hrvatskoj kulturi - Agencija za elektroni\u010dke medije<\/title>\n<meta name=\"robots\" content=\"index, follow, max-snippet:-1, max-image-preview:large, max-video-preview:-1\" \/>\n<link rel=\"canonical\" href=\"https:\/\/aem.hr\/dorde-matic-doprinos-srpske-manjine-hrvatskoj-kulturi-visoki-modernizam-umjetnika-20-stoljeca\/\" \/>\n<meta property=\"og:locale\" content=\"en_US\" \/>\n<meta property=\"og:type\" content=\"article\" \/>\n<meta property=\"og:title\" content=\"\u0110or\u0111e Mati\u0107 - Doprinos srpske manjine hrvatskoj kulturi - Agencija za elektroni\u010dke medije\" \/>\n<meta property=\"og:url\" content=\"https:\/\/aem.hr\/dorde-matic-doprinos-srpske-manjine-hrvatskoj-kulturi-visoki-modernizam-umjetnika-20-stoljeca\/\" \/>\n<meta property=\"og:site_name\" content=\"Agencija za elektroni\u010dke medije\" \/>\n<meta property=\"article:modified_time\" content=\"2023-05-31T12:28:33+00:00\" \/>\n<meta name=\"twitter:card\" content=\"summary_large_image\" \/>\n<meta name=\"twitter:label1\" content=\"Est. reading time\" \/>\n\t<meta name=\"twitter:data1\" content=\"1 minute\" \/>\n<script type=\"application\/ld+json\" class=\"yoast-schema-graph\">{\"@context\":\"https:\/\/schema.org\",\"@graph\":[{\"@type\":\"WebPage\",\"@id\":\"https:\/\/aem.hr\/dorde-matic-doprinos-srpske-manjine-hrvatskoj-kulturi-visoki-modernizam-umjetnika-20-stoljeca\/\",\"url\":\"https:\/\/aem.hr\/dorde-matic-doprinos-srpske-manjine-hrvatskoj-kulturi-visoki-modernizam-umjetnika-20-stoljeca\/\",\"name\":\"\u0110or\u0111e Mati\u0107 - Doprinos srpske manjine hrvatskoj kulturi - Agencija za elektroni\u010dke medije\",\"isPartOf\":{\"@id\":\"https:\/\/aem.hr\/#website\"},\"datePublished\":\"2023-02-14T13:29:14+00:00\",\"dateModified\":\"2023-05-31T12:28:33+00:00\",\"breadcrumb\":{\"@id\":\"https:\/\/aem.hr\/dorde-matic-doprinos-srpske-manjine-hrvatskoj-kulturi-visoki-modernizam-umjetnika-20-stoljeca\/#breadcrumb\"},\"inLanguage\":\"en-US\",\"potentialAction\":[{\"@type\":\"ReadAction\",\"target\":[\"https:\/\/aem.hr\/dorde-matic-doprinos-srpske-manjine-hrvatskoj-kulturi-visoki-modernizam-umjetnika-20-stoljeca\/\"]}]},{\"@type\":\"BreadcrumbList\",\"@id\":\"https:\/\/aem.hr\/dorde-matic-doprinos-srpske-manjine-hrvatskoj-kulturi-visoki-modernizam-umjetnika-20-stoljeca\/#breadcrumb\",\"itemListElement\":[{\"@type\":\"ListItem\",\"position\":1,\"name\":\"Po\u010detna stranica\",\"item\":\"https:\/\/aem.hr\/\"},{\"@type\":\"ListItem\",\"position\":2,\"name\":\"\u0110or\u0111e Mati\u0107 &#8211; Doprinos srpske manjine hrvatskoj kulturi\"}]},{\"@type\":\"WebSite\",\"@id\":\"https:\/\/aem.hr\/#website\",\"url\":\"https:\/\/aem.hr\/\",\"name\":\"Agencija za elektroni\u010dke medije\",\"description\":\"\",\"potentialAction\":[{\"@type\":\"SearchAction\",\"target\":{\"@type\":\"EntryPoint\",\"urlTemplate\":\"https:\/\/aem.hr\/?s={search_term_string}\"},\"query-input\":{\"@type\":\"PropertyValueSpecification\",\"valueRequired\":true,\"valueName\":\"search_term_string\"}}],\"inLanguage\":\"en-US\"}]}<\/script>\n<!-- \/ Yoast SEO plugin. -->","yoast_head_json":{"title":"\u0110or\u0111e Mati\u0107 - Doprinos srpske manjine hrvatskoj kulturi - Agencija za elektroni\u010dke medije","robots":{"index":"index","follow":"follow","max-snippet":"max-snippet:-1","max-image-preview":"max-image-preview:large","max-video-preview":"max-video-preview:-1"},"canonical":"https:\/\/aem.hr\/dorde-matic-doprinos-srpske-manjine-hrvatskoj-kulturi-visoki-modernizam-umjetnika-20-stoljeca\/","og_locale":"en_US","og_type":"article","og_title":"\u0110or\u0111e Mati\u0107 - Doprinos srpske manjine hrvatskoj kulturi - Agencija za elektroni\u010dke medije","og_url":"https:\/\/aem.hr\/dorde-matic-doprinos-srpske-manjine-hrvatskoj-kulturi-visoki-modernizam-umjetnika-20-stoljeca\/","og_site_name":"Agencija za elektroni\u010dke medije","article_modified_time":"2023-05-31T12:28:33+00:00","twitter_card":"summary_large_image","twitter_misc":{"Est. reading time":"1 minute"},"schema":{"@context":"https:\/\/schema.org","@graph":[{"@type":"WebPage","@id":"https:\/\/aem.hr\/dorde-matic-doprinos-srpske-manjine-hrvatskoj-kulturi-visoki-modernizam-umjetnika-20-stoljeca\/","url":"https:\/\/aem.hr\/dorde-matic-doprinos-srpske-manjine-hrvatskoj-kulturi-visoki-modernizam-umjetnika-20-stoljeca\/","name":"\u0110or\u0111e Mati\u0107 - Doprinos srpske manjine hrvatskoj kulturi - Agencija za elektroni\u010dke medije","isPartOf":{"@id":"https:\/\/aem.hr\/#website"},"datePublished":"2023-02-14T13:29:14+00:00","dateModified":"2023-05-31T12:28:33+00:00","breadcrumb":{"@id":"https:\/\/aem.hr\/dorde-matic-doprinos-srpske-manjine-hrvatskoj-kulturi-visoki-modernizam-umjetnika-20-stoljeca\/#breadcrumb"},"inLanguage":"en-US","potentialAction":[{"@type":"ReadAction","target":["https:\/\/aem.hr\/dorde-matic-doprinos-srpske-manjine-hrvatskoj-kulturi-visoki-modernizam-umjetnika-20-stoljeca\/"]}]},{"@type":"BreadcrumbList","@id":"https:\/\/aem.hr\/dorde-matic-doprinos-srpske-manjine-hrvatskoj-kulturi-visoki-modernizam-umjetnika-20-stoljeca\/#breadcrumb","itemListElement":[{"@type":"ListItem","position":1,"name":"Po\u010detna stranica","item":"https:\/\/aem.hr\/"},{"@type":"ListItem","position":2,"name":"\u0110or\u0111e Mati\u0107 &#8211; Doprinos srpske manjine hrvatskoj kulturi"}]},{"@type":"WebSite","@id":"https:\/\/aem.hr\/#website","url":"https:\/\/aem.hr\/","name":"Agencija za elektroni\u010dke medije","description":"","potentialAction":[{"@type":"SearchAction","target":{"@type":"EntryPoint","urlTemplate":"https:\/\/aem.hr\/?s={search_term_string}"},"query-input":{"@type":"PropertyValueSpecification","valueRequired":true,"valueName":"search_term_string"}}],"inLanguage":"en-US"}]}},"coauthors":[],"author_meta":{"author_link":"https:\/\/aem.hr\/en\/blog\/author\/mkirac\/","display_name":"Matko Kirac"},"relative_dates":{"created":"Posted 3 years ago","modified":"Updated 3 years ago"},"absolute_dates":{"created":"Posted on 14. February 2023.","modified":"Updated on 31. May 2023."},"absolute_dates_time":{"created":"Posted on 14. February 2023. 14:29","modified":"Updated on 31. May 2023. 14:28"},"featured_img_caption":"","featured_img":false,"series_order":"","_links":{"self":[{"href":"https:\/\/aem.hr\/en\/wp-json\/wp\/v2\/pages\/15674","targetHints":{"allow":["GET"]}}],"collection":[{"href":"https:\/\/aem.hr\/en\/wp-json\/wp\/v2\/pages"}],"about":[{"href":"https:\/\/aem.hr\/en\/wp-json\/wp\/v2\/types\/page"}],"author":[{"embeddable":true,"href":"https:\/\/aem.hr\/en\/wp-json\/wp\/v2\/users\/18"}],"replies":[{"embeddable":true,"href":"https:\/\/aem.hr\/en\/wp-json\/wp\/v2\/comments?post=15674"}],"version-history":[{"count":2,"href":"https:\/\/aem.hr\/en\/wp-json\/wp\/v2\/pages\/15674\/revisions"}],"predecessor-version":[{"id":16520,"href":"https:\/\/aem.hr\/en\/wp-json\/wp\/v2\/pages\/15674\/revisions\/16520"}],"wp:attachment":[{"href":"https:\/\/aem.hr\/en\/wp-json\/wp\/v2\/media?parent=15674"}],"curies":[{"name":"wp","href":"https:\/\/api.w.org\/{rel}","templated":true}]}}