{"id":15690,"date":"2023-02-14T14:30:56","date_gmt":"2023-02-14T13:30:56","guid":{"rendered":"http:\/\/aem.hr\/?page_id=15690"},"modified":"2023-02-14T14:30:57","modified_gmt":"2023-02-14T13:30:57","slug":"srdan-sekulic-nogomet-fudbal-kao-prvi-faktor-pomirenja","status":"publish","type":"page","link":"https:\/\/aem.hr\/en\/srdan-sekulic-nogomet-fudbal-kao-prvi-faktor-pomirenja\/","title":{"rendered":"Sr\u0111an Sekuli\u0107 &#8211; Nogomet &#8211; fudbal kao prvi faktor pomirenja"},"content":{"rendered":"\n<div class=\"wp-block-file\"><a id=\"wp-block-file--media-cb5460e0-602f-42bf-8b68-0b75380a91ab\" href=\"https:\/\/aem.hr\/wp-content\/uploads\/2023\/02\/1.-Feljton-Nogomet-fudbal-kao-prvi.pdf\">1. Feljton Nogomet fudbal kao prvi<\/a><a href=\"https:\/\/aem.hr\/wp-content\/uploads\/2023\/02\/1.-Feljton-Nogomet-fudbal-kao-prvi.pdf\" class=\"wp-block-file__button wp-element-button\" download aria-describedby=\"wp-block-file--media-cb5460e0-602f-42bf-8b68-0b75380a91ab\">Preuzimanje<\/a><\/div>\n\n\n\n<div class=\"wp-block-file\"><a id=\"wp-block-file--media-f695f7c9-d023-481b-805e-a06c8070a016\" href=\"https:\/\/aem.hr\/wp-content\/uploads\/2023\/02\/2.-Odmah-nakon-reintegracije.pdf\">2. Odmah nakon reintegracije<\/a><a href=\"https:\/\/aem.hr\/wp-content\/uploads\/2023\/02\/2.-Odmah-nakon-reintegracije.pdf\" class=\"wp-block-file__button wp-element-button\" download aria-describedby=\"wp-block-file--media-f695f7c9-d023-481b-805e-a06c8070a016\">Preuzimanje<\/a><\/div>\n\n\n\n<div class=\"wp-block-file\"><a id=\"wp-block-file--media-107cc4b1-d4db-47b1-9027-fe66200a6156\" href=\"https:\/\/aem.hr\/wp-content\/uploads\/2023\/02\/3.-Danijel-Popovic-je-verovatno-kljucni.pdf\">3. Danijel Popovi\u0107 je verovatno klju\u010dni<\/a><a href=\"https:\/\/aem.hr\/wp-content\/uploads\/2023\/02\/3.-Danijel-Popovic-je-verovatno-kljucni.pdf\" class=\"wp-block-file__button wp-element-button\" download aria-describedby=\"wp-block-file--media-107cc4b1-d4db-47b1-9027-fe66200a6156\">Preuzimanje<\/a><\/div>\n\n\n\n<div class=\"wp-block-file\"><a id=\"wp-block-file--media-379e9271-9c35-4023-8ef6-932f0b835e25\" href=\"https:\/\/aem.hr\/wp-content\/uploads\/2023\/02\/4.-Period-stabilizacije-u-fudbalskim.pdf\">4. Period stabilizacije u fudbalskim<\/a><a href=\"https:\/\/aem.hr\/wp-content\/uploads\/2023\/02\/4.-Period-stabilizacije-u-fudbalskim.pdf\" class=\"wp-block-file__button wp-element-button\" download aria-describedby=\"wp-block-file--media-379e9271-9c35-4023-8ef6-932f0b835e25\">Preuzimanje<\/a><\/div>\n\n\n\n<div class=\"wp-block-file\"><a id=\"wp-block-file--media-f1e59724-4e61-42c6-b842-784f6cb0736c\" href=\"https:\/\/aem.hr\/wp-content\/uploads\/2023\/02\/5.-Sredinom-dvehiljaditih-dolazi.pdf\">5. Sredinom dvehiljaditih dolazi<\/a><a href=\"https:\/\/aem.hr\/wp-content\/uploads\/2023\/02\/5.-Sredinom-dvehiljaditih-dolazi.pdf\" class=\"wp-block-file__button wp-element-button\" download aria-describedby=\"wp-block-file--media-f1e59724-4e61-42c6-b842-784f6cb0736c\">Preuzimanje<\/a><\/div>\n\n\n\n<div class=\"wp-block-file\"><a id=\"wp-block-file--media-a320c7c4-07b1-46be-ae9f-f9c76142fa68\" href=\"https:\/\/aem.hr\/wp-content\/uploads\/2023\/02\/6.-Prelazak-igraca-jedne-nacionalnosti.pdf\">6. Prelazak igra\u010da jedne nacionalnosti<\/a><a href=\"https:\/\/aem.hr\/wp-content\/uploads\/2023\/02\/6.-Prelazak-igraca-jedne-nacionalnosti.pdf\" class=\"wp-block-file__button wp-element-button\" download aria-describedby=\"wp-block-file--media-a320c7c4-07b1-46be-ae9f-f9c76142fa68\">Preuzimanje<\/a><\/div>\n\n\n\n<div class=\"wp-block-file\"><a id=\"wp-block-file--media-d8f51fbe-e6d5-43ef-af35-a7ea9cd76bbb\" href=\"https:\/\/aem.hr\/wp-content\/uploads\/2023\/02\/7.-U-danasnjem-vremenu-problemi.pdf\">7. U dana\u0161njem vremenu problemi<\/a><a href=\"https:\/\/aem.hr\/wp-content\/uploads\/2023\/02\/7.-U-danasnjem-vremenu-problemi.pdf\" class=\"wp-block-file__button wp-element-button\" download aria-describedby=\"wp-block-file--media-d8f51fbe-e6d5-43ef-af35-a7ea9cd76bbb\">Preuzimanje<\/a><\/div>\n\n\n\n<p><\/p>\n","protected":false},"excerpt":{"rendered":"","protected":false},"author":18,"featured_media":0,"parent":0,"menu_order":0,"comment_status":"closed","ping_status":"closed","template":"","meta":{"_acf_changed":false,"inline_featured_image":false,"advgb_blocks_editor_width":"","advgb_blocks_columns_visual_guide":"","_links_to":"","_links_to_type":0,"footnotes":""},"class_list":["post-15690","page","type-page","status-publish","hentry"],"acf":[],"yoast_head":"<!-- This site is optimized with the Yoast SEO plugin v25.7 - https:\/\/yoast.com\/wordpress\/plugins\/seo\/ -->\n<title>Sr\u0111an Sekuli\u0107 - Nogomet - fudbal kao prvi faktor pomirenja - Agencija za elektroni\u010dke medije<\/title>\n<meta name=\"robots\" content=\"index, follow, max-snippet:-1, max-image-preview:large, max-video-preview:-1\" \/>\n<link rel=\"canonical\" href=\"https:\/\/aem.hr\/srdan-sekulic-nogomet-fudbal-kao-prvi-faktor-pomirenja\/\" \/>\n<meta property=\"og:locale\" content=\"en_US\" \/>\n<meta property=\"og:type\" content=\"article\" \/>\n<meta property=\"og:title\" content=\"Sr\u0111an Sekuli\u0107 - Nogomet - fudbal kao prvi faktor pomirenja - Agencija za elektroni\u010dke medije\" \/>\n<meta property=\"og:url\" content=\"https:\/\/aem.hr\/srdan-sekulic-nogomet-fudbal-kao-prvi-faktor-pomirenja\/\" \/>\n<meta property=\"og:site_name\" content=\"Agencija za elektroni\u010dke medije\" \/>\n<meta property=\"article:modified_time\" content=\"2023-02-14T13:30:57+00:00\" \/>\n<meta name=\"twitter:card\" content=\"summary_large_image\" \/>\n<meta name=\"twitter:label1\" content=\"Est. reading time\" \/>\n\t<meta name=\"twitter:data1\" content=\"1 minute\" \/>\n<script type=\"application\/ld+json\" class=\"yoast-schema-graph\">{\"@context\":\"https:\/\/schema.org\",\"@graph\":[{\"@type\":\"WebPage\",\"@id\":\"https:\/\/aem.hr\/srdan-sekulic-nogomet-fudbal-kao-prvi-faktor-pomirenja\/\",\"url\":\"https:\/\/aem.hr\/srdan-sekulic-nogomet-fudbal-kao-prvi-faktor-pomirenja\/\",\"name\":\"Sr\u0111an Sekuli\u0107 - Nogomet - fudbal kao prvi faktor pomirenja - Agencija za elektroni\u010dke medije\",\"isPartOf\":{\"@id\":\"https:\/\/aem.hr\/#website\"},\"datePublished\":\"2023-02-14T13:30:56+00:00\",\"dateModified\":\"2023-02-14T13:30:57+00:00\",\"breadcrumb\":{\"@id\":\"https:\/\/aem.hr\/srdan-sekulic-nogomet-fudbal-kao-prvi-faktor-pomirenja\/#breadcrumb\"},\"inLanguage\":\"en-US\",\"potentialAction\":[{\"@type\":\"ReadAction\",\"target\":[\"https:\/\/aem.hr\/srdan-sekulic-nogomet-fudbal-kao-prvi-faktor-pomirenja\/\"]}]},{\"@type\":\"BreadcrumbList\",\"@id\":\"https:\/\/aem.hr\/srdan-sekulic-nogomet-fudbal-kao-prvi-faktor-pomirenja\/#breadcrumb\",\"itemListElement\":[{\"@type\":\"ListItem\",\"position\":1,\"name\":\"Po\u010detna stranica\",\"item\":\"https:\/\/aem.hr\/\"},{\"@type\":\"ListItem\",\"position\":2,\"name\":\"Sr\u0111an Sekuli\u0107 &#8211; Nogomet &#8211; fudbal kao prvi faktor pomirenja\"}]},{\"@type\":\"WebSite\",\"@id\":\"https:\/\/aem.hr\/#website\",\"url\":\"https:\/\/aem.hr\/\",\"name\":\"Agencija za elektroni\u010dke medije\",\"description\":\"\",\"potentialAction\":[{\"@type\":\"SearchAction\",\"target\":{\"@type\":\"EntryPoint\",\"urlTemplate\":\"https:\/\/aem.hr\/?s={search_term_string}\"},\"query-input\":{\"@type\":\"PropertyValueSpecification\",\"valueRequired\":true,\"valueName\":\"search_term_string\"}}],\"inLanguage\":\"en-US\"}]}<\/script>\n<!-- \/ Yoast SEO plugin. -->","yoast_head_json":{"title":"Sr\u0111an Sekuli\u0107 - Nogomet - fudbal kao prvi faktor pomirenja - Agencija za elektroni\u010dke medije","robots":{"index":"index","follow":"follow","max-snippet":"max-snippet:-1","max-image-preview":"max-image-preview:large","max-video-preview":"max-video-preview:-1"},"canonical":"https:\/\/aem.hr\/srdan-sekulic-nogomet-fudbal-kao-prvi-faktor-pomirenja\/","og_locale":"en_US","og_type":"article","og_title":"Sr\u0111an Sekuli\u0107 - Nogomet - fudbal kao prvi faktor pomirenja - Agencija za elektroni\u010dke medije","og_url":"https:\/\/aem.hr\/srdan-sekulic-nogomet-fudbal-kao-prvi-faktor-pomirenja\/","og_site_name":"Agencija za elektroni\u010dke medije","article_modified_time":"2023-02-14T13:30:57+00:00","twitter_card":"summary_large_image","twitter_misc":{"Est. reading time":"1 minute"},"schema":{"@context":"https:\/\/schema.org","@graph":[{"@type":"WebPage","@id":"https:\/\/aem.hr\/srdan-sekulic-nogomet-fudbal-kao-prvi-faktor-pomirenja\/","url":"https:\/\/aem.hr\/srdan-sekulic-nogomet-fudbal-kao-prvi-faktor-pomirenja\/","name":"Sr\u0111an Sekuli\u0107 - Nogomet - fudbal kao prvi faktor pomirenja - Agencija za elektroni\u010dke medije","isPartOf":{"@id":"https:\/\/aem.hr\/#website"},"datePublished":"2023-02-14T13:30:56+00:00","dateModified":"2023-02-14T13:30:57+00:00","breadcrumb":{"@id":"https:\/\/aem.hr\/srdan-sekulic-nogomet-fudbal-kao-prvi-faktor-pomirenja\/#breadcrumb"},"inLanguage":"en-US","potentialAction":[{"@type":"ReadAction","target":["https:\/\/aem.hr\/srdan-sekulic-nogomet-fudbal-kao-prvi-faktor-pomirenja\/"]}]},{"@type":"BreadcrumbList","@id":"https:\/\/aem.hr\/srdan-sekulic-nogomet-fudbal-kao-prvi-faktor-pomirenja\/#breadcrumb","itemListElement":[{"@type":"ListItem","position":1,"name":"Po\u010detna stranica","item":"https:\/\/aem.hr\/"},{"@type":"ListItem","position":2,"name":"Sr\u0111an Sekuli\u0107 &#8211; Nogomet &#8211; fudbal kao prvi faktor pomirenja"}]},{"@type":"WebSite","@id":"https:\/\/aem.hr\/#website","url":"https:\/\/aem.hr\/","name":"Agencija za elektroni\u010dke medije","description":"","potentialAction":[{"@type":"SearchAction","target":{"@type":"EntryPoint","urlTemplate":"https:\/\/aem.hr\/?s={search_term_string}"},"query-input":{"@type":"PropertyValueSpecification","valueRequired":true,"valueName":"search_term_string"}}],"inLanguage":"en-US"}]}},"coauthors":[],"author_meta":{"author_link":"https:\/\/aem.hr\/en\/blog\/author\/mkirac\/","display_name":"Matko Kirac"},"relative_dates":{"created":"Posted 3 years ago","modified":"Updated 3 years ago"},"absolute_dates":{"created":"Posted on 14. February 2023.","modified":"Updated on 14. February 2023."},"absolute_dates_time":{"created":"Posted on 14. February 2023. 14:30","modified":"Updated on 14. February 2023. 14:30"},"featured_img_caption":"","featured_img":false,"series_order":"","_links":{"self":[{"href":"https:\/\/aem.hr\/en\/wp-json\/wp\/v2\/pages\/15690","targetHints":{"allow":["GET"]}}],"collection":[{"href":"https:\/\/aem.hr\/en\/wp-json\/wp\/v2\/pages"}],"about":[{"href":"https:\/\/aem.hr\/en\/wp-json\/wp\/v2\/types\/page"}],"author":[{"embeddable":true,"href":"https:\/\/aem.hr\/en\/wp-json\/wp\/v2\/users\/18"}],"replies":[{"embeddable":true,"href":"https:\/\/aem.hr\/en\/wp-json\/wp\/v2\/comments?post=15690"}],"version-history":[{"count":1,"href":"https:\/\/aem.hr\/en\/wp-json\/wp\/v2\/pages\/15690\/revisions"}],"predecessor-version":[{"id":15705,"href":"https:\/\/aem.hr\/en\/wp-json\/wp\/v2\/pages\/15690\/revisions\/15705"}],"wp:attachment":[{"href":"https:\/\/aem.hr\/en\/wp-json\/wp\/v2\/media?parent=15690"}],"curies":[{"name":"wp","href":"https:\/\/api.w.org\/{rel}","templated":true}]}}