{"id":15721,"date":"2023-02-14T14:34:34","date_gmt":"2023-02-14T13:34:34","guid":{"rendered":"http:\/\/aem.hr\/?page_id=15721"},"modified":"2023-02-14T14:34:35","modified_gmt":"2023-02-14T13:34:35","slug":"tihana-bertek-obitelj-roditeljstvo-brak-suvremeni-izazovi","status":"publish","type":"page","link":"https:\/\/aem.hr\/en\/tihana-bertek-obitelj-roditeljstvo-brak-suvremeni-izazovi\/","title":{"rendered":"Tihana Bertek &#8211; Obitelj, roditeljstvo, brak \u2013 suvremeni izazovi"},"content":{"rendered":"\n<div class=\"wp-block-file\"><a id=\"wp-block-file--media-8234c4b6-26fb-4975-b63a-4776cde148e9\" href=\"https:\/\/aem.hr\/wp-content\/uploads\/2023\/02\/1.-Izmedu-nadzora-i-prisnosti.pdf\">1. Izme\u0111u nadzora i prisnosti<\/a><a href=\"https:\/\/aem.hr\/wp-content\/uploads\/2023\/02\/1.-Izmedu-nadzora-i-prisnosti.pdf\" class=\"wp-block-file__button wp-element-button\" download aria-describedby=\"wp-block-file--media-8234c4b6-26fb-4975-b63a-4776cde148e9\">Preuzimanje<\/a><\/div>\n\n\n\n<div class=\"wp-block-file\"><a id=\"wp-block-file--media-6a0f2e1c-d424-4df7-aca6-e55cd86cfb8d\" href=\"https:\/\/aem.hr\/wp-content\/uploads\/2023\/02\/2.-Zamke-nesebicnosti.pdf\">2. Zamke (ne)sebi\u010dnosti<\/a><a href=\"https:\/\/aem.hr\/wp-content\/uploads\/2023\/02\/2.-Zamke-nesebicnosti.pdf\" class=\"wp-block-file__button wp-element-button\" download aria-describedby=\"wp-block-file--media-6a0f2e1c-d424-4df7-aca6-e55cd86cfb8d\">Preuzimanje<\/a><\/div>\n\n\n\n<div class=\"wp-block-file\"><a id=\"wp-block-file--media-50474ef1-5b79-49e5-b83c-ead8e414492e\" href=\"https:\/\/aem.hr\/wp-content\/uploads\/2023\/02\/3.-Ne-mogu-vise-cujes-li-me.pdf\">3. Ne mogu vi\u0161e, \u010duje\u0161 li me<\/a><a href=\"https:\/\/aem.hr\/wp-content\/uploads\/2023\/02\/3.-Ne-mogu-vise-cujes-li-me.pdf\" class=\"wp-block-file__button wp-element-button\" download aria-describedby=\"wp-block-file--media-50474ef1-5b79-49e5-b83c-ead8e414492e\">Preuzimanje<\/a><\/div>\n\n\n\n<div class=\"wp-block-file\"><a id=\"wp-block-file--media-d9f45455-8153-4280-ac6b-e7b3f71c2906\" href=\"https:\/\/aem.hr\/wp-content\/uploads\/2023\/02\/4.-Zasto-sve-cesce-biramo-izvanbracni-suzivot.pdf\">4. Za\u0161to sve \u010de\u0161\u0107e biramo izvanbra\u010dni su\u017eivot<\/a><a href=\"https:\/\/aem.hr\/wp-content\/uploads\/2023\/02\/4.-Zasto-sve-cesce-biramo-izvanbracni-suzivot.pdf\" class=\"wp-block-file__button wp-element-button\" download aria-describedby=\"wp-block-file--media-d9f45455-8153-4280-ac6b-e7b3f71c2906\">Preuzimanje<\/a><\/div>\n\n\n\n<div class=\"wp-block-file\"><a id=\"wp-block-file--media-23511f89-dc87-4b4a-8f0b-2e30894f9cb4\" href=\"https:\/\/aem.hr\/wp-content\/uploads\/2023\/02\/5.-Zakonski-okvir-izvanbracnih-zajednica.pdf\">5. Zakonski okvir izvanbra\u010dnih zajednica<\/a><a href=\"https:\/\/aem.hr\/wp-content\/uploads\/2023\/02\/5.-Zakonski-okvir-izvanbracnih-zajednica.pdf\" class=\"wp-block-file__button wp-element-button\" download aria-describedby=\"wp-block-file--media-23511f89-dc87-4b4a-8f0b-2e30894f9cb4\">Preuzimanje<\/a><\/div>\n\n\n\n<div class=\"wp-block-file\"><a id=\"wp-block-file--media-f59931a4-790c-4ee1-b814-ff7fbf449c9c\" href=\"https:\/\/aem.hr\/wp-content\/uploads\/2023\/02\/6.-Kako-lezbijske-obitelji-mijenjaju-koncept-ocinstva.pdf\">6. Kako lezbijske obitelji mijenjaju koncept o\u010dinstva<\/a><a href=\"https:\/\/aem.hr\/wp-content\/uploads\/2023\/02\/6.-Kako-lezbijske-obitelji-mijenjaju-koncept-ocinstva.pdf\" class=\"wp-block-file__button wp-element-button\" download aria-describedby=\"wp-block-file--media-f59931a4-790c-4ee1-b814-ff7fbf449c9c\">Preuzimanje<\/a><\/div>\n\n\n\n<p><\/p>\n","protected":false},"excerpt":{"rendered":"","protected":false},"author":18,"featured_media":0,"parent":0,"menu_order":0,"comment_status":"closed","ping_status":"closed","template":"","meta":{"_acf_changed":false,"inline_featured_image":false,"advgb_blocks_editor_width":"","advgb_blocks_columns_visual_guide":"","_links_to":"","_links_to_type":0,"footnotes":""},"class_list":["post-15721","page","type-page","status-publish","hentry"],"acf":[],"yoast_head":"<!-- This site is optimized with the Yoast SEO plugin v25.7 - https:\/\/yoast.com\/wordpress\/plugins\/seo\/ -->\n<title>Tihana Bertek - Obitelj, roditeljstvo, brak \u2013 suvremeni izazovi - Agencija za elektroni\u010dke medije<\/title>\n<meta name=\"robots\" content=\"index, follow, max-snippet:-1, max-image-preview:large, max-video-preview:-1\" \/>\n<link rel=\"canonical\" href=\"https:\/\/aem.hr\/tihana-bertek-obitelj-roditeljstvo-brak-suvremeni-izazovi\/\" \/>\n<meta property=\"og:locale\" content=\"en_US\" \/>\n<meta property=\"og:type\" content=\"article\" \/>\n<meta property=\"og:title\" content=\"Tihana Bertek - Obitelj, roditeljstvo, brak \u2013 suvremeni izazovi - Agencija za elektroni\u010dke medije\" \/>\n<meta property=\"og:url\" content=\"https:\/\/aem.hr\/tihana-bertek-obitelj-roditeljstvo-brak-suvremeni-izazovi\/\" \/>\n<meta property=\"og:site_name\" content=\"Agencija za elektroni\u010dke medije\" \/>\n<meta property=\"article:modified_time\" content=\"2023-02-14T13:34:35+00:00\" \/>\n<meta name=\"twitter:card\" content=\"summary_large_image\" \/>\n<meta name=\"twitter:label1\" content=\"Est. reading time\" \/>\n\t<meta name=\"twitter:data1\" content=\"1 minute\" \/>\n<script type=\"application\/ld+json\" class=\"yoast-schema-graph\">{\"@context\":\"https:\/\/schema.org\",\"@graph\":[{\"@type\":\"WebPage\",\"@id\":\"https:\/\/aem.hr\/tihana-bertek-obitelj-roditeljstvo-brak-suvremeni-izazovi\/\",\"url\":\"https:\/\/aem.hr\/tihana-bertek-obitelj-roditeljstvo-brak-suvremeni-izazovi\/\",\"name\":\"Tihana Bertek - Obitelj, roditeljstvo, brak \u2013 suvremeni izazovi - Agencija za elektroni\u010dke medije\",\"isPartOf\":{\"@id\":\"https:\/\/aem.hr\/#website\"},\"datePublished\":\"2023-02-14T13:34:34+00:00\",\"dateModified\":\"2023-02-14T13:34:35+00:00\",\"breadcrumb\":{\"@id\":\"https:\/\/aem.hr\/tihana-bertek-obitelj-roditeljstvo-brak-suvremeni-izazovi\/#breadcrumb\"},\"inLanguage\":\"en-US\",\"potentialAction\":[{\"@type\":\"ReadAction\",\"target\":[\"https:\/\/aem.hr\/tihana-bertek-obitelj-roditeljstvo-brak-suvremeni-izazovi\/\"]}]},{\"@type\":\"BreadcrumbList\",\"@id\":\"https:\/\/aem.hr\/tihana-bertek-obitelj-roditeljstvo-brak-suvremeni-izazovi\/#breadcrumb\",\"itemListElement\":[{\"@type\":\"ListItem\",\"position\":1,\"name\":\"Po\u010detna stranica\",\"item\":\"https:\/\/aem.hr\/\"},{\"@type\":\"ListItem\",\"position\":2,\"name\":\"Tihana Bertek &#8211; Obitelj, roditeljstvo, brak \u2013 suvremeni izazovi\"}]},{\"@type\":\"WebSite\",\"@id\":\"https:\/\/aem.hr\/#website\",\"url\":\"https:\/\/aem.hr\/\",\"name\":\"Agencija za elektroni\u010dke medije\",\"description\":\"\",\"potentialAction\":[{\"@type\":\"SearchAction\",\"target\":{\"@type\":\"EntryPoint\",\"urlTemplate\":\"https:\/\/aem.hr\/?s={search_term_string}\"},\"query-input\":{\"@type\":\"PropertyValueSpecification\",\"valueRequired\":true,\"valueName\":\"search_term_string\"}}],\"inLanguage\":\"en-US\"}]}<\/script>\n<!-- \/ Yoast SEO plugin. -->","yoast_head_json":{"title":"Tihana Bertek - Obitelj, roditeljstvo, brak \u2013 suvremeni izazovi - Agencija za elektroni\u010dke medije","robots":{"index":"index","follow":"follow","max-snippet":"max-snippet:-1","max-image-preview":"max-image-preview:large","max-video-preview":"max-video-preview:-1"},"canonical":"https:\/\/aem.hr\/tihana-bertek-obitelj-roditeljstvo-brak-suvremeni-izazovi\/","og_locale":"en_US","og_type":"article","og_title":"Tihana Bertek - Obitelj, roditeljstvo, brak \u2013 suvremeni izazovi - Agencija za elektroni\u010dke medije","og_url":"https:\/\/aem.hr\/tihana-bertek-obitelj-roditeljstvo-brak-suvremeni-izazovi\/","og_site_name":"Agencija za elektroni\u010dke medije","article_modified_time":"2023-02-14T13:34:35+00:00","twitter_card":"summary_large_image","twitter_misc":{"Est. reading time":"1 minute"},"schema":{"@context":"https:\/\/schema.org","@graph":[{"@type":"WebPage","@id":"https:\/\/aem.hr\/tihana-bertek-obitelj-roditeljstvo-brak-suvremeni-izazovi\/","url":"https:\/\/aem.hr\/tihana-bertek-obitelj-roditeljstvo-brak-suvremeni-izazovi\/","name":"Tihana Bertek - Obitelj, roditeljstvo, brak \u2013 suvremeni izazovi - Agencija za elektroni\u010dke medije","isPartOf":{"@id":"https:\/\/aem.hr\/#website"},"datePublished":"2023-02-14T13:34:34+00:00","dateModified":"2023-02-14T13:34:35+00:00","breadcrumb":{"@id":"https:\/\/aem.hr\/tihana-bertek-obitelj-roditeljstvo-brak-suvremeni-izazovi\/#breadcrumb"},"inLanguage":"en-US","potentialAction":[{"@type":"ReadAction","target":["https:\/\/aem.hr\/tihana-bertek-obitelj-roditeljstvo-brak-suvremeni-izazovi\/"]}]},{"@type":"BreadcrumbList","@id":"https:\/\/aem.hr\/tihana-bertek-obitelj-roditeljstvo-brak-suvremeni-izazovi\/#breadcrumb","itemListElement":[{"@type":"ListItem","position":1,"name":"Po\u010detna stranica","item":"https:\/\/aem.hr\/"},{"@type":"ListItem","position":2,"name":"Tihana Bertek &#8211; Obitelj, roditeljstvo, brak \u2013 suvremeni izazovi"}]},{"@type":"WebSite","@id":"https:\/\/aem.hr\/#website","url":"https:\/\/aem.hr\/","name":"Agencija za elektroni\u010dke medije","description":"","potentialAction":[{"@type":"SearchAction","target":{"@type":"EntryPoint","urlTemplate":"https:\/\/aem.hr\/?s={search_term_string}"},"query-input":{"@type":"PropertyValueSpecification","valueRequired":true,"valueName":"search_term_string"}}],"inLanguage":"en-US"}]}},"coauthors":[],"author_meta":{"author_link":"https:\/\/aem.hr\/en\/blog\/author\/mkirac\/","display_name":"Matko Kirac"},"relative_dates":{"created":"Posted 3 years ago","modified":"Updated 3 years ago"},"absolute_dates":{"created":"Posted on 14. February 2023.","modified":"Updated on 14. February 2023."},"absolute_dates_time":{"created":"Posted on 14. February 2023. 14:34","modified":"Updated on 14. February 2023. 14:34"},"featured_img_caption":"","featured_img":false,"series_order":"","_links":{"self":[{"href":"https:\/\/aem.hr\/en\/wp-json\/wp\/v2\/pages\/15721","targetHints":{"allow":["GET"]}}],"collection":[{"href":"https:\/\/aem.hr\/en\/wp-json\/wp\/v2\/pages"}],"about":[{"href":"https:\/\/aem.hr\/en\/wp-json\/wp\/v2\/types\/page"}],"author":[{"embeddable":true,"href":"https:\/\/aem.hr\/en\/wp-json\/wp\/v2\/users\/18"}],"replies":[{"embeddable":true,"href":"https:\/\/aem.hr\/en\/wp-json\/wp\/v2\/comments?post=15721"}],"version-history":[{"count":1,"href":"https:\/\/aem.hr\/en\/wp-json\/wp\/v2\/pages\/15721\/revisions"}],"predecessor-version":[{"id":15734,"href":"https:\/\/aem.hr\/en\/wp-json\/wp\/v2\/pages\/15721\/revisions\/15734"}],"wp:attachment":[{"href":"https:\/\/aem.hr\/en\/wp-json\/wp\/v2\/media?parent=15721"}],"curies":[{"name":"wp","href":"https:\/\/api.w.org\/{rel}","templated":true}]}}