{"id":15797,"date":"2023-02-14T14:51:13","date_gmt":"2023-02-14T13:51:13","guid":{"rendered":"http:\/\/aem.hr\/?page_id=15797"},"modified":"2023-05-31T14:07:47","modified_gmt":"2023-05-31T12:07:47","slug":"mario-kikas-imena-s-naslovnice-kako-zive-i-rade-nasi-knjizevni-prevodioci-i-prevoditeljice","status":"publish","type":"page","link":"https:\/\/aem.hr\/en\/mario-kikas-imena-s-naslovnice-kako-zive-i-rade-nasi-knjizevni-prevodioci-i-prevoditeljice\/","title":{"rendered":"Mario Kika\u0161 &#8211; Imena s naslovnice: kako \u017eive i rade na\u0161i (knji\u017eevni) prevodioci i prevoditeljice"},"content":{"rendered":"\n<div class=\"wp-block-file\"><a id=\"wp-block-file--media-e2667265-ecb0-4989-a0c6-13f500fc29a3\" href=\"https:\/\/aem.hr\/wp-content\/uploads\/2023\/02\/1.-Svjetsko-trziste.pdf\">1. Svjetsko tr\u017ei\u0161te<\/a><a href=\"https:\/\/aem.hr\/wp-content\/uploads\/2023\/02\/1.-Svjetsko-trziste.pdf\" class=\"wp-block-file__button wp-element-button\" download aria-describedby=\"wp-block-file--media-e2667265-ecb0-4989-a0c6-13f500fc29a3\">Preuzimanje<\/a><\/div>\n\n\n\n<div class=\"wp-block-file\"><a id=\"wp-block-file--media-6992e196-bd74-4678-b0f7-533cd78d9032\" href=\"https:\/\/aem.hr\/wp-content\/uploads\/2023\/02\/2.-Komocija.pdf\">2. Komocija<\/a><a href=\"https:\/\/aem.hr\/wp-content\/uploads\/2023\/02\/2.-Komocija.pdf\" class=\"wp-block-file__button wp-element-button\" download aria-describedby=\"wp-block-file--media-6992e196-bd74-4678-b0f7-533cd78d9032\">Preuzimanje<\/a><\/div>\n\n\n\n<div class=\"wp-block-file\"><a id=\"wp-block-file--media-85064ff7-d6fe-45c2-af1d-451bbe60dadf\" href=\"https:\/\/aem.hr\/wp-content\/uploads\/2023\/02\/3.-Rad.pdf\">3. Rad<\/a><a href=\"https:\/\/aem.hr\/wp-content\/uploads\/2023\/02\/3.-Rad.pdf\" class=\"wp-block-file__button wp-element-button\" download aria-describedby=\"wp-block-file--media-85064ff7-d6fe-45c2-af1d-451bbe60dadf\">Preuzimanje<\/a><\/div>\n\n\n\n<div class=\"wp-block-file\"><a id=\"wp-block-file--media-6ad357e3-f392-4e10-a1f1-6ff599891c48\" href=\"https:\/\/aem.hr\/wp-content\/uploads\/2023\/02\/4.-Niske-cijene.pdf\">4. Niske cijene<\/a><a href=\"https:\/\/aem.hr\/wp-content\/uploads\/2023\/02\/4.-Niske-cijene.pdf\" class=\"wp-block-file__button wp-element-button\" download aria-describedby=\"wp-block-file--media-6ad357e3-f392-4e10-a1f1-6ff599891c48\">Preuzimanje<\/a><\/div>\n\n\n\n<div class=\"wp-block-file\"><a id=\"wp-block-file--media-5c40ae09-f45d-4587-bf36-9b83ef36a4ab\" href=\"https:\/\/aem.hr\/wp-content\/uploads\/2023\/02\/5.-Sindikalna-akcija.pdf\">5. Sindikalna akcija<\/a><a href=\"https:\/\/aem.hr\/wp-content\/uploads\/2023\/02\/5.-Sindikalna-akcija.pdf\" class=\"wp-block-file__button wp-element-button\" download aria-describedby=\"wp-block-file--media-5c40ae09-f45d-4587-bf36-9b83ef36a4ab\">Preuzimanje<\/a><\/div>\n\n\n\n<p><\/p>\n","protected":false},"excerpt":{"rendered":"","protected":false},"author":18,"featured_media":0,"parent":0,"menu_order":0,"comment_status":"closed","ping_status":"closed","template":"","meta":{"_acf_changed":false,"inline_featured_image":false,"advgb_blocks_editor_width":"","advgb_blocks_columns_visual_guide":"","_links_to":"","_links_to_type":0,"footnotes":""},"class_list":["post-15797","page","type-page","status-publish","hentry"],"acf":[],"yoast_head":"<!-- This site is optimized with the Yoast SEO plugin v25.7 - https:\/\/yoast.com\/wordpress\/plugins\/seo\/ -->\n<title>Mario Kika\u0161 - Imena s naslovnice: kako \u017eive i rade na\u0161i (knji\u017eevni) prevodioci i prevoditeljice - Agencija za elektroni\u010dke medije<\/title>\n<meta name=\"robots\" content=\"index, follow, max-snippet:-1, max-image-preview:large, max-video-preview:-1\" \/>\n<link rel=\"canonical\" href=\"https:\/\/aem.hr\/mario-kikas-imena-s-naslovnice-kako-zive-i-rade-nasi-knjizevni-prevodioci-i-prevoditeljice\/\" \/>\n<meta property=\"og:locale\" content=\"en_US\" \/>\n<meta property=\"og:type\" content=\"article\" \/>\n<meta property=\"og:title\" content=\"Mario Kika\u0161 - Imena s naslovnice: kako \u017eive i rade na\u0161i (knji\u017eevni) prevodioci i prevoditeljice - Agencija za elektroni\u010dke medije\" \/>\n<meta property=\"og:url\" content=\"https:\/\/aem.hr\/mario-kikas-imena-s-naslovnice-kako-zive-i-rade-nasi-knjizevni-prevodioci-i-prevoditeljice\/\" \/>\n<meta property=\"og:site_name\" content=\"Agencija za elektroni\u010dke medije\" \/>\n<meta property=\"article:modified_time\" content=\"2023-05-31T12:07:47+00:00\" \/>\n<meta name=\"twitter:card\" content=\"summary_large_image\" \/>\n<meta name=\"twitter:label1\" content=\"Est. reading time\" \/>\n\t<meta name=\"twitter:data1\" content=\"1 minute\" \/>\n<script type=\"application\/ld+json\" class=\"yoast-schema-graph\">{\"@context\":\"https:\/\/schema.org\",\"@graph\":[{\"@type\":\"WebPage\",\"@id\":\"https:\/\/aem.hr\/mario-kikas-imena-s-naslovnice-kako-zive-i-rade-nasi-knjizevni-prevodioci-i-prevoditeljice\/\",\"url\":\"https:\/\/aem.hr\/mario-kikas-imena-s-naslovnice-kako-zive-i-rade-nasi-knjizevni-prevodioci-i-prevoditeljice\/\",\"name\":\"Mario Kika\u0161 - Imena s naslovnice: kako \u017eive i rade na\u0161i (knji\u017eevni) prevodioci i prevoditeljice - Agencija za elektroni\u010dke medije\",\"isPartOf\":{\"@id\":\"https:\/\/aem.hr\/#website\"},\"datePublished\":\"2023-02-14T13:51:13+00:00\",\"dateModified\":\"2023-05-31T12:07:47+00:00\",\"breadcrumb\":{\"@id\":\"https:\/\/aem.hr\/mario-kikas-imena-s-naslovnice-kako-zive-i-rade-nasi-knjizevni-prevodioci-i-prevoditeljice\/#breadcrumb\"},\"inLanguage\":\"en-US\",\"potentialAction\":[{\"@type\":\"ReadAction\",\"target\":[\"https:\/\/aem.hr\/mario-kikas-imena-s-naslovnice-kako-zive-i-rade-nasi-knjizevni-prevodioci-i-prevoditeljice\/\"]}]},{\"@type\":\"BreadcrumbList\",\"@id\":\"https:\/\/aem.hr\/mario-kikas-imena-s-naslovnice-kako-zive-i-rade-nasi-knjizevni-prevodioci-i-prevoditeljice\/#breadcrumb\",\"itemListElement\":[{\"@type\":\"ListItem\",\"position\":1,\"name\":\"Po\u010detna stranica\",\"item\":\"https:\/\/aem.hr\/\"},{\"@type\":\"ListItem\",\"position\":2,\"name\":\"Mario Kika\u0161 &#8211; Imena s naslovnice: kako \u017eive i rade na\u0161i (knji\u017eevni) prevodioci i prevoditeljice\"}]},{\"@type\":\"WebSite\",\"@id\":\"https:\/\/aem.hr\/#website\",\"url\":\"https:\/\/aem.hr\/\",\"name\":\"Agencija za elektroni\u010dke medije\",\"description\":\"\",\"potentialAction\":[{\"@type\":\"SearchAction\",\"target\":{\"@type\":\"EntryPoint\",\"urlTemplate\":\"https:\/\/aem.hr\/?s={search_term_string}\"},\"query-input\":{\"@type\":\"PropertyValueSpecification\",\"valueRequired\":true,\"valueName\":\"search_term_string\"}}],\"inLanguage\":\"en-US\"}]}<\/script>\n<!-- \/ Yoast SEO plugin. -->","yoast_head_json":{"title":"Mario Kika\u0161 - Imena s naslovnice: kako \u017eive i rade na\u0161i (knji\u017eevni) prevodioci i prevoditeljice - Agencija za elektroni\u010dke medije","robots":{"index":"index","follow":"follow","max-snippet":"max-snippet:-1","max-image-preview":"max-image-preview:large","max-video-preview":"max-video-preview:-1"},"canonical":"https:\/\/aem.hr\/mario-kikas-imena-s-naslovnice-kako-zive-i-rade-nasi-knjizevni-prevodioci-i-prevoditeljice\/","og_locale":"en_US","og_type":"article","og_title":"Mario Kika\u0161 - Imena s naslovnice: kako \u017eive i rade na\u0161i (knji\u017eevni) prevodioci i prevoditeljice - Agencija za elektroni\u010dke medije","og_url":"https:\/\/aem.hr\/mario-kikas-imena-s-naslovnice-kako-zive-i-rade-nasi-knjizevni-prevodioci-i-prevoditeljice\/","og_site_name":"Agencija za elektroni\u010dke medije","article_modified_time":"2023-05-31T12:07:47+00:00","twitter_card":"summary_large_image","twitter_misc":{"Est. reading time":"1 minute"},"schema":{"@context":"https:\/\/schema.org","@graph":[{"@type":"WebPage","@id":"https:\/\/aem.hr\/mario-kikas-imena-s-naslovnice-kako-zive-i-rade-nasi-knjizevni-prevodioci-i-prevoditeljice\/","url":"https:\/\/aem.hr\/mario-kikas-imena-s-naslovnice-kako-zive-i-rade-nasi-knjizevni-prevodioci-i-prevoditeljice\/","name":"Mario Kika\u0161 - Imena s naslovnice: kako \u017eive i rade na\u0161i (knji\u017eevni) prevodioci i prevoditeljice - Agencija za elektroni\u010dke medije","isPartOf":{"@id":"https:\/\/aem.hr\/#website"},"datePublished":"2023-02-14T13:51:13+00:00","dateModified":"2023-05-31T12:07:47+00:00","breadcrumb":{"@id":"https:\/\/aem.hr\/mario-kikas-imena-s-naslovnice-kako-zive-i-rade-nasi-knjizevni-prevodioci-i-prevoditeljice\/#breadcrumb"},"inLanguage":"en-US","potentialAction":[{"@type":"ReadAction","target":["https:\/\/aem.hr\/mario-kikas-imena-s-naslovnice-kako-zive-i-rade-nasi-knjizevni-prevodioci-i-prevoditeljice\/"]}]},{"@type":"BreadcrumbList","@id":"https:\/\/aem.hr\/mario-kikas-imena-s-naslovnice-kako-zive-i-rade-nasi-knjizevni-prevodioci-i-prevoditeljice\/#breadcrumb","itemListElement":[{"@type":"ListItem","position":1,"name":"Po\u010detna stranica","item":"https:\/\/aem.hr\/"},{"@type":"ListItem","position":2,"name":"Mario Kika\u0161 &#8211; Imena s naslovnice: kako \u017eive i rade na\u0161i (knji\u017eevni) prevodioci i prevoditeljice"}]},{"@type":"WebSite","@id":"https:\/\/aem.hr\/#website","url":"https:\/\/aem.hr\/","name":"Agencija za elektroni\u010dke medije","description":"","potentialAction":[{"@type":"SearchAction","target":{"@type":"EntryPoint","urlTemplate":"https:\/\/aem.hr\/?s={search_term_string}"},"query-input":{"@type":"PropertyValueSpecification","valueRequired":true,"valueName":"search_term_string"}}],"inLanguage":"en-US"}]}},"coauthors":[],"author_meta":{"author_link":"https:\/\/aem.hr\/en\/blog\/author\/mkirac\/","display_name":"Matko Kirac"},"relative_dates":{"created":"Posted 3 years ago","modified":"Updated 3 years ago"},"absolute_dates":{"created":"Posted on 14. February 2023.","modified":"Updated on 31. May 2023."},"absolute_dates_time":{"created":"Posted on 14. February 2023. 14:51","modified":"Updated on 31. May 2023. 14:07"},"featured_img_caption":"","featured_img":false,"series_order":"","_links":{"self":[{"href":"https:\/\/aem.hr\/en\/wp-json\/wp\/v2\/pages\/15797","targetHints":{"allow":["GET"]}}],"collection":[{"href":"https:\/\/aem.hr\/en\/wp-json\/wp\/v2\/pages"}],"about":[{"href":"https:\/\/aem.hr\/en\/wp-json\/wp\/v2\/types\/page"}],"author":[{"embeddable":true,"href":"https:\/\/aem.hr\/en\/wp-json\/wp\/v2\/users\/18"}],"replies":[{"embeddable":true,"href":"https:\/\/aem.hr\/en\/wp-json\/wp\/v2\/comments?post=15797"}],"version-history":[{"count":2,"href":"https:\/\/aem.hr\/en\/wp-json\/wp\/v2\/pages\/15797\/revisions"}],"predecessor-version":[{"id":16510,"href":"https:\/\/aem.hr\/en\/wp-json\/wp\/v2\/pages\/15797\/revisions\/16510"}],"wp:attachment":[{"href":"https:\/\/aem.hr\/en\/wp-json\/wp\/v2\/media?parent=15797"}],"curies":[{"name":"wp","href":"https:\/\/api.w.org\/{rel}","templated":true}]}}