{"id":15811,"date":"2023-02-14T14:53:19","date_gmt":"2023-02-14T13:53:19","guid":{"rendered":"http:\/\/aem.hr\/?page_id=15811"},"modified":"2023-05-31T14:07:17","modified_gmt":"2023-05-31T12:07:17","slug":"ana-micic-sudbina-bastine","status":"publish","type":"page","link":"https:\/\/aem.hr\/en\/ana-micic-sudbina-bastine\/","title":{"rendered":"Ana Mi\u010di\u0107 &#8211; Sudbine ba\u0161tine"},"content":{"rendered":"\n<div class=\"wp-block-file\"><a id=\"wp-block-file--media-1ccecc6e-1678-4689-b7d1-76e98abf057c\" href=\"https:\/\/aem.hr\/wp-content\/uploads\/2023\/02\/1.-Sudbine_Bastine_Blagamisterije.com_.pdf\">1. Sudbine_Bastine_Blagamisterije.com<\/a><a href=\"https:\/\/aem.hr\/wp-content\/uploads\/2023\/02\/1.-Sudbine_Bastine_Blagamisterije.com_.pdf\" class=\"wp-block-file__button wp-element-button\" download aria-describedby=\"wp-block-file--media-1ccecc6e-1678-4689-b7d1-76e98abf057c\">Preuzimanje<\/a><\/div>\n\n\n\n<div class=\"wp-block-file\"><a id=\"wp-block-file--media-14739739-91bf-4714-930b-1feb086faf1e\" href=\"https:\/\/aem.hr\/wp-content\/uploads\/2023\/02\/2.-Dom-je-tamo-gdje-sam-ja.pdf\">2. Dom je tamo gdje sam ja<\/a><a href=\"https:\/\/aem.hr\/wp-content\/uploads\/2023\/02\/2.-Dom-je-tamo-gdje-sam-ja.pdf\" class=\"wp-block-file__button wp-element-button\" download aria-describedby=\"wp-block-file--media-14739739-91bf-4714-930b-1feb086faf1e\">Preuzimanje<\/a><\/div>\n\n\n\n<div class=\"wp-block-file\"><a id=\"wp-block-file--media-364b8d43-b5be-4db7-868c-d6953c196c4e\" href=\"https:\/\/aem.hr\/wp-content\/uploads\/2023\/02\/3.-Kako-umiru-bica-iz-prica.pdf\">3. Kako umiru bi\u0107a iz pri\u010da<\/a><a href=\"https:\/\/aem.hr\/wp-content\/uploads\/2023\/02\/3.-Kako-umiru-bica-iz-prica.pdf\" class=\"wp-block-file__button wp-element-button\" download aria-describedby=\"wp-block-file--media-364b8d43-b5be-4db7-868c-d6953c196c4e\">Preuzimanje<\/a><\/div>\n\n\n\n<div class=\"wp-block-file\"><a id=\"wp-block-file--media-0a45a6b6-6f7f-47a0-83c8-54d85ae87e9f\" href=\"https:\/\/aem.hr\/wp-content\/uploads\/2023\/02\/4.-Na-vikend-u-drugo-vrijeme.pdf\">4. Na vikend u drugo vrijeme<\/a><a href=\"https:\/\/aem.hr\/wp-content\/uploads\/2023\/02\/4.-Na-vikend-u-drugo-vrijeme.pdf\" class=\"wp-block-file__button wp-element-button\" download aria-describedby=\"wp-block-file--media-0a45a6b6-6f7f-47a0-83c8-54d85ae87e9f\">Preuzimanje<\/a><\/div>\n\n\n\n<div class=\"wp-block-file\"><a id=\"wp-block-file--media-319224f6-97cd-480a-962e-5e29e070bf81\" href=\"https:\/\/aem.hr\/wp-content\/uploads\/2023\/02\/5.-Primjeri-ukradene-i-uskladistene.pdf\">5. Primjeri ukradene i uskladi\u0161tene<\/a><a href=\"https:\/\/aem.hr\/wp-content\/uploads\/2023\/02\/5.-Primjeri-ukradene-i-uskladistene.pdf\" class=\"wp-block-file__button wp-element-button\" download aria-describedby=\"wp-block-file--media-319224f6-97cd-480a-962e-5e29e070bf81\">Preuzimanje<\/a><\/div>\n\n\n\n<div class=\"wp-block-file\"><a id=\"wp-block-file--media-1087c416-4cc7-45fb-b795-b6e769867b3e\" href=\"https:\/\/aem.hr\/wp-content\/uploads\/2023\/02\/6.-Dok-se-jedni-ureduju-drugi-propadaju.pdf\">6. Dok se jedni ure\u0111uju drugi propadaju<\/a><a href=\"https:\/\/aem.hr\/wp-content\/uploads\/2023\/02\/6.-Dok-se-jedni-ureduju-drugi-propadaju.pdf\" class=\"wp-block-file__button wp-element-button\" download aria-describedby=\"wp-block-file--media-1087c416-4cc7-45fb-b795-b6e769867b3e\">Preuzimanje<\/a><\/div>\n\n\n\n<div class=\"wp-block-file\"><a id=\"wp-block-file--media-0aeb9f1a-687a-476b-b4fb-79eb6242cdfb\" href=\"https:\/\/aem.hr\/wp-content\/uploads\/2023\/02\/7.-Putovanje-dvorcima-Hrvatske.pdf\">7. Putovanje dvorcima Hrvatske<\/a><a href=\"https:\/\/aem.hr\/wp-content\/uploads\/2023\/02\/7.-Putovanje-dvorcima-Hrvatske.pdf\" class=\"wp-block-file__button wp-element-button\" download aria-describedby=\"wp-block-file--media-0aeb9f1a-687a-476b-b4fb-79eb6242cdfb\">Preuzimanje<\/a><\/div>\n\n\n\n<div class=\"wp-block-file\"><a id=\"wp-block-file--media-2a913985-91ac-465d-ade5-ebe1ea980c20\" href=\"https:\/\/aem.hr\/wp-content\/uploads\/2023\/02\/8.-Kako-spasiti-dvorce-Hrvatske.pdf\">8. Kako spasiti dvorce Hrvatske<\/a><a href=\"https:\/\/aem.hr\/wp-content\/uploads\/2023\/02\/8.-Kako-spasiti-dvorce-Hrvatske.pdf\" class=\"wp-block-file__button wp-element-button\" download aria-describedby=\"wp-block-file--media-2a913985-91ac-465d-ade5-ebe1ea980c20\">Preuzimanje<\/a><\/div>\n\n\n\n<p><\/p>\n","protected":false},"excerpt":{"rendered":"","protected":false},"author":18,"featured_media":0,"parent":0,"menu_order":0,"comment_status":"closed","ping_status":"closed","template":"","meta":{"_acf_changed":false,"inline_featured_image":false,"advgb_blocks_editor_width":"","advgb_blocks_columns_visual_guide":"","_links_to":"","_links_to_type":0,"footnotes":""},"class_list":["post-15811","page","type-page","status-publish","hentry"],"acf":[],"yoast_head":"<!-- This site is optimized with the Yoast SEO plugin v25.7 - https:\/\/yoast.com\/wordpress\/plugins\/seo\/ -->\n<title>Ana Mi\u010di\u0107 - Sudbine ba\u0161tine - Agencija za elektroni\u010dke medije<\/title>\n<meta name=\"robots\" content=\"index, follow, max-snippet:-1, max-image-preview:large, max-video-preview:-1\" \/>\n<link rel=\"canonical\" href=\"https:\/\/aem.hr\/ana-micic-sudbina-bastine\/\" \/>\n<meta property=\"og:locale\" content=\"en_US\" \/>\n<meta property=\"og:type\" content=\"article\" \/>\n<meta property=\"og:title\" content=\"Ana Mi\u010di\u0107 - Sudbine ba\u0161tine - Agencija za elektroni\u010dke medije\" \/>\n<meta property=\"og:url\" content=\"https:\/\/aem.hr\/ana-micic-sudbina-bastine\/\" \/>\n<meta property=\"og:site_name\" content=\"Agencija za elektroni\u010dke medije\" \/>\n<meta property=\"article:modified_time\" content=\"2023-05-31T12:07:17+00:00\" \/>\n<meta name=\"twitter:card\" content=\"summary_large_image\" \/>\n<meta name=\"twitter:label1\" content=\"Est. reading time\" \/>\n\t<meta name=\"twitter:data1\" content=\"1 minute\" \/>\n<script type=\"application\/ld+json\" class=\"yoast-schema-graph\">{\"@context\":\"https:\/\/schema.org\",\"@graph\":[{\"@type\":\"WebPage\",\"@id\":\"https:\/\/aem.hr\/ana-micic-sudbina-bastine\/\",\"url\":\"https:\/\/aem.hr\/ana-micic-sudbina-bastine\/\",\"name\":\"Ana Mi\u010di\u0107 - Sudbine ba\u0161tine - Agencija za elektroni\u010dke medije\",\"isPartOf\":{\"@id\":\"https:\/\/aem.hr\/#website\"},\"datePublished\":\"2023-02-14T13:53:19+00:00\",\"dateModified\":\"2023-05-31T12:07:17+00:00\",\"breadcrumb\":{\"@id\":\"https:\/\/aem.hr\/ana-micic-sudbina-bastine\/#breadcrumb\"},\"inLanguage\":\"en-US\",\"potentialAction\":[{\"@type\":\"ReadAction\",\"target\":[\"https:\/\/aem.hr\/ana-micic-sudbina-bastine\/\"]}]},{\"@type\":\"BreadcrumbList\",\"@id\":\"https:\/\/aem.hr\/ana-micic-sudbina-bastine\/#breadcrumb\",\"itemListElement\":[{\"@type\":\"ListItem\",\"position\":1,\"name\":\"Po\u010detna stranica\",\"item\":\"https:\/\/aem.hr\/\"},{\"@type\":\"ListItem\",\"position\":2,\"name\":\"Ana Mi\u010di\u0107 &#8211; Sudbine ba\u0161tine\"}]},{\"@type\":\"WebSite\",\"@id\":\"https:\/\/aem.hr\/#website\",\"url\":\"https:\/\/aem.hr\/\",\"name\":\"Agencija za elektroni\u010dke medije\",\"description\":\"\",\"potentialAction\":[{\"@type\":\"SearchAction\",\"target\":{\"@type\":\"EntryPoint\",\"urlTemplate\":\"https:\/\/aem.hr\/?s={search_term_string}\"},\"query-input\":{\"@type\":\"PropertyValueSpecification\",\"valueRequired\":true,\"valueName\":\"search_term_string\"}}],\"inLanguage\":\"en-US\"}]}<\/script>\n<!-- \/ Yoast SEO plugin. -->","yoast_head_json":{"title":"Ana Mi\u010di\u0107 - Sudbine ba\u0161tine - Agencija za elektroni\u010dke medije","robots":{"index":"index","follow":"follow","max-snippet":"max-snippet:-1","max-image-preview":"max-image-preview:large","max-video-preview":"max-video-preview:-1"},"canonical":"https:\/\/aem.hr\/ana-micic-sudbina-bastine\/","og_locale":"en_US","og_type":"article","og_title":"Ana Mi\u010di\u0107 - Sudbine ba\u0161tine - Agencija za elektroni\u010dke medije","og_url":"https:\/\/aem.hr\/ana-micic-sudbina-bastine\/","og_site_name":"Agencija za elektroni\u010dke medije","article_modified_time":"2023-05-31T12:07:17+00:00","twitter_card":"summary_large_image","twitter_misc":{"Est. reading time":"1 minute"},"schema":{"@context":"https:\/\/schema.org","@graph":[{"@type":"WebPage","@id":"https:\/\/aem.hr\/ana-micic-sudbina-bastine\/","url":"https:\/\/aem.hr\/ana-micic-sudbina-bastine\/","name":"Ana Mi\u010di\u0107 - Sudbine ba\u0161tine - Agencija za elektroni\u010dke medije","isPartOf":{"@id":"https:\/\/aem.hr\/#website"},"datePublished":"2023-02-14T13:53:19+00:00","dateModified":"2023-05-31T12:07:17+00:00","breadcrumb":{"@id":"https:\/\/aem.hr\/ana-micic-sudbina-bastine\/#breadcrumb"},"inLanguage":"en-US","potentialAction":[{"@type":"ReadAction","target":["https:\/\/aem.hr\/ana-micic-sudbina-bastine\/"]}]},{"@type":"BreadcrumbList","@id":"https:\/\/aem.hr\/ana-micic-sudbina-bastine\/#breadcrumb","itemListElement":[{"@type":"ListItem","position":1,"name":"Po\u010detna stranica","item":"https:\/\/aem.hr\/"},{"@type":"ListItem","position":2,"name":"Ana Mi\u010di\u0107 &#8211; Sudbine ba\u0161tine"}]},{"@type":"WebSite","@id":"https:\/\/aem.hr\/#website","url":"https:\/\/aem.hr\/","name":"Agencija za elektroni\u010dke medije","description":"","potentialAction":[{"@type":"SearchAction","target":{"@type":"EntryPoint","urlTemplate":"https:\/\/aem.hr\/?s={search_term_string}"},"query-input":{"@type":"PropertyValueSpecification","valueRequired":true,"valueName":"search_term_string"}}],"inLanguage":"en-US"}]}},"coauthors":[],"author_meta":{"author_link":"https:\/\/aem.hr\/en\/blog\/author\/mkirac\/","display_name":"Matko Kirac"},"relative_dates":{"created":"Posted 3 years ago","modified":"Updated 3 years ago"},"absolute_dates":{"created":"Posted on 14. February 2023.","modified":"Updated on 31. May 2023."},"absolute_dates_time":{"created":"Posted on 14. February 2023. 14:53","modified":"Updated on 31. May 2023. 14:07"},"featured_img_caption":"","featured_img":false,"series_order":"","_links":{"self":[{"href":"https:\/\/aem.hr\/en\/wp-json\/wp\/v2\/pages\/15811","targetHints":{"allow":["GET"]}}],"collection":[{"href":"https:\/\/aem.hr\/en\/wp-json\/wp\/v2\/pages"}],"about":[{"href":"https:\/\/aem.hr\/en\/wp-json\/wp\/v2\/types\/page"}],"author":[{"embeddable":true,"href":"https:\/\/aem.hr\/en\/wp-json\/wp\/v2\/users\/18"}],"replies":[{"embeddable":true,"href":"https:\/\/aem.hr\/en\/wp-json\/wp\/v2\/comments?post=15811"}],"version-history":[{"count":2,"href":"https:\/\/aem.hr\/en\/wp-json\/wp\/v2\/pages\/15811\/revisions"}],"predecessor-version":[{"id":16508,"href":"https:\/\/aem.hr\/en\/wp-json\/wp\/v2\/pages\/15811\/revisions\/16508"}],"wp:attachment":[{"href":"https:\/\/aem.hr\/en\/wp-json\/wp\/v2\/media?parent=15811"}],"curies":[{"name":"wp","href":"https:\/\/api.w.org\/{rel}","templated":true}]}}