{"id":16,"date":"2018-10-30T16:31:22","date_gmt":"2018-10-30T15:31:22","guid":{"rendered":"http:\/\/emediji.inspirium.hr\/?page_id=16"},"modified":"2026-01-28T15:59:05","modified_gmt":"2026-01-28T14:59:05","slug":"pravo-na-informacije","status":"publish","type":"page","link":"https:\/\/aem.hr\/en\/pravo-na-informacije\/","title":{"rendered":"Pravo na pristup informacijama"},"content":{"rendered":"\n<p class=\"has-text-align-left\">Na temelju odredbe \u010dlanka 66. stavka 4. Zakona o elektroni\u010dkim medijima (&#8220;Narodne novine&#8221; broj 153\/09, 84\/11 i 93\/14), \u010dlanka 8. stavka 2. to\u010dke 10. Statuta Agencije za elektroni\u010dke medije te odredaba Zakona o pravu na pristup informacijama, ravnatelj Agencije za elektroni\u010dke medije donio je odluku o ustrojavanju kataloga informacija koje posjeduje, kojima raspola\u017ee ili koje nadzire Agencija za elektroni\u010dke medije.<\/p>\n\n\n\n<div class=\"wp-block-file\"><a id=\"wp-block-file--media-c7bb5edb-8de7-4b39-b39d-29c3a96ca84c\" href=\"http:\/\/aem.hr\/wp-content\/uploads\/2026\/01\/Godisnje-izvjesce.csv\">Godisnje izvje\u0161\u0107e<\/a><a href=\"http:\/\/aem.hr\/wp-content\/uploads\/2026\/01\/Godisnje-izvjesce.csv\" class=\"wp-block-file__button wp-element-button\" download aria-describedby=\"wp-block-file--media-c7bb5edb-8de7-4b39-b39d-29c3a96ca84c\">Preuzimanje<\/a><\/div>\n\n\n\n<div class=\"wp-block-file\"><a id=\"wp-block-file--media-9d1ff199-b5e1-47e7-9eae-2faade9fc2dd\" href=\"http:\/\/aem.hr\/wp-content\/uploads\/2026\/01\/Godisnje-izvjesce.pdf\">Godisnje izvje\u0161\u0107e<\/a><a href=\"http:\/\/aem.hr\/wp-content\/uploads\/2026\/01\/Godisnje-izvjesce.pdf\" class=\"wp-block-file__button wp-element-button\" download aria-describedby=\"wp-block-file--media-9d1ff199-b5e1-47e7-9eae-2faade9fc2dd\">Preuzimanje<\/a><\/div>\n\n\n\n<div class=\"wp-block-file\"><a id=\"wp-block-file--media-24de5a89-1b55-4476-b2be-822670daeb38\" href=\"https:\/\/aem.hr\/wp-content\/uploads\/2025\/01\/Godisnje_izvjesce.csv\">Godi\u0161nje izvije\u0161\u0107e o provedbi ZPPI za 2024 csv<\/a><a href=\"https:\/\/aem.hr\/wp-content\/uploads\/2025\/01\/Godisnje_izvjesce.csv\" class=\"wp-block-file__button wp-element-button\" download aria-describedby=\"wp-block-file--media-24de5a89-1b55-4476-b2be-822670daeb38\">Preuzimanje<\/a><\/div>\n\n\n\n<div class=\"wp-block-file\"><a id=\"wp-block-file--media-7221036d-cc45-46ff-81aa-572349bae355\" href=\"https:\/\/aem.hr\/wp-content\/uploads\/2025\/01\/Godisnje_izvjesce.pdf\">Godi\u0161nje izvije\u0161\u0107e o provedbi ZPPI za 2024 pdf<\/a><a href=\"https:\/\/aem.hr\/wp-content\/uploads\/2025\/01\/Godisnje_izvjesce.pdf\" class=\"wp-block-file__button wp-element-button\" download aria-describedby=\"wp-block-file--media-7221036d-cc45-46ff-81aa-572349bae355\">Preuzimanje<\/a><\/div>\n\n\n\n<div class=\"wp-block-file\"><a id=\"wp-block-file--media-0af02819-36d8-4a94-bd22-713eb7c82f50\" href=\"https:\/\/aem.hr\/wp-content\/uploads\/2022\/12\/Plan-savjetovanja-sa-javnoscu-za-2023.pdf\">Plan savjetovanja sa javno\u0161\u0107u za 2023<\/a><a href=\"https:\/\/aem.hr\/wp-content\/uploads\/2022\/12\/Plan-savjetovanja-sa-javnoscu-za-2023.pdf\" class=\"wp-block-file__button wp-element-button\" download aria-describedby=\"wp-block-file--media-0af02819-36d8-4a94-bd22-713eb7c82f50\">Preuzimanje<\/a><\/div>\n\n\n\n<div class=\"wp-block-file\"><a id=\"wp-block-file--media-19b56192-1cea-4054-8cc0-64a9acf1724c\" href=\"https:\/\/aem.hr\/wp-content\/uploads\/2021\/12\/Plan-savjetovanja-sa-javnoscu-za-2022.pdf\">Plan savjetovanja sa javno\u0161\u0107u za 2022<\/a><a href=\"https:\/\/aem.hr\/wp-content\/uploads\/2021\/12\/Plan-savjetovanja-sa-javnoscu-za-2022.pdf\" class=\"wp-block-file__button wp-element-button\" download aria-describedby=\"wp-block-file--media-19b56192-1cea-4054-8cc0-64a9acf1724c\">Preuzimanje<\/a><\/div>\n\n\n\n<div class=\"wp-block-file\"><a id=\"wp-block-file--media-d27cb7b2-64cc-4446-bf54-05e52cc73b70\" href=\"https:\/\/aem.hr\/wp-content\/uploads\/2024\/12\/Godisnje_izvjesce.csv\">Godi\u0161nje izvije\u0161\u0107e o provedbi ZPPI za 2023 csv<\/a><a href=\"https:\/\/aem.hr\/wp-content\/uploads\/2024\/12\/Godisnje_izvjesce.csv\" class=\"wp-block-file__button wp-element-button\" download aria-describedby=\"wp-block-file--media-d27cb7b2-64cc-4446-bf54-05e52cc73b70\">Preuzimanje<\/a><\/div>\n\n\n\n<div class=\"wp-block-file\"><a id=\"wp-block-file--media-7f516feb-f56c-4cf0-b173-6c69e9b7a976\" href=\"https:\/\/aem.hr\/wp-content\/uploads\/2024\/12\/Godisnje_izvjesce.pdf\">Godi\u0161nje izvije\u0161\u0107e o provedbi ZPPI za 2023 pdf<\/a><a href=\"https:\/\/aem.hr\/wp-content\/uploads\/2024\/12\/Godisnje_izvjesce.pdf\" class=\"wp-block-file__button wp-element-button\" download aria-describedby=\"wp-block-file--media-7f516feb-f56c-4cf0-b173-6c69e9b7a976\">Preuzimanje<\/a><\/div>\n\n\n\n<div class=\"wp-block-file\"><a id=\"wp-block-file--media-86bff8d1-e725-46cd-ace3-a8af60c9daa6\" href=\"https:\/\/aem.hr\/wp-content\/uploads\/2023\/01\/Godisnje_izvjesce.csv\">Godi\u0161nje izvje\u0161\u0107e provedbi ZPPI za 2022 csv<\/a><a href=\"https:\/\/aem.hr\/wp-content\/uploads\/2023\/01\/Godisnje_izvjesce.csv\" class=\"wp-block-file__button wp-element-button\" download aria-describedby=\"wp-block-file--media-86bff8d1-e725-46cd-ace3-a8af60c9daa6\">Preuzimanje<\/a><\/div>\n\n\n\n<div class=\"wp-block-file\"><a id=\"wp-block-file--media-3ac256b5-a5be-4cf8-93b9-f19f2a24095c\" href=\"https:\/\/aem.hr\/wp-content\/uploads\/2023\/01\/Godisnje_izvjesce.pdf\">Godi\u0161nje izvje\u0161\u0107e provedbi ZPPI za 2022 pdf<\/a><a href=\"https:\/\/aem.hr\/wp-content\/uploads\/2023\/01\/Godisnje_izvjesce.pdf\" class=\"wp-block-file__button wp-element-button\" download aria-describedby=\"wp-block-file--media-3ac256b5-a5be-4cf8-93b9-f19f2a24095c\">Preuzimanje<\/a><\/div>\n\n\n\n<div class=\"wp-block-file\"><a id=\"wp-block-file--media-1172929e-8ced-4fcd-a56b-0bc3aa783e4e\" href=\"https:\/\/aem.hr\/wp-content\/uploads\/2022\/01\/Godisnje_izvjesce.pdf\">Godi\u0161nje izvje\u0161\u0107e o provedbi ZPPI za 2021 pdf<\/a><a href=\"https:\/\/aem.hr\/wp-content\/uploads\/2022\/01\/Godisnje_izvjesce.pdf\" class=\"wp-block-file__button wp-element-button\" download aria-describedby=\"wp-block-file--media-1172929e-8ced-4fcd-a56b-0bc3aa783e4e\">Preuzimanje<\/a><\/div>\n\n\n\n<div class=\"wp-block-file\"><a id=\"wp-block-file--media-ddf7310e-f753-41fc-879d-5610360cca44\" href=\"https:\/\/aem.hr\/wp-content\/uploads\/2021\/01\/Provedba-Zakona-o-pravu-na-pristup-informacijama-izvjesce-za-2020.-godinu.pdf\">Godi\u0161nje izvje\u0161\u0107e o provedbi ZPPI za 2020 pdf<\/a><a href=\"https:\/\/aem.hr\/wp-content\/uploads\/2021\/01\/Provedba-Zakona-o-pravu-na-pristup-informacijama-izvjesce-za-2020.-godinu.pdf\" class=\"wp-block-file__button wp-element-button\" download aria-describedby=\"wp-block-file--media-ddf7310e-f753-41fc-879d-5610360cca44\">Preuzimanje<\/a><\/div>\n\n\n\n<div class=\"wp-block-file\"><a id=\"wp-block-file--media-f51362e2-4065-4ffa-acf0-a8de5fefbc10\" href=\"https:\/\/aem.hr\/wp-content\/uploads\/2020\/01\/Izvje\u0161\u0107e-o-provedbi-Zakona-o-pravu-na-pristup-informacijama-za-2019.pdf\">Godi\u0161nje izvje\u0161\u0107e o provedbi ZPPI za 2019 pdf<\/a><a href=\"https:\/\/aem.hr\/wp-content\/uploads\/2020\/01\/Izvje\u0161\u0107e-o-provedbi-Zakona-o-pravu-na-pristup-informacijama-za-2019.pdf\" class=\"wp-block-file__button wp-element-button\" download aria-describedby=\"wp-block-file--media-f51362e2-4065-4ffa-acf0-a8de5fefbc10\">Preuzimanje<\/a><\/div>\n\n\n\n<div class=\"wp-block-file\"><a id=\"wp-block-file--media-011593b3-db26-429c-a5be-648660a01ca8\" href=\"https:\/\/aem.hr\/wp-content\/uploads\/2021\/09\/Godisnje-izvjesce-o-provedbi-ZPPI-za-2018-pdf.pdf\">Godi\u0161nje izvje\u0161\u0107e o provedbi ZPPI za 2018 pdf<\/a><a href=\"https:\/\/aem.hr\/wp-content\/uploads\/2021\/09\/Godisnje-izvjesce-o-provedbi-ZPPI-za-2018-pdf.pdf\" class=\"wp-block-file__button wp-element-button\" download aria-describedby=\"wp-block-file--media-011593b3-db26-429c-a5be-648660a01ca8\">Preuzmi<\/a><\/div>\n\n\n\n<div class=\"wp-block-file\"><a id=\"wp-block-file--media-771e7514-f017-4f9b-ba0d-eda63118ae1c\" href=\"https:\/\/aem.hr\/wp-content\/uploads\/2021\/09\/Godisnje-izvjesce-o-provedbi-ZPPI-za-2018-csv.csv\">Godisnje izvjesce o provedbi ZPPI za 2018 csv<\/a><a href=\"https:\/\/aem.hr\/wp-content\/uploads\/2021\/09\/Godisnje-izvjesce-o-provedbi-ZPPI-za-2018-csv.csv\" class=\"wp-block-file__button wp-element-button\" download aria-describedby=\"wp-block-file--media-771e7514-f017-4f9b-ba0d-eda63118ae1c\">Preuzmi<\/a><\/div>\n\n\n\n<div class=\"wp-block-file\"><a id=\"wp-block-file--media-6287e081-abf2-4967-a9e9-fe7091c1c0d8\" href=\"https:\/\/aem.hr\/wp-content\/uploads\/2019\/04\/Godisnje_izvjesce-2017.pdf\">Godi\u0161nje izvje\u0161\u0107e o provedbi ZPPI za 2017 pdf<\/a><a href=\"https:\/\/aem.hr\/wp-content\/uploads\/2019\/04\/Godisnje_izvjesce-2017.pdf\" class=\"wp-block-file__button wp-element-button\" download aria-describedby=\"wp-block-file--media-6287e081-abf2-4967-a9e9-fe7091c1c0d8\">Preuzimanje<\/a><\/div>\n\n\n\n<div class=\"wp-block-file\"><a id=\"wp-block-file--media-0412dd0c-d04a-4881-9347-42c2b8bda30d\" href=\"https:\/\/aem.hr\/wp-content\/uploads\/2019\/04\/Godisnje_izvjesce-2017.csv\">Godi\u0161nje izvje\u0161\u0107e o provedbi ZPPI za 2017 CSV<\/a><a href=\"https:\/\/aem.hr\/wp-content\/uploads\/2019\/04\/Godisnje_izvjesce-2017.csv\" class=\"wp-block-file__button wp-element-button\" download aria-describedby=\"wp-block-file--media-0412dd0c-d04a-4881-9347-42c2b8bda30d\">Preuzimanje<\/a><\/div>\n\n\n\n<div class=\"wp-block-file\"><a id=\"wp-block-file--media-4bee3c42-62b3-4749-b0c8-9c9f9932ec39\" href=\"https:\/\/aem.hr\/wp-content\/uploads\/2019\/04\/Godisnje_izvjesce.pdf\">Godi\u0161nje izvje\u0161\u0107e o provedbi ZPPI za 2016 pdf<\/a><a href=\"https:\/\/aem.hr\/wp-content\/uploads\/2019\/04\/Godisnje_izvjesce.pdf\" class=\"wp-block-file__button wp-element-button\" download aria-describedby=\"wp-block-file--media-4bee3c42-62b3-4749-b0c8-9c9f9932ec39\">Preuzimanje<\/a><\/div>\n\n\n\n<div class=\"wp-block-file\"><a id=\"wp-block-file--media-2b71601d-e906-4fed-ad58-65496c976433\" href=\"https:\/\/aem.hr\/wp-content\/uploads\/2019\/04\/Godisnje_izvjesce.csv\">Godi\u0161nje izvje\u0161\u0107e o provedbi ZPPI za 2016 CSV<\/a><a href=\"https:\/\/aem.hr\/wp-content\/uploads\/2019\/04\/Godisnje_izvjesce.csv\" class=\"wp-block-file__button wp-element-button\" download aria-describedby=\"wp-block-file--media-2b71601d-e906-4fed-ad58-65496c976433\">Preuzimanje<\/a><\/div>\n\n\n\n<div class=\"wp-block-file\"><a id=\"wp-block-file--media-37dae184-8c7d-4686-9343-814645d2fd9e\" href=\"https:\/\/aem.hr\/wp-content\/uploads\/2019\/04\/Obrazac-2-Zahtjev-za-pristup-informacijama-1.doc\"> Zahtjev za pristup informacijama <\/a><a href=\"https:\/\/aem.hr\/wp-content\/uploads\/2019\/04\/Obrazac-2-Zahtjev-za-pristup-informacijama-1.doc\" class=\"wp-block-file__button wp-element-button\" download aria-describedby=\"wp-block-file--media-37dae184-8c7d-4686-9343-814645d2fd9e\">Preuzimanje<\/a><\/div>\n\n\n\n<div class=\"wp-block-file\"><a id=\"wp-block-file--media-4509bee2-1582-473c-b562-267fc37d4aec\" href=\"https:\/\/aem.hr\/wp-content\/uploads\/2019\/04\/Obrazac-3-Zahtjev-za-dopunu-ili-ispravak-informacije-1-1.doc\"> Zahtjev za dopunu ili ispravak informacije <\/a><a href=\"https:\/\/aem.hr\/wp-content\/uploads\/2019\/04\/Obrazac-3-Zahtjev-za-dopunu-ili-ispravak-informacije-1-1.doc\" class=\"wp-block-file__button wp-element-button\" download aria-describedby=\"wp-block-file--media-4509bee2-1582-473c-b562-267fc37d4aec\">Preuzimanje<\/a><\/div>\n\n\n\n<div class=\"wp-block-file\"><a id=\"wp-block-file--media-74e4fe6e-63f0-469e-8e07-b455a32906bf\" href=\"https:\/\/aem.hr\/wp-content\/uploads\/2019\/04\/Obrazac-4-Zahtjev-za-ponovnu-uporabu-informacija-1-1.doc\"> Zahtjev za ponovnu uporabu informacija <\/a><a href=\"https:\/\/aem.hr\/wp-content\/uploads\/2019\/04\/Obrazac-4-Zahtjev-za-ponovnu-uporabu-informacija-1-1.doc\" class=\"wp-block-file__button wp-element-button\" download aria-describedby=\"wp-block-file--media-74e4fe6e-63f0-469e-8e07-b455a32906bf\">Preuzimanje<\/a><\/div>\n\n\n\n<div class=\"wp-block-file\"><a id=\"wp-block-file--media-14648af8-14c1-4cf0-a541-f0525538fa94\" href=\"http:\/\/aem.hr\/wp-content\/uploads\/2026\/01\/Kriteriji-za-odredivanje-visine-naknade-troskova.pdf\">Kriteriji za odre\u0111ivanje visine naknade tro\u0161kova<\/a><a href=\"http:\/\/aem.hr\/wp-content\/uploads\/2026\/01\/Kriteriji-za-odredivanje-visine-naknade-troskova.pdf\" class=\"wp-block-file__button wp-element-button\" download aria-describedby=\"wp-block-file--media-14648af8-14c1-4cf0-a541-f0525538fa94\">Preuzimanje<\/a><\/div>\n\n\n\n<p><a href=\"https:\/\/www.pristupinfo.hr\/wp-content\/uploads\/2018\/09\/ZPPI-nesluzbeni-procisceni-tekst.pdf?x66719\">Zakon o pravu na pristup informacijama<\/a><\/p>\n\n\n\n<h2 class=\"wp-block-heading\">Povezane datoteke<\/h2>\n\n\n\n<div class=\"wp-block-file\"><a id=\"wp-block-file--media-a42cd7d3-3296-47f7-9482-81132c0d6a89\" href=\"https:\/\/aem.hr\/wp-content\/uploads\/2021\/08\/Odluka-o-imenovanju-sluzbenika-za-informiranje-Miro-Krizan.pdf\">Odluka o imenovanju slu\u017ebenika za informiranje &#8211; Miro Kri\u017ean<\/a><a href=\"https:\/\/aem.hr\/wp-content\/uploads\/2021\/08\/Odluka-o-imenovanju-sluzbenika-za-informiranje-Miro-Krizan.pdf\" class=\"wp-block-file__button wp-element-button\" download aria-describedby=\"wp-block-file--media-a42cd7d3-3296-47f7-9482-81132c0d6a89\">Preuzimanje<\/a><\/div>\n","protected":false},"excerpt":{"rendered":"<p>Na temelju odredbe \u010dlanka 66. stavka 4. Zakona o elektroni\u010dkim medijima (&#8220;Narodne novine&#8221; broj 153\/09, 84\/11 i 93\/14), \u010dlanka 8. stavka 2. to\u010dke 10. Statuta Agencije za elektroni\u010dke medije te odredaba Zakona o pravu na pristup informacijama, ravnatelj Agencije za elektroni\u010dke medije donio je odluku o ustrojavanju kataloga informacija koje posjeduje, kojima raspola\u017ee ili koje [&hellip;]<\/p>\n","protected":false},"author":2,"featured_media":0,"parent":0,"menu_order":0,"comment_status":"closed","ping_status":"closed","template":"","meta":{"_acf_changed":false,"inline_featured_image":false,"advgb_blocks_editor_width":"","advgb_blocks_columns_visual_guide":"","_links_to":"","_links_to_type":0,"footnotes":""},"class_list":["post-16","page","type-page","status-publish","hentry"],"acf":[],"yoast_head":"<!-- This site is optimized with the Yoast SEO plugin v25.7 - https:\/\/yoast.com\/wordpress\/plugins\/seo\/ -->\n<title>Pravo na pristup informacijama - Agencija za elektroni\u010dke medije<\/title>\n<meta name=\"robots\" content=\"index, follow, max-snippet:-1, max-image-preview:large, max-video-preview:-1\" \/>\n<link rel=\"canonical\" href=\"https:\/\/aem.hr\/pravo-na-informacije\/\" \/>\n<meta property=\"og:locale\" content=\"en_US\" \/>\n<meta property=\"og:type\" content=\"article\" \/>\n<meta property=\"og:title\" content=\"Pravo na pristup informacijama - Agencija za elektroni\u010dke medije\" \/>\n<meta property=\"og:description\" content=\"Na temelju odredbe \u010dlanka 66. stavka 4. Zakona o elektroni\u010dkim medijima (&#8220;Narodne novine&#8221; broj 153\/09, 84\/11 i 93\/14), \u010dlanka 8. stavka 2. to\u010dke 10. Statuta Agencije za elektroni\u010dke medije te odredaba Zakona o pravu na pristup informacijama, ravnatelj Agencije za elektroni\u010dke medije donio je odluku o ustrojavanju kataloga informacija koje posjeduje, kojima raspola\u017ee ili koje [&hellip;]\" \/>\n<meta property=\"og:url\" content=\"https:\/\/aem.hr\/pravo-na-informacije\/\" \/>\n<meta property=\"og:site_name\" content=\"Agencija za elektroni\u010dke medije\" \/>\n<meta property=\"article:modified_time\" content=\"2026-01-28T14:59:05+00:00\" \/>\n<meta name=\"twitter:card\" content=\"summary_large_image\" \/>\n<meta name=\"twitter:label1\" content=\"Est. reading time\" \/>\n\t<meta name=\"twitter:data1\" content=\"2 minutes\" \/>\n<script type=\"application\/ld+json\" class=\"yoast-schema-graph\">{\"@context\":\"https:\/\/schema.org\",\"@graph\":[{\"@type\":\"WebPage\",\"@id\":\"https:\/\/aem.hr\/pravo-na-informacije\/\",\"url\":\"https:\/\/aem.hr\/pravo-na-informacije\/\",\"name\":\"Pravo na pristup informacijama - Agencija za elektroni\u010dke medije\",\"isPartOf\":{\"@id\":\"https:\/\/aem.hr\/#website\"},\"datePublished\":\"2018-10-30T15:31:22+00:00\",\"dateModified\":\"2026-01-28T14:59:05+00:00\",\"breadcrumb\":{\"@id\":\"https:\/\/aem.hr\/pravo-na-informacije\/#breadcrumb\"},\"inLanguage\":\"en-US\",\"potentialAction\":[{\"@type\":\"ReadAction\",\"target\":[\"https:\/\/aem.hr\/pravo-na-informacije\/\"]}]},{\"@type\":\"BreadcrumbList\",\"@id\":\"https:\/\/aem.hr\/pravo-na-informacije\/#breadcrumb\",\"itemListElement\":[{\"@type\":\"ListItem\",\"position\":1,\"name\":\"Po\u010detna stranica\",\"item\":\"https:\/\/aem.hr\/\"},{\"@type\":\"ListItem\",\"position\":2,\"name\":\"Pravo na pristup informacijama\"}]},{\"@type\":\"WebSite\",\"@id\":\"https:\/\/aem.hr\/#website\",\"url\":\"https:\/\/aem.hr\/\",\"name\":\"Agencija za elektroni\u010dke medije\",\"description\":\"\",\"potentialAction\":[{\"@type\":\"SearchAction\",\"target\":{\"@type\":\"EntryPoint\",\"urlTemplate\":\"https:\/\/aem.hr\/?s={search_term_string}\"},\"query-input\":{\"@type\":\"PropertyValueSpecification\",\"valueRequired\":true,\"valueName\":\"search_term_string\"}}],\"inLanguage\":\"en-US\"}]}<\/script>\n<!-- \/ Yoast SEO plugin. -->","yoast_head_json":{"title":"Pravo na pristup informacijama - Agencija za elektroni\u010dke medije","robots":{"index":"index","follow":"follow","max-snippet":"max-snippet:-1","max-image-preview":"max-image-preview:large","max-video-preview":"max-video-preview:-1"},"canonical":"https:\/\/aem.hr\/pravo-na-informacije\/","og_locale":"en_US","og_type":"article","og_title":"Pravo na pristup informacijama - Agencija za elektroni\u010dke medije","og_description":"Na temelju odredbe \u010dlanka 66. stavka 4. Zakona o elektroni\u010dkim medijima (&#8220;Narodne novine&#8221; broj 153\/09, 84\/11 i 93\/14), \u010dlanka 8. stavka 2. to\u010dke 10. Statuta Agencije za elektroni\u010dke medije te odredaba Zakona o pravu na pristup informacijama, ravnatelj Agencije za elektroni\u010dke medije donio je odluku o ustrojavanju kataloga informacija koje posjeduje, kojima raspola\u017ee ili koje [&hellip;]","og_url":"https:\/\/aem.hr\/pravo-na-informacije\/","og_site_name":"Agencija za elektroni\u010dke medije","article_modified_time":"2026-01-28T14:59:05+00:00","twitter_card":"summary_large_image","twitter_misc":{"Est. reading time":"2 minutes"},"schema":{"@context":"https:\/\/schema.org","@graph":[{"@type":"WebPage","@id":"https:\/\/aem.hr\/pravo-na-informacije\/","url":"https:\/\/aem.hr\/pravo-na-informacije\/","name":"Pravo na pristup informacijama - Agencija za elektroni\u010dke medije","isPartOf":{"@id":"https:\/\/aem.hr\/#website"},"datePublished":"2018-10-30T15:31:22+00:00","dateModified":"2026-01-28T14:59:05+00:00","breadcrumb":{"@id":"https:\/\/aem.hr\/pravo-na-informacije\/#breadcrumb"},"inLanguage":"en-US","potentialAction":[{"@type":"ReadAction","target":["https:\/\/aem.hr\/pravo-na-informacije\/"]}]},{"@type":"BreadcrumbList","@id":"https:\/\/aem.hr\/pravo-na-informacije\/#breadcrumb","itemListElement":[{"@type":"ListItem","position":1,"name":"Po\u010detna stranica","item":"https:\/\/aem.hr\/"},{"@type":"ListItem","position":2,"name":"Pravo na pristup informacijama"}]},{"@type":"WebSite","@id":"https:\/\/aem.hr\/#website","url":"https:\/\/aem.hr\/","name":"Agencija za elektroni\u010dke medije","description":"","potentialAction":[{"@type":"SearchAction","target":{"@type":"EntryPoint","urlTemplate":"https:\/\/aem.hr\/?s={search_term_string}"},"query-input":{"@type":"PropertyValueSpecification","valueRequired":true,"valueName":"search_term_string"}}],"inLanguage":"en-US"}]}},"coauthors":[],"author_meta":{"author_link":"https:\/\/aem.hr\/en\/blog\/author\/stjepan\/","display_name":"stjepan"},"relative_dates":{"created":"Posted 7 years ago","modified":"Updated 3 months ago"},"absolute_dates":{"created":"Posted on 30. October 2018.","modified":"Updated on 28. January 2026."},"absolute_dates_time":{"created":"Posted on 30. October 2018. 16:31","modified":"Updated on 28. January 2026. 15:59"},"featured_img_caption":"","featured_img":false,"series_order":"","_links":{"self":[{"href":"https:\/\/aem.hr\/en\/wp-json\/wp\/v2\/pages\/16","targetHints":{"allow":["GET"]}}],"collection":[{"href":"https:\/\/aem.hr\/en\/wp-json\/wp\/v2\/pages"}],"about":[{"href":"https:\/\/aem.hr\/en\/wp-json\/wp\/v2\/types\/page"}],"author":[{"embeddable":true,"href":"https:\/\/aem.hr\/en\/wp-json\/wp\/v2\/users\/2"}],"replies":[{"embeddable":true,"href":"https:\/\/aem.hr\/en\/wp-json\/wp\/v2\/comments?post=16"}],"version-history":[{"count":31,"href":"https:\/\/aem.hr\/en\/wp-json\/wp\/v2\/pages\/16\/revisions"}],"predecessor-version":[{"id":24347,"href":"https:\/\/aem.hr\/en\/wp-json\/wp\/v2\/pages\/16\/revisions\/24347"}],"wp:attachment":[{"href":"https:\/\/aem.hr\/en\/wp-json\/wp\/v2\/media?parent=16"}],"curies":[{"name":"wp","href":"https:\/\/api.w.org\/{rel}","templated":true}]}}