{"id":17101,"date":"2023-10-18T13:16:45","date_gmt":"2023-10-18T11:16:45","guid":{"rendered":"http:\/\/aem.hr\/?page_id=17101"},"modified":"2023-10-18T13:16:46","modified_gmt":"2023-10-18T11:16:46","slug":"biljana-basic-jesu-li-doista-osobe-s-invaliditetom-nezaposljive","status":"publish","type":"page","link":"https:\/\/aem.hr\/en\/biljana-basic-jesu-li-doista-osobe-s-invaliditetom-nezaposljive\/","title":{"rendered":"Biljana Ba\u0161i\u0107 &#8211; Jesu li doista osobe s invaliditetom nezapo\u0161ljive?"},"content":{"rendered":"\n<div class=\"wp-block-file\"><a id=\"wp-block-file--media-ebd2c405-a3dc-4726-b40a-ea859512337d\" href=\"https:\/\/aem.hr\/wp-content\/uploads\/2023\/10\/1.-Nasli-su-racunicu.pdf\">1. Na\u0161li su ra\u010dunicu<\/a><a href=\"https:\/\/aem.hr\/wp-content\/uploads\/2023\/10\/1.-Nasli-su-racunicu.pdf\" class=\"wp-block-file__button wp-element-button\" download aria-describedby=\"wp-block-file--media-ebd2c405-a3dc-4726-b40a-ea859512337d\">Preuzimanje<\/a><\/div>\n\n\n\n<div class=\"wp-block-file\"><a id=\"wp-block-file--media-e9322f62-2c67-4457-8b00-d18372592692\" href=\"https:\/\/aem.hr\/wp-content\/uploads\/2023\/10\/2.-ADHD_ovci-su-jako-kreativni.pdf\">2. ADHD_ovci su jako kreativni<\/a><a href=\"https:\/\/aem.hr\/wp-content\/uploads\/2023\/10\/2.-ADHD_ovci-su-jako-kreativni.pdf\" class=\"wp-block-file__button wp-element-button\" download aria-describedby=\"wp-block-file--media-e9322f62-2c67-4457-8b00-d18372592692\">Preuzimanje<\/a><\/div>\n\n\n\n<div class=\"wp-block-file\"><a id=\"wp-block-file--media-7156e266-7042-4a32-a591-91cd9cc237ea\" href=\"https:\/\/aem.hr\/wp-content\/uploads\/2023\/10\/3.-Mikro-poduzetnik-godine.pdf\">3. Mikro poduzetnik godine<\/a><a href=\"https:\/\/aem.hr\/wp-content\/uploads\/2023\/10\/3.-Mikro-poduzetnik-godine.pdf\" class=\"wp-block-file__button wp-element-button\" download aria-describedby=\"wp-block-file--media-7156e266-7042-4a32-a591-91cd9cc237ea\">Preuzimanje<\/a><\/div>\n\n\n\n<div class=\"wp-block-file\"><a id=\"wp-block-file--media-47f37515-18da-47c1-b65b-16a080722fe5\" href=\"https:\/\/aem.hr\/wp-content\/uploads\/2023\/10\/4.-Savez-udruga-studenata-s-invaliditetom.pdf\">4. Savez udruga studenata s invaliditetom<\/a><a href=\"https:\/\/aem.hr\/wp-content\/uploads\/2023\/10\/4.-Savez-udruga-studenata-s-invaliditetom.pdf\" class=\"wp-block-file__button wp-element-button\" download aria-describedby=\"wp-block-file--media-47f37515-18da-47c1-b65b-16a080722fe5\">Preuzimanje<\/a><\/div>\n\n\n\n<div class=\"wp-block-file\"><a id=\"wp-block-file--media-19251bd9-339d-4e2f-84fe-9fbba456d165\" href=\"https:\/\/aem.hr\/wp-content\/uploads\/2023\/10\/5.-Danijela-Maruzin.pdf\">5. Danijela Maru\u017ein<\/a><a href=\"https:\/\/aem.hr\/wp-content\/uploads\/2023\/10\/5.-Danijela-Maruzin.pdf\" class=\"wp-block-file__button wp-element-button\" download aria-describedby=\"wp-block-file--media-19251bd9-339d-4e2f-84fe-9fbba456d165\">Preuzimanje<\/a><\/div>\n","protected":false},"excerpt":{"rendered":"","protected":false},"author":18,"featured_media":0,"parent":0,"menu_order":0,"comment_status":"closed","ping_status":"closed","template":"","meta":{"_acf_changed":false,"inline_featured_image":false,"advgb_blocks_editor_width":"","advgb_blocks_columns_visual_guide":"","_links_to":"","_links_to_type":0,"footnotes":""},"class_list":["post-17101","page","type-page","status-publish","hentry"],"acf":[],"yoast_head":"<!-- This site is optimized with the Yoast SEO plugin v25.7 - https:\/\/yoast.com\/wordpress\/plugins\/seo\/ -->\n<title>Biljana Ba\u0161i\u0107 - Jesu li doista osobe s invaliditetom nezapo\u0161ljive? - Agencija za elektroni\u010dke medije<\/title>\n<meta name=\"robots\" content=\"index, follow, max-snippet:-1, max-image-preview:large, max-video-preview:-1\" \/>\n<link rel=\"canonical\" href=\"https:\/\/aem.hr\/biljana-basic-jesu-li-doista-osobe-s-invaliditetom-nezaposljive\/\" \/>\n<meta property=\"og:locale\" content=\"en_US\" \/>\n<meta property=\"og:type\" content=\"article\" \/>\n<meta property=\"og:title\" content=\"Biljana Ba\u0161i\u0107 - Jesu li doista osobe s invaliditetom nezapo\u0161ljive? - Agencija za elektroni\u010dke medije\" \/>\n<meta property=\"og:url\" content=\"https:\/\/aem.hr\/biljana-basic-jesu-li-doista-osobe-s-invaliditetom-nezaposljive\/\" \/>\n<meta property=\"og:site_name\" content=\"Agencija za elektroni\u010dke medije\" \/>\n<meta property=\"article:modified_time\" content=\"2023-10-18T11:16:46+00:00\" \/>\n<meta name=\"twitter:card\" content=\"summary_large_image\" \/>\n<meta name=\"twitter:label1\" content=\"Est. reading time\" \/>\n\t<meta name=\"twitter:data1\" content=\"1 minute\" \/>\n<script type=\"application\/ld+json\" class=\"yoast-schema-graph\">{\"@context\":\"https:\/\/schema.org\",\"@graph\":[{\"@type\":\"WebPage\",\"@id\":\"https:\/\/aem.hr\/biljana-basic-jesu-li-doista-osobe-s-invaliditetom-nezaposljive\/\",\"url\":\"https:\/\/aem.hr\/biljana-basic-jesu-li-doista-osobe-s-invaliditetom-nezaposljive\/\",\"name\":\"Biljana Ba\u0161i\u0107 - Jesu li doista osobe s invaliditetom nezapo\u0161ljive? - Agencija za elektroni\u010dke medije\",\"isPartOf\":{\"@id\":\"https:\/\/aem.hr\/#website\"},\"datePublished\":\"2023-10-18T11:16:45+00:00\",\"dateModified\":\"2023-10-18T11:16:46+00:00\",\"breadcrumb\":{\"@id\":\"https:\/\/aem.hr\/biljana-basic-jesu-li-doista-osobe-s-invaliditetom-nezaposljive\/#breadcrumb\"},\"inLanguage\":\"en-US\",\"potentialAction\":[{\"@type\":\"ReadAction\",\"target\":[\"https:\/\/aem.hr\/biljana-basic-jesu-li-doista-osobe-s-invaliditetom-nezaposljive\/\"]}]},{\"@type\":\"BreadcrumbList\",\"@id\":\"https:\/\/aem.hr\/biljana-basic-jesu-li-doista-osobe-s-invaliditetom-nezaposljive\/#breadcrumb\",\"itemListElement\":[{\"@type\":\"ListItem\",\"position\":1,\"name\":\"Po\u010detna stranica\",\"item\":\"https:\/\/aem.hr\/\"},{\"@type\":\"ListItem\",\"position\":2,\"name\":\"Biljana Ba\u0161i\u0107 &#8211; Jesu li doista osobe s invaliditetom nezapo\u0161ljive?\"}]},{\"@type\":\"WebSite\",\"@id\":\"https:\/\/aem.hr\/#website\",\"url\":\"https:\/\/aem.hr\/\",\"name\":\"Agencija za elektroni\u010dke medije\",\"description\":\"\",\"potentialAction\":[{\"@type\":\"SearchAction\",\"target\":{\"@type\":\"EntryPoint\",\"urlTemplate\":\"https:\/\/aem.hr\/?s={search_term_string}\"},\"query-input\":{\"@type\":\"PropertyValueSpecification\",\"valueRequired\":true,\"valueName\":\"search_term_string\"}}],\"inLanguage\":\"en-US\"}]}<\/script>\n<!-- \/ Yoast SEO plugin. -->","yoast_head_json":{"title":"Biljana Ba\u0161i\u0107 - Jesu li doista osobe s invaliditetom nezapo\u0161ljive? - Agencija za elektroni\u010dke medije","robots":{"index":"index","follow":"follow","max-snippet":"max-snippet:-1","max-image-preview":"max-image-preview:large","max-video-preview":"max-video-preview:-1"},"canonical":"https:\/\/aem.hr\/biljana-basic-jesu-li-doista-osobe-s-invaliditetom-nezaposljive\/","og_locale":"en_US","og_type":"article","og_title":"Biljana Ba\u0161i\u0107 - Jesu li doista osobe s invaliditetom nezapo\u0161ljive? - Agencija za elektroni\u010dke medije","og_url":"https:\/\/aem.hr\/biljana-basic-jesu-li-doista-osobe-s-invaliditetom-nezaposljive\/","og_site_name":"Agencija za elektroni\u010dke medije","article_modified_time":"2023-10-18T11:16:46+00:00","twitter_card":"summary_large_image","twitter_misc":{"Est. reading time":"1 minute"},"schema":{"@context":"https:\/\/schema.org","@graph":[{"@type":"WebPage","@id":"https:\/\/aem.hr\/biljana-basic-jesu-li-doista-osobe-s-invaliditetom-nezaposljive\/","url":"https:\/\/aem.hr\/biljana-basic-jesu-li-doista-osobe-s-invaliditetom-nezaposljive\/","name":"Biljana Ba\u0161i\u0107 - Jesu li doista osobe s invaliditetom nezapo\u0161ljive? - Agencija za elektroni\u010dke medije","isPartOf":{"@id":"https:\/\/aem.hr\/#website"},"datePublished":"2023-10-18T11:16:45+00:00","dateModified":"2023-10-18T11:16:46+00:00","breadcrumb":{"@id":"https:\/\/aem.hr\/biljana-basic-jesu-li-doista-osobe-s-invaliditetom-nezaposljive\/#breadcrumb"},"inLanguage":"en-US","potentialAction":[{"@type":"ReadAction","target":["https:\/\/aem.hr\/biljana-basic-jesu-li-doista-osobe-s-invaliditetom-nezaposljive\/"]}]},{"@type":"BreadcrumbList","@id":"https:\/\/aem.hr\/biljana-basic-jesu-li-doista-osobe-s-invaliditetom-nezaposljive\/#breadcrumb","itemListElement":[{"@type":"ListItem","position":1,"name":"Po\u010detna stranica","item":"https:\/\/aem.hr\/"},{"@type":"ListItem","position":2,"name":"Biljana Ba\u0161i\u0107 &#8211; Jesu li doista osobe s invaliditetom nezapo\u0161ljive?"}]},{"@type":"WebSite","@id":"https:\/\/aem.hr\/#website","url":"https:\/\/aem.hr\/","name":"Agencija za elektroni\u010dke medije","description":"","potentialAction":[{"@type":"SearchAction","target":{"@type":"EntryPoint","urlTemplate":"https:\/\/aem.hr\/?s={search_term_string}"},"query-input":{"@type":"PropertyValueSpecification","valueRequired":true,"valueName":"search_term_string"}}],"inLanguage":"en-US"}]}},"coauthors":[],"author_meta":{"author_link":"https:\/\/aem.hr\/en\/blog\/author\/mkirac\/","display_name":"Matko Kirac"},"relative_dates":{"created":"Posted 2 years ago","modified":"Updated 2 years ago"},"absolute_dates":{"created":"Posted on 18. October 2023.","modified":"Updated on 18. October 2023."},"absolute_dates_time":{"created":"Posted on 18. October 2023. 13:16","modified":"Updated on 18. October 2023. 13:16"},"featured_img_caption":"","featured_img":false,"series_order":"","_links":{"self":[{"href":"https:\/\/aem.hr\/en\/wp-json\/wp\/v2\/pages\/17101","targetHints":{"allow":["GET"]}}],"collection":[{"href":"https:\/\/aem.hr\/en\/wp-json\/wp\/v2\/pages"}],"about":[{"href":"https:\/\/aem.hr\/en\/wp-json\/wp\/v2\/types\/page"}],"author":[{"embeddable":true,"href":"https:\/\/aem.hr\/en\/wp-json\/wp\/v2\/users\/18"}],"replies":[{"embeddable":true,"href":"https:\/\/aem.hr\/en\/wp-json\/wp\/v2\/comments?post=17101"}],"version-history":[{"count":1,"href":"https:\/\/aem.hr\/en\/wp-json\/wp\/v2\/pages\/17101\/revisions"}],"predecessor-version":[{"id":17111,"href":"https:\/\/aem.hr\/en\/wp-json\/wp\/v2\/pages\/17101\/revisions\/17111"}],"wp:attachment":[{"href":"https:\/\/aem.hr\/en\/wp-json\/wp\/v2\/media?parent=17101"}],"curies":[{"name":"wp","href":"https:\/\/api.w.org\/{rel}","templated":true}]}}