{"id":17113,"date":"2023-10-18T13:18:46","date_gmt":"2023-10-18T11:18:46","guid":{"rendered":"http:\/\/aem.hr\/?page_id=17113"},"modified":"2023-10-18T13:18:46","modified_gmt":"2023-10-18T11:18:46","slug":"emanuel-bradasevic-hrvatska-u-europskoj-zdravstvenoj-uniji","status":"publish","type":"page","link":"https:\/\/aem.hr\/en\/emanuel-bradasevic-hrvatska-u-europskoj-zdravstvenoj-uniji\/","title":{"rendered":"Emanuel Bra\u0111a\u0161evi\u0107 &#8211; Hrvatska u Europskoj zdravstvenoj uniji"},"content":{"rendered":"\n<div class=\"wp-block-file\"><a id=\"wp-block-file--media-306b4725-3f3c-44c6-9f8a-84931b7dca3c\" href=\"https:\/\/aem.hr\/wp-content\/uploads\/2023\/10\/1.-Sto-je-europska-zdravstvena-unija.pdf\">1. \u0160to je europska zdravstvena unija<\/a><a href=\"https:\/\/aem.hr\/wp-content\/uploads\/2023\/10\/1.-Sto-je-europska-zdravstvena-unija.pdf\" class=\"wp-block-file__button wp-element-button\" download aria-describedby=\"wp-block-file--media-306b4725-3f3c-44c6-9f8a-84931b7dca3c\">Preuzimanje<\/a><\/div>\n\n\n\n<div class=\"wp-block-file\"><a id=\"wp-block-file--media-e3ed573a-453a-4342-8527-76484858b4fb\" href=\"https:\/\/aem.hr\/wp-content\/uploads\/2023\/10\/2.-Europski-prostor-za-zdravstvene-podatke-EHDS.pdf\">2. Europski prostor za zdravstvene podatke (EHDS)<\/a><a href=\"https:\/\/aem.hr\/wp-content\/uploads\/2023\/10\/2.-Europski-prostor-za-zdravstvene-podatke-EHDS.pdf\" class=\"wp-block-file__button wp-element-button\" download aria-describedby=\"wp-block-file--media-e3ed573a-453a-4342-8527-76484858b4fb\">Preuzimanje<\/a><\/div>\n\n\n\n<div class=\"wp-block-file\"><a id=\"wp-block-file--media-59f9e913-e852-4634-9e0c-69e4680efe7e\" href=\"https:\/\/aem.hr\/wp-content\/uploads\/2023\/10\/3.-Europski-centar-za-sprecavanje-i-kontrolu-bolesti-ECDC.pdf\">3. Europski centar za spre\u010davanje i kontrolu bolesti (ECDC)<\/a><a href=\"https:\/\/aem.hr\/wp-content\/uploads\/2023\/10\/3.-Europski-centar-za-sprecavanje-i-kontrolu-bolesti-ECDC.pdf\" class=\"wp-block-file__button wp-element-button\" download aria-describedby=\"wp-block-file--media-59f9e913-e852-4634-9e0c-69e4680efe7e\">Preuzimanje<\/a><\/div>\n\n\n\n<div class=\"wp-block-file\"><a id=\"wp-block-file--media-3bb27017-36c2-43e1-8df7-09e07f5bbc13\" href=\"https:\/\/aem.hr\/wp-content\/uploads\/2023\/10\/4.-Europska-agencija-za-lijekove-EMA.pdf\">4. Europska agencija za lijekove (EMA)<\/a><a href=\"https:\/\/aem.hr\/wp-content\/uploads\/2023\/10\/4.-Europska-agencija-za-lijekove-EMA.pdf\" class=\"wp-block-file__button wp-element-button\" download aria-describedby=\"wp-block-file--media-3bb27017-36c2-43e1-8df7-09e07f5bbc13\">Preuzimanje<\/a><\/div>\n\n\n\n<div class=\"wp-block-file\"><a id=\"wp-block-file--media-8e61ca5e-0acd-4425-8476-7e9af1353914\" href=\"https:\/\/aem.hr\/wp-content\/uploads\/2023\/10\/5.-Tijelo-EU-a-za-pripravnost-i-odgovor-na-zdravstvene-krize-HERA.pdf\">5. Tijelo EU-a za pripravnost i odgovor na zdravstvene krize (HERA)<\/a><a href=\"https:\/\/aem.hr\/wp-content\/uploads\/2023\/10\/5.-Tijelo-EU-a-za-pripravnost-i-odgovor-na-zdravstvene-krize-HERA.pdf\" class=\"wp-block-file__button wp-element-button\" download aria-describedby=\"wp-block-file--media-8e61ca5e-0acd-4425-8476-7e9af1353914\">Preuzimanje<\/a><\/div>\n","protected":false},"excerpt":{"rendered":"","protected":false},"author":18,"featured_media":0,"parent":0,"menu_order":0,"comment_status":"closed","ping_status":"closed","template":"","meta":{"_acf_changed":false,"inline_featured_image":false,"advgb_blocks_editor_width":"","advgb_blocks_columns_visual_guide":"","_links_to":"","_links_to_type":0,"footnotes":""},"class_list":["post-17113","page","type-page","status-publish","hentry"],"acf":[],"yoast_head":"<!-- This site is optimized with the Yoast SEO plugin v25.7 - https:\/\/yoast.com\/wordpress\/plugins\/seo\/ -->\n<title>Emanuel Bra\u0111a\u0161evi\u0107 - Hrvatska u Europskoj zdravstvenoj uniji - Agencija za elektroni\u010dke medije<\/title>\n<meta name=\"robots\" content=\"index, follow, max-snippet:-1, max-image-preview:large, max-video-preview:-1\" \/>\n<link rel=\"canonical\" href=\"https:\/\/aem.hr\/en\/emanuel-bradasevic-hrvatska-u-europskoj-zdravstvenoj-uniji\/\" \/>\n<meta property=\"og:locale\" content=\"en_US\" \/>\n<meta property=\"og:type\" content=\"article\" \/>\n<meta property=\"og:title\" content=\"Emanuel Bra\u0111a\u0161evi\u0107 - Hrvatska u Europskoj zdravstvenoj uniji - Agencija za elektroni\u010dke medije\" \/>\n<meta property=\"og:url\" content=\"https:\/\/aem.hr\/en\/emanuel-bradasevic-hrvatska-u-europskoj-zdravstvenoj-uniji\/\" \/>\n<meta property=\"og:site_name\" content=\"Agencija za elektroni\u010dke medije\" \/>\n<meta name=\"twitter:card\" content=\"summary_large_image\" \/>\n<meta name=\"twitter:label1\" content=\"Est. reading time\" \/>\n\t<meta name=\"twitter:data1\" content=\"1 minute\" \/>\n<script type=\"application\/ld+json\" class=\"yoast-schema-graph\">{\"@context\":\"https:\/\/schema.org\",\"@graph\":[{\"@type\":\"WebPage\",\"@id\":\"https:\/\/aem.hr\/en\/emanuel-bradasevic-hrvatska-u-europskoj-zdravstvenoj-uniji\/\",\"url\":\"https:\/\/aem.hr\/en\/emanuel-bradasevic-hrvatska-u-europskoj-zdravstvenoj-uniji\/\",\"name\":\"Emanuel Bra\u0111a\u0161evi\u0107 - Hrvatska u Europskoj zdravstvenoj uniji - Agencija za elektroni\u010dke medije\",\"isPartOf\":{\"@id\":\"https:\/\/aem.hr\/#website\"},\"datePublished\":\"2023-10-18T11:18:46+00:00\",\"breadcrumb\":{\"@id\":\"https:\/\/aem.hr\/en\/emanuel-bradasevic-hrvatska-u-europskoj-zdravstvenoj-uniji\/#breadcrumb\"},\"inLanguage\":\"en-US\",\"potentialAction\":[{\"@type\":\"ReadAction\",\"target\":[\"https:\/\/aem.hr\/en\/emanuel-bradasevic-hrvatska-u-europskoj-zdravstvenoj-uniji\/\"]}]},{\"@type\":\"BreadcrumbList\",\"@id\":\"https:\/\/aem.hr\/en\/emanuel-bradasevic-hrvatska-u-europskoj-zdravstvenoj-uniji\/#breadcrumb\",\"itemListElement\":[{\"@type\":\"ListItem\",\"position\":1,\"name\":\"Po\u010detna stranica\",\"item\":\"https:\/\/aem.hr\/\"},{\"@type\":\"ListItem\",\"position\":2,\"name\":\"Emanuel Bra\u0111a\u0161evi\u0107 &#8211; Hrvatska u Europskoj zdravstvenoj uniji\"}]},{\"@type\":\"WebSite\",\"@id\":\"https:\/\/aem.hr\/#website\",\"url\":\"https:\/\/aem.hr\/\",\"name\":\"Agencija za elektroni\u010dke medije\",\"description\":\"\",\"potentialAction\":[{\"@type\":\"SearchAction\",\"target\":{\"@type\":\"EntryPoint\",\"urlTemplate\":\"https:\/\/aem.hr\/?s={search_term_string}\"},\"query-input\":{\"@type\":\"PropertyValueSpecification\",\"valueRequired\":true,\"valueName\":\"search_term_string\"}}],\"inLanguage\":\"en-US\"}]}<\/script>\n<!-- \/ Yoast SEO plugin. -->","yoast_head_json":{"title":"Emanuel Bra\u0111a\u0161evi\u0107 - Hrvatska u Europskoj zdravstvenoj uniji - Agencija za elektroni\u010dke medije","robots":{"index":"index","follow":"follow","max-snippet":"max-snippet:-1","max-image-preview":"max-image-preview:large","max-video-preview":"max-video-preview:-1"},"canonical":"https:\/\/aem.hr\/en\/emanuel-bradasevic-hrvatska-u-europskoj-zdravstvenoj-uniji\/","og_locale":"en_US","og_type":"article","og_title":"Emanuel Bra\u0111a\u0161evi\u0107 - Hrvatska u Europskoj zdravstvenoj uniji - Agencija za elektroni\u010dke medije","og_url":"https:\/\/aem.hr\/en\/emanuel-bradasevic-hrvatska-u-europskoj-zdravstvenoj-uniji\/","og_site_name":"Agencija za elektroni\u010dke medije","twitter_card":"summary_large_image","twitter_misc":{"Est. reading time":"1 minute"},"schema":{"@context":"https:\/\/schema.org","@graph":[{"@type":"WebPage","@id":"https:\/\/aem.hr\/en\/emanuel-bradasevic-hrvatska-u-europskoj-zdravstvenoj-uniji\/","url":"https:\/\/aem.hr\/en\/emanuel-bradasevic-hrvatska-u-europskoj-zdravstvenoj-uniji\/","name":"Emanuel Bra\u0111a\u0161evi\u0107 - Hrvatska u Europskoj zdravstvenoj uniji - Agencija za elektroni\u010dke medije","isPartOf":{"@id":"https:\/\/aem.hr\/#website"},"datePublished":"2023-10-18T11:18:46+00:00","breadcrumb":{"@id":"https:\/\/aem.hr\/en\/emanuel-bradasevic-hrvatska-u-europskoj-zdravstvenoj-uniji\/#breadcrumb"},"inLanguage":"en-US","potentialAction":[{"@type":"ReadAction","target":["https:\/\/aem.hr\/en\/emanuel-bradasevic-hrvatska-u-europskoj-zdravstvenoj-uniji\/"]}]},{"@type":"BreadcrumbList","@id":"https:\/\/aem.hr\/en\/emanuel-bradasevic-hrvatska-u-europskoj-zdravstvenoj-uniji\/#breadcrumb","itemListElement":[{"@type":"ListItem","position":1,"name":"Po\u010detna stranica","item":"https:\/\/aem.hr\/"},{"@type":"ListItem","position":2,"name":"Emanuel Bra\u0111a\u0161evi\u0107 &#8211; Hrvatska u Europskoj zdravstvenoj uniji"}]},{"@type":"WebSite","@id":"https:\/\/aem.hr\/#website","url":"https:\/\/aem.hr\/","name":"Agencija za elektroni\u010dke medije","description":"","potentialAction":[{"@type":"SearchAction","target":{"@type":"EntryPoint","urlTemplate":"https:\/\/aem.hr\/?s={search_term_string}"},"query-input":{"@type":"PropertyValueSpecification","valueRequired":true,"valueName":"search_term_string"}}],"inLanguage":"en-US"}]}},"coauthors":[],"author_meta":{"author_link":"https:\/\/aem.hr\/en\/blog\/author\/mkirac\/","display_name":"Matko Kirac"},"relative_dates":{"created":"Posted 2 years ago","modified":"Updated 2 years ago"},"absolute_dates":{"created":"Posted on 18. October 2023.","modified":"Updated on 18. October 2023."},"absolute_dates_time":{"created":"Posted on 18. October 2023. 13:18","modified":"Updated on 18. October 2023. 13:18"},"featured_img_caption":"","featured_img":false,"series_order":"","_links":{"self":[{"href":"https:\/\/aem.hr\/en\/wp-json\/wp\/v2\/pages\/17113","targetHints":{"allow":["GET"]}}],"collection":[{"href":"https:\/\/aem.hr\/en\/wp-json\/wp\/v2\/pages"}],"about":[{"href":"https:\/\/aem.hr\/en\/wp-json\/wp\/v2\/types\/page"}],"author":[{"embeddable":true,"href":"https:\/\/aem.hr\/en\/wp-json\/wp\/v2\/users\/18"}],"replies":[{"embeddable":true,"href":"https:\/\/aem.hr\/en\/wp-json\/wp\/v2\/comments?post=17113"}],"version-history":[{"count":1,"href":"https:\/\/aem.hr\/en\/wp-json\/wp\/v2\/pages\/17113\/revisions"}],"predecessor-version":[{"id":17125,"href":"https:\/\/aem.hr\/en\/wp-json\/wp\/v2\/pages\/17113\/revisions\/17125"}],"wp:attachment":[{"href":"https:\/\/aem.hr\/en\/wp-json\/wp\/v2\/media?parent=17113"}],"curies":[{"name":"wp","href":"https:\/\/api.w.org\/{rel}","templated":true}]}}