{"id":17127,"date":"2023-10-18T13:21:35","date_gmt":"2023-10-18T11:21:35","guid":{"rendered":"http:\/\/aem.hr\/?page_id=17127"},"modified":"2023-10-18T13:23:57","modified_gmt":"2023-10-18T11:23:57","slug":"ilko-culic-hocemo-cenzuru","status":"publish","type":"page","link":"https:\/\/aem.hr\/en\/ilko-culic-hocemo-cenzuru\/","title":{"rendered":"Ilko \u010culi\u0107 &#8211; Ho\u0107emo cenzuru"},"content":{"rendered":"\n<div class=\"wp-block-file\"><a id=\"wp-block-file--media-943d2707-2001-48d1-9c57-b53de1ef0c10\" href=\"https:\/\/aem.hr\/wp-content\/uploads\/2023\/10\/1.-Hocemo-cenzuru.pdf\">1. Ho\u0107emo cenzuru<\/a><a href=\"https:\/\/aem.hr\/wp-content\/uploads\/2023\/10\/1.-Hocemo-cenzuru.pdf\" class=\"wp-block-file__button wp-element-button\" download aria-describedby=\"wp-block-file--media-943d2707-2001-48d1-9c57-b53de1ef0c10\">Preuzimanje<\/a><\/div>\n\n\n\n<div class=\"wp-block-file\"><a id=\"wp-block-file--media-8fd5d93b-aab4-4399-b115-db70a7501cd8\" href=\"https:\/\/aem.hr\/wp-content\/uploads\/2023\/10\/2.-Ma-sta-mi-uradili.pdf\">2. Ma \u0161ta mi uradili<\/a><a href=\"https:\/\/aem.hr\/wp-content\/uploads\/2023\/10\/2.-Ma-sta-mi-uradili.pdf\" class=\"wp-block-file__button wp-element-button\" download aria-describedby=\"wp-block-file--media-8fd5d93b-aab4-4399-b115-db70a7501cd8\">Preuzimanje<\/a><\/div>\n\n\n\n<div class=\"wp-block-file\"><a id=\"wp-block-file--media-81de33c4-a480-4482-912d-d7bbe996c38c\" href=\"https:\/\/aem.hr\/wp-content\/uploads\/2023\/10\/3.-Jugoslavenski-zakon.pdf\">3. Jugoslavenski zakon<\/a><a href=\"https:\/\/aem.hr\/wp-content\/uploads\/2023\/10\/3.-Jugoslavenski-zakon.pdf\" class=\"wp-block-file__button wp-element-button\" download aria-describedby=\"wp-block-file--media-81de33c4-a480-4482-912d-d7bbe996c38c\">Preuzimanje<\/a><\/div>\n\n\n\n<div class=\"wp-block-file\"><a id=\"wp-block-file--media-cb71f031-68fa-4c05-8a1f-1473c1a900c4\" href=\"https:\/\/aem.hr\/wp-content\/uploads\/2023\/10\/4.-Tamo-gdje-je-Buldozer.pdf\">4. Tamo gdje je Buldo\u017eer utro put punku, soundtrack &#8220;Bitka na Neretvi&#8221; nije mogao pro\u0107i<\/a><a href=\"https:\/\/aem.hr\/wp-content\/uploads\/2023\/10\/4.-Tamo-gdje-je-Buldozer.pdf\" class=\"wp-block-file__button wp-element-button\" download aria-describedby=\"wp-block-file--media-cb71f031-68fa-4c05-8a1f-1473c1a900c4\">Preuzimanje<\/a><\/div>\n\n\n\n<div class=\"wp-block-file\"><a id=\"wp-block-file--media-45fb773a-dd8f-42bb-8817-319428065bed\" href=\"https:\/\/aem.hr\/wp-content\/uploads\/2023\/10\/5.-Medijska-cenzura.pdf\">5. Medijska cenzura glazbe nekad i sad<\/a><a href=\"https:\/\/aem.hr\/wp-content\/uploads\/2023\/10\/5.-Medijska-cenzura.pdf\" class=\"wp-block-file__button wp-element-button\" download aria-describedby=\"wp-block-file--media-45fb773a-dd8f-42bb-8817-319428065bed\">Preuzimanje<\/a><\/div>\n\n\n\n<div class=\"wp-block-file\"><a id=\"wp-block-file--media-a5c4f1bc-5040-464d-8229-bbbc735ede52\" href=\"https:\/\/aem.hr\/wp-content\/uploads\/2023\/10\/6.-Ko-to-tamo-ne-pjeva.pdf\">6. Ko to tamo ne pjeva<\/a><a href=\"https:\/\/aem.hr\/wp-content\/uploads\/2023\/10\/6.-Ko-to-tamo-ne-pjeva.pdf\" class=\"wp-block-file__button wp-element-button\" download aria-describedby=\"wp-block-file--media-a5c4f1bc-5040-464d-8229-bbbc735ede52\">Preuzimanje<\/a><\/div>\n","protected":false},"excerpt":{"rendered":"","protected":false},"author":18,"featured_media":0,"parent":0,"menu_order":0,"comment_status":"closed","ping_status":"closed","template":"","meta":{"_acf_changed":false,"inline_featured_image":false,"advgb_blocks_editor_width":"","advgb_blocks_columns_visual_guide":"","_links_to":"","_links_to_type":0,"footnotes":""},"class_list":["post-17127","page","type-page","status-publish","hentry"],"acf":[],"yoast_head":"<!-- This site is optimized with the Yoast SEO plugin v25.7 - https:\/\/yoast.com\/wordpress\/plugins\/seo\/ -->\n<title>Ilko \u010culi\u0107 - Ho\u0107emo cenzuru - Agencija za elektroni\u010dke medije<\/title>\n<meta name=\"robots\" content=\"index, follow, max-snippet:-1, max-image-preview:large, max-video-preview:-1\" \/>\n<link rel=\"canonical\" href=\"https:\/\/aem.hr\/en\/ilko-culic-hocemo-cenzuru\/\" \/>\n<meta property=\"og:locale\" content=\"en_US\" \/>\n<meta property=\"og:type\" content=\"article\" \/>\n<meta property=\"og:title\" content=\"Ilko \u010culi\u0107 - Ho\u0107emo cenzuru - Agencija za elektroni\u010dke medije\" \/>\n<meta property=\"og:url\" content=\"https:\/\/aem.hr\/en\/ilko-culic-hocemo-cenzuru\/\" \/>\n<meta property=\"og:site_name\" content=\"Agencija za elektroni\u010dke medije\" \/>\n<meta property=\"article:modified_time\" content=\"2023-10-18T11:23:57+00:00\" \/>\n<meta name=\"twitter:card\" content=\"summary_large_image\" \/>\n<meta name=\"twitter:label1\" content=\"Est. reading time\" \/>\n\t<meta name=\"twitter:data1\" content=\"1 minute\" \/>\n<script type=\"application\/ld+json\" class=\"yoast-schema-graph\">{\"@context\":\"https:\/\/schema.org\",\"@graph\":[{\"@type\":\"WebPage\",\"@id\":\"https:\/\/aem.hr\/en\/ilko-culic-hocemo-cenzuru\/\",\"url\":\"https:\/\/aem.hr\/en\/ilko-culic-hocemo-cenzuru\/\",\"name\":\"Ilko \u010culi\u0107 - Ho\u0107emo cenzuru - Agencija za elektroni\u010dke medije\",\"isPartOf\":{\"@id\":\"https:\/\/aem.hr\/#website\"},\"datePublished\":\"2023-10-18T11:21:35+00:00\",\"dateModified\":\"2023-10-18T11:23:57+00:00\",\"breadcrumb\":{\"@id\":\"https:\/\/aem.hr\/en\/ilko-culic-hocemo-cenzuru\/#breadcrumb\"},\"inLanguage\":\"en-US\",\"potentialAction\":[{\"@type\":\"ReadAction\",\"target\":[\"https:\/\/aem.hr\/en\/ilko-culic-hocemo-cenzuru\/\"]}]},{\"@type\":\"BreadcrumbList\",\"@id\":\"https:\/\/aem.hr\/en\/ilko-culic-hocemo-cenzuru\/#breadcrumb\",\"itemListElement\":[{\"@type\":\"ListItem\",\"position\":1,\"name\":\"Po\u010detna stranica\",\"item\":\"https:\/\/aem.hr\/\"},{\"@type\":\"ListItem\",\"position\":2,\"name\":\"Ilko \u010culi\u0107 &#8211; Ho\u0107emo cenzuru\"}]},{\"@type\":\"WebSite\",\"@id\":\"https:\/\/aem.hr\/#website\",\"url\":\"https:\/\/aem.hr\/\",\"name\":\"Agencija za elektroni\u010dke medije\",\"description\":\"\",\"potentialAction\":[{\"@type\":\"SearchAction\",\"target\":{\"@type\":\"EntryPoint\",\"urlTemplate\":\"https:\/\/aem.hr\/?s={search_term_string}\"},\"query-input\":{\"@type\":\"PropertyValueSpecification\",\"valueRequired\":true,\"valueName\":\"search_term_string\"}}],\"inLanguage\":\"en-US\"}]}<\/script>\n<!-- \/ Yoast SEO plugin. -->","yoast_head_json":{"title":"Ilko \u010culi\u0107 - Ho\u0107emo cenzuru - Agencija za elektroni\u010dke medije","robots":{"index":"index","follow":"follow","max-snippet":"max-snippet:-1","max-image-preview":"max-image-preview:large","max-video-preview":"max-video-preview:-1"},"canonical":"https:\/\/aem.hr\/en\/ilko-culic-hocemo-cenzuru\/","og_locale":"en_US","og_type":"article","og_title":"Ilko \u010culi\u0107 - Ho\u0107emo cenzuru - Agencija za elektroni\u010dke medije","og_url":"https:\/\/aem.hr\/en\/ilko-culic-hocemo-cenzuru\/","og_site_name":"Agencija za elektroni\u010dke medije","article_modified_time":"2023-10-18T11:23:57+00:00","twitter_card":"summary_large_image","twitter_misc":{"Est. reading time":"1 minute"},"schema":{"@context":"https:\/\/schema.org","@graph":[{"@type":"WebPage","@id":"https:\/\/aem.hr\/en\/ilko-culic-hocemo-cenzuru\/","url":"https:\/\/aem.hr\/en\/ilko-culic-hocemo-cenzuru\/","name":"Ilko \u010culi\u0107 - Ho\u0107emo cenzuru - Agencija za elektroni\u010dke medije","isPartOf":{"@id":"https:\/\/aem.hr\/#website"},"datePublished":"2023-10-18T11:21:35+00:00","dateModified":"2023-10-18T11:23:57+00:00","breadcrumb":{"@id":"https:\/\/aem.hr\/en\/ilko-culic-hocemo-cenzuru\/#breadcrumb"},"inLanguage":"en-US","potentialAction":[{"@type":"ReadAction","target":["https:\/\/aem.hr\/en\/ilko-culic-hocemo-cenzuru\/"]}]},{"@type":"BreadcrumbList","@id":"https:\/\/aem.hr\/en\/ilko-culic-hocemo-cenzuru\/#breadcrumb","itemListElement":[{"@type":"ListItem","position":1,"name":"Po\u010detna stranica","item":"https:\/\/aem.hr\/"},{"@type":"ListItem","position":2,"name":"Ilko \u010culi\u0107 &#8211; Ho\u0107emo cenzuru"}]},{"@type":"WebSite","@id":"https:\/\/aem.hr\/#website","url":"https:\/\/aem.hr\/","name":"Agencija za elektroni\u010dke medije","description":"","potentialAction":[{"@type":"SearchAction","target":{"@type":"EntryPoint","urlTemplate":"https:\/\/aem.hr\/?s={search_term_string}"},"query-input":{"@type":"PropertyValueSpecification","valueRequired":true,"valueName":"search_term_string"}}],"inLanguage":"en-US"}]}},"coauthors":[],"author_meta":{"author_link":"https:\/\/aem.hr\/en\/blog\/author\/mkirac\/","display_name":"Matko Kirac"},"relative_dates":{"created":"Posted 2 years ago","modified":"Updated 2 years ago"},"absolute_dates":{"created":"Posted on 18. October 2023.","modified":"Updated on 18. October 2023."},"absolute_dates_time":{"created":"Posted on 18. October 2023. 13:21","modified":"Updated on 18. October 2023. 13:23"},"featured_img_caption":"","featured_img":false,"series_order":"","_links":{"self":[{"href":"https:\/\/aem.hr\/en\/wp-json\/wp\/v2\/pages\/17127","targetHints":{"allow":["GET"]}}],"collection":[{"href":"https:\/\/aem.hr\/en\/wp-json\/wp\/v2\/pages"}],"about":[{"href":"https:\/\/aem.hr\/en\/wp-json\/wp\/v2\/types\/page"}],"author":[{"embeddable":true,"href":"https:\/\/aem.hr\/en\/wp-json\/wp\/v2\/users\/18"}],"replies":[{"embeddable":true,"href":"https:\/\/aem.hr\/en\/wp-json\/wp\/v2\/comments?post=17127"}],"version-history":[{"count":5,"href":"https:\/\/aem.hr\/en\/wp-json\/wp\/v2\/pages\/17127\/revisions"}],"predecessor-version":[{"id":17145,"href":"https:\/\/aem.hr\/en\/wp-json\/wp\/v2\/pages\/17127\/revisions\/17145"}],"wp:attachment":[{"href":"https:\/\/aem.hr\/en\/wp-json\/wp\/v2\/media?parent=17127"}],"curies":[{"name":"wp","href":"https:\/\/api.w.org\/{rel}","templated":true}]}}