{"id":17146,"date":"2023-10-18T13:26:12","date_gmt":"2023-10-18T11:26:12","guid":{"rendered":"http:\/\/aem.hr\/?page_id=17146"},"modified":"2023-10-18T13:27:17","modified_gmt":"2023-10-18T11:27:17","slug":"sasa-simpraga-ima-li-vode","status":"publish","type":"page","link":"https:\/\/aem.hr\/en\/sasa-simpraga-ima-li-vode\/","title":{"rendered":"Sa\u0161a \u0160impraga &#8211; Ima li vode?"},"content":{"rendered":"\n<div class=\"wp-block-file\"><a id=\"wp-block-file--media-ff1d5c6c-c53b-4fed-b86e-2f65df5a7217\" href=\"https:\/\/aem.hr\/wp-content\/uploads\/2023\/10\/1.-Zadar_-Prvi-u-Hrvatskoj.pdf\">1. Zadar &#8211; Prvi u Hrvatskoj<\/a><a href=\"https:\/\/aem.hr\/wp-content\/uploads\/2023\/10\/1.-Zadar_-Prvi-u-Hrvatskoj.pdf\" class=\"wp-block-file__button wp-element-button\" download aria-describedby=\"wp-block-file--media-ff1d5c6c-c53b-4fed-b86e-2f65df5a7217\">Preuzimanje<\/a><\/div>\n\n\n\n<div class=\"wp-block-file\"><a id=\"wp-block-file--media-1fc9197a-6b9c-4b3c-9fce-1ac448efdf44\" href=\"https:\/\/aem.hr\/wp-content\/uploads\/2023\/10\/2.-Sibenik_-Bez-vode-na-Rivi.pdf\">2. \u0160ibenik &#8211; Bez vode na Rivi<\/a><a href=\"https:\/\/aem.hr\/wp-content\/uploads\/2023\/10\/2.-Sibenik_-Bez-vode-na-Rivi.pdf\" class=\"wp-block-file__button wp-element-button\" download aria-describedby=\"wp-block-file--media-1fc9197a-6b9c-4b3c-9fce-1ac448efdf44\">Preuzimanje<\/a><\/div>\n\n\n\n<div class=\"wp-block-file\"><a id=\"wp-block-file--media-824e440f-355c-4087-98e6-33682d1082a3\" href=\"https:\/\/aem.hr\/wp-content\/uploads\/2023\/10\/3.-Trogir_-Sporost-promjene.pdf\">3. Trogir &#8211; Sporost promjene<\/a><a href=\"https:\/\/aem.hr\/wp-content\/uploads\/2023\/10\/3.-Trogir_-Sporost-promjene.pdf\" class=\"wp-block-file__button wp-element-button\" download aria-describedby=\"wp-block-file--media-824e440f-355c-4087-98e6-33682d1082a3\">Preuzimanje<\/a><\/div>\n\n\n\n<div class=\"wp-block-file\"><a id=\"wp-block-file--media-802576ed-4f98-4397-bc50-a2a37392cf0f\" href=\"https:\/\/aem.hr\/wp-content\/uploads\/2023\/10\/4.-Split_-Sto-nedostaje.pdf\">4. Split &#8211; \u0160to nedostaje Monumetalnoj fontani?<\/a><a href=\"https:\/\/aem.hr\/wp-content\/uploads\/2023\/10\/4.-Split_-Sto-nedostaje.pdf\" class=\"wp-block-file__button wp-element-button\" download aria-describedby=\"wp-block-file--media-802576ed-4f98-4397-bc50-a2a37392cf0f\">Preuzimanje<\/a><\/div>\n\n\n\n<div class=\"wp-block-file\"><a id=\"wp-block-file--media-0c7e36c7-e9d4-409c-a281-b31cf41c91bc\" href=\"https:\/\/aem.hr\/wp-content\/uploads\/2023\/10\/5.-Split_-Kad-si-zedan-nisi-svoj.pdf\">5. Split &#8211; &#8220;Kad si \u017eedan, nisi svoj&#8221;<\/a><a href=\"https:\/\/aem.hr\/wp-content\/uploads\/2023\/10\/5.-Split_-Kad-si-zedan-nisi-svoj.pdf\" class=\"wp-block-file__button wp-element-button\" download aria-describedby=\"wp-block-file--media-0c7e36c7-e9d4-409c-a281-b31cf41c91bc\">Preuzimanje<\/a><\/div>\n","protected":false},"excerpt":{"rendered":"","protected":false},"author":18,"featured_media":0,"parent":0,"menu_order":0,"comment_status":"closed","ping_status":"closed","template":"","meta":{"_acf_changed":false,"inline_featured_image":false,"advgb_blocks_editor_width":"","advgb_blocks_columns_visual_guide":"","_links_to":"","_links_to_type":0,"footnotes":""},"class_list":["post-17146","page","type-page","status-publish","hentry"],"acf":[],"yoast_head":"<!-- This site is optimized with the Yoast SEO plugin v25.7 - https:\/\/yoast.com\/wordpress\/plugins\/seo\/ -->\n<title>Sa\u0161a \u0160impraga - Ima li vode? - Agencija za elektroni\u010dke medije<\/title>\n<meta name=\"robots\" content=\"index, follow, max-snippet:-1, max-image-preview:large, max-video-preview:-1\" \/>\n<link rel=\"canonical\" href=\"https:\/\/aem.hr\/sasa-simpraga-ima-li-vode\/\" \/>\n<meta property=\"og:locale\" content=\"en_US\" \/>\n<meta property=\"og:type\" content=\"article\" \/>\n<meta property=\"og:title\" content=\"Sa\u0161a \u0160impraga - Ima li vode? - Agencija za elektroni\u010dke medije\" \/>\n<meta property=\"og:url\" content=\"https:\/\/aem.hr\/sasa-simpraga-ima-li-vode\/\" \/>\n<meta property=\"og:site_name\" content=\"Agencija za elektroni\u010dke medije\" \/>\n<meta property=\"article:modified_time\" content=\"2023-10-18T11:27:17+00:00\" \/>\n<meta name=\"twitter:card\" content=\"summary_large_image\" \/>\n<meta name=\"twitter:label1\" content=\"Est. reading time\" \/>\n\t<meta name=\"twitter:data1\" content=\"1 minute\" \/>\n<script type=\"application\/ld+json\" class=\"yoast-schema-graph\">{\"@context\":\"https:\/\/schema.org\",\"@graph\":[{\"@type\":\"WebPage\",\"@id\":\"https:\/\/aem.hr\/sasa-simpraga-ima-li-vode\/\",\"url\":\"https:\/\/aem.hr\/sasa-simpraga-ima-li-vode\/\",\"name\":\"Sa\u0161a \u0160impraga - Ima li vode? - Agencija za elektroni\u010dke medije\",\"isPartOf\":{\"@id\":\"https:\/\/aem.hr\/#website\"},\"datePublished\":\"2023-10-18T11:26:12+00:00\",\"dateModified\":\"2023-10-18T11:27:17+00:00\",\"breadcrumb\":{\"@id\":\"https:\/\/aem.hr\/sasa-simpraga-ima-li-vode\/#breadcrumb\"},\"inLanguage\":\"en-US\",\"potentialAction\":[{\"@type\":\"ReadAction\",\"target\":[\"https:\/\/aem.hr\/sasa-simpraga-ima-li-vode\/\"]}]},{\"@type\":\"BreadcrumbList\",\"@id\":\"https:\/\/aem.hr\/sasa-simpraga-ima-li-vode\/#breadcrumb\",\"itemListElement\":[{\"@type\":\"ListItem\",\"position\":1,\"name\":\"Po\u010detna stranica\",\"item\":\"https:\/\/aem.hr\/\"},{\"@type\":\"ListItem\",\"position\":2,\"name\":\"Sa\u0161a \u0160impraga &#8211; Ima li vode?\"}]},{\"@type\":\"WebSite\",\"@id\":\"https:\/\/aem.hr\/#website\",\"url\":\"https:\/\/aem.hr\/\",\"name\":\"Agencija za elektroni\u010dke medije\",\"description\":\"\",\"potentialAction\":[{\"@type\":\"SearchAction\",\"target\":{\"@type\":\"EntryPoint\",\"urlTemplate\":\"https:\/\/aem.hr\/?s={search_term_string}\"},\"query-input\":{\"@type\":\"PropertyValueSpecification\",\"valueRequired\":true,\"valueName\":\"search_term_string\"}}],\"inLanguage\":\"en-US\"}]}<\/script>\n<!-- \/ Yoast SEO plugin. -->","yoast_head_json":{"title":"Sa\u0161a \u0160impraga - Ima li vode? - Agencija za elektroni\u010dke medije","robots":{"index":"index","follow":"follow","max-snippet":"max-snippet:-1","max-image-preview":"max-image-preview:large","max-video-preview":"max-video-preview:-1"},"canonical":"https:\/\/aem.hr\/sasa-simpraga-ima-li-vode\/","og_locale":"en_US","og_type":"article","og_title":"Sa\u0161a \u0160impraga - Ima li vode? - Agencija za elektroni\u010dke medije","og_url":"https:\/\/aem.hr\/sasa-simpraga-ima-li-vode\/","og_site_name":"Agencija za elektroni\u010dke medije","article_modified_time":"2023-10-18T11:27:17+00:00","twitter_card":"summary_large_image","twitter_misc":{"Est. reading time":"1 minute"},"schema":{"@context":"https:\/\/schema.org","@graph":[{"@type":"WebPage","@id":"https:\/\/aem.hr\/sasa-simpraga-ima-li-vode\/","url":"https:\/\/aem.hr\/sasa-simpraga-ima-li-vode\/","name":"Sa\u0161a \u0160impraga - Ima li vode? - Agencija za elektroni\u010dke medije","isPartOf":{"@id":"https:\/\/aem.hr\/#website"},"datePublished":"2023-10-18T11:26:12+00:00","dateModified":"2023-10-18T11:27:17+00:00","breadcrumb":{"@id":"https:\/\/aem.hr\/sasa-simpraga-ima-li-vode\/#breadcrumb"},"inLanguage":"en-US","potentialAction":[{"@type":"ReadAction","target":["https:\/\/aem.hr\/sasa-simpraga-ima-li-vode\/"]}]},{"@type":"BreadcrumbList","@id":"https:\/\/aem.hr\/sasa-simpraga-ima-li-vode\/#breadcrumb","itemListElement":[{"@type":"ListItem","position":1,"name":"Po\u010detna stranica","item":"https:\/\/aem.hr\/"},{"@type":"ListItem","position":2,"name":"Sa\u0161a \u0160impraga &#8211; Ima li vode?"}]},{"@type":"WebSite","@id":"https:\/\/aem.hr\/#website","url":"https:\/\/aem.hr\/","name":"Agencija za elektroni\u010dke medije","description":"","potentialAction":[{"@type":"SearchAction","target":{"@type":"EntryPoint","urlTemplate":"https:\/\/aem.hr\/?s={search_term_string}"},"query-input":{"@type":"PropertyValueSpecification","valueRequired":true,"valueName":"search_term_string"}}],"inLanguage":"en-US"}]}},"coauthors":[],"author_meta":{"author_link":"https:\/\/aem.hr\/en\/blog\/author\/mkirac\/","display_name":"Matko Kirac"},"relative_dates":{"created":"Posted 2 years ago","modified":"Updated 2 years ago"},"absolute_dates":{"created":"Posted on 18. October 2023.","modified":"Updated on 18. October 2023."},"absolute_dates_time":{"created":"Posted on 18. October 2023. 13:26","modified":"Updated on 18. October 2023. 13:27"},"featured_img_caption":"","featured_img":false,"series_order":"","_links":{"self":[{"href":"https:\/\/aem.hr\/en\/wp-json\/wp\/v2\/pages\/17146","targetHints":{"allow":["GET"]}}],"collection":[{"href":"https:\/\/aem.hr\/en\/wp-json\/wp\/v2\/pages"}],"about":[{"href":"https:\/\/aem.hr\/en\/wp-json\/wp\/v2\/types\/page"}],"author":[{"embeddable":true,"href":"https:\/\/aem.hr\/en\/wp-json\/wp\/v2\/users\/18"}],"replies":[{"embeddable":true,"href":"https:\/\/aem.hr\/en\/wp-json\/wp\/v2\/comments?post=17146"}],"version-history":[{"count":3,"href":"https:\/\/aem.hr\/en\/wp-json\/wp\/v2\/pages\/17146\/revisions"}],"predecessor-version":[{"id":17160,"href":"https:\/\/aem.hr\/en\/wp-json\/wp\/v2\/pages\/17146\/revisions\/17160"}],"wp:attachment":[{"href":"https:\/\/aem.hr\/en\/wp-json\/wp\/v2\/media?parent=17146"}],"curies":[{"name":"wp","href":"https:\/\/api.w.org\/{rel}","templated":true}]}}