{"id":17183,"date":"2023-10-18T13:39:00","date_gmt":"2023-10-18T11:39:00","guid":{"rendered":"http:\/\/aem.hr\/?page_id=17183"},"modified":"2023-10-18T13:39:16","modified_gmt":"2023-10-18T11:39:16","slug":"ana-fabijanovic-umjetnost-u-potrazi-za-tumacima-i-publikom-a-vrijedi-i-obrnuto","status":"publish","type":"page","link":"https:\/\/aem.hr\/en\/ana-fabijanovic-umjetnost-u-potrazi-za-tumacima-i-publikom-a-vrijedi-i-obrnuto\/","title":{"rendered":"Ana Fabijanovi\u0107 &#8211; Umjetnost u potrazi za tuma\u010dima i publikom, a vrijedi i obrnuto"},"content":{"rendered":"\n<div class=\"wp-block-file\"><a id=\"wp-block-file--media-88446a8b-ada7-4a54-b48e-143e29d2cff0\" href=\"https:\/\/aem.hr\/wp-content\/uploads\/2023\/10\/1.-Lada-Zigo-Spanic.pdf\">1. Lada \u017digo \u0160pani\u0107, knji\u017eevnica, esejistica<\/a><a href=\"https:\/\/aem.hr\/wp-content\/uploads\/2023\/10\/1.-Lada-Zigo-Spanic.pdf\" class=\"wp-block-file__button wp-element-button\" download aria-describedby=\"wp-block-file--media-88446a8b-ada7-4a54-b48e-143e29d2cff0\">Preuzimanje<\/a><\/div>\n\n\n\n<div class=\"wp-block-file\"><a id=\"wp-block-file--media-e74cb0bb-1d79-4e4f-98bd-1f61a5d031f5\" href=\"https:\/\/aem.hr\/wp-content\/uploads\/2023\/10\/2.-Neka-je-i-kultura-vesela.pdf\">2. Neka je i kultura vesela i radosna<\/a><a href=\"https:\/\/aem.hr\/wp-content\/uploads\/2023\/10\/2.-Neka-je-i-kultura-vesela.pdf\" class=\"wp-block-file__button wp-element-button\" download aria-describedby=\"wp-block-file--media-e74cb0bb-1d79-4e4f-98bd-1f61a5d031f5\">Preuzimanje<\/a><\/div>\n\n\n\n<div class=\"wp-block-file\"><a id=\"wp-block-file--media-1b0d8375-0a15-4607-ac4b-335019b53f38\" href=\"https:\/\/aem.hr\/wp-content\/uploads\/2023\/10\/3.-Sve-sto-je-Tonku-Maroevicu.pdf\">3. Sve \u0161to je Tonku Maroevi\u0107u u \u010dast na\u0161a je du\u017enost<\/a><a href=\"https:\/\/aem.hr\/wp-content\/uploads\/2023\/10\/3.-Sve-sto-je-Tonku-Maroevicu.pdf\" class=\"wp-block-file__button wp-element-button\" download aria-describedby=\"wp-block-file--media-1b0d8375-0a15-4607-ac4b-335019b53f38\">Preuzimanje<\/a><\/div>\n\n\n\n<div class=\"wp-block-file\"><a id=\"wp-block-file--media-51a1c496-2308-4bde-b8db-6e959d216d3c\" href=\"https:\/\/aem.hr\/wp-content\/uploads\/2023\/10\/4.-Istaknuta-hrvatska-graficarka.pdf\">4. Istaknuta hrvatska grafi\u010darka Nevenka Arbanas<\/a><a href=\"https:\/\/aem.hr\/wp-content\/uploads\/2023\/10\/4.-Istaknuta-hrvatska-graficarka.pdf\" class=\"wp-block-file__button wp-element-button\" download aria-describedby=\"wp-block-file--media-51a1c496-2308-4bde-b8db-6e959d216d3c\">Preuzimanje<\/a><\/div>\n\n\n\n<div class=\"wp-block-file\"><a id=\"wp-block-file--media-9a79dd93-39b0-4494-8955-26b24951d01c\" href=\"https:\/\/aem.hr\/wp-content\/uploads\/2023\/10\/5.-Njezino-velicanstvo-knjiga.pdf\">5. Njezino veli\u010danstvo knjiga jo\u0161 se dr\u017ei<\/a><a href=\"https:\/\/aem.hr\/wp-content\/uploads\/2023\/10\/5.-Njezino-velicanstvo-knjiga.pdf\" class=\"wp-block-file__button wp-element-button\" download aria-describedby=\"wp-block-file--media-9a79dd93-39b0-4494-8955-26b24951d01c\">Preuzimanje<\/a><\/div>\n\n\n\n<div class=\"wp-block-file\"><a id=\"wp-block-file--media-697a5f2b-7b33-4aec-aa9e-4c2a2d4c246b\" href=\"https:\/\/aem.hr\/wp-content\/uploads\/2023\/10\/6.-Mladost-talent-suradnja.pdf\">6. Mladost, talent, suradnja, kreativnost<\/a><a href=\"https:\/\/aem.hr\/wp-content\/uploads\/2023\/10\/6.-Mladost-talent-suradnja.pdf\" class=\"wp-block-file__button wp-element-button\" download aria-describedby=\"wp-block-file--media-697a5f2b-7b33-4aec-aa9e-4c2a2d4c246b\">Preuzimanje<\/a><\/div>\n","protected":false},"excerpt":{"rendered":"","protected":false},"author":18,"featured_media":0,"parent":0,"menu_order":0,"comment_status":"closed","ping_status":"closed","template":"","meta":{"_acf_changed":false,"inline_featured_image":false,"advgb_blocks_editor_width":"","advgb_blocks_columns_visual_guide":"","_links_to":"","_links_to_type":0,"footnotes":""},"class_list":["post-17183","page","type-page","status-publish","hentry"],"acf":[],"yoast_head":"<!-- This site is optimized with the Yoast SEO plugin v25.7 - https:\/\/yoast.com\/wordpress\/plugins\/seo\/ -->\n<title>Ana Fabijanovi\u0107 - Umjetnost u potrazi za tuma\u010dima i publikom, a vrijedi i obrnuto - Agencija za elektroni\u010dke medije<\/title>\n<meta name=\"robots\" content=\"index, follow, max-snippet:-1, max-image-preview:large, max-video-preview:-1\" \/>\n<link rel=\"canonical\" href=\"https:\/\/aem.hr\/en\/ana-fabijanovic-umjetnost-u-potrazi-za-tumacima-i-publikom-a-vrijedi-i-obrnuto\/\" \/>\n<meta property=\"og:locale\" content=\"en_US\" \/>\n<meta property=\"og:type\" content=\"article\" \/>\n<meta property=\"og:title\" content=\"Ana Fabijanovi\u0107 - Umjetnost u potrazi za tuma\u010dima i publikom, a vrijedi i obrnuto - Agencija za elektroni\u010dke medije\" \/>\n<meta property=\"og:url\" content=\"https:\/\/aem.hr\/en\/ana-fabijanovic-umjetnost-u-potrazi-za-tumacima-i-publikom-a-vrijedi-i-obrnuto\/\" \/>\n<meta property=\"og:site_name\" content=\"Agencija za elektroni\u010dke medije\" \/>\n<meta property=\"article:modified_time\" content=\"2023-10-18T11:39:16+00:00\" \/>\n<meta name=\"twitter:card\" content=\"summary_large_image\" \/>\n<meta name=\"twitter:label1\" content=\"Est. reading time\" \/>\n\t<meta name=\"twitter:data1\" content=\"1 minute\" \/>\n<script type=\"application\/ld+json\" class=\"yoast-schema-graph\">{\"@context\":\"https:\/\/schema.org\",\"@graph\":[{\"@type\":\"WebPage\",\"@id\":\"https:\/\/aem.hr\/en\/ana-fabijanovic-umjetnost-u-potrazi-za-tumacima-i-publikom-a-vrijedi-i-obrnuto\/\",\"url\":\"https:\/\/aem.hr\/en\/ana-fabijanovic-umjetnost-u-potrazi-za-tumacima-i-publikom-a-vrijedi-i-obrnuto\/\",\"name\":\"Ana Fabijanovi\u0107 - Umjetnost u potrazi za tuma\u010dima i publikom, a vrijedi i obrnuto - Agencija za elektroni\u010dke medije\",\"isPartOf\":{\"@id\":\"https:\/\/aem.hr\/#website\"},\"datePublished\":\"2023-10-18T11:39:00+00:00\",\"dateModified\":\"2023-10-18T11:39:16+00:00\",\"breadcrumb\":{\"@id\":\"https:\/\/aem.hr\/en\/ana-fabijanovic-umjetnost-u-potrazi-za-tumacima-i-publikom-a-vrijedi-i-obrnuto\/#breadcrumb\"},\"inLanguage\":\"en-US\",\"potentialAction\":[{\"@type\":\"ReadAction\",\"target\":[\"https:\/\/aem.hr\/en\/ana-fabijanovic-umjetnost-u-potrazi-za-tumacima-i-publikom-a-vrijedi-i-obrnuto\/\"]}]},{\"@type\":\"BreadcrumbList\",\"@id\":\"https:\/\/aem.hr\/en\/ana-fabijanovic-umjetnost-u-potrazi-za-tumacima-i-publikom-a-vrijedi-i-obrnuto\/#breadcrumb\",\"itemListElement\":[{\"@type\":\"ListItem\",\"position\":1,\"name\":\"Po\u010detna stranica\",\"item\":\"https:\/\/aem.hr\/\"},{\"@type\":\"ListItem\",\"position\":2,\"name\":\"Ana Fabijanovi\u0107 &#8211; Umjetnost u potrazi za tuma\u010dima i publikom, a vrijedi i obrnuto\"}]},{\"@type\":\"WebSite\",\"@id\":\"https:\/\/aem.hr\/#website\",\"url\":\"https:\/\/aem.hr\/\",\"name\":\"Agencija za elektroni\u010dke medije\",\"description\":\"\",\"potentialAction\":[{\"@type\":\"SearchAction\",\"target\":{\"@type\":\"EntryPoint\",\"urlTemplate\":\"https:\/\/aem.hr\/?s={search_term_string}\"},\"query-input\":{\"@type\":\"PropertyValueSpecification\",\"valueRequired\":true,\"valueName\":\"search_term_string\"}}],\"inLanguage\":\"en-US\"}]}<\/script>\n<!-- \/ Yoast SEO plugin. -->","yoast_head_json":{"title":"Ana Fabijanovi\u0107 - Umjetnost u potrazi za tuma\u010dima i publikom, a vrijedi i obrnuto - Agencija za elektroni\u010dke medije","robots":{"index":"index","follow":"follow","max-snippet":"max-snippet:-1","max-image-preview":"max-image-preview:large","max-video-preview":"max-video-preview:-1"},"canonical":"https:\/\/aem.hr\/en\/ana-fabijanovic-umjetnost-u-potrazi-za-tumacima-i-publikom-a-vrijedi-i-obrnuto\/","og_locale":"en_US","og_type":"article","og_title":"Ana Fabijanovi\u0107 - Umjetnost u potrazi za tuma\u010dima i publikom, a vrijedi i obrnuto - Agencija za elektroni\u010dke medije","og_url":"https:\/\/aem.hr\/en\/ana-fabijanovic-umjetnost-u-potrazi-za-tumacima-i-publikom-a-vrijedi-i-obrnuto\/","og_site_name":"Agencija za elektroni\u010dke medije","article_modified_time":"2023-10-18T11:39:16+00:00","twitter_card":"summary_large_image","twitter_misc":{"Est. reading time":"1 minute"},"schema":{"@context":"https:\/\/schema.org","@graph":[{"@type":"WebPage","@id":"https:\/\/aem.hr\/en\/ana-fabijanovic-umjetnost-u-potrazi-za-tumacima-i-publikom-a-vrijedi-i-obrnuto\/","url":"https:\/\/aem.hr\/en\/ana-fabijanovic-umjetnost-u-potrazi-za-tumacima-i-publikom-a-vrijedi-i-obrnuto\/","name":"Ana Fabijanovi\u0107 - Umjetnost u potrazi za tuma\u010dima i publikom, a vrijedi i obrnuto - Agencija za elektroni\u010dke medije","isPartOf":{"@id":"https:\/\/aem.hr\/#website"},"datePublished":"2023-10-18T11:39:00+00:00","dateModified":"2023-10-18T11:39:16+00:00","breadcrumb":{"@id":"https:\/\/aem.hr\/en\/ana-fabijanovic-umjetnost-u-potrazi-za-tumacima-i-publikom-a-vrijedi-i-obrnuto\/#breadcrumb"},"inLanguage":"en-US","potentialAction":[{"@type":"ReadAction","target":["https:\/\/aem.hr\/en\/ana-fabijanovic-umjetnost-u-potrazi-za-tumacima-i-publikom-a-vrijedi-i-obrnuto\/"]}]},{"@type":"BreadcrumbList","@id":"https:\/\/aem.hr\/en\/ana-fabijanovic-umjetnost-u-potrazi-za-tumacima-i-publikom-a-vrijedi-i-obrnuto\/#breadcrumb","itemListElement":[{"@type":"ListItem","position":1,"name":"Po\u010detna stranica","item":"https:\/\/aem.hr\/"},{"@type":"ListItem","position":2,"name":"Ana Fabijanovi\u0107 &#8211; Umjetnost u potrazi za tuma\u010dima i publikom, a vrijedi i obrnuto"}]},{"@type":"WebSite","@id":"https:\/\/aem.hr\/#website","url":"https:\/\/aem.hr\/","name":"Agencija za elektroni\u010dke medije","description":"","potentialAction":[{"@type":"SearchAction","target":{"@type":"EntryPoint","urlTemplate":"https:\/\/aem.hr\/?s={search_term_string}"},"query-input":{"@type":"PropertyValueSpecification","valueRequired":true,"valueName":"search_term_string"}}],"inLanguage":"en-US"}]}},"coauthors":[],"author_meta":{"author_link":"https:\/\/aem.hr\/en\/blog\/author\/mkirac\/","display_name":"Matko Kirac"},"relative_dates":{"created":"Posted 2 years ago","modified":"Updated 2 years ago"},"absolute_dates":{"created":"Posted on 18. October 2023.","modified":"Updated on 18. October 2023."},"absolute_dates_time":{"created":"Posted on 18. October 2023. 13:39","modified":"Updated on 18. October 2023. 13:39"},"featured_img_caption":"","featured_img":false,"series_order":"","_links":{"self":[{"href":"https:\/\/aem.hr\/en\/wp-json\/wp\/v2\/pages\/17183","targetHints":{"allow":["GET"]}}],"collection":[{"href":"https:\/\/aem.hr\/en\/wp-json\/wp\/v2\/pages"}],"about":[{"href":"https:\/\/aem.hr\/en\/wp-json\/wp\/v2\/types\/page"}],"author":[{"embeddable":true,"href":"https:\/\/aem.hr\/en\/wp-json\/wp\/v2\/users\/18"}],"replies":[{"embeddable":true,"href":"https:\/\/aem.hr\/en\/wp-json\/wp\/v2\/comments?post=17183"}],"version-history":[{"count":2,"href":"https:\/\/aem.hr\/en\/wp-json\/wp\/v2\/pages\/17183\/revisions"}],"predecessor-version":[{"id":17198,"href":"https:\/\/aem.hr\/en\/wp-json\/wp\/v2\/pages\/17183\/revisions\/17198"}],"wp:attachment":[{"href":"https:\/\/aem.hr\/en\/wp-json\/wp\/v2\/media?parent=17183"}],"curies":[{"name":"wp","href":"https:\/\/api.w.org\/{rel}","templated":true}]}}