{"id":17201,"date":"2023-10-18T13:41:29","date_gmt":"2023-10-18T11:41:29","guid":{"rendered":"http:\/\/aem.hr\/?page_id=17201"},"modified":"2023-10-18T13:41:29","modified_gmt":"2023-10-18T11:41:29","slug":"ivan-mihaljevic-tajanstvena-hrvatska-serijal-o-manje-poznatoj-kulturnoj-bastini-hrvatske","status":"publish","type":"page","link":"https:\/\/aem.hr\/en\/ivan-mihaljevic-tajanstvena-hrvatska-serijal-o-manje-poznatoj-kulturnoj-bastini-hrvatske\/","title":{"rendered":"Ivan Mihaljevi\u0107 &#8211; &#8220;Tajanstvena Hrvatska&#8221; &#8211; serijal o manje poznatoj kulturnoj ba\u0161tini Hrvatske"},"content":{"rendered":"\n<div class=\"wp-block-file\"><a id=\"wp-block-file--media-8386061d-d7ff-4fa1-b43f-8672577d0bac\" href=\"https:\/\/aem.hr\/wp-content\/uploads\/2023\/10\/1.-Mauzolej-Ivana-Mestrovica.pdf\">1. Mauzolej Ivana Me\u0161trovi\u0107a<\/a><a href=\"https:\/\/aem.hr\/wp-content\/uploads\/2023\/10\/1.-Mauzolej-Ivana-Mestrovica.pdf\" class=\"wp-block-file__button wp-element-button\" download aria-describedby=\"wp-block-file--media-8386061d-d7ff-4fa1-b43f-8672577d0bac\">Preuzimanje<\/a><\/div>\n\n\n\n<div class=\"wp-block-file\"><a id=\"wp-block-file--media-b763b81f-0a96-47f2-99d7-e324c5bead2d\" href=\"https:\/\/aem.hr\/wp-content\/uploads\/2023\/10\/2.-Lokrum_-Misticna-povijest.pdf\">2. Lokrum_ Misti\u010dna povijest<\/a><a href=\"https:\/\/aem.hr\/wp-content\/uploads\/2023\/10\/2.-Lokrum_-Misticna-povijest.pdf\" class=\"wp-block-file__button wp-element-button\" download aria-describedby=\"wp-block-file--media-b763b81f-0a96-47f2-99d7-e324c5bead2d\">Preuzimanje<\/a><\/div>\n\n\n\n<div class=\"wp-block-file\"><a id=\"wp-block-file--media-4c67b293-1fd5-48d3-93e1-b20274f58dd7\" href=\"https:\/\/aem.hr\/wp-content\/uploads\/2023\/10\/3.-Ozalj_-Novootkrivena-ljepota.pdf\">3. Ozalj_ Novootkrivena ljepota<\/a><a href=\"https:\/\/aem.hr\/wp-content\/uploads\/2023\/10\/3.-Ozalj_-Novootkrivena-ljepota.pdf\" class=\"wp-block-file__button wp-element-button\" download aria-describedby=\"wp-block-file--media-4c67b293-1fd5-48d3-93e1-b20274f58dd7\">Preuzimanje<\/a><\/div>\n\n\n\n<div class=\"wp-block-file\"><a id=\"wp-block-file--media-6d0b6ba7-6d0d-4837-8a5a-d2b07f67a54a\" href=\"https:\/\/aem.hr\/wp-content\/uploads\/2023\/10\/4.-Zvjezdarnica-u-Visnjanu.pdf\">4. Zvjezdarnica u Vi\u0161njanu<\/a><a href=\"https:\/\/aem.hr\/wp-content\/uploads\/2023\/10\/4.-Zvjezdarnica-u-Visnjanu.pdf\" class=\"wp-block-file__button wp-element-button\" download aria-describedby=\"wp-block-file--media-6d0b6ba7-6d0d-4837-8a5a-d2b07f67a54a\">Preuzimanje<\/a><\/div>\n\n\n\n<div class=\"wp-block-file\"><a id=\"wp-block-file--media-5ef7fd64-b742-4221-9fe9-adb9d6b61294\" href=\"https:\/\/aem.hr\/wp-content\/uploads\/2023\/10\/5.-Tvrdava-Nehaj.pdf\">5. Tvr\u0111ava Nehaj<\/a><a href=\"https:\/\/aem.hr\/wp-content\/uploads\/2023\/10\/5.-Tvrdava-Nehaj.pdf\" class=\"wp-block-file__button wp-element-button\" download aria-describedby=\"wp-block-file--media-5ef7fd64-b742-4221-9fe9-adb9d6b61294\">Preuzimanje<\/a><\/div>\n\n\n\n<div class=\"wp-block-file\"><a id=\"wp-block-file--media-ec6c0818-f3c7-4764-95d5-2e635648b719\" href=\"https:\/\/aem.hr\/wp-content\/uploads\/2023\/10\/6.-Trogir-grad-muzej.pdf\">6. Trogir &#8211; grad muzej<\/a><a href=\"https:\/\/aem.hr\/wp-content\/uploads\/2023\/10\/6.-Trogir-grad-muzej.pdf\" class=\"wp-block-file__button wp-element-button\" download aria-describedby=\"wp-block-file--media-ec6c0818-f3c7-4764-95d5-2e635648b719\">Preuzimanje<\/a><\/div>\n\n\n\n<div class=\"wp-block-file\"><a id=\"wp-block-file--media-dc86dec2-d284-48a7-bfe1-33244b8f64fe\" href=\"https:\/\/aem.hr\/wp-content\/uploads\/2023\/10\/7.-Duboka-povezanost-Drnisana-i-Sv.Roka_.pdf\">7. Duboka povezanost Drni\u0161ana i Sv.Roka<\/a><a href=\"https:\/\/aem.hr\/wp-content\/uploads\/2023\/10\/7.-Duboka-povezanost-Drnisana-i-Sv.Roka_.pdf\" class=\"wp-block-file__button wp-element-button\" download aria-describedby=\"wp-block-file--media-dc86dec2-d284-48a7-bfe1-33244b8f64fe\">Preuzimanje<\/a><\/div>\n\n\n\n<div class=\"wp-block-file\"><a id=\"wp-block-file--media-9b729cbc-549b-4c33-926f-48fba565423f\" href=\"https:\/\/aem.hr\/wp-content\/uploads\/2023\/10\/8.-Visovac-oaza-mira-i-duhovnosti.pdf\">8. Visovac &#8211; oaza mira i duhovnosti<\/a><a href=\"https:\/\/aem.hr\/wp-content\/uploads\/2023\/10\/8.-Visovac-oaza-mira-i-duhovnosti.pdf\" class=\"wp-block-file__button wp-element-button\" download aria-describedby=\"wp-block-file--media-9b729cbc-549b-4c33-926f-48fba565423f\">Preuzimanje<\/a><\/div>\n","protected":false},"excerpt":{"rendered":"","protected":false},"author":18,"featured_media":0,"parent":0,"menu_order":0,"comment_status":"closed","ping_status":"closed","template":"","meta":{"_acf_changed":false,"inline_featured_image":false,"advgb_blocks_editor_width":"","advgb_blocks_columns_visual_guide":"","_links_to":"","_links_to_type":0,"footnotes":""},"class_list":["post-17201","page","type-page","status-publish","hentry"],"acf":[],"yoast_head":"<!-- This site is optimized with the Yoast SEO plugin v25.7 - https:\/\/yoast.com\/wordpress\/plugins\/seo\/ -->\n<title>Ivan Mihaljevi\u0107 - &quot;Tajanstvena Hrvatska&quot; - serijal o manje poznatoj kulturnoj ba\u0161tini Hrvatske - Agencija za elektroni\u010dke medije<\/title>\n<meta name=\"robots\" content=\"index, follow, max-snippet:-1, max-image-preview:large, max-video-preview:-1\" \/>\n<link rel=\"canonical\" href=\"https:\/\/aem.hr\/ivan-mihaljevic-tajanstvena-hrvatska-serijal-o-manje-poznatoj-kulturnoj-bastini-hrvatske\/\" \/>\n<meta property=\"og:locale\" content=\"en_US\" \/>\n<meta property=\"og:type\" content=\"article\" \/>\n<meta property=\"og:title\" content=\"Ivan Mihaljevi\u0107 - &quot;Tajanstvena Hrvatska&quot; - serijal o manje poznatoj kulturnoj ba\u0161tini Hrvatske - Agencija za elektroni\u010dke medije\" \/>\n<meta property=\"og:url\" content=\"https:\/\/aem.hr\/ivan-mihaljevic-tajanstvena-hrvatska-serijal-o-manje-poznatoj-kulturnoj-bastini-hrvatske\/\" \/>\n<meta property=\"og:site_name\" content=\"Agencija za elektroni\u010dke medije\" \/>\n<meta name=\"twitter:card\" content=\"summary_large_image\" \/>\n<meta name=\"twitter:label1\" content=\"Est. reading time\" \/>\n\t<meta name=\"twitter:data1\" content=\"1 minute\" \/>\n<script type=\"application\/ld+json\" class=\"yoast-schema-graph\">{\"@context\":\"https:\/\/schema.org\",\"@graph\":[{\"@type\":\"WebPage\",\"@id\":\"https:\/\/aem.hr\/ivan-mihaljevic-tajanstvena-hrvatska-serijal-o-manje-poznatoj-kulturnoj-bastini-hrvatske\/\",\"url\":\"https:\/\/aem.hr\/ivan-mihaljevic-tajanstvena-hrvatska-serijal-o-manje-poznatoj-kulturnoj-bastini-hrvatske\/\",\"name\":\"Ivan Mihaljevi\u0107 - \\\"Tajanstvena Hrvatska\\\" - serijal o manje poznatoj kulturnoj ba\u0161tini Hrvatske - Agencija za elektroni\u010dke medije\",\"isPartOf\":{\"@id\":\"https:\/\/aem.hr\/#website\"},\"datePublished\":\"2023-10-18T11:41:29+00:00\",\"breadcrumb\":{\"@id\":\"https:\/\/aem.hr\/ivan-mihaljevic-tajanstvena-hrvatska-serijal-o-manje-poznatoj-kulturnoj-bastini-hrvatske\/#breadcrumb\"},\"inLanguage\":\"en-US\",\"potentialAction\":[{\"@type\":\"ReadAction\",\"target\":[\"https:\/\/aem.hr\/ivan-mihaljevic-tajanstvena-hrvatska-serijal-o-manje-poznatoj-kulturnoj-bastini-hrvatske\/\"]}]},{\"@type\":\"BreadcrumbList\",\"@id\":\"https:\/\/aem.hr\/ivan-mihaljevic-tajanstvena-hrvatska-serijal-o-manje-poznatoj-kulturnoj-bastini-hrvatske\/#breadcrumb\",\"itemListElement\":[{\"@type\":\"ListItem\",\"position\":1,\"name\":\"Po\u010detna stranica\",\"item\":\"https:\/\/aem.hr\/\"},{\"@type\":\"ListItem\",\"position\":2,\"name\":\"Ivan Mihaljevi\u0107 &#8211; &#8220;Tajanstvena Hrvatska&#8221; &#8211; serijal o manje poznatoj kulturnoj ba\u0161tini Hrvatske\"}]},{\"@type\":\"WebSite\",\"@id\":\"https:\/\/aem.hr\/#website\",\"url\":\"https:\/\/aem.hr\/\",\"name\":\"Agencija za elektroni\u010dke medije\",\"description\":\"\",\"potentialAction\":[{\"@type\":\"SearchAction\",\"target\":{\"@type\":\"EntryPoint\",\"urlTemplate\":\"https:\/\/aem.hr\/?s={search_term_string}\"},\"query-input\":{\"@type\":\"PropertyValueSpecification\",\"valueRequired\":true,\"valueName\":\"search_term_string\"}}],\"inLanguage\":\"en-US\"}]}<\/script>\n<!-- \/ Yoast SEO plugin. -->","yoast_head_json":{"title":"Ivan Mihaljevi\u0107 - \"Tajanstvena Hrvatska\" - serijal o manje poznatoj kulturnoj ba\u0161tini Hrvatske - Agencija za elektroni\u010dke medije","robots":{"index":"index","follow":"follow","max-snippet":"max-snippet:-1","max-image-preview":"max-image-preview:large","max-video-preview":"max-video-preview:-1"},"canonical":"https:\/\/aem.hr\/ivan-mihaljevic-tajanstvena-hrvatska-serijal-o-manje-poznatoj-kulturnoj-bastini-hrvatske\/","og_locale":"en_US","og_type":"article","og_title":"Ivan Mihaljevi\u0107 - \"Tajanstvena Hrvatska\" - serijal o manje poznatoj kulturnoj ba\u0161tini Hrvatske - Agencija za elektroni\u010dke medije","og_url":"https:\/\/aem.hr\/ivan-mihaljevic-tajanstvena-hrvatska-serijal-o-manje-poznatoj-kulturnoj-bastini-hrvatske\/","og_site_name":"Agencija za elektroni\u010dke medije","twitter_card":"summary_large_image","twitter_misc":{"Est. reading time":"1 minute"},"schema":{"@context":"https:\/\/schema.org","@graph":[{"@type":"WebPage","@id":"https:\/\/aem.hr\/ivan-mihaljevic-tajanstvena-hrvatska-serijal-o-manje-poznatoj-kulturnoj-bastini-hrvatske\/","url":"https:\/\/aem.hr\/ivan-mihaljevic-tajanstvena-hrvatska-serijal-o-manje-poznatoj-kulturnoj-bastini-hrvatske\/","name":"Ivan Mihaljevi\u0107 - \"Tajanstvena Hrvatska\" - serijal o manje poznatoj kulturnoj ba\u0161tini Hrvatske - Agencija za elektroni\u010dke medije","isPartOf":{"@id":"https:\/\/aem.hr\/#website"},"datePublished":"2023-10-18T11:41:29+00:00","breadcrumb":{"@id":"https:\/\/aem.hr\/ivan-mihaljevic-tajanstvena-hrvatska-serijal-o-manje-poznatoj-kulturnoj-bastini-hrvatske\/#breadcrumb"},"inLanguage":"en-US","potentialAction":[{"@type":"ReadAction","target":["https:\/\/aem.hr\/ivan-mihaljevic-tajanstvena-hrvatska-serijal-o-manje-poznatoj-kulturnoj-bastini-hrvatske\/"]}]},{"@type":"BreadcrumbList","@id":"https:\/\/aem.hr\/ivan-mihaljevic-tajanstvena-hrvatska-serijal-o-manje-poznatoj-kulturnoj-bastini-hrvatske\/#breadcrumb","itemListElement":[{"@type":"ListItem","position":1,"name":"Po\u010detna stranica","item":"https:\/\/aem.hr\/"},{"@type":"ListItem","position":2,"name":"Ivan Mihaljevi\u0107 &#8211; &#8220;Tajanstvena Hrvatska&#8221; &#8211; serijal o manje poznatoj kulturnoj ba\u0161tini Hrvatske"}]},{"@type":"WebSite","@id":"https:\/\/aem.hr\/#website","url":"https:\/\/aem.hr\/","name":"Agencija za elektroni\u010dke medije","description":"","potentialAction":[{"@type":"SearchAction","target":{"@type":"EntryPoint","urlTemplate":"https:\/\/aem.hr\/?s={search_term_string}"},"query-input":{"@type":"PropertyValueSpecification","valueRequired":true,"valueName":"search_term_string"}}],"inLanguage":"en-US"}]}},"coauthors":[],"author_meta":{"author_link":"https:\/\/aem.hr\/en\/blog\/author\/mkirac\/","display_name":"Matko Kirac"},"relative_dates":{"created":"Posted 2 years ago","modified":"Updated 2 years ago"},"absolute_dates":{"created":"Posted on 18. October 2023.","modified":"Updated on 18. October 2023."},"absolute_dates_time":{"created":"Posted on 18. October 2023. 13:41","modified":"Updated on 18. October 2023. 13:41"},"featured_img_caption":"","featured_img":false,"series_order":"","_links":{"self":[{"href":"https:\/\/aem.hr\/en\/wp-json\/wp\/v2\/pages\/17201","targetHints":{"allow":["GET"]}}],"collection":[{"href":"https:\/\/aem.hr\/en\/wp-json\/wp\/v2\/pages"}],"about":[{"href":"https:\/\/aem.hr\/en\/wp-json\/wp\/v2\/types\/page"}],"author":[{"embeddable":true,"href":"https:\/\/aem.hr\/en\/wp-json\/wp\/v2\/users\/18"}],"replies":[{"embeddable":true,"href":"https:\/\/aem.hr\/en\/wp-json\/wp\/v2\/comments?post=17201"}],"version-history":[{"count":1,"href":"https:\/\/aem.hr\/en\/wp-json\/wp\/v2\/pages\/17201\/revisions"}],"predecessor-version":[{"id":17218,"href":"https:\/\/aem.hr\/en\/wp-json\/wp\/v2\/pages\/17201\/revisions\/17218"}],"wp:attachment":[{"href":"https:\/\/aem.hr\/en\/wp-json\/wp\/v2\/media?parent=17201"}],"curies":[{"name":"wp","href":"https:\/\/api.w.org\/{rel}","templated":true}]}}