{"id":17261,"date":"2023-10-23T12:04:32","date_gmt":"2023-10-23T10:04:32","guid":{"rendered":"http:\/\/aem.hr\/?page_id=17261"},"modified":"2023-10-23T12:04:32","modified_gmt":"2023-10-23T10:04:32","slug":"damir-kramaric-kako-spasiti-ono-malo-preostalog-novinarstva-u-hrvatskoj","status":"publish","type":"page","link":"https:\/\/aem.hr\/en\/damir-kramaric-kako-spasiti-ono-malo-preostalog-novinarstva-u-hrvatskoj\/","title":{"rendered":"Damir Kramari\u0107 &#8211; Kako spasiti ono malo preostalog novinarstva u Hrvatskoj?"},"content":{"rendered":"\n<div class=\"wp-block-file\"><a id=\"wp-block-file--media-af557b52-e670-42a3-b4d7-85ada0669f5c\" href=\"https:\/\/aem.hr\/wp-content\/uploads\/2023\/10\/1.-Tjerali-su-me-da-lazem-protiv-Mavrovica.pdf\">1. Tjerali su me da la\u017eem protiv Mavrovi\u0107a<\/a><a href=\"https:\/\/aem.hr\/wp-content\/uploads\/2023\/10\/1.-Tjerali-su-me-da-lazem-protiv-Mavrovica.pdf\" class=\"wp-block-file__button wp-element-button\" download aria-describedby=\"wp-block-file--media-af557b52-e670-42a3-b4d7-85ada0669f5c\">Preuzimanje<\/a><\/div>\n\n\n\n<div class=\"wp-block-file\"><a id=\"wp-block-file--media-a59a6159-14dd-4c3d-a930-e4808f6fc78d\" href=\"https:\/\/aem.hr\/wp-content\/uploads\/2023\/10\/2.-U-reziji-Mamica-i-Pavica.pdf\">2. U re\u017eiji Mami\u0107a i Pavi\u0107a<\/a><a href=\"https:\/\/aem.hr\/wp-content\/uploads\/2023\/10\/2.-U-reziji-Mamica-i-Pavica.pdf\" class=\"wp-block-file__button wp-element-button\" download aria-describedby=\"wp-block-file--media-a59a6159-14dd-4c3d-a930-e4808f6fc78d\">Preuzimanje<\/a><\/div>\n\n\n\n<div class=\"wp-block-file\"><a id=\"wp-block-file--media-952d1612-8fdd-4b79-94bb-2ff73b667bf6\" href=\"https:\/\/aem.hr\/wp-content\/uploads\/2023\/10\/3.-Umjesto-legalizacije-cenzure.pdf\">3. Umjesto legalizacije cenzure<\/a><a href=\"https:\/\/aem.hr\/wp-content\/uploads\/2023\/10\/3.-Umjesto-legalizacije-cenzure.pdf\" class=\"wp-block-file__button wp-element-button\" download aria-describedby=\"wp-block-file--media-952d1612-8fdd-4b79-94bb-2ff73b667bf6\">Preuzimanje<\/a><\/div>\n\n\n\n<div class=\"wp-block-file\"><a id=\"wp-block-file--media-1f41b04b-2dc2-4377-94d0-862cfde7e2bb\" href=\"https:\/\/aem.hr\/wp-content\/uploads\/2023\/10\/4.-Zbog-korumpiranih-medija.pdf\">4. Zbog korumpiranih medija<\/a><a href=\"https:\/\/aem.hr\/wp-content\/uploads\/2023\/10\/4.-Zbog-korumpiranih-medija.pdf\" class=\"wp-block-file__button wp-element-button\" download aria-describedby=\"wp-block-file--media-1f41b04b-2dc2-4377-94d0-862cfde7e2bb\">Preuzimanje<\/a><\/div>\n","protected":false},"excerpt":{"rendered":"","protected":false},"author":18,"featured_media":0,"parent":0,"menu_order":0,"comment_status":"closed","ping_status":"closed","template":"","meta":{"_acf_changed":false,"inline_featured_image":false,"advgb_blocks_editor_width":"","advgb_blocks_columns_visual_guide":"","_links_to":"","_links_to_type":0,"footnotes":""},"class_list":["post-17261","page","type-page","status-publish","hentry"],"acf":[],"yoast_head":"<!-- This site is optimized with the Yoast SEO plugin v25.7 - https:\/\/yoast.com\/wordpress\/plugins\/seo\/ -->\n<title>Damir Kramari\u0107 - Kako spasiti ono malo preostalog novinarstva u Hrvatskoj? - Agencija za elektroni\u010dke medije<\/title>\n<meta name=\"robots\" content=\"index, follow, max-snippet:-1, max-image-preview:large, max-video-preview:-1\" \/>\n<link rel=\"canonical\" href=\"https:\/\/aem.hr\/damir-kramaric-kako-spasiti-ono-malo-preostalog-novinarstva-u-hrvatskoj\/\" \/>\n<meta property=\"og:locale\" content=\"en_US\" \/>\n<meta property=\"og:type\" content=\"article\" \/>\n<meta property=\"og:title\" content=\"Damir Kramari\u0107 - Kako spasiti ono malo preostalog novinarstva u Hrvatskoj? - Agencija za elektroni\u010dke medije\" \/>\n<meta property=\"og:url\" content=\"https:\/\/aem.hr\/damir-kramaric-kako-spasiti-ono-malo-preostalog-novinarstva-u-hrvatskoj\/\" \/>\n<meta property=\"og:site_name\" content=\"Agencija za elektroni\u010dke medije\" \/>\n<meta name=\"twitter:card\" content=\"summary_large_image\" \/>\n<meta name=\"twitter:label1\" content=\"Est. reading time\" \/>\n\t<meta name=\"twitter:data1\" content=\"1 minute\" \/>\n<script type=\"application\/ld+json\" class=\"yoast-schema-graph\">{\"@context\":\"https:\/\/schema.org\",\"@graph\":[{\"@type\":\"WebPage\",\"@id\":\"https:\/\/aem.hr\/damir-kramaric-kako-spasiti-ono-malo-preostalog-novinarstva-u-hrvatskoj\/\",\"url\":\"https:\/\/aem.hr\/damir-kramaric-kako-spasiti-ono-malo-preostalog-novinarstva-u-hrvatskoj\/\",\"name\":\"Damir Kramari\u0107 - Kako spasiti ono malo preostalog novinarstva u Hrvatskoj? - Agencija za elektroni\u010dke medije\",\"isPartOf\":{\"@id\":\"https:\/\/aem.hr\/#website\"},\"datePublished\":\"2023-10-23T10:04:32+00:00\",\"breadcrumb\":{\"@id\":\"https:\/\/aem.hr\/damir-kramaric-kako-spasiti-ono-malo-preostalog-novinarstva-u-hrvatskoj\/#breadcrumb\"},\"inLanguage\":\"en-US\",\"potentialAction\":[{\"@type\":\"ReadAction\",\"target\":[\"https:\/\/aem.hr\/damir-kramaric-kako-spasiti-ono-malo-preostalog-novinarstva-u-hrvatskoj\/\"]}]},{\"@type\":\"BreadcrumbList\",\"@id\":\"https:\/\/aem.hr\/damir-kramaric-kako-spasiti-ono-malo-preostalog-novinarstva-u-hrvatskoj\/#breadcrumb\",\"itemListElement\":[{\"@type\":\"ListItem\",\"position\":1,\"name\":\"Po\u010detna stranica\",\"item\":\"https:\/\/aem.hr\/\"},{\"@type\":\"ListItem\",\"position\":2,\"name\":\"Damir Kramari\u0107 &#8211; Kako spasiti ono malo preostalog novinarstva u Hrvatskoj?\"}]},{\"@type\":\"WebSite\",\"@id\":\"https:\/\/aem.hr\/#website\",\"url\":\"https:\/\/aem.hr\/\",\"name\":\"Agencija za elektroni\u010dke medije\",\"description\":\"\",\"potentialAction\":[{\"@type\":\"SearchAction\",\"target\":{\"@type\":\"EntryPoint\",\"urlTemplate\":\"https:\/\/aem.hr\/?s={search_term_string}\"},\"query-input\":{\"@type\":\"PropertyValueSpecification\",\"valueRequired\":true,\"valueName\":\"search_term_string\"}}],\"inLanguage\":\"en-US\"}]}<\/script>\n<!-- \/ Yoast SEO plugin. -->","yoast_head_json":{"title":"Damir Kramari\u0107 - Kako spasiti ono malo preostalog novinarstva u Hrvatskoj? - Agencija za elektroni\u010dke medije","robots":{"index":"index","follow":"follow","max-snippet":"max-snippet:-1","max-image-preview":"max-image-preview:large","max-video-preview":"max-video-preview:-1"},"canonical":"https:\/\/aem.hr\/damir-kramaric-kako-spasiti-ono-malo-preostalog-novinarstva-u-hrvatskoj\/","og_locale":"en_US","og_type":"article","og_title":"Damir Kramari\u0107 - Kako spasiti ono malo preostalog novinarstva u Hrvatskoj? - Agencija za elektroni\u010dke medije","og_url":"https:\/\/aem.hr\/damir-kramaric-kako-spasiti-ono-malo-preostalog-novinarstva-u-hrvatskoj\/","og_site_name":"Agencija za elektroni\u010dke medije","twitter_card":"summary_large_image","twitter_misc":{"Est. reading time":"1 minute"},"schema":{"@context":"https:\/\/schema.org","@graph":[{"@type":"WebPage","@id":"https:\/\/aem.hr\/damir-kramaric-kako-spasiti-ono-malo-preostalog-novinarstva-u-hrvatskoj\/","url":"https:\/\/aem.hr\/damir-kramaric-kako-spasiti-ono-malo-preostalog-novinarstva-u-hrvatskoj\/","name":"Damir Kramari\u0107 - Kako spasiti ono malo preostalog novinarstva u Hrvatskoj? - Agencija za elektroni\u010dke medije","isPartOf":{"@id":"https:\/\/aem.hr\/#website"},"datePublished":"2023-10-23T10:04:32+00:00","breadcrumb":{"@id":"https:\/\/aem.hr\/damir-kramaric-kako-spasiti-ono-malo-preostalog-novinarstva-u-hrvatskoj\/#breadcrumb"},"inLanguage":"en-US","potentialAction":[{"@type":"ReadAction","target":["https:\/\/aem.hr\/damir-kramaric-kako-spasiti-ono-malo-preostalog-novinarstva-u-hrvatskoj\/"]}]},{"@type":"BreadcrumbList","@id":"https:\/\/aem.hr\/damir-kramaric-kako-spasiti-ono-malo-preostalog-novinarstva-u-hrvatskoj\/#breadcrumb","itemListElement":[{"@type":"ListItem","position":1,"name":"Po\u010detna stranica","item":"https:\/\/aem.hr\/"},{"@type":"ListItem","position":2,"name":"Damir Kramari\u0107 &#8211; Kako spasiti ono malo preostalog novinarstva u Hrvatskoj?"}]},{"@type":"WebSite","@id":"https:\/\/aem.hr\/#website","url":"https:\/\/aem.hr\/","name":"Agencija za elektroni\u010dke medije","description":"","potentialAction":[{"@type":"SearchAction","target":{"@type":"EntryPoint","urlTemplate":"https:\/\/aem.hr\/?s={search_term_string}"},"query-input":{"@type":"PropertyValueSpecification","valueRequired":true,"valueName":"search_term_string"}}],"inLanguage":"en-US"}]}},"coauthors":[],"author_meta":{"author_link":"https:\/\/aem.hr\/en\/blog\/author\/mkirac\/","display_name":"Matko Kirac"},"relative_dates":{"created":"Posted 2 years ago","modified":"Updated 2 years ago"},"absolute_dates":{"created":"Posted on 23. October 2023.","modified":"Updated on 23. October 2023."},"absolute_dates_time":{"created":"Posted on 23. October 2023. 12:04","modified":"Updated on 23. October 2023. 12:04"},"featured_img_caption":"","featured_img":false,"series_order":"","_links":{"self":[{"href":"https:\/\/aem.hr\/en\/wp-json\/wp\/v2\/pages\/17261","targetHints":{"allow":["GET"]}}],"collection":[{"href":"https:\/\/aem.hr\/en\/wp-json\/wp\/v2\/pages"}],"about":[{"href":"https:\/\/aem.hr\/en\/wp-json\/wp\/v2\/types\/page"}],"author":[{"embeddable":true,"href":"https:\/\/aem.hr\/en\/wp-json\/wp\/v2\/users\/18"}],"replies":[{"embeddable":true,"href":"https:\/\/aem.hr\/en\/wp-json\/wp\/v2\/comments?post=17261"}],"version-history":[{"count":1,"href":"https:\/\/aem.hr\/en\/wp-json\/wp\/v2\/pages\/17261\/revisions"}],"predecessor-version":[{"id":17271,"href":"https:\/\/aem.hr\/en\/wp-json\/wp\/v2\/pages\/17261\/revisions\/17271"}],"wp:attachment":[{"href":"https:\/\/aem.hr\/en\/wp-json\/wp\/v2\/media?parent=17261"}],"curies":[{"name":"wp","href":"https:\/\/api.w.org\/{rel}","templated":true}]}}