{"id":17275,"date":"2023-10-23T12:36:34","date_gmt":"2023-10-23T10:36:34","guid":{"rendered":"http:\/\/aem.hr\/?page_id=17275"},"modified":"2023-10-23T12:36:35","modified_gmt":"2023-10-23T10:36:35","slug":"marko-paradzik-uspjesni-hrvatski-branitelji-u-poduzetnistvu-i-neprofitnim-organizacijama","status":"publish","type":"page","link":"https:\/\/aem.hr\/en\/marko-paradzik-uspjesni-hrvatski-branitelji-u-poduzetnistvu-i-neprofitnim-organizacijama\/","title":{"rendered":"Marko Parad\u017eik &#8211; Uspje\u0161ni hrvatski branitelji u poduzetni\u0161tvu i neprofitnim organizacijama"},"content":{"rendered":"\n<div class=\"wp-block-file\"><a id=\"wp-block-file--media-4335b5f1-b4c1-4229-b652-2b42055da617\" href=\"https:\/\/aem.hr\/wp-content\/uploads\/2023\/10\/1.-Umirovljeni-hrvatski-general.pdf\">1. Umirovljeni hrvatski general<\/a><a href=\"https:\/\/aem.hr\/wp-content\/uploads\/2023\/10\/1.-Umirovljeni-hrvatski-general.pdf\" class=\"wp-block-file__button wp-element-button\" download aria-describedby=\"wp-block-file--media-4335b5f1-b4c1-4229-b652-2b42055da617\">Preuzimanje<\/a><\/div>\n\n\n\n<div class=\"wp-block-file\"><a id=\"wp-block-file--media-f734703c-3763-4363-9786-fc903cf7275f\" href=\"https:\/\/aem.hr\/wp-content\/uploads\/2023\/10\/2.-Resocijalizacija-branitelja.pdf\">2. Resocijalizacija branitelja<\/a><a href=\"https:\/\/aem.hr\/wp-content\/uploads\/2023\/10\/2.-Resocijalizacija-branitelja.pdf\" class=\"wp-block-file__button wp-element-button\" download aria-describedby=\"wp-block-file--media-f734703c-3763-4363-9786-fc903cf7275f\">Preuzimanje<\/a><\/div>\n\n\n\n<div class=\"wp-block-file\"><a id=\"wp-block-file--media-fdd01013-17b4-424c-b3d4-759477ba2b93\" href=\"https:\/\/aem.hr\/wp-content\/uploads\/2023\/10\/3.-Pravni-aspekti-braniteljskih-udruga.pdf\">3. Pravni aspekti braniteljskih udruga<\/a><a href=\"https:\/\/aem.hr\/wp-content\/uploads\/2023\/10\/3.-Pravni-aspekti-braniteljskih-udruga.pdf\" class=\"wp-block-file__button wp-element-button\" download aria-describedby=\"wp-block-file--media-fdd01013-17b4-424c-b3d4-759477ba2b93\">Preuzimanje<\/a><\/div>\n\n\n\n<div class=\"wp-block-file\"><a id=\"wp-block-file--media-e46c439a-be45-439f-8131-e9130807d424\" href=\"https:\/\/aem.hr\/wp-content\/uploads\/2023\/10\/4.-Dostupnost-izvora-EU-i-drzavnog-financiranja.pdf\">4. Dostupnost izvora EU i drzavnog financiranja<\/a><a href=\"https:\/\/aem.hr\/wp-content\/uploads\/2023\/10\/4.-Dostupnost-izvora-EU-i-drzavnog-financiranja.pdf\" class=\"wp-block-file__button wp-element-button\" download aria-describedby=\"wp-block-file--media-e46c439a-be45-439f-8131-e9130807d424\">Preuzimanje<\/a><\/div>\n\n\n\n<div class=\"wp-block-file\"><a id=\"wp-block-file--media-d7db8edd-81fd-4a64-8771-082b6534c219\" href=\"https:\/\/aem.hr\/wp-content\/uploads\/2023\/10\/5.-Dostupni-izvori-EU-i-drzavnih-potpora.pdf\">5. Dostupni izvori EU i drzavnih potpora<\/a><a href=\"https:\/\/aem.hr\/wp-content\/uploads\/2023\/10\/5.-Dostupni-izvori-EU-i-drzavnih-potpora.pdf\" class=\"wp-block-file__button wp-element-button\" download aria-describedby=\"wp-block-file--media-d7db8edd-81fd-4a64-8771-082b6534c219\">Preuzimanje<\/a><\/div>\n\n\n\n<div class=\"wp-block-file\"><a id=\"wp-block-file--media-53dbe0c9-4add-47c2-a2f3-3102ae29ce54\" href=\"https:\/\/aem.hr\/wp-content\/uploads\/2023\/10\/6.-Pregled-uspjesnih-braniteljskih-udruga.pdf\">6. Pregled uspjesnih braniteljskih udruga<\/a><a href=\"https:\/\/aem.hr\/wp-content\/uploads\/2023\/10\/6.-Pregled-uspjesnih-braniteljskih-udruga.pdf\" class=\"wp-block-file__button wp-element-button\" download aria-describedby=\"wp-block-file--media-53dbe0c9-4add-47c2-a2f3-3102ae29ce54\">Preuzimanje<\/a><\/div>\n","protected":false},"excerpt":{"rendered":"","protected":false},"author":18,"featured_media":0,"parent":0,"menu_order":0,"comment_status":"closed","ping_status":"closed","template":"","meta":{"_acf_changed":false,"inline_featured_image":false,"advgb_blocks_editor_width":"","advgb_blocks_columns_visual_guide":"","_links_to":"","_links_to_type":0,"footnotes":""},"class_list":["post-17275","page","type-page","status-publish","hentry"],"acf":[],"yoast_head":"<!-- This site is optimized with the Yoast SEO plugin v25.7 - https:\/\/yoast.com\/wordpress\/plugins\/seo\/ -->\n<title>Marko Parad\u017eik - Uspje\u0161ni hrvatski branitelji u poduzetni\u0161tvu i neprofitnim organizacijama - Agencija za elektroni\u010dke medije<\/title>\n<meta name=\"robots\" content=\"index, follow, max-snippet:-1, max-image-preview:large, max-video-preview:-1\" \/>\n<link rel=\"canonical\" href=\"https:\/\/aem.hr\/marko-paradzik-uspjesni-hrvatski-branitelji-u-poduzetnistvu-i-neprofitnim-organizacijama\/\" \/>\n<meta property=\"og:locale\" content=\"en_US\" \/>\n<meta property=\"og:type\" content=\"article\" \/>\n<meta property=\"og:title\" content=\"Marko Parad\u017eik - Uspje\u0161ni hrvatski branitelji u poduzetni\u0161tvu i neprofitnim organizacijama - Agencija za elektroni\u010dke medije\" \/>\n<meta property=\"og:url\" content=\"https:\/\/aem.hr\/marko-paradzik-uspjesni-hrvatski-branitelji-u-poduzetnistvu-i-neprofitnim-organizacijama\/\" \/>\n<meta property=\"og:site_name\" content=\"Agencija za elektroni\u010dke medije\" \/>\n<meta property=\"article:modified_time\" content=\"2023-10-23T10:36:35+00:00\" \/>\n<meta name=\"twitter:card\" content=\"summary_large_image\" \/>\n<meta name=\"twitter:label1\" content=\"Est. reading time\" \/>\n\t<meta name=\"twitter:data1\" content=\"1 minute\" \/>\n<script type=\"application\/ld+json\" class=\"yoast-schema-graph\">{\"@context\":\"https:\/\/schema.org\",\"@graph\":[{\"@type\":\"WebPage\",\"@id\":\"https:\/\/aem.hr\/marko-paradzik-uspjesni-hrvatski-branitelji-u-poduzetnistvu-i-neprofitnim-organizacijama\/\",\"url\":\"https:\/\/aem.hr\/marko-paradzik-uspjesni-hrvatski-branitelji-u-poduzetnistvu-i-neprofitnim-organizacijama\/\",\"name\":\"Marko Parad\u017eik - Uspje\u0161ni hrvatski branitelji u poduzetni\u0161tvu i neprofitnim organizacijama - Agencija za elektroni\u010dke medije\",\"isPartOf\":{\"@id\":\"https:\/\/aem.hr\/#website\"},\"datePublished\":\"2023-10-23T10:36:34+00:00\",\"dateModified\":\"2023-10-23T10:36:35+00:00\",\"breadcrumb\":{\"@id\":\"https:\/\/aem.hr\/marko-paradzik-uspjesni-hrvatski-branitelji-u-poduzetnistvu-i-neprofitnim-organizacijama\/#breadcrumb\"},\"inLanguage\":\"en-US\",\"potentialAction\":[{\"@type\":\"ReadAction\",\"target\":[\"https:\/\/aem.hr\/marko-paradzik-uspjesni-hrvatski-branitelji-u-poduzetnistvu-i-neprofitnim-organizacijama\/\"]}]},{\"@type\":\"BreadcrumbList\",\"@id\":\"https:\/\/aem.hr\/marko-paradzik-uspjesni-hrvatski-branitelji-u-poduzetnistvu-i-neprofitnim-organizacijama\/#breadcrumb\",\"itemListElement\":[{\"@type\":\"ListItem\",\"position\":1,\"name\":\"Po\u010detna stranica\",\"item\":\"https:\/\/aem.hr\/\"},{\"@type\":\"ListItem\",\"position\":2,\"name\":\"Marko Parad\u017eik &#8211; Uspje\u0161ni hrvatski branitelji u poduzetni\u0161tvu i neprofitnim organizacijama\"}]},{\"@type\":\"WebSite\",\"@id\":\"https:\/\/aem.hr\/#website\",\"url\":\"https:\/\/aem.hr\/\",\"name\":\"Agencija za elektroni\u010dke medije\",\"description\":\"\",\"potentialAction\":[{\"@type\":\"SearchAction\",\"target\":{\"@type\":\"EntryPoint\",\"urlTemplate\":\"https:\/\/aem.hr\/?s={search_term_string}\"},\"query-input\":{\"@type\":\"PropertyValueSpecification\",\"valueRequired\":true,\"valueName\":\"search_term_string\"}}],\"inLanguage\":\"en-US\"}]}<\/script>\n<!-- \/ Yoast SEO plugin. -->","yoast_head_json":{"title":"Marko Parad\u017eik - Uspje\u0161ni hrvatski branitelji u poduzetni\u0161tvu i neprofitnim organizacijama - Agencija za elektroni\u010dke medije","robots":{"index":"index","follow":"follow","max-snippet":"max-snippet:-1","max-image-preview":"max-image-preview:large","max-video-preview":"max-video-preview:-1"},"canonical":"https:\/\/aem.hr\/marko-paradzik-uspjesni-hrvatski-branitelji-u-poduzetnistvu-i-neprofitnim-organizacijama\/","og_locale":"en_US","og_type":"article","og_title":"Marko Parad\u017eik - Uspje\u0161ni hrvatski branitelji u poduzetni\u0161tvu i neprofitnim organizacijama - Agencija za elektroni\u010dke medije","og_url":"https:\/\/aem.hr\/marko-paradzik-uspjesni-hrvatski-branitelji-u-poduzetnistvu-i-neprofitnim-organizacijama\/","og_site_name":"Agencija za elektroni\u010dke medije","article_modified_time":"2023-10-23T10:36:35+00:00","twitter_card":"summary_large_image","twitter_misc":{"Est. reading time":"1 minute"},"schema":{"@context":"https:\/\/schema.org","@graph":[{"@type":"WebPage","@id":"https:\/\/aem.hr\/marko-paradzik-uspjesni-hrvatski-branitelji-u-poduzetnistvu-i-neprofitnim-organizacijama\/","url":"https:\/\/aem.hr\/marko-paradzik-uspjesni-hrvatski-branitelji-u-poduzetnistvu-i-neprofitnim-organizacijama\/","name":"Marko Parad\u017eik - Uspje\u0161ni hrvatski branitelji u poduzetni\u0161tvu i neprofitnim organizacijama - Agencija za elektroni\u010dke medije","isPartOf":{"@id":"https:\/\/aem.hr\/#website"},"datePublished":"2023-10-23T10:36:34+00:00","dateModified":"2023-10-23T10:36:35+00:00","breadcrumb":{"@id":"https:\/\/aem.hr\/marko-paradzik-uspjesni-hrvatski-branitelji-u-poduzetnistvu-i-neprofitnim-organizacijama\/#breadcrumb"},"inLanguage":"en-US","potentialAction":[{"@type":"ReadAction","target":["https:\/\/aem.hr\/marko-paradzik-uspjesni-hrvatski-branitelji-u-poduzetnistvu-i-neprofitnim-organizacijama\/"]}]},{"@type":"BreadcrumbList","@id":"https:\/\/aem.hr\/marko-paradzik-uspjesni-hrvatski-branitelji-u-poduzetnistvu-i-neprofitnim-organizacijama\/#breadcrumb","itemListElement":[{"@type":"ListItem","position":1,"name":"Po\u010detna stranica","item":"https:\/\/aem.hr\/"},{"@type":"ListItem","position":2,"name":"Marko Parad\u017eik &#8211; Uspje\u0161ni hrvatski branitelji u poduzetni\u0161tvu i neprofitnim organizacijama"}]},{"@type":"WebSite","@id":"https:\/\/aem.hr\/#website","url":"https:\/\/aem.hr\/","name":"Agencija za elektroni\u010dke medije","description":"","potentialAction":[{"@type":"SearchAction","target":{"@type":"EntryPoint","urlTemplate":"https:\/\/aem.hr\/?s={search_term_string}"},"query-input":{"@type":"PropertyValueSpecification","valueRequired":true,"valueName":"search_term_string"}}],"inLanguage":"en-US"}]}},"coauthors":[],"author_meta":{"author_link":"https:\/\/aem.hr\/en\/blog\/author\/mkirac\/","display_name":"Matko Kirac"},"relative_dates":{"created":"Posted 2 years ago","modified":"Updated 2 years ago"},"absolute_dates":{"created":"Posted on 23. October 2023.","modified":"Updated on 23. October 2023."},"absolute_dates_time":{"created":"Posted on 23. October 2023. 12:36","modified":"Updated on 23. October 2023. 12:36"},"featured_img_caption":"","featured_img":false,"series_order":"","_links":{"self":[{"href":"https:\/\/aem.hr\/en\/wp-json\/wp\/v2\/pages\/17275","targetHints":{"allow":["GET"]}}],"collection":[{"href":"https:\/\/aem.hr\/en\/wp-json\/wp\/v2\/pages"}],"about":[{"href":"https:\/\/aem.hr\/en\/wp-json\/wp\/v2\/types\/page"}],"author":[{"embeddable":true,"href":"https:\/\/aem.hr\/en\/wp-json\/wp\/v2\/users\/18"}],"replies":[{"embeddable":true,"href":"https:\/\/aem.hr\/en\/wp-json\/wp\/v2\/comments?post=17275"}],"version-history":[{"count":1,"href":"https:\/\/aem.hr\/en\/wp-json\/wp\/v2\/pages\/17275\/revisions"}],"predecessor-version":[{"id":17288,"href":"https:\/\/aem.hr\/en\/wp-json\/wp\/v2\/pages\/17275\/revisions\/17288"}],"wp:attachment":[{"href":"https:\/\/aem.hr\/en\/wp-json\/wp\/v2\/media?parent=17275"}],"curies":[{"name":"wp","href":"https:\/\/api.w.org\/{rel}","templated":true}]}}