{"id":17290,"date":"2023-10-23T12:39:00","date_gmt":"2023-10-23T10:39:00","guid":{"rendered":"http:\/\/aem.hr\/?page_id=17290"},"modified":"2023-10-23T12:39:00","modified_gmt":"2023-10-23T10:39:00","slug":"josip-antic-price-iz-ukljucivog-svijeta-20-godina-inkluzije-sibenik","status":"publish","type":"page","link":"https:\/\/aem.hr\/en\/josip-antic-price-iz-ukljucivog-svijeta-20-godina-inkluzije-sibenik\/","title":{"rendered":"Josip Anti\u0107 &#8211; Pri\u010de iz uklju\u010divog svijeta, 20. godina inkluzije \u0160ibenik"},"content":{"rendered":"\n<div class=\"wp-block-file\"><a id=\"wp-block-file--media-fed11f37-3bba-4f9b-b131-62eb6a966c5d\" href=\"https:\/\/aem.hr\/wp-content\/uploads\/2023\/10\/1.-Godisnji-na-dostupnom.pdf\">1. Godi\u0161nji na dostupnom<\/a><a href=\"https:\/\/aem.hr\/wp-content\/uploads\/2023\/10\/1.-Godisnji-na-dostupnom.pdf\" class=\"wp-block-file__button wp-element-button\" download aria-describedby=\"wp-block-file--media-fed11f37-3bba-4f9b-b131-62eb6a966c5d\">Preuzimanje<\/a><\/div>\n\n\n\n<div class=\"wp-block-file\"><a id=\"wp-block-file--media-1fe0d946-62fb-4f35-a9e2-64621fc9bc6c\" href=\"https:\/\/aem.hr\/wp-content\/uploads\/2023\/10\/2.-Je-li-Hipokratova.pdf\">2. Je li Hipokratova<\/a><a href=\"https:\/\/aem.hr\/wp-content\/uploads\/2023\/10\/2.-Je-li-Hipokratova.pdf\" class=\"wp-block-file__button wp-element-button\" download aria-describedby=\"wp-block-file--media-1fe0d946-62fb-4f35-a9e2-64621fc9bc6c\">Preuzimanje<\/a><\/div>\n\n\n\n<div class=\"wp-block-file\"><a id=\"wp-block-file--media-a5841aa9-f57c-4016-9a3d-48d955eca8b4\" href=\"https:\/\/aem.hr\/wp-content\/uploads\/2023\/10\/3.-Socijalni-radnici.pdf\">3. Socijalni radnici<\/a><a href=\"https:\/\/aem.hr\/wp-content\/uploads\/2023\/10\/3.-Socijalni-radnici.pdf\" class=\"wp-block-file__button wp-element-button\" download aria-describedby=\"wp-block-file--media-a5841aa9-f57c-4016-9a3d-48d955eca8b4\">Preuzimanje<\/a><\/div>\n\n\n\n<div class=\"wp-block-file\"><a id=\"wp-block-file--media-ad5e4ad6-1894-4776-a1d5-ca99481ac315\" href=\"https:\/\/aem.hr\/wp-content\/uploads\/2023\/10\/4.-Internet-nova-stepenica.pdf\">4. Internet &#8211; nova stepenica<\/a><a href=\"https:\/\/aem.hr\/wp-content\/uploads\/2023\/10\/4.-Internet-nova-stepenica.pdf\" class=\"wp-block-file__button wp-element-button\" download aria-describedby=\"wp-block-file--media-ad5e4ad6-1894-4776-a1d5-ca99481ac315\">Preuzimanje<\/a><\/div>\n\n\n\n<div class=\"wp-block-file\"><a id=\"wp-block-file--media-44dba978-0575-4b46-b7b7-d65178152027\" href=\"https:\/\/aem.hr\/wp-content\/uploads\/2023\/10\/5.-Dr.-sc.-Bojana-Rozman.pdf\">5. Dr. sc. Bojana Rozman<\/a><a href=\"https:\/\/aem.hr\/wp-content\/uploads\/2023\/10\/5.-Dr.-sc.-Bojana-Rozman.pdf\" class=\"wp-block-file__button wp-element-button\" download aria-describedby=\"wp-block-file--media-44dba978-0575-4b46-b7b7-d65178152027\">Preuzimanje<\/a><\/div>\n\n\n\n<div class=\"wp-block-file\"><a id=\"wp-block-file--media-a17c082d-3555-48b4-a1f6-8edb8a76c592\" href=\"https:\/\/aem.hr\/wp-content\/uploads\/2023\/10\/6.-Kamen-po-kamen.pdf\">6. Kamen po kamen<\/a><a href=\"https:\/\/aem.hr\/wp-content\/uploads\/2023\/10\/6.-Kamen-po-kamen.pdf\" class=\"wp-block-file__button wp-element-button\" download aria-describedby=\"wp-block-file--media-a17c082d-3555-48b4-a1f6-8edb8a76c592\">Preuzimanje<\/a><\/div>\n","protected":false},"excerpt":{"rendered":"","protected":false},"author":18,"featured_media":0,"parent":0,"menu_order":0,"comment_status":"closed","ping_status":"closed","template":"","meta":{"_acf_changed":false,"inline_featured_image":false,"advgb_blocks_editor_width":"","advgb_blocks_columns_visual_guide":"","_links_to":"","_links_to_type":0,"footnotes":""},"class_list":["post-17290","page","type-page","status-publish","hentry"],"acf":[],"yoast_head":"<!-- This site is optimized with the Yoast SEO plugin v25.7 - https:\/\/yoast.com\/wordpress\/plugins\/seo\/ -->\n<title>Josip Anti\u0107 - Pri\u010de iz uklju\u010divog svijeta, 20. godina inkluzije \u0160ibenik - Agencija za elektroni\u010dke medije<\/title>\n<meta name=\"robots\" content=\"index, follow, max-snippet:-1, max-image-preview:large, max-video-preview:-1\" \/>\n<link rel=\"canonical\" href=\"https:\/\/aem.hr\/josip-antic-price-iz-ukljucivog-svijeta-20-godina-inkluzije-sibenik\/\" \/>\n<meta property=\"og:locale\" content=\"en_US\" \/>\n<meta property=\"og:type\" content=\"article\" \/>\n<meta property=\"og:title\" content=\"Josip Anti\u0107 - Pri\u010de iz uklju\u010divog svijeta, 20. godina inkluzije \u0160ibenik - Agencija za elektroni\u010dke medije\" \/>\n<meta property=\"og:url\" content=\"https:\/\/aem.hr\/josip-antic-price-iz-ukljucivog-svijeta-20-godina-inkluzije-sibenik\/\" \/>\n<meta property=\"og:site_name\" content=\"Agencija za elektroni\u010dke medije\" \/>\n<meta name=\"twitter:card\" content=\"summary_large_image\" \/>\n<meta name=\"twitter:label1\" content=\"Est. reading time\" \/>\n\t<meta name=\"twitter:data1\" content=\"1 minute\" \/>\n<script type=\"application\/ld+json\" class=\"yoast-schema-graph\">{\"@context\":\"https:\/\/schema.org\",\"@graph\":[{\"@type\":\"WebPage\",\"@id\":\"https:\/\/aem.hr\/josip-antic-price-iz-ukljucivog-svijeta-20-godina-inkluzije-sibenik\/\",\"url\":\"https:\/\/aem.hr\/josip-antic-price-iz-ukljucivog-svijeta-20-godina-inkluzije-sibenik\/\",\"name\":\"Josip Anti\u0107 - Pri\u010de iz uklju\u010divog svijeta, 20. godina inkluzije \u0160ibenik - Agencija za elektroni\u010dke medije\",\"isPartOf\":{\"@id\":\"https:\/\/aem.hr\/#website\"},\"datePublished\":\"2023-10-23T10:39:00+00:00\",\"breadcrumb\":{\"@id\":\"https:\/\/aem.hr\/josip-antic-price-iz-ukljucivog-svijeta-20-godina-inkluzije-sibenik\/#breadcrumb\"},\"inLanguage\":\"en-US\",\"potentialAction\":[{\"@type\":\"ReadAction\",\"target\":[\"https:\/\/aem.hr\/josip-antic-price-iz-ukljucivog-svijeta-20-godina-inkluzije-sibenik\/\"]}]},{\"@type\":\"BreadcrumbList\",\"@id\":\"https:\/\/aem.hr\/josip-antic-price-iz-ukljucivog-svijeta-20-godina-inkluzije-sibenik\/#breadcrumb\",\"itemListElement\":[{\"@type\":\"ListItem\",\"position\":1,\"name\":\"Po\u010detna stranica\",\"item\":\"https:\/\/aem.hr\/\"},{\"@type\":\"ListItem\",\"position\":2,\"name\":\"Josip Anti\u0107 &#8211; Pri\u010de iz uklju\u010divog svijeta, 20. godina inkluzije \u0160ibenik\"}]},{\"@type\":\"WebSite\",\"@id\":\"https:\/\/aem.hr\/#website\",\"url\":\"https:\/\/aem.hr\/\",\"name\":\"Agencija za elektroni\u010dke medije\",\"description\":\"\",\"potentialAction\":[{\"@type\":\"SearchAction\",\"target\":{\"@type\":\"EntryPoint\",\"urlTemplate\":\"https:\/\/aem.hr\/?s={search_term_string}\"},\"query-input\":{\"@type\":\"PropertyValueSpecification\",\"valueRequired\":true,\"valueName\":\"search_term_string\"}}],\"inLanguage\":\"en-US\"}]}<\/script>\n<!-- \/ Yoast SEO plugin. -->","yoast_head_json":{"title":"Josip Anti\u0107 - Pri\u010de iz uklju\u010divog svijeta, 20. godina inkluzije \u0160ibenik - Agencija za elektroni\u010dke medije","robots":{"index":"index","follow":"follow","max-snippet":"max-snippet:-1","max-image-preview":"max-image-preview:large","max-video-preview":"max-video-preview:-1"},"canonical":"https:\/\/aem.hr\/josip-antic-price-iz-ukljucivog-svijeta-20-godina-inkluzije-sibenik\/","og_locale":"en_US","og_type":"article","og_title":"Josip Anti\u0107 - Pri\u010de iz uklju\u010divog svijeta, 20. godina inkluzije \u0160ibenik - Agencija za elektroni\u010dke medije","og_url":"https:\/\/aem.hr\/josip-antic-price-iz-ukljucivog-svijeta-20-godina-inkluzije-sibenik\/","og_site_name":"Agencija za elektroni\u010dke medije","twitter_card":"summary_large_image","twitter_misc":{"Est. reading time":"1 minute"},"schema":{"@context":"https:\/\/schema.org","@graph":[{"@type":"WebPage","@id":"https:\/\/aem.hr\/josip-antic-price-iz-ukljucivog-svijeta-20-godina-inkluzije-sibenik\/","url":"https:\/\/aem.hr\/josip-antic-price-iz-ukljucivog-svijeta-20-godina-inkluzije-sibenik\/","name":"Josip Anti\u0107 - Pri\u010de iz uklju\u010divog svijeta, 20. godina inkluzije \u0160ibenik - Agencija za elektroni\u010dke medije","isPartOf":{"@id":"https:\/\/aem.hr\/#website"},"datePublished":"2023-10-23T10:39:00+00:00","breadcrumb":{"@id":"https:\/\/aem.hr\/josip-antic-price-iz-ukljucivog-svijeta-20-godina-inkluzije-sibenik\/#breadcrumb"},"inLanguage":"en-US","potentialAction":[{"@type":"ReadAction","target":["https:\/\/aem.hr\/josip-antic-price-iz-ukljucivog-svijeta-20-godina-inkluzije-sibenik\/"]}]},{"@type":"BreadcrumbList","@id":"https:\/\/aem.hr\/josip-antic-price-iz-ukljucivog-svijeta-20-godina-inkluzije-sibenik\/#breadcrumb","itemListElement":[{"@type":"ListItem","position":1,"name":"Po\u010detna stranica","item":"https:\/\/aem.hr\/"},{"@type":"ListItem","position":2,"name":"Josip Anti\u0107 &#8211; Pri\u010de iz uklju\u010divog svijeta, 20. godina inkluzije \u0160ibenik"}]},{"@type":"WebSite","@id":"https:\/\/aem.hr\/#website","url":"https:\/\/aem.hr\/","name":"Agencija za elektroni\u010dke medije","description":"","potentialAction":[{"@type":"SearchAction","target":{"@type":"EntryPoint","urlTemplate":"https:\/\/aem.hr\/?s={search_term_string}"},"query-input":{"@type":"PropertyValueSpecification","valueRequired":true,"valueName":"search_term_string"}}],"inLanguage":"en-US"}]}},"coauthors":[],"author_meta":{"author_link":"https:\/\/aem.hr\/en\/blog\/author\/mkirac\/","display_name":"Matko Kirac"},"relative_dates":{"created":"Posted 2 years ago","modified":"Updated 2 years ago"},"absolute_dates":{"created":"Posted on 23. October 2023.","modified":"Updated on 23. October 2023."},"absolute_dates_time":{"created":"Posted on 23. October 2023. 12:39","modified":"Updated on 23. October 2023. 12:39"},"featured_img_caption":"","featured_img":false,"series_order":"","_links":{"self":[{"href":"https:\/\/aem.hr\/en\/wp-json\/wp\/v2\/pages\/17290","targetHints":{"allow":["GET"]}}],"collection":[{"href":"https:\/\/aem.hr\/en\/wp-json\/wp\/v2\/pages"}],"about":[{"href":"https:\/\/aem.hr\/en\/wp-json\/wp\/v2\/types\/page"}],"author":[{"embeddable":true,"href":"https:\/\/aem.hr\/en\/wp-json\/wp\/v2\/users\/18"}],"replies":[{"embeddable":true,"href":"https:\/\/aem.hr\/en\/wp-json\/wp\/v2\/comments?post=17290"}],"version-history":[{"count":1,"href":"https:\/\/aem.hr\/en\/wp-json\/wp\/v2\/pages\/17290\/revisions"}],"predecessor-version":[{"id":17304,"href":"https:\/\/aem.hr\/en\/wp-json\/wp\/v2\/pages\/17290\/revisions\/17304"}],"wp:attachment":[{"href":"https:\/\/aem.hr\/en\/wp-json\/wp\/v2\/media?parent=17290"}],"curies":[{"name":"wp","href":"https:\/\/api.w.org\/{rel}","templated":true}]}}