{"id":17341,"date":"2023-10-23T12:52:26","date_gmt":"2023-10-23T10:52:26","guid":{"rendered":"http:\/\/aem.hr\/?page_id=17341"},"modified":"2023-10-23T12:52:27","modified_gmt":"2023-10-23T10:52:27","slug":"danijela-stanojevic-uzdrzavanje-do-smrti","status":"publish","type":"page","link":"https:\/\/aem.hr\/en\/danijela-stanojevic-uzdrzavanje-do-smrti\/","title":{"rendered":"Danijela Stanojevi\u0107 &#8211; Uzdr\u017eavanje do smrti"},"content":{"rendered":"\n<div class=\"wp-block-file\"><a id=\"wp-block-file--media-a109e2f3-bd29-4017-9e6e-991e57353bfe\" href=\"https:\/\/aem.hr\/wp-content\/uploads\/2023\/10\/1.-U-raljama-bescutnika.pdf\">1. U raljama be\u0161\u0107utnika<\/a><a href=\"https:\/\/aem.hr\/wp-content\/uploads\/2023\/10\/1.-U-raljama-bescutnika.pdf\" class=\"wp-block-file__button wp-element-button\" download aria-describedby=\"wp-block-file--media-a109e2f3-bd29-4017-9e6e-991e57353bfe\">Preuzimanje<\/a><\/div>\n\n\n\n<div class=\"wp-block-file\"><a id=\"wp-block-file--media-1888c41c-30bc-4d45-b54c-743cce81c64a\" href=\"https:\/\/aem.hr\/wp-content\/uploads\/2023\/10\/2.-Intervju-Jasna-A.-Petrovic.pdf\">2. Intervju Jasna A. Petrovi\u0107.<\/a><a href=\"https:\/\/aem.hr\/wp-content\/uploads\/2023\/10\/2.-Intervju-Jasna-A.-Petrovic.pdf\" class=\"wp-block-file__button wp-element-button\" download aria-describedby=\"wp-block-file--media-1888c41c-30bc-4d45-b54c-743cce81c64a\">Preuzimanje<\/a><\/div>\n\n\n\n<div class=\"wp-block-file\"><a id=\"wp-block-file--media-638112ba-e8a5-4060-8a53-7143f902a4c2\" href=\"https:\/\/aem.hr\/wp-content\/uploads\/2023\/10\/3.-Dozivotno-uzdrzavanje.pdf\">3. Do\u017eivotno uzdr\u017eavanje<\/a><a href=\"https:\/\/aem.hr\/wp-content\/uploads\/2023\/10\/3.-Dozivotno-uzdrzavanje.pdf\" class=\"wp-block-file__button wp-element-button\" download aria-describedby=\"wp-block-file--media-638112ba-e8a5-4060-8a53-7143f902a4c2\">Preuzimanje<\/a><\/div>\n\n\n\n<div class=\"wp-block-file\"><a id=\"wp-block-file--media-89e64f14-1e3d-4dfa-9003-0cb842d15c73\" href=\"https:\/\/aem.hr\/wp-content\/uploads\/2023\/10\/4.-Sklopiti-ugovor-o-dozivotnom.pdf\">4. Sklopiti ugovor o do\u017eivotnom<\/a><a href=\"https:\/\/aem.hr\/wp-content\/uploads\/2023\/10\/4.-Sklopiti-ugovor-o-dozivotnom.pdf\" class=\"wp-block-file__button wp-element-button\" download aria-describedby=\"wp-block-file--media-89e64f14-1e3d-4dfa-9003-0cb842d15c73\">Preuzimanje<\/a><\/div>\n","protected":false},"excerpt":{"rendered":"","protected":false},"author":18,"featured_media":0,"parent":0,"menu_order":0,"comment_status":"closed","ping_status":"closed","template":"","meta":{"_acf_changed":false,"inline_featured_image":false,"advgb_blocks_editor_width":"","advgb_blocks_columns_visual_guide":"","_links_to":"","_links_to_type":0,"footnotes":""},"class_list":["post-17341","page","type-page","status-publish","hentry"],"acf":[],"yoast_head":"<!-- This site is optimized with the Yoast SEO plugin v25.7 - https:\/\/yoast.com\/wordpress\/plugins\/seo\/ -->\n<title>Danijela Stanojevi\u0107 - Uzdr\u017eavanje do smrti - Agencija za elektroni\u010dke medije<\/title>\n<meta name=\"robots\" content=\"index, follow, max-snippet:-1, max-image-preview:large, max-video-preview:-1\" \/>\n<link rel=\"canonical\" href=\"https:\/\/aem.hr\/danijela-stanojevic-uzdrzavanje-do-smrti\/\" \/>\n<meta property=\"og:locale\" content=\"en_US\" \/>\n<meta property=\"og:type\" content=\"article\" \/>\n<meta property=\"og:title\" content=\"Danijela Stanojevi\u0107 - Uzdr\u017eavanje do smrti - Agencija za elektroni\u010dke medije\" \/>\n<meta property=\"og:url\" content=\"https:\/\/aem.hr\/danijela-stanojevic-uzdrzavanje-do-smrti\/\" \/>\n<meta property=\"og:site_name\" content=\"Agencija za elektroni\u010dke medije\" \/>\n<meta property=\"article:modified_time\" content=\"2023-10-23T10:52:27+00:00\" \/>\n<meta name=\"twitter:card\" content=\"summary_large_image\" \/>\n<meta name=\"twitter:label1\" content=\"Est. reading time\" \/>\n\t<meta name=\"twitter:data1\" content=\"1 minute\" \/>\n<script type=\"application\/ld+json\" class=\"yoast-schema-graph\">{\"@context\":\"https:\/\/schema.org\",\"@graph\":[{\"@type\":\"WebPage\",\"@id\":\"https:\/\/aem.hr\/danijela-stanojevic-uzdrzavanje-do-smrti\/\",\"url\":\"https:\/\/aem.hr\/danijela-stanojevic-uzdrzavanje-do-smrti\/\",\"name\":\"Danijela Stanojevi\u0107 - Uzdr\u017eavanje do smrti - Agencija za elektroni\u010dke medije\",\"isPartOf\":{\"@id\":\"https:\/\/aem.hr\/#website\"},\"datePublished\":\"2023-10-23T10:52:26+00:00\",\"dateModified\":\"2023-10-23T10:52:27+00:00\",\"breadcrumb\":{\"@id\":\"https:\/\/aem.hr\/danijela-stanojevic-uzdrzavanje-do-smrti\/#breadcrumb\"},\"inLanguage\":\"en-US\",\"potentialAction\":[{\"@type\":\"ReadAction\",\"target\":[\"https:\/\/aem.hr\/danijela-stanojevic-uzdrzavanje-do-smrti\/\"]}]},{\"@type\":\"BreadcrumbList\",\"@id\":\"https:\/\/aem.hr\/danijela-stanojevic-uzdrzavanje-do-smrti\/#breadcrumb\",\"itemListElement\":[{\"@type\":\"ListItem\",\"position\":1,\"name\":\"Po\u010detna stranica\",\"item\":\"https:\/\/aem.hr\/\"},{\"@type\":\"ListItem\",\"position\":2,\"name\":\"Danijela Stanojevi\u0107 &#8211; Uzdr\u017eavanje do smrti\"}]},{\"@type\":\"WebSite\",\"@id\":\"https:\/\/aem.hr\/#website\",\"url\":\"https:\/\/aem.hr\/\",\"name\":\"Agencija za elektroni\u010dke medije\",\"description\":\"\",\"potentialAction\":[{\"@type\":\"SearchAction\",\"target\":{\"@type\":\"EntryPoint\",\"urlTemplate\":\"https:\/\/aem.hr\/?s={search_term_string}\"},\"query-input\":{\"@type\":\"PropertyValueSpecification\",\"valueRequired\":true,\"valueName\":\"search_term_string\"}}],\"inLanguage\":\"en-US\"}]}<\/script>\n<!-- \/ Yoast SEO plugin. -->","yoast_head_json":{"title":"Danijela Stanojevi\u0107 - Uzdr\u017eavanje do smrti - Agencija za elektroni\u010dke medije","robots":{"index":"index","follow":"follow","max-snippet":"max-snippet:-1","max-image-preview":"max-image-preview:large","max-video-preview":"max-video-preview:-1"},"canonical":"https:\/\/aem.hr\/danijela-stanojevic-uzdrzavanje-do-smrti\/","og_locale":"en_US","og_type":"article","og_title":"Danijela Stanojevi\u0107 - Uzdr\u017eavanje do smrti - Agencija za elektroni\u010dke medije","og_url":"https:\/\/aem.hr\/danijela-stanojevic-uzdrzavanje-do-smrti\/","og_site_name":"Agencija za elektroni\u010dke medije","article_modified_time":"2023-10-23T10:52:27+00:00","twitter_card":"summary_large_image","twitter_misc":{"Est. reading time":"1 minute"},"schema":{"@context":"https:\/\/schema.org","@graph":[{"@type":"WebPage","@id":"https:\/\/aem.hr\/danijela-stanojevic-uzdrzavanje-do-smrti\/","url":"https:\/\/aem.hr\/danijela-stanojevic-uzdrzavanje-do-smrti\/","name":"Danijela Stanojevi\u0107 - Uzdr\u017eavanje do smrti - Agencija za elektroni\u010dke medije","isPartOf":{"@id":"https:\/\/aem.hr\/#website"},"datePublished":"2023-10-23T10:52:26+00:00","dateModified":"2023-10-23T10:52:27+00:00","breadcrumb":{"@id":"https:\/\/aem.hr\/danijela-stanojevic-uzdrzavanje-do-smrti\/#breadcrumb"},"inLanguage":"en-US","potentialAction":[{"@type":"ReadAction","target":["https:\/\/aem.hr\/danijela-stanojevic-uzdrzavanje-do-smrti\/"]}]},{"@type":"BreadcrumbList","@id":"https:\/\/aem.hr\/danijela-stanojevic-uzdrzavanje-do-smrti\/#breadcrumb","itemListElement":[{"@type":"ListItem","position":1,"name":"Po\u010detna stranica","item":"https:\/\/aem.hr\/"},{"@type":"ListItem","position":2,"name":"Danijela Stanojevi\u0107 &#8211; Uzdr\u017eavanje do smrti"}]},{"@type":"WebSite","@id":"https:\/\/aem.hr\/#website","url":"https:\/\/aem.hr\/","name":"Agencija za elektroni\u010dke medije","description":"","potentialAction":[{"@type":"SearchAction","target":{"@type":"EntryPoint","urlTemplate":"https:\/\/aem.hr\/?s={search_term_string}"},"query-input":{"@type":"PropertyValueSpecification","valueRequired":true,"valueName":"search_term_string"}}],"inLanguage":"en-US"}]}},"coauthors":[],"author_meta":{"author_link":"https:\/\/aem.hr\/en\/blog\/author\/mkirac\/","display_name":"Matko Kirac"},"relative_dates":{"created":"Posted 2 years ago","modified":"Updated 2 years ago"},"absolute_dates":{"created":"Posted on 23. October 2023.","modified":"Updated on 23. October 2023."},"absolute_dates_time":{"created":"Posted on 23. October 2023. 12:52","modified":"Updated on 23. October 2023. 12:52"},"featured_img_caption":"","featured_img":false,"series_order":"","_links":{"self":[{"href":"https:\/\/aem.hr\/en\/wp-json\/wp\/v2\/pages\/17341","targetHints":{"allow":["GET"]}}],"collection":[{"href":"https:\/\/aem.hr\/en\/wp-json\/wp\/v2\/pages"}],"about":[{"href":"https:\/\/aem.hr\/en\/wp-json\/wp\/v2\/types\/page"}],"author":[{"embeddable":true,"href":"https:\/\/aem.hr\/en\/wp-json\/wp\/v2\/users\/18"}],"replies":[{"embeddable":true,"href":"https:\/\/aem.hr\/en\/wp-json\/wp\/v2\/comments?post=17341"}],"version-history":[{"count":1,"href":"https:\/\/aem.hr\/en\/wp-json\/wp\/v2\/pages\/17341\/revisions"}],"predecessor-version":[{"id":17350,"href":"https:\/\/aem.hr\/en\/wp-json\/wp\/v2\/pages\/17341\/revisions\/17350"}],"wp:attachment":[{"href":"https:\/\/aem.hr\/en\/wp-json\/wp\/v2\/media?parent=17341"}],"curies":[{"name":"wp","href":"https:\/\/api.w.org\/{rel}","templated":true}]}}