{"id":17352,"date":"2023-10-23T12:59:00","date_gmt":"2023-10-23T10:59:00","guid":{"rendered":"http:\/\/aem.hr\/?page_id=17352"},"modified":"2023-11-06T11:06:00","modified_gmt":"2023-11-06T10:06:00","slug":"industrija-zabave-zabava-ili-ispraznost","status":"publish","type":"page","link":"https:\/\/aem.hr\/en\/industrija-zabave-zabava-ili-ispraznost\/","title":{"rendered":"Tina Toma\u0161i\u0107 &#8211; Industrija zabave &#8211; zabava ili ispraznost"},"content":{"rendered":"\n<div class=\"wp-block-file\"><a id=\"wp-block-file--media-89a7ad9e-8fed-4e5c-92d0-ca5e046e847d\" href=\"https:\/\/aem.hr\/wp-content\/uploads\/2023\/10\/1.-Setnja-kroz-povijest-zabave.pdf\">1. \u0160etnja kroz povijest zabave<\/a><a href=\"https:\/\/aem.hr\/wp-content\/uploads\/2023\/10\/1.-Setnja-kroz-povijest-zabave.pdf\" class=\"wp-block-file__button wp-element-button\" download aria-describedby=\"wp-block-file--media-89a7ad9e-8fed-4e5c-92d0-ca5e046e847d\">Preuzimanje<\/a><\/div>\n\n\n\n<div class=\"wp-block-file\"><a id=\"wp-block-file--media-da66fd19-7ff9-434f-8680-a41db62c814a\" href=\"https:\/\/aem.hr\/wp-content\/uploads\/2023\/10\/2.-Profit-estradizacija-i-ubijanje-kvalitete.pdf\">2. Profit estradizacija i ubijanje kvalitete<\/a><a href=\"https:\/\/aem.hr\/wp-content\/uploads\/2023\/10\/2.-Profit-estradizacija-i-ubijanje-kvalitete.pdf\" class=\"wp-block-file__button wp-element-button\" download aria-describedby=\"wp-block-file--media-da66fd19-7ff9-434f-8680-a41db62c814a\">Preuzimanje<\/a><\/div>\n\n\n\n<div class=\"wp-block-file\"><a id=\"wp-block-file--media-89d6b3a5-6d19-4660-90d4-2ffd410d2c85\" href=\"https:\/\/aem.hr\/wp-content\/uploads\/2023\/10\/3.-Ostati-u-zoni-komfora-i-pomilovati-samog-sebe.pdf\">3. Ostati u zoni komfora i pomilovati samog sebe<\/a><a href=\"https:\/\/aem.hr\/wp-content\/uploads\/2023\/10\/3.-Ostati-u-zoni-komfora-i-pomilovati-samog-sebe.pdf\" class=\"wp-block-file__button wp-element-button\" download aria-describedby=\"wp-block-file--media-89d6b3a5-6d19-4660-90d4-2ffd410d2c85\">Preuzimanje<\/a><\/div>\n\n\n\n<div class=\"wp-block-file\"><a id=\"wp-block-file--media-a069e331-ba23-4b8e-b6f1-1f4f20978a53\" href=\"https:\/\/aem.hr\/wp-content\/uploads\/2023\/10\/4.-Kako-marketing-cini-covjeka-zednim-online.pdf\">4. Kako marketing \u010dini \u010dovjeka \u017eednim online<\/a><a href=\"https:\/\/aem.hr\/wp-content\/uploads\/2023\/10\/4.-Kako-marketing-cini-covjeka-zednim-online.pdf\" class=\"wp-block-file__button wp-element-button\" download aria-describedby=\"wp-block-file--media-a069e331-ba23-4b8e-b6f1-1f4f20978a53\">Preuzimanje<\/a><\/div>\n\n\n\n<div class=\"wp-block-file\"><a id=\"wp-block-file--media-50d8d711-bfcb-426c-a4f2-c0c5d2e1e835\" href=\"https:\/\/aem.hr\/wp-content\/uploads\/2023\/10\/5.-Komodifikacija-kulture-i-njena-kontradiktornost.pdf\">5. Komodifikacija kulture i njena kontradiktornost<\/a><a href=\"https:\/\/aem.hr\/wp-content\/uploads\/2023\/10\/5.-Komodifikacija-kulture-i-njena-kontradiktornost.pdf\" class=\"wp-block-file__button wp-element-button\" download aria-describedby=\"wp-block-file--media-50d8d711-bfcb-426c-a4f2-c0c5d2e1e835\">Preuzimanje<\/a><\/div>\n\n\n\n<div class=\"wp-block-file\"><a id=\"wp-block-file--media-0cb9839c-0a12-44cd-b406-2ef107a69d71\" href=\"https:\/\/aem.hr\/wp-content\/uploads\/2023\/10\/6.-_Money-Money_Novac-pokrece-svijet.pdf\">6. Money Money_Novac pokre\u0107e svijet\u2026<\/a><a href=\"https:\/\/aem.hr\/wp-content\/uploads\/2023\/10\/6.-_Money-Money_Novac-pokrece-svijet.pdf\" class=\"wp-block-file__button wp-element-button\" download aria-describedby=\"wp-block-file--media-0cb9839c-0a12-44cd-b406-2ef107a69d71\">Preuzimanje<\/a><\/div>\n\n\n\n<div class=\"wp-block-file\"><a id=\"wp-block-file--media-26137c77-6bcf-409b-b3e1-3af5b7f39ac3\" href=\"https:\/\/aem.hr\/wp-content\/uploads\/2023\/10\/7.-Jesu-li-kreativnost-i-eksperimentiranje-21.-stoljeca.pdf\">7. Jesu li kreativnost i eksperimentiranje 21. stolje\u0107a<\/a><a href=\"https:\/\/aem.hr\/wp-content\/uploads\/2023\/10\/7.-Jesu-li-kreativnost-i-eksperimentiranje-21.-stoljeca.pdf\" class=\"wp-block-file__button wp-element-button\" download aria-describedby=\"wp-block-file--media-26137c77-6bcf-409b-b3e1-3af5b7f39ac3\">Preuzimanje<\/a><\/div>\n\n\n\n<div class=\"wp-block-file\"><a id=\"wp-block-file--media-0f25c46d-56b7-426f-a6b5-1f6f79b81eae\" href=\"https:\/\/aem.hr\/wp-content\/uploads\/2023\/10\/8.-Nije-zlato-sve-sto-sja-ili-ako-vam.pdf\">8. Nije zlato sve \u0161to sja ili ako vam<\/a><a href=\"https:\/\/aem.hr\/wp-content\/uploads\/2023\/10\/8.-Nije-zlato-sve-sto-sja-ili-ako-vam.pdf\" class=\"wp-block-file__button wp-element-button\" download aria-describedby=\"wp-block-file--media-0f25c46d-56b7-426f-a6b5-1f6f79b81eae\">Preuzimanje<\/a><\/div>\n","protected":false},"excerpt":{"rendered":"","protected":false},"author":18,"featured_media":0,"parent":0,"menu_order":0,"comment_status":"closed","ping_status":"closed","template":"","meta":{"_acf_changed":false,"inline_featured_image":false,"advgb_blocks_editor_width":"","advgb_blocks_columns_visual_guide":"","_links_to":"","_links_to_type":0,"footnotes":""},"class_list":["post-17352","page","type-page","status-publish","hentry"],"acf":[],"yoast_head":"<!-- This site is optimized with the Yoast SEO plugin v25.7 - https:\/\/yoast.com\/wordpress\/plugins\/seo\/ -->\n<title>Tina Toma\u0161i\u0107 - Industrija zabave - zabava ili ispraznost - Agencija za elektroni\u010dke medije<\/title>\n<meta name=\"robots\" content=\"index, follow, max-snippet:-1, max-image-preview:large, max-video-preview:-1\" \/>\n<link rel=\"canonical\" href=\"https:\/\/aem.hr\/en\/industrija-zabave-zabava-ili-ispraznost\/\" \/>\n<meta property=\"og:locale\" content=\"en_US\" \/>\n<meta property=\"og:type\" content=\"article\" \/>\n<meta property=\"og:title\" content=\"Tina Toma\u0161i\u0107 - Industrija zabave - zabava ili ispraznost - Agencija za elektroni\u010dke medije\" \/>\n<meta property=\"og:url\" content=\"https:\/\/aem.hr\/en\/industrija-zabave-zabava-ili-ispraznost\/\" \/>\n<meta property=\"og:site_name\" content=\"Agencija za elektroni\u010dke medije\" \/>\n<meta property=\"article:modified_time\" content=\"2023-11-06T10:06:00+00:00\" \/>\n<meta name=\"twitter:card\" content=\"summary_large_image\" \/>\n<meta name=\"twitter:label1\" content=\"Est. reading time\" \/>\n\t<meta name=\"twitter:data1\" content=\"1 minute\" \/>\n<script type=\"application\/ld+json\" class=\"yoast-schema-graph\">{\"@context\":\"https:\/\/schema.org\",\"@graph\":[{\"@type\":\"WebPage\",\"@id\":\"https:\/\/aem.hr\/en\/industrija-zabave-zabava-ili-ispraznost\/\",\"url\":\"https:\/\/aem.hr\/en\/industrija-zabave-zabava-ili-ispraznost\/\",\"name\":\"Tina Toma\u0161i\u0107 - Industrija zabave - zabava ili ispraznost - Agencija za elektroni\u010dke medije\",\"isPartOf\":{\"@id\":\"https:\/\/aem.hr\/#website\"},\"datePublished\":\"2023-10-23T10:59:00+00:00\",\"dateModified\":\"2023-11-06T10:06:00+00:00\",\"breadcrumb\":{\"@id\":\"https:\/\/aem.hr\/en\/industrija-zabave-zabava-ili-ispraznost\/#breadcrumb\"},\"inLanguage\":\"en-US\",\"potentialAction\":[{\"@type\":\"ReadAction\",\"target\":[\"https:\/\/aem.hr\/en\/industrija-zabave-zabava-ili-ispraznost\/\"]}]},{\"@type\":\"BreadcrumbList\",\"@id\":\"https:\/\/aem.hr\/en\/industrija-zabave-zabava-ili-ispraznost\/#breadcrumb\",\"itemListElement\":[{\"@type\":\"ListItem\",\"position\":1,\"name\":\"Po\u010detna stranica\",\"item\":\"https:\/\/aem.hr\/\"},{\"@type\":\"ListItem\",\"position\":2,\"name\":\"Tina Toma\u0161i\u0107 &#8211; Industrija zabave &#8211; zabava ili ispraznost\"}]},{\"@type\":\"WebSite\",\"@id\":\"https:\/\/aem.hr\/#website\",\"url\":\"https:\/\/aem.hr\/\",\"name\":\"Agencija za elektroni\u010dke medije\",\"description\":\"\",\"potentialAction\":[{\"@type\":\"SearchAction\",\"target\":{\"@type\":\"EntryPoint\",\"urlTemplate\":\"https:\/\/aem.hr\/?s={search_term_string}\"},\"query-input\":{\"@type\":\"PropertyValueSpecification\",\"valueRequired\":true,\"valueName\":\"search_term_string\"}}],\"inLanguage\":\"en-US\"}]}<\/script>\n<!-- \/ Yoast SEO plugin. -->","yoast_head_json":{"title":"Tina Toma\u0161i\u0107 - Industrija zabave - zabava ili ispraznost - Agencija za elektroni\u010dke medije","robots":{"index":"index","follow":"follow","max-snippet":"max-snippet:-1","max-image-preview":"max-image-preview:large","max-video-preview":"max-video-preview:-1"},"canonical":"https:\/\/aem.hr\/en\/industrija-zabave-zabava-ili-ispraznost\/","og_locale":"en_US","og_type":"article","og_title":"Tina Toma\u0161i\u0107 - Industrija zabave - zabava ili ispraznost - Agencija za elektroni\u010dke medije","og_url":"https:\/\/aem.hr\/en\/industrija-zabave-zabava-ili-ispraznost\/","og_site_name":"Agencija za elektroni\u010dke medije","article_modified_time":"2023-11-06T10:06:00+00:00","twitter_card":"summary_large_image","twitter_misc":{"Est. reading time":"1 minute"},"schema":{"@context":"https:\/\/schema.org","@graph":[{"@type":"WebPage","@id":"https:\/\/aem.hr\/en\/industrija-zabave-zabava-ili-ispraznost\/","url":"https:\/\/aem.hr\/en\/industrija-zabave-zabava-ili-ispraznost\/","name":"Tina Toma\u0161i\u0107 - Industrija zabave - zabava ili ispraznost - Agencija za elektroni\u010dke medije","isPartOf":{"@id":"https:\/\/aem.hr\/#website"},"datePublished":"2023-10-23T10:59:00+00:00","dateModified":"2023-11-06T10:06:00+00:00","breadcrumb":{"@id":"https:\/\/aem.hr\/en\/industrija-zabave-zabava-ili-ispraznost\/#breadcrumb"},"inLanguage":"en-US","potentialAction":[{"@type":"ReadAction","target":["https:\/\/aem.hr\/en\/industrija-zabave-zabava-ili-ispraznost\/"]}]},{"@type":"BreadcrumbList","@id":"https:\/\/aem.hr\/en\/industrija-zabave-zabava-ili-ispraznost\/#breadcrumb","itemListElement":[{"@type":"ListItem","position":1,"name":"Po\u010detna stranica","item":"https:\/\/aem.hr\/"},{"@type":"ListItem","position":2,"name":"Tina Toma\u0161i\u0107 &#8211; Industrija zabave &#8211; zabava ili ispraznost"}]},{"@type":"WebSite","@id":"https:\/\/aem.hr\/#website","url":"https:\/\/aem.hr\/","name":"Agencija za elektroni\u010dke medije","description":"","potentialAction":[{"@type":"SearchAction","target":{"@type":"EntryPoint","urlTemplate":"https:\/\/aem.hr\/?s={search_term_string}"},"query-input":{"@type":"PropertyValueSpecification","valueRequired":true,"valueName":"search_term_string"}}],"inLanguage":"en-US"}]}},"coauthors":[],"author_meta":{"author_link":"https:\/\/aem.hr\/en\/blog\/author\/mkirac\/","display_name":"Matko Kirac"},"relative_dates":{"created":"Posted 2 years ago","modified":"Updated 2 years ago"},"absolute_dates":{"created":"Posted on 23. October 2023.","modified":"Updated on 6. November 2023."},"absolute_dates_time":{"created":"Posted on 23. October 2023. 12:59","modified":"Updated on 6. November 2023. 11:06"},"featured_img_caption":"","featured_img":false,"series_order":"","_links":{"self":[{"href":"https:\/\/aem.hr\/en\/wp-json\/wp\/v2\/pages\/17352","targetHints":{"allow":["GET"]}}],"collection":[{"href":"https:\/\/aem.hr\/en\/wp-json\/wp\/v2\/pages"}],"about":[{"href":"https:\/\/aem.hr\/en\/wp-json\/wp\/v2\/types\/page"}],"author":[{"embeddable":true,"href":"https:\/\/aem.hr\/en\/wp-json\/wp\/v2\/users\/18"}],"replies":[{"embeddable":true,"href":"https:\/\/aem.hr\/en\/wp-json\/wp\/v2\/comments?post=17352"}],"version-history":[{"count":2,"href":"https:\/\/aem.hr\/en\/wp-json\/wp\/v2\/pages\/17352\/revisions"}],"predecessor-version":[{"id":17437,"href":"https:\/\/aem.hr\/en\/wp-json\/wp\/v2\/pages\/17352\/revisions\/17437"}],"wp:attachment":[{"href":"https:\/\/aem.hr\/en\/wp-json\/wp\/v2\/media?parent=17352"}],"curies":[{"name":"wp","href":"https:\/\/api.w.org\/{rel}","templated":true}]}}