{"id":17439,"date":"2023-11-06T11:11:37","date_gmt":"2023-11-06T10:11:37","guid":{"rendered":"http:\/\/aem.hr\/?page_id=17439"},"modified":"2023-11-06T11:11:38","modified_gmt":"2023-11-06T10:11:38","slug":"drazen-semovcan-stari-zanati","status":"publish","type":"page","link":"https:\/\/aem.hr\/en\/drazen-semovcan-stari-zanati\/","title":{"rendered":"Dra\u017een \u0160emov\u010dan &#8211; &#8220;stari zanati&#8221;"},"content":{"rendered":"\n<div class=\"wp-block-file\"><a id=\"wp-block-file--media-25f820c7-3089-4e21-a87e-86e4d0f31910\" href=\"https:\/\/aem.hr\/wp-content\/uploads\/2023\/11\/1.-LUKAR-ILI-LUCAR-DARKO.pdf\">1. Lukar ili lu\u010dar darko<\/a><a href=\"https:\/\/aem.hr\/wp-content\/uploads\/2023\/11\/1.-LUKAR-ILI-LUCAR-DARKO.pdf\" class=\"wp-block-file__button wp-element-button\" download aria-describedby=\"wp-block-file--media-25f820c7-3089-4e21-a87e-86e4d0f31910\">Preuzimanje<\/a><\/div>\n\n\n\n<div class=\"wp-block-file\"><a id=\"wp-block-file--media-937c6596-b202-4e77-a9bd-09f06d52441e\" href=\"https:\/\/aem.hr\/wp-content\/uploads\/2023\/11\/2.-PREKO-VODE-MELJE-DO-ZLEVANKE.pdf\">2. Preko vode, melje do zlevanke<\/a><a href=\"https:\/\/aem.hr\/wp-content\/uploads\/2023\/11\/2.-PREKO-VODE-MELJE-DO-ZLEVANKE.pdf\" class=\"wp-block-file__button wp-element-button\" download aria-describedby=\"wp-block-file--media-937c6596-b202-4e77-a9bd-09f06d52441e\">Preuzimanje<\/a><\/div>\n\n\n\n<div class=\"wp-block-file\"><a id=\"wp-block-file--media-45d25e0a-5e1f-4c1f-954a-f839fd251306\" href=\"https:\/\/aem.hr\/wp-content\/uploads\/2023\/11\/3.-MLADI-KOVAC-IVAN-MLINAR-IZRADUJE.pdf\">3. Mladi kova\u010d ivan mlinar izra\u0111uje<\/a><a href=\"https:\/\/aem.hr\/wp-content\/uploads\/2023\/11\/3.-MLADI-KOVAC-IVAN-MLINAR-IZRADUJE.pdf\" class=\"wp-block-file__button wp-element-button\" download aria-describedby=\"wp-block-file--media-45d25e0a-5e1f-4c1f-954a-f839fd251306\">Preuzimanje<\/a><\/div>\n\n\n\n<div class=\"wp-block-file\"><a id=\"wp-block-file--media-8a945b8e-3b6c-4c5f-8111-da5a4dab5db1\" href=\"https:\/\/aem.hr\/wp-content\/uploads\/2023\/11\/4.-OD-SIBE-DO-KOSARE-DEMIZONKE-I-PUTRICE.pdf\">4. Od \u0161ibe do ko\u0161are, demi\u017eonke i putrice<\/a><a href=\"https:\/\/aem.hr\/wp-content\/uploads\/2023\/11\/4.-OD-SIBE-DO-KOSARE-DEMIZONKE-I-PUTRICE.pdf\" class=\"wp-block-file__button wp-element-button\" download aria-describedby=\"wp-block-file--media-8a945b8e-3b6c-4c5f-8111-da5a4dab5db1\">Preuzimanje<\/a><\/div>\n\n\n\n<div class=\"wp-block-file\"><a id=\"wp-block-file--media-5c4fa05f-d72c-48b7-abb8-4c6e4e1f7e64\" href=\"https:\/\/aem.hr\/wp-content\/uploads\/2023\/11\/5.-SKOLOVAO-SE-U-AMERICI-DA-BI-POSTAO.pdf\">5. \u0160kolovao se u americi, da bi postao<\/a><a href=\"https:\/\/aem.hr\/wp-content\/uploads\/2023\/11\/5.-SKOLOVAO-SE-U-AMERICI-DA-BI-POSTAO.pdf\" class=\"wp-block-file__button wp-element-button\" download aria-describedby=\"wp-block-file--media-5c4fa05f-d72c-48b7-abb8-4c6e4e1f7e64\">Preuzimanje<\/a><\/div>\n","protected":false},"excerpt":{"rendered":"","protected":false},"author":18,"featured_media":0,"parent":0,"menu_order":0,"comment_status":"closed","ping_status":"closed","template":"","meta":{"_acf_changed":false,"inline_featured_image":false,"advgb_blocks_editor_width":"","advgb_blocks_columns_visual_guide":"","_links_to":"","_links_to_type":0,"footnotes":""},"class_list":["post-17439","page","type-page","status-publish","hentry"],"acf":[],"yoast_head":"<!-- This site is optimized with the Yoast SEO plugin v25.7 - https:\/\/yoast.com\/wordpress\/plugins\/seo\/ -->\n<title>Dra\u017een \u0160emov\u010dan - &quot;stari zanati&quot; - Agencija za elektroni\u010dke medije<\/title>\n<meta name=\"robots\" content=\"index, follow, max-snippet:-1, max-image-preview:large, max-video-preview:-1\" \/>\n<link rel=\"canonical\" href=\"https:\/\/aem.hr\/drazen-semovcan-stari-zanati\/\" \/>\n<meta property=\"og:locale\" content=\"en_US\" \/>\n<meta property=\"og:type\" content=\"article\" \/>\n<meta property=\"og:title\" content=\"Dra\u017een \u0160emov\u010dan - &quot;stari zanati&quot; - Agencija za elektroni\u010dke medije\" \/>\n<meta property=\"og:url\" content=\"https:\/\/aem.hr\/drazen-semovcan-stari-zanati\/\" \/>\n<meta property=\"og:site_name\" content=\"Agencija za elektroni\u010dke medije\" \/>\n<meta property=\"article:modified_time\" content=\"2023-11-06T10:11:38+00:00\" \/>\n<meta name=\"twitter:card\" content=\"summary_large_image\" \/>\n<meta name=\"twitter:label1\" content=\"Est. reading time\" \/>\n\t<meta name=\"twitter:data1\" content=\"1 minute\" \/>\n<script type=\"application\/ld+json\" class=\"yoast-schema-graph\">{\"@context\":\"https:\/\/schema.org\",\"@graph\":[{\"@type\":\"WebPage\",\"@id\":\"https:\/\/aem.hr\/drazen-semovcan-stari-zanati\/\",\"url\":\"https:\/\/aem.hr\/drazen-semovcan-stari-zanati\/\",\"name\":\"Dra\u017een \u0160emov\u010dan - \\\"stari zanati\\\" - Agencija za elektroni\u010dke medije\",\"isPartOf\":{\"@id\":\"https:\/\/aem.hr\/#website\"},\"datePublished\":\"2023-11-06T10:11:37+00:00\",\"dateModified\":\"2023-11-06T10:11:38+00:00\",\"breadcrumb\":{\"@id\":\"https:\/\/aem.hr\/drazen-semovcan-stari-zanati\/#breadcrumb\"},\"inLanguage\":\"en-US\",\"potentialAction\":[{\"@type\":\"ReadAction\",\"target\":[\"https:\/\/aem.hr\/drazen-semovcan-stari-zanati\/\"]}]},{\"@type\":\"BreadcrumbList\",\"@id\":\"https:\/\/aem.hr\/drazen-semovcan-stari-zanati\/#breadcrumb\",\"itemListElement\":[{\"@type\":\"ListItem\",\"position\":1,\"name\":\"Po\u010detna stranica\",\"item\":\"https:\/\/aem.hr\/\"},{\"@type\":\"ListItem\",\"position\":2,\"name\":\"Dra\u017een \u0160emov\u010dan &#8211; &#8220;stari zanati&#8221;\"}]},{\"@type\":\"WebSite\",\"@id\":\"https:\/\/aem.hr\/#website\",\"url\":\"https:\/\/aem.hr\/\",\"name\":\"Agencija za elektroni\u010dke medije\",\"description\":\"\",\"potentialAction\":[{\"@type\":\"SearchAction\",\"target\":{\"@type\":\"EntryPoint\",\"urlTemplate\":\"https:\/\/aem.hr\/?s={search_term_string}\"},\"query-input\":{\"@type\":\"PropertyValueSpecification\",\"valueRequired\":true,\"valueName\":\"search_term_string\"}}],\"inLanguage\":\"en-US\"}]}<\/script>\n<!-- \/ Yoast SEO plugin. -->","yoast_head_json":{"title":"Dra\u017een \u0160emov\u010dan - \"stari zanati\" - Agencija za elektroni\u010dke medije","robots":{"index":"index","follow":"follow","max-snippet":"max-snippet:-1","max-image-preview":"max-image-preview:large","max-video-preview":"max-video-preview:-1"},"canonical":"https:\/\/aem.hr\/drazen-semovcan-stari-zanati\/","og_locale":"en_US","og_type":"article","og_title":"Dra\u017een \u0160emov\u010dan - \"stari zanati\" - Agencija za elektroni\u010dke medije","og_url":"https:\/\/aem.hr\/drazen-semovcan-stari-zanati\/","og_site_name":"Agencija za elektroni\u010dke medije","article_modified_time":"2023-11-06T10:11:38+00:00","twitter_card":"summary_large_image","twitter_misc":{"Est. reading time":"1 minute"},"schema":{"@context":"https:\/\/schema.org","@graph":[{"@type":"WebPage","@id":"https:\/\/aem.hr\/drazen-semovcan-stari-zanati\/","url":"https:\/\/aem.hr\/drazen-semovcan-stari-zanati\/","name":"Dra\u017een \u0160emov\u010dan - \"stari zanati\" - Agencija za elektroni\u010dke medije","isPartOf":{"@id":"https:\/\/aem.hr\/#website"},"datePublished":"2023-11-06T10:11:37+00:00","dateModified":"2023-11-06T10:11:38+00:00","breadcrumb":{"@id":"https:\/\/aem.hr\/drazen-semovcan-stari-zanati\/#breadcrumb"},"inLanguage":"en-US","potentialAction":[{"@type":"ReadAction","target":["https:\/\/aem.hr\/drazen-semovcan-stari-zanati\/"]}]},{"@type":"BreadcrumbList","@id":"https:\/\/aem.hr\/drazen-semovcan-stari-zanati\/#breadcrumb","itemListElement":[{"@type":"ListItem","position":1,"name":"Po\u010detna stranica","item":"https:\/\/aem.hr\/"},{"@type":"ListItem","position":2,"name":"Dra\u017een \u0160emov\u010dan &#8211; &#8220;stari zanati&#8221;"}]},{"@type":"WebSite","@id":"https:\/\/aem.hr\/#website","url":"https:\/\/aem.hr\/","name":"Agencija za elektroni\u010dke medije","description":"","potentialAction":[{"@type":"SearchAction","target":{"@type":"EntryPoint","urlTemplate":"https:\/\/aem.hr\/?s={search_term_string}"},"query-input":{"@type":"PropertyValueSpecification","valueRequired":true,"valueName":"search_term_string"}}],"inLanguage":"en-US"}]}},"coauthors":[],"author_meta":{"author_link":"https:\/\/aem.hr\/en\/blog\/author\/mkirac\/","display_name":"Matko Kirac"},"relative_dates":{"created":"Posted 2 years ago","modified":"Updated 2 years ago"},"absolute_dates":{"created":"Posted on 6. November 2023.","modified":"Updated on 6. November 2023."},"absolute_dates_time":{"created":"Posted on 6. November 2023. 11:11","modified":"Updated on 6. November 2023. 11:11"},"featured_img_caption":"","featured_img":false,"series_order":"","_links":{"self":[{"href":"https:\/\/aem.hr\/en\/wp-json\/wp\/v2\/pages\/17439","targetHints":{"allow":["GET"]}}],"collection":[{"href":"https:\/\/aem.hr\/en\/wp-json\/wp\/v2\/pages"}],"about":[{"href":"https:\/\/aem.hr\/en\/wp-json\/wp\/v2\/types\/page"}],"author":[{"embeddable":true,"href":"https:\/\/aem.hr\/en\/wp-json\/wp\/v2\/users\/18"}],"replies":[{"embeddable":true,"href":"https:\/\/aem.hr\/en\/wp-json\/wp\/v2\/comments?post=17439"}],"version-history":[{"count":1,"href":"https:\/\/aem.hr\/en\/wp-json\/wp\/v2\/pages\/17439\/revisions"}],"predecessor-version":[{"id":17451,"href":"https:\/\/aem.hr\/en\/wp-json\/wp\/v2\/pages\/17439\/revisions\/17451"}],"wp:attachment":[{"href":"https:\/\/aem.hr\/en\/wp-json\/wp\/v2\/media?parent=17439"}],"curies":[{"name":"wp","href":"https:\/\/api.w.org\/{rel}","templated":true}]}}