{"id":17465,"date":"2023-11-06T11:27:57","date_gmt":"2023-11-06T10:27:57","guid":{"rendered":"http:\/\/aem.hr\/?page_id=17465"},"modified":"2023-11-06T11:27:57","modified_gmt":"2023-11-06T10:27:57","slug":"selma-pezerovic-ka-ethosu-jednakosti-teoloske-refleksije-zenski-glasovi","status":"publish","type":"page","link":"https:\/\/aem.hr\/en\/selma-pezerovic-ka-ethosu-jednakosti-teoloske-refleksije-zenski-glasovi\/","title":{"rendered":"Selma Pezerovi\u0107 &#8211; Ka ethosu jednakosti: Teolo\u0161ke refleksije, \u017eenski glasovi"},"content":{"rendered":"\n<div class=\"wp-block-file\"><a id=\"wp-block-file--media-8a1318a0-8568-4e81-9659-37f0ebc1553f\" href=\"https:\/\/aem.hr\/wp-content\/uploads\/2023\/11\/1.-Aneta-Jovkovska_-Pitanje-tradicije-od-sredisnje.pdf\">1. Aneta Jovkovska_ Pitanje tradicije od sredi\u0161nje<\/a><a href=\"https:\/\/aem.hr\/wp-content\/uploads\/2023\/11\/1.-Aneta-Jovkovska_-Pitanje-tradicije-od-sredisnje.pdf\" class=\"wp-block-file__button wp-element-button\" download aria-describedby=\"wp-block-file--media-8a1318a0-8568-4e81-9659-37f0ebc1553f\">Preuzimanje<\/a><\/div>\n\n\n\n<div class=\"wp-block-file\"><a id=\"wp-block-file--media-3fed34aa-dd86-44e9-ab6c-afb85ce28bc5\" href=\"https:\/\/aem.hr\/wp-content\/uploads\/2023\/11\/2.-Anna-Maria-Gruenfelder_-Feministicka-je-teologija.pdf\">2. Anna Maria Gruenfelder_ Feministi\u010dka je teologija<\/a><a href=\"https:\/\/aem.hr\/wp-content\/uploads\/2023\/11\/2.-Anna-Maria-Gruenfelder_-Feministicka-je-teologija.pdf\" class=\"wp-block-file__button wp-element-button\" download aria-describedby=\"wp-block-file--media-3fed34aa-dd86-44e9-ab6c-afb85ce28bc5\">Preuzimanje<\/a><\/div>\n\n\n\n<div class=\"wp-block-file\"><a id=\"wp-block-file--media-c7678265-f744-42fc-84e4-4beac049586c\" href=\"https:\/\/aem.hr\/wp-content\/uploads\/2023\/11\/3.-Ksenija-Magda_-Zenama-u-teolosko-akademskim.pdf\">3. Ksenija Magda_ \u017denama u teolo\u0161ko-akademskim<\/a><a href=\"https:\/\/aem.hr\/wp-content\/uploads\/2023\/11\/3.-Ksenija-Magda_-Zenama-u-teolosko-akademskim.pdf\" class=\"wp-block-file__button wp-element-button\" download aria-describedby=\"wp-block-file--media-c7678265-f744-42fc-84e4-4beac049586c\">Preuzimanje<\/a><\/div>\n\n\n\n<div class=\"wp-block-file\"><a id=\"wp-block-file--media-9644ee7a-ea86-4860-98c1-b04285e66d99\" href=\"https:\/\/aem.hr\/wp-content\/uploads\/2023\/11\/4.-Svenka-Savic_-Sveti-tekst-podjednako-je.pdf\">4. Svenka Savi\u0107_ Sveti tekst podjednako je<\/a><a href=\"https:\/\/aem.hr\/wp-content\/uploads\/2023\/11\/4.-Svenka-Savic_-Sveti-tekst-podjednako-je.pdf\" class=\"wp-block-file__button wp-element-button\" download aria-describedby=\"wp-block-file--media-9644ee7a-ea86-4860-98c1-b04285e66d99\">Preuzimanje<\/a><\/div>\n\n\n\n<div class=\"wp-block-file\"><a id=\"wp-block-file--media-c07654ac-c570-413d-ac9a-5a2323d3af06\" href=\"https:\/\/aem.hr\/wp-content\/uploads\/2023\/11\/5.-Zilka-Spahic-Siljak_-Rad-sa-zenama-zrtvama.pdf\">5. Zilka Spahi\u0107 \u0160iljak_ Rad sa \u017eenama \u017ertvama<\/a><a href=\"https:\/\/aem.hr\/wp-content\/uploads\/2023\/11\/5.-Zilka-Spahic-Siljak_-Rad-sa-zenama-zrtvama.pdf\" class=\"wp-block-file__button wp-element-button\" download aria-describedby=\"wp-block-file--media-c07654ac-c570-413d-ac9a-5a2323d3af06\">Preuzimanje<\/a><\/div>\n","protected":false},"excerpt":{"rendered":"","protected":false},"author":18,"featured_media":0,"parent":0,"menu_order":0,"comment_status":"closed","ping_status":"closed","template":"","meta":{"_acf_changed":false,"inline_featured_image":false,"advgb_blocks_editor_width":"","advgb_blocks_columns_visual_guide":"","_links_to":"","_links_to_type":0,"footnotes":""},"class_list":["post-17465","page","type-page","status-publish","hentry"],"acf":[],"yoast_head":"<!-- This site is optimized with the Yoast SEO plugin v25.7 - https:\/\/yoast.com\/wordpress\/plugins\/seo\/ -->\n<title>Selma Pezerovi\u0107 - Ka ethosu jednakosti: Teolo\u0161ke refleksije, \u017eenski glasovi - Agencija za elektroni\u010dke medije<\/title>\n<meta name=\"robots\" content=\"index, follow, max-snippet:-1, max-image-preview:large, max-video-preview:-1\" \/>\n<link rel=\"canonical\" href=\"https:\/\/aem.hr\/en\/selma-pezerovic-ka-ethosu-jednakosti-teoloske-refleksije-zenski-glasovi\/\" \/>\n<meta property=\"og:locale\" content=\"en_US\" \/>\n<meta property=\"og:type\" content=\"article\" \/>\n<meta property=\"og:title\" content=\"Selma Pezerovi\u0107 - Ka ethosu jednakosti: Teolo\u0161ke refleksije, \u017eenski glasovi - Agencija za elektroni\u010dke medije\" \/>\n<meta property=\"og:url\" content=\"https:\/\/aem.hr\/en\/selma-pezerovic-ka-ethosu-jednakosti-teoloske-refleksije-zenski-glasovi\/\" \/>\n<meta property=\"og:site_name\" content=\"Agencija za elektroni\u010dke medije\" \/>\n<meta name=\"twitter:card\" content=\"summary_large_image\" \/>\n<meta name=\"twitter:label1\" content=\"Est. reading time\" \/>\n\t<meta name=\"twitter:data1\" content=\"1 minute\" \/>\n<script type=\"application\/ld+json\" class=\"yoast-schema-graph\">{\"@context\":\"https:\/\/schema.org\",\"@graph\":[{\"@type\":\"WebPage\",\"@id\":\"https:\/\/aem.hr\/en\/selma-pezerovic-ka-ethosu-jednakosti-teoloske-refleksije-zenski-glasovi\/\",\"url\":\"https:\/\/aem.hr\/en\/selma-pezerovic-ka-ethosu-jednakosti-teoloske-refleksije-zenski-glasovi\/\",\"name\":\"Selma Pezerovi\u0107 - Ka ethosu jednakosti: Teolo\u0161ke refleksije, \u017eenski glasovi - Agencija za elektroni\u010dke medije\",\"isPartOf\":{\"@id\":\"https:\/\/aem.hr\/#website\"},\"datePublished\":\"2023-11-06T10:27:57+00:00\",\"breadcrumb\":{\"@id\":\"https:\/\/aem.hr\/en\/selma-pezerovic-ka-ethosu-jednakosti-teoloske-refleksije-zenski-glasovi\/#breadcrumb\"},\"inLanguage\":\"en-US\",\"potentialAction\":[{\"@type\":\"ReadAction\",\"target\":[\"https:\/\/aem.hr\/en\/selma-pezerovic-ka-ethosu-jednakosti-teoloske-refleksije-zenski-glasovi\/\"]}]},{\"@type\":\"BreadcrumbList\",\"@id\":\"https:\/\/aem.hr\/en\/selma-pezerovic-ka-ethosu-jednakosti-teoloske-refleksije-zenski-glasovi\/#breadcrumb\",\"itemListElement\":[{\"@type\":\"ListItem\",\"position\":1,\"name\":\"Po\u010detna stranica\",\"item\":\"https:\/\/aem.hr\/\"},{\"@type\":\"ListItem\",\"position\":2,\"name\":\"Selma Pezerovi\u0107 &#8211; Ka ethosu jednakosti: Teolo\u0161ke refleksije, \u017eenski glasovi\"}]},{\"@type\":\"WebSite\",\"@id\":\"https:\/\/aem.hr\/#website\",\"url\":\"https:\/\/aem.hr\/\",\"name\":\"Agencija za elektroni\u010dke medije\",\"description\":\"\",\"potentialAction\":[{\"@type\":\"SearchAction\",\"target\":{\"@type\":\"EntryPoint\",\"urlTemplate\":\"https:\/\/aem.hr\/?s={search_term_string}\"},\"query-input\":{\"@type\":\"PropertyValueSpecification\",\"valueRequired\":true,\"valueName\":\"search_term_string\"}}],\"inLanguage\":\"en-US\"}]}<\/script>\n<!-- \/ Yoast SEO plugin. -->","yoast_head_json":{"title":"Selma Pezerovi\u0107 - Ka ethosu jednakosti: Teolo\u0161ke refleksije, \u017eenski glasovi - Agencija za elektroni\u010dke medije","robots":{"index":"index","follow":"follow","max-snippet":"max-snippet:-1","max-image-preview":"max-image-preview:large","max-video-preview":"max-video-preview:-1"},"canonical":"https:\/\/aem.hr\/en\/selma-pezerovic-ka-ethosu-jednakosti-teoloske-refleksije-zenski-glasovi\/","og_locale":"en_US","og_type":"article","og_title":"Selma Pezerovi\u0107 - Ka ethosu jednakosti: Teolo\u0161ke refleksije, \u017eenski glasovi - Agencija za elektroni\u010dke medije","og_url":"https:\/\/aem.hr\/en\/selma-pezerovic-ka-ethosu-jednakosti-teoloske-refleksije-zenski-glasovi\/","og_site_name":"Agencija za elektroni\u010dke medije","twitter_card":"summary_large_image","twitter_misc":{"Est. reading time":"1 minute"},"schema":{"@context":"https:\/\/schema.org","@graph":[{"@type":"WebPage","@id":"https:\/\/aem.hr\/en\/selma-pezerovic-ka-ethosu-jednakosti-teoloske-refleksije-zenski-glasovi\/","url":"https:\/\/aem.hr\/en\/selma-pezerovic-ka-ethosu-jednakosti-teoloske-refleksije-zenski-glasovi\/","name":"Selma Pezerovi\u0107 - Ka ethosu jednakosti: Teolo\u0161ke refleksije, \u017eenski glasovi - Agencija za elektroni\u010dke medije","isPartOf":{"@id":"https:\/\/aem.hr\/#website"},"datePublished":"2023-11-06T10:27:57+00:00","breadcrumb":{"@id":"https:\/\/aem.hr\/en\/selma-pezerovic-ka-ethosu-jednakosti-teoloske-refleksije-zenski-glasovi\/#breadcrumb"},"inLanguage":"en-US","potentialAction":[{"@type":"ReadAction","target":["https:\/\/aem.hr\/en\/selma-pezerovic-ka-ethosu-jednakosti-teoloske-refleksije-zenski-glasovi\/"]}]},{"@type":"BreadcrumbList","@id":"https:\/\/aem.hr\/en\/selma-pezerovic-ka-ethosu-jednakosti-teoloske-refleksije-zenski-glasovi\/#breadcrumb","itemListElement":[{"@type":"ListItem","position":1,"name":"Po\u010detna stranica","item":"https:\/\/aem.hr\/"},{"@type":"ListItem","position":2,"name":"Selma Pezerovi\u0107 &#8211; Ka ethosu jednakosti: Teolo\u0161ke refleksije, \u017eenski glasovi"}]},{"@type":"WebSite","@id":"https:\/\/aem.hr\/#website","url":"https:\/\/aem.hr\/","name":"Agencija za elektroni\u010dke medije","description":"","potentialAction":[{"@type":"SearchAction","target":{"@type":"EntryPoint","urlTemplate":"https:\/\/aem.hr\/?s={search_term_string}"},"query-input":{"@type":"PropertyValueSpecification","valueRequired":true,"valueName":"search_term_string"}}],"inLanguage":"en-US"}]}},"coauthors":[],"author_meta":{"author_link":"https:\/\/aem.hr\/en\/blog\/author\/mkirac\/","display_name":"Matko Kirac"},"relative_dates":{"created":"Posted 2 years ago","modified":"Updated 2 years ago"},"absolute_dates":{"created":"Posted on 6. November 2023.","modified":"Updated on 6. November 2023."},"absolute_dates_time":{"created":"Posted on 6. November 2023. 11:27","modified":"Updated on 6. November 2023. 11:27"},"featured_img_caption":"","featured_img":false,"series_order":"","_links":{"self":[{"href":"https:\/\/aem.hr\/en\/wp-json\/wp\/v2\/pages\/17465","targetHints":{"allow":["GET"]}}],"collection":[{"href":"https:\/\/aem.hr\/en\/wp-json\/wp\/v2\/pages"}],"about":[{"href":"https:\/\/aem.hr\/en\/wp-json\/wp\/v2\/types\/page"}],"author":[{"embeddable":true,"href":"https:\/\/aem.hr\/en\/wp-json\/wp\/v2\/users\/18"}],"replies":[{"embeddable":true,"href":"https:\/\/aem.hr\/en\/wp-json\/wp\/v2\/comments?post=17465"}],"version-history":[{"count":1,"href":"https:\/\/aem.hr\/en\/wp-json\/wp\/v2\/pages\/17465\/revisions"}],"predecessor-version":[{"id":17480,"href":"https:\/\/aem.hr\/en\/wp-json\/wp\/v2\/pages\/17465\/revisions\/17480"}],"wp:attachment":[{"href":"https:\/\/aem.hr\/en\/wp-json\/wp\/v2\/media?parent=17465"}],"curies":[{"name":"wp","href":"https:\/\/api.w.org\/{rel}","templated":true}]}}