{"id":17482,"date":"2023-11-06T11:30:19","date_gmt":"2023-11-06T10:30:19","guid":{"rendered":"http:\/\/aem.hr\/?page_id=17482"},"modified":"2023-11-06T11:30:20","modified_gmt":"2023-11-06T10:30:20","slug":"tomislav-sovagovic-skitnje-novoga-iverja","status":"publish","type":"page","link":"https:\/\/aem.hr\/en\/tomislav-sovagovic-skitnje-novoga-iverja\/","title":{"rendered":"Tomislav \u0160ovagovi\u0107 &#8211; Skitnje novoga iverja"},"content":{"rendered":"\n<div class=\"wp-block-file\"><a id=\"wp-block-file--media-02fec1c5-0305-414d-a3ac-8c0bc34b024c\" href=\"https:\/\/aem.hr\/wp-content\/uploads\/2023\/11\/1.-Skitnje-novoga-iverja-1.pdf\">1. Skitnje novoga iverja (1)<\/a><a href=\"https:\/\/aem.hr\/wp-content\/uploads\/2023\/11\/1.-Skitnje-novoga-iverja-1.pdf\" class=\"wp-block-file__button wp-element-button\" download aria-describedby=\"wp-block-file--media-02fec1c5-0305-414d-a3ac-8c0bc34b024c\">Preuzimanje<\/a><\/div>\n\n\n\n<div class=\"wp-block-file\"><a id=\"wp-block-file--media-c4b9013f-c357-434e-b7ee-599fdc8e4d60\" href=\"https:\/\/aem.hr\/wp-content\/uploads\/2023\/11\/2.-Skitnje-novoga-iverja-2.pdf\">2. Skitnje novoga iverja (2)<\/a><a href=\"https:\/\/aem.hr\/wp-content\/uploads\/2023\/11\/2.-Skitnje-novoga-iverja-2.pdf\" class=\"wp-block-file__button wp-element-button\" download aria-describedby=\"wp-block-file--media-c4b9013f-c357-434e-b7ee-599fdc8e4d60\">Preuzimanje<\/a><\/div>\n\n\n\n<div class=\"wp-block-file\"><a id=\"wp-block-file--media-fc69ad7f-a98c-4245-b453-7fa131a7cdf9\" href=\"https:\/\/aem.hr\/wp-content\/uploads\/2023\/11\/3.-Skitnje-novoga-iverja-3.pdf\">3. Skitnje novoga iverja (3)<\/a><a href=\"https:\/\/aem.hr\/wp-content\/uploads\/2023\/11\/3.-Skitnje-novoga-iverja-3.pdf\" class=\"wp-block-file__button wp-element-button\" download aria-describedby=\"wp-block-file--media-fc69ad7f-a98c-4245-b453-7fa131a7cdf9\">Preuzimanje<\/a><\/div>\n\n\n\n<div class=\"wp-block-file\"><a id=\"wp-block-file--media-51e7e47e-dc63-4a60-b262-e3c092fb6f37\" href=\"https:\/\/aem.hr\/wp-content\/uploads\/2023\/11\/4.-Skitnje-novoga-iverja-4.pdf\">4. Skitnje novoga iverja (4)<\/a><a href=\"https:\/\/aem.hr\/wp-content\/uploads\/2023\/11\/4.-Skitnje-novoga-iverja-4.pdf\" class=\"wp-block-file__button wp-element-button\" download aria-describedby=\"wp-block-file--media-51e7e47e-dc63-4a60-b262-e3c092fb6f37\">Preuzimanje<\/a><\/div>\n\n\n\n<div class=\"wp-block-file\"><a id=\"wp-block-file--media-c5d35ebf-b104-4126-985e-243384e09a4e\" href=\"https:\/\/aem.hr\/wp-content\/uploads\/2023\/11\/5.-Skitnje-novoga-iverja-5.pdf\">5. Skitnje novoga iverja (5)<\/a><a href=\"https:\/\/aem.hr\/wp-content\/uploads\/2023\/11\/5.-Skitnje-novoga-iverja-5.pdf\" class=\"wp-block-file__button wp-element-button\" download aria-describedby=\"wp-block-file--media-c5d35ebf-b104-4126-985e-243384e09a4e\">Preuzimanje<\/a><\/div>\n\n\n\n<div class=\"wp-block-file\"><a id=\"wp-block-file--media-fe4a7783-be02-401e-8a96-e33efdef6856\" href=\"https:\/\/aem.hr\/wp-content\/uploads\/2023\/11\/6.-Skitnje-novoga-iverja-6.pdf\">6. Skitnje novoga iverja (6)<\/a><a href=\"https:\/\/aem.hr\/wp-content\/uploads\/2023\/11\/6.-Skitnje-novoga-iverja-6.pdf\" class=\"wp-block-file__button wp-element-button\" download aria-describedby=\"wp-block-file--media-fe4a7783-be02-401e-8a96-e33efdef6856\">Preuzimanje<\/a><\/div>\n\n\n\n<div class=\"wp-block-file\"><a id=\"wp-block-file--media-9f724566-59fc-4ba1-8981-bb863b5728f5\" href=\"https:\/\/aem.hr\/wp-content\/uploads\/2023\/11\/7.-Skitnje-novoga-iverja-7.pdf\">7. Skitnje novoga iverja (7)<\/a><a href=\"https:\/\/aem.hr\/wp-content\/uploads\/2023\/11\/7.-Skitnje-novoga-iverja-7.pdf\" class=\"wp-block-file__button wp-element-button\" download aria-describedby=\"wp-block-file--media-9f724566-59fc-4ba1-8981-bb863b5728f5\">Preuzimanje<\/a><\/div>\n\n\n\n<div class=\"wp-block-file\"><a id=\"wp-block-file--media-a8e0e424-6d36-401c-9851-2489fbc22924\" href=\"https:\/\/aem.hr\/wp-content\/uploads\/2023\/11\/8.-Skitnje-novoga-iverja-8.pdf\">8. Skitnje novoga iverja (8)<\/a><a href=\"https:\/\/aem.hr\/wp-content\/uploads\/2023\/11\/8.-Skitnje-novoga-iverja-8.pdf\" class=\"wp-block-file__button wp-element-button\" download aria-describedby=\"wp-block-file--media-a8e0e424-6d36-401c-9851-2489fbc22924\">Preuzimanje<\/a><\/div>\n","protected":false},"excerpt":{"rendered":"","protected":false},"author":18,"featured_media":0,"parent":0,"menu_order":0,"comment_status":"closed","ping_status":"closed","template":"","meta":{"_acf_changed":false,"inline_featured_image":false,"advgb_blocks_editor_width":"","advgb_blocks_columns_visual_guide":"","_links_to":"","_links_to_type":0,"footnotes":""},"class_list":["post-17482","page","type-page","status-publish","hentry"],"acf":[],"yoast_head":"<!-- This site is optimized with the Yoast SEO plugin v25.7 - https:\/\/yoast.com\/wordpress\/plugins\/seo\/ -->\n<title>Tomislav \u0160ovagovi\u0107 - Skitnje novoga iverja - Agencija za elektroni\u010dke medije<\/title>\n<meta name=\"robots\" content=\"index, follow, max-snippet:-1, max-image-preview:large, max-video-preview:-1\" \/>\n<link rel=\"canonical\" href=\"https:\/\/aem.hr\/tomislav-sovagovic-skitnje-novoga-iverja\/\" \/>\n<meta property=\"og:locale\" content=\"en_US\" \/>\n<meta property=\"og:type\" content=\"article\" \/>\n<meta property=\"og:title\" content=\"Tomislav \u0160ovagovi\u0107 - Skitnje novoga iverja - Agencija za elektroni\u010dke medije\" \/>\n<meta property=\"og:url\" content=\"https:\/\/aem.hr\/tomislav-sovagovic-skitnje-novoga-iverja\/\" \/>\n<meta property=\"og:site_name\" content=\"Agencija za elektroni\u010dke medije\" \/>\n<meta property=\"article:modified_time\" content=\"2023-11-06T10:30:20+00:00\" \/>\n<meta name=\"twitter:card\" content=\"summary_large_image\" \/>\n<meta name=\"twitter:label1\" content=\"Est. reading time\" \/>\n\t<meta name=\"twitter:data1\" content=\"1 minute\" \/>\n<script type=\"application\/ld+json\" class=\"yoast-schema-graph\">{\"@context\":\"https:\/\/schema.org\",\"@graph\":[{\"@type\":\"WebPage\",\"@id\":\"https:\/\/aem.hr\/tomislav-sovagovic-skitnje-novoga-iverja\/\",\"url\":\"https:\/\/aem.hr\/tomislav-sovagovic-skitnje-novoga-iverja\/\",\"name\":\"Tomislav \u0160ovagovi\u0107 - Skitnje novoga iverja - Agencija za elektroni\u010dke medije\",\"isPartOf\":{\"@id\":\"https:\/\/aem.hr\/#website\"},\"datePublished\":\"2023-11-06T10:30:19+00:00\",\"dateModified\":\"2023-11-06T10:30:20+00:00\",\"breadcrumb\":{\"@id\":\"https:\/\/aem.hr\/tomislav-sovagovic-skitnje-novoga-iverja\/#breadcrumb\"},\"inLanguage\":\"en-US\",\"potentialAction\":[{\"@type\":\"ReadAction\",\"target\":[\"https:\/\/aem.hr\/tomislav-sovagovic-skitnje-novoga-iverja\/\"]}]},{\"@type\":\"BreadcrumbList\",\"@id\":\"https:\/\/aem.hr\/tomislav-sovagovic-skitnje-novoga-iverja\/#breadcrumb\",\"itemListElement\":[{\"@type\":\"ListItem\",\"position\":1,\"name\":\"Po\u010detna stranica\",\"item\":\"https:\/\/aem.hr\/\"},{\"@type\":\"ListItem\",\"position\":2,\"name\":\"Tomislav \u0160ovagovi\u0107 &#8211; Skitnje novoga iverja\"}]},{\"@type\":\"WebSite\",\"@id\":\"https:\/\/aem.hr\/#website\",\"url\":\"https:\/\/aem.hr\/\",\"name\":\"Agencija za elektroni\u010dke medije\",\"description\":\"\",\"potentialAction\":[{\"@type\":\"SearchAction\",\"target\":{\"@type\":\"EntryPoint\",\"urlTemplate\":\"https:\/\/aem.hr\/?s={search_term_string}\"},\"query-input\":{\"@type\":\"PropertyValueSpecification\",\"valueRequired\":true,\"valueName\":\"search_term_string\"}}],\"inLanguage\":\"en-US\"}]}<\/script>\n<!-- \/ Yoast SEO plugin. -->","yoast_head_json":{"title":"Tomislav \u0160ovagovi\u0107 - Skitnje novoga iverja - Agencija za elektroni\u010dke medije","robots":{"index":"index","follow":"follow","max-snippet":"max-snippet:-1","max-image-preview":"max-image-preview:large","max-video-preview":"max-video-preview:-1"},"canonical":"https:\/\/aem.hr\/tomislav-sovagovic-skitnje-novoga-iverja\/","og_locale":"en_US","og_type":"article","og_title":"Tomislav \u0160ovagovi\u0107 - Skitnje novoga iverja - Agencija za elektroni\u010dke medije","og_url":"https:\/\/aem.hr\/tomislav-sovagovic-skitnje-novoga-iverja\/","og_site_name":"Agencija za elektroni\u010dke medije","article_modified_time":"2023-11-06T10:30:20+00:00","twitter_card":"summary_large_image","twitter_misc":{"Est. reading time":"1 minute"},"schema":{"@context":"https:\/\/schema.org","@graph":[{"@type":"WebPage","@id":"https:\/\/aem.hr\/tomislav-sovagovic-skitnje-novoga-iverja\/","url":"https:\/\/aem.hr\/tomislav-sovagovic-skitnje-novoga-iverja\/","name":"Tomislav \u0160ovagovi\u0107 - Skitnje novoga iverja - Agencija za elektroni\u010dke medije","isPartOf":{"@id":"https:\/\/aem.hr\/#website"},"datePublished":"2023-11-06T10:30:19+00:00","dateModified":"2023-11-06T10:30:20+00:00","breadcrumb":{"@id":"https:\/\/aem.hr\/tomislav-sovagovic-skitnje-novoga-iverja\/#breadcrumb"},"inLanguage":"en-US","potentialAction":[{"@type":"ReadAction","target":["https:\/\/aem.hr\/tomislav-sovagovic-skitnje-novoga-iverja\/"]}]},{"@type":"BreadcrumbList","@id":"https:\/\/aem.hr\/tomislav-sovagovic-skitnje-novoga-iverja\/#breadcrumb","itemListElement":[{"@type":"ListItem","position":1,"name":"Po\u010detna stranica","item":"https:\/\/aem.hr\/"},{"@type":"ListItem","position":2,"name":"Tomislav \u0160ovagovi\u0107 &#8211; Skitnje novoga iverja"}]},{"@type":"WebSite","@id":"https:\/\/aem.hr\/#website","url":"https:\/\/aem.hr\/","name":"Agencija za elektroni\u010dke medije","description":"","potentialAction":[{"@type":"SearchAction","target":{"@type":"EntryPoint","urlTemplate":"https:\/\/aem.hr\/?s={search_term_string}"},"query-input":{"@type":"PropertyValueSpecification","valueRequired":true,"valueName":"search_term_string"}}],"inLanguage":"en-US"}]}},"coauthors":[],"author_meta":{"author_link":"https:\/\/aem.hr\/en\/blog\/author\/mkirac\/","display_name":"Matko Kirac"},"relative_dates":{"created":"Posted 2 years ago","modified":"Updated 2 years ago"},"absolute_dates":{"created":"Posted on 6. November 2023.","modified":"Updated on 6. November 2023."},"absolute_dates_time":{"created":"Posted on 6. November 2023. 11:30","modified":"Updated on 6. November 2023. 11:30"},"featured_img_caption":"","featured_img":false,"series_order":"","_links":{"self":[{"href":"https:\/\/aem.hr\/en\/wp-json\/wp\/v2\/pages\/17482","targetHints":{"allow":["GET"]}}],"collection":[{"href":"https:\/\/aem.hr\/en\/wp-json\/wp\/v2\/pages"}],"about":[{"href":"https:\/\/aem.hr\/en\/wp-json\/wp\/v2\/types\/page"}],"author":[{"embeddable":true,"href":"https:\/\/aem.hr\/en\/wp-json\/wp\/v2\/users\/18"}],"replies":[{"embeddable":true,"href":"https:\/\/aem.hr\/en\/wp-json\/wp\/v2\/comments?post=17482"}],"version-history":[{"count":1,"href":"https:\/\/aem.hr\/en\/wp-json\/wp\/v2\/pages\/17482\/revisions"}],"predecessor-version":[{"id":17500,"href":"https:\/\/aem.hr\/en\/wp-json\/wp\/v2\/pages\/17482\/revisions\/17500"}],"wp:attachment":[{"href":"https:\/\/aem.hr\/en\/wp-json\/wp\/v2\/media?parent=17482"}],"curies":[{"name":"wp","href":"https:\/\/api.w.org\/{rel}","templated":true}]}}