{"id":17641,"date":"2023-11-24T12:20:42","date_gmt":"2023-11-24T11:20:42","guid":{"rendered":"http:\/\/aem.hr\/?page_id=17641"},"modified":"2023-11-24T12:20:43","modified_gmt":"2023-11-24T11:20:43","slug":"tanja-rudez-farmakogenomika-i-personalizirano-lijecenje-raka","status":"publish","type":"page","link":"https:\/\/aem.hr\/en\/tanja-rudez-farmakogenomika-i-personalizirano-lijecenje-raka\/","title":{"rendered":"Tanja Rude\u017e &#8211; &#8220;Farmakogenomika i personalizirano lije\u010denje raka&#8221;"},"content":{"rendered":"\n<div class=\"wp-block-file\"><a id=\"wp-block-file--media-13653eed-7f39-4fdb-8264-44e69f678af9\" href=\"https:\/\/aem.hr\/wp-content\/uploads\/2023\/11\/1.-Buducnost-lijecenja-raka-je-u-personaliziranoj.pdf\">1. Budu\u0107nost lije\u010denja raka je u personaliziranoj<\/a><a href=\"https:\/\/aem.hr\/wp-content\/uploads\/2023\/11\/1.-Buducnost-lijecenja-raka-je-u-personaliziranoj.pdf\" class=\"wp-block-file__button wp-element-button\" download aria-describedby=\"wp-block-file--media-13653eed-7f39-4fdb-8264-44e69f678af9\">Preuzimanje<\/a><\/div>\n\n\n\n<div class=\"wp-block-file\"><a id=\"wp-block-file--media-fa2502ec-96c9-47f1-86b3-8fb9dd006eaf\" href=\"https:\/\/aem.hr\/wp-content\/uploads\/2023\/11\/2.-Koliko-smo-blizu-cjepivu-protiv-raka.pdf\">2. Koliko smo blizu cjepivu protiv raka<\/a><a href=\"https:\/\/aem.hr\/wp-content\/uploads\/2023\/11\/2.-Koliko-smo-blizu-cjepivu-protiv-raka.pdf\" class=\"wp-block-file__button wp-element-button\" download aria-describedby=\"wp-block-file--media-fa2502ec-96c9-47f1-86b3-8fb9dd006eaf\">Preuzimanje<\/a><\/div>\n\n\n\n<div class=\"wp-block-file\"><a id=\"wp-block-file--media-c5577404-8c79-4a7b-a81a-29a04bbb0e6a\" href=\"https:\/\/aem.hr\/wp-content\/uploads\/2023\/11\/3.-Prof.-dr.-Nada-Bozina-\u201ePersonalizirani-pristup.pdf\">3. Prof. dr. Nada Bo\u017eina \u201ePersonalizirani pristup<\/a><a href=\"https:\/\/aem.hr\/wp-content\/uploads\/2023\/11\/3.-Prof.-dr.-Nada-Bozina-\u201ePersonalizirani-pristup.pdf\" class=\"wp-block-file__button wp-element-button\" download aria-describedby=\"wp-block-file--media-c5577404-8c79-4a7b-a81a-29a04bbb0e6a\">Preuzimanje<\/a><\/div>\n\n\n\n<div class=\"wp-block-file\"><a id=\"wp-block-file--media-a23c82de-eb7d-4673-979c-51ebe67d7b90\" href=\"https:\/\/aem.hr\/wp-content\/uploads\/2023\/11\/4.-Prof.-dr.-sc.-Natalija-Dedic-Plavetic-\u201eBuducnost-lijecenja.pdf\">4. Prof. dr. sc. Natalija Dedi\u0107 Plaveti\u0107 \u201eBudu\u0107nost lije\u010denja<\/a><a href=\"https:\/\/aem.hr\/wp-content\/uploads\/2023\/11\/4.-Prof.-dr.-sc.-Natalija-Dedic-Plavetic-\u201eBuducnost-lijecenja.pdf\" class=\"wp-block-file__button wp-element-button\" download aria-describedby=\"wp-block-file--media-a23c82de-eb7d-4673-979c-51ebe67d7b90\">Preuzimanje<\/a><\/div>\n\n\n\n<div class=\"wp-block-file\"><a id=\"wp-block-file--media-5464c740-68cc-47e3-a47a-14a3ab3f4cf0\" href=\"https:\/\/aem.hr\/wp-content\/uploads\/2023\/11\/5.-Krajnji-je-cilj-precizne-onkologije-sekvencirati.pdf\">5. Krajnji je cilj precizne onkologije sekvencirati<\/a><a href=\"https:\/\/aem.hr\/wp-content\/uploads\/2023\/11\/5.-Krajnji-je-cilj-precizne-onkologije-sekvencirati.pdf\" class=\"wp-block-file__button wp-element-button\" download aria-describedby=\"wp-block-file--media-5464c740-68cc-47e3-a47a-14a3ab3f4cf0\">Preuzimanje<\/a><\/div>\n","protected":false},"excerpt":{"rendered":"","protected":false},"author":18,"featured_media":0,"parent":0,"menu_order":0,"comment_status":"closed","ping_status":"closed","template":"","meta":{"_acf_changed":false,"inline_featured_image":false,"advgb_blocks_editor_width":"","advgb_blocks_columns_visual_guide":"","_links_to":"","_links_to_type":0,"footnotes":""},"class_list":["post-17641","page","type-page","status-publish","hentry"],"acf":[],"yoast_head":"<!-- This site is optimized with the Yoast SEO plugin v25.7 - https:\/\/yoast.com\/wordpress\/plugins\/seo\/ -->\n<title>Tanja Rude\u017e - &quot;Farmakogenomika i personalizirano lije\u010denje raka&quot; - Agencija za elektroni\u010dke medije<\/title>\n<meta name=\"robots\" content=\"index, follow, max-snippet:-1, max-image-preview:large, max-video-preview:-1\" \/>\n<link rel=\"canonical\" href=\"https:\/\/aem.hr\/tanja-rudez-farmakogenomika-i-personalizirano-lijecenje-raka\/\" \/>\n<meta property=\"og:locale\" content=\"en_US\" \/>\n<meta property=\"og:type\" content=\"article\" \/>\n<meta property=\"og:title\" content=\"Tanja Rude\u017e - &quot;Farmakogenomika i personalizirano lije\u010denje raka&quot; - Agencija za elektroni\u010dke medije\" \/>\n<meta property=\"og:url\" content=\"https:\/\/aem.hr\/tanja-rudez-farmakogenomika-i-personalizirano-lijecenje-raka\/\" \/>\n<meta property=\"og:site_name\" content=\"Agencija za elektroni\u010dke medije\" \/>\n<meta property=\"article:modified_time\" content=\"2023-11-24T11:20:43+00:00\" \/>\n<meta name=\"twitter:card\" content=\"summary_large_image\" \/>\n<meta name=\"twitter:label1\" content=\"Est. reading time\" \/>\n\t<meta name=\"twitter:data1\" content=\"1 minute\" \/>\n<script type=\"application\/ld+json\" class=\"yoast-schema-graph\">{\"@context\":\"https:\/\/schema.org\",\"@graph\":[{\"@type\":\"WebPage\",\"@id\":\"https:\/\/aem.hr\/tanja-rudez-farmakogenomika-i-personalizirano-lijecenje-raka\/\",\"url\":\"https:\/\/aem.hr\/tanja-rudez-farmakogenomika-i-personalizirano-lijecenje-raka\/\",\"name\":\"Tanja Rude\u017e - \\\"Farmakogenomika i personalizirano lije\u010denje raka\\\" - Agencija za elektroni\u010dke medije\",\"isPartOf\":{\"@id\":\"https:\/\/aem.hr\/#website\"},\"datePublished\":\"2023-11-24T11:20:42+00:00\",\"dateModified\":\"2023-11-24T11:20:43+00:00\",\"breadcrumb\":{\"@id\":\"https:\/\/aem.hr\/tanja-rudez-farmakogenomika-i-personalizirano-lijecenje-raka\/#breadcrumb\"},\"inLanguage\":\"en-US\",\"potentialAction\":[{\"@type\":\"ReadAction\",\"target\":[\"https:\/\/aem.hr\/tanja-rudez-farmakogenomika-i-personalizirano-lijecenje-raka\/\"]}]},{\"@type\":\"BreadcrumbList\",\"@id\":\"https:\/\/aem.hr\/tanja-rudez-farmakogenomika-i-personalizirano-lijecenje-raka\/#breadcrumb\",\"itemListElement\":[{\"@type\":\"ListItem\",\"position\":1,\"name\":\"Po\u010detna stranica\",\"item\":\"https:\/\/aem.hr\/\"},{\"@type\":\"ListItem\",\"position\":2,\"name\":\"Tanja Rude\u017e &#8211; &#8220;Farmakogenomika i personalizirano lije\u010denje raka&#8221;\"}]},{\"@type\":\"WebSite\",\"@id\":\"https:\/\/aem.hr\/#website\",\"url\":\"https:\/\/aem.hr\/\",\"name\":\"Agencija za elektroni\u010dke medije\",\"description\":\"\",\"potentialAction\":[{\"@type\":\"SearchAction\",\"target\":{\"@type\":\"EntryPoint\",\"urlTemplate\":\"https:\/\/aem.hr\/?s={search_term_string}\"},\"query-input\":{\"@type\":\"PropertyValueSpecification\",\"valueRequired\":true,\"valueName\":\"search_term_string\"}}],\"inLanguage\":\"en-US\"}]}<\/script>\n<!-- \/ Yoast SEO plugin. -->","yoast_head_json":{"title":"Tanja Rude\u017e - \"Farmakogenomika i personalizirano lije\u010denje raka\" - Agencija za elektroni\u010dke medije","robots":{"index":"index","follow":"follow","max-snippet":"max-snippet:-1","max-image-preview":"max-image-preview:large","max-video-preview":"max-video-preview:-1"},"canonical":"https:\/\/aem.hr\/tanja-rudez-farmakogenomika-i-personalizirano-lijecenje-raka\/","og_locale":"en_US","og_type":"article","og_title":"Tanja Rude\u017e - \"Farmakogenomika i personalizirano lije\u010denje raka\" - Agencija za elektroni\u010dke medije","og_url":"https:\/\/aem.hr\/tanja-rudez-farmakogenomika-i-personalizirano-lijecenje-raka\/","og_site_name":"Agencija za elektroni\u010dke medije","article_modified_time":"2023-11-24T11:20:43+00:00","twitter_card":"summary_large_image","twitter_misc":{"Est. reading time":"1 minute"},"schema":{"@context":"https:\/\/schema.org","@graph":[{"@type":"WebPage","@id":"https:\/\/aem.hr\/tanja-rudez-farmakogenomika-i-personalizirano-lijecenje-raka\/","url":"https:\/\/aem.hr\/tanja-rudez-farmakogenomika-i-personalizirano-lijecenje-raka\/","name":"Tanja Rude\u017e - \"Farmakogenomika i personalizirano lije\u010denje raka\" - Agencija za elektroni\u010dke medije","isPartOf":{"@id":"https:\/\/aem.hr\/#website"},"datePublished":"2023-11-24T11:20:42+00:00","dateModified":"2023-11-24T11:20:43+00:00","breadcrumb":{"@id":"https:\/\/aem.hr\/tanja-rudez-farmakogenomika-i-personalizirano-lijecenje-raka\/#breadcrumb"},"inLanguage":"en-US","potentialAction":[{"@type":"ReadAction","target":["https:\/\/aem.hr\/tanja-rudez-farmakogenomika-i-personalizirano-lijecenje-raka\/"]}]},{"@type":"BreadcrumbList","@id":"https:\/\/aem.hr\/tanja-rudez-farmakogenomika-i-personalizirano-lijecenje-raka\/#breadcrumb","itemListElement":[{"@type":"ListItem","position":1,"name":"Po\u010detna stranica","item":"https:\/\/aem.hr\/"},{"@type":"ListItem","position":2,"name":"Tanja Rude\u017e &#8211; &#8220;Farmakogenomika i personalizirano lije\u010denje raka&#8221;"}]},{"@type":"WebSite","@id":"https:\/\/aem.hr\/#website","url":"https:\/\/aem.hr\/","name":"Agencija za elektroni\u010dke medije","description":"","potentialAction":[{"@type":"SearchAction","target":{"@type":"EntryPoint","urlTemplate":"https:\/\/aem.hr\/?s={search_term_string}"},"query-input":{"@type":"PropertyValueSpecification","valueRequired":true,"valueName":"search_term_string"}}],"inLanguage":"en-US"}]}},"coauthors":[],"author_meta":{"author_link":"https:\/\/aem.hr\/en\/blog\/author\/mkirac\/","display_name":"Matko Kirac"},"relative_dates":{"created":"Posted 2 years ago","modified":"Updated 2 years ago"},"absolute_dates":{"created":"Posted on 24. November 2023.","modified":"Updated on 24. November 2023."},"absolute_dates_time":{"created":"Posted on 24. November 2023. 12:20","modified":"Updated on 24. November 2023. 12:20"},"featured_img_caption":"","featured_img":false,"series_order":"","_links":{"self":[{"href":"https:\/\/aem.hr\/en\/wp-json\/wp\/v2\/pages\/17641","targetHints":{"allow":["GET"]}}],"collection":[{"href":"https:\/\/aem.hr\/en\/wp-json\/wp\/v2\/pages"}],"about":[{"href":"https:\/\/aem.hr\/en\/wp-json\/wp\/v2\/types\/page"}],"author":[{"embeddable":true,"href":"https:\/\/aem.hr\/en\/wp-json\/wp\/v2\/users\/18"}],"replies":[{"embeddable":true,"href":"https:\/\/aem.hr\/en\/wp-json\/wp\/v2\/comments?post=17641"}],"version-history":[{"count":1,"href":"https:\/\/aem.hr\/en\/wp-json\/wp\/v2\/pages\/17641\/revisions"}],"predecessor-version":[{"id":17653,"href":"https:\/\/aem.hr\/en\/wp-json\/wp\/v2\/pages\/17641\/revisions\/17653"}],"wp:attachment":[{"href":"https:\/\/aem.hr\/en\/wp-json\/wp\/v2\/media?parent=17641"}],"curies":[{"name":"wp","href":"https:\/\/api.w.org\/{rel}","templated":true}]}}