{"id":17666,"date":"2023-11-24T12:26:02","date_gmt":"2023-11-24T11:26:02","guid":{"rendered":"http:\/\/aem.hr\/?page_id=17666"},"modified":"2023-11-24T12:26:02","modified_gmt":"2023-11-24T11:26:02","slug":"drazenka-franjic-nezaboravljeni-nestali-branitelji-i-civili-u-domovinskom-ratu","status":"publish","type":"page","link":"https:\/\/aem.hr\/en\/drazenka-franjic-nezaboravljeni-nestali-branitelji-i-civili-u-domovinskom-ratu\/","title":{"rendered":"Dra\u017eenka Franji\u0107 &#8211; Nezaboravljeni &#8211; nestali branitelji i civili u Domovinskom ratu"},"content":{"rendered":"\n<div class=\"wp-block-file\"><a id=\"wp-block-file--media-54baee9f-97b0-4421-a7fb-f43b720a819b\" href=\"https:\/\/aem.hr\/wp-content\/uploads\/2023\/11\/1.-Nestankom-bliznjih-nestao-je-dio-njih.pdf\">1. Nestankom bliz\u030cnjih nestao je dio njih<\/a><a href=\"https:\/\/aem.hr\/wp-content\/uploads\/2023\/11\/1.-Nestankom-bliznjih-nestao-je-dio-njih.pdf\" class=\"wp-block-file__button wp-element-button\" download aria-describedby=\"wp-block-file--media-54baee9f-97b0-4421-a7fb-f43b720a819b\">Preuzimanje<\/a><\/div>\n\n\n\n<div class=\"wp-block-file\"><a id=\"wp-block-file--media-faab5038-2fc9-4f58-8c89-418320750ca8\" href=\"https:\/\/aem.hr\/wp-content\/uploads\/2023\/11\/2.-Tri-generacije-boli-vukovarske-obitelj-Korac.pdf\">2. Tri generacije boli vukovarske obitelj Korac\u030c<\/a><a href=\"https:\/\/aem.hr\/wp-content\/uploads\/2023\/11\/2.-Tri-generacije-boli-vukovarske-obitelj-Korac.pdf\" class=\"wp-block-file__button wp-element-button\" download aria-describedby=\"wp-block-file--media-faab5038-2fc9-4f58-8c89-418320750ca8\">Preuzimanje<\/a><\/div>\n\n\n\n<div class=\"wp-block-file\"><a id=\"wp-block-file--media-2216eb8b-a561-4c94-8727-95bba5880ed2\" href=\"https:\/\/aem.hr\/wp-content\/uploads\/2023\/11\/3.-Nemanja-Savanovic-Moja-baka-nije-docekala.pdf\">3. Nemanja Savanovic\u0301 Moja baka nije doc\u030cekala<\/a><a href=\"https:\/\/aem.hr\/wp-content\/uploads\/2023\/11\/3.-Nemanja-Savanovic-Moja-baka-nije-docekala.pdf\" class=\"wp-block-file__button wp-element-button\" download aria-describedby=\"wp-block-file--media-2216eb8b-a561-4c94-8727-95bba5880ed2\">Preuzimanje<\/a><\/div>\n\n\n\n<div class=\"wp-block-file\"><a id=\"wp-block-file--media-3a63af70-b9f4-43e1-a93d-0fcd494c04e7\" href=\"https:\/\/aem.hr\/wp-content\/uploads\/2023\/11\/4.-Sandra-Rapcak-Rat-nazalost.pdf\">4. Sandra Rapc\u030cak Rat, naz\u030calost<\/a><a href=\"https:\/\/aem.hr\/wp-content\/uploads\/2023\/11\/4.-Sandra-Rapcak-Rat-nazalost.pdf\" class=\"wp-block-file__button wp-element-button\" download aria-describedby=\"wp-block-file--media-3a63af70-b9f4-43e1-a93d-0fcd494c04e7\">Preuzimanje<\/a><\/div>\n\n\n\n<div class=\"wp-block-file\"><a id=\"wp-block-file--media-f7afebd9-4418-4009-8b15-562355aa892b\" href=\"https:\/\/aem.hr\/wp-content\/uploads\/2023\/11\/5.-Manda-Patko-Nismo-se-kako-treba.pdf\">5. Manda Patko &#8211; Nismo se kako treba<\/a><a href=\"https:\/\/aem.hr\/wp-content\/uploads\/2023\/11\/5.-Manda-Patko-Nismo-se-kako-treba.pdf\" class=\"wp-block-file__button wp-element-button\" download aria-describedby=\"wp-block-file--media-f7afebd9-4418-4009-8b15-562355aa892b\">Preuzimanje<\/a><\/div>\n\n\n\n<div class=\"wp-block-file\"><a id=\"wp-block-file--media-121db1b9-4503-42e6-b797-8a96b8108370\" href=\"https:\/\/aem.hr\/wp-content\/uploads\/2023\/11\/6.-Poruka-okrenimo-se-buducnosti.pdf\">6. Poruka okrenimo se buduc\u0301nosti<\/a><a href=\"https:\/\/aem.hr\/wp-content\/uploads\/2023\/11\/6.-Poruka-okrenimo-se-buducnosti.pdf\" class=\"wp-block-file__button wp-element-button\" download aria-describedby=\"wp-block-file--media-121db1b9-4503-42e6-b797-8a96b8108370\">Preuzimanje<\/a><\/div>\n","protected":false},"excerpt":{"rendered":"","protected":false},"author":18,"featured_media":0,"parent":0,"menu_order":0,"comment_status":"closed","ping_status":"closed","template":"","meta":{"_acf_changed":false,"inline_featured_image":false,"advgb_blocks_editor_width":"","advgb_blocks_columns_visual_guide":"","_links_to":"","_links_to_type":0,"footnotes":""},"class_list":["post-17666","page","type-page","status-publish","hentry"],"acf":[],"yoast_head":"<!-- This site is optimized with the Yoast SEO plugin v25.7 - https:\/\/yoast.com\/wordpress\/plugins\/seo\/ -->\n<title>Dra\u017eenka Franji\u0107 - Nezaboravljeni - nestali branitelji i civili u Domovinskom ratu - Agencija za elektroni\u010dke medije<\/title>\n<meta name=\"robots\" content=\"index, follow, max-snippet:-1, max-image-preview:large, max-video-preview:-1\" \/>\n<link rel=\"canonical\" href=\"https:\/\/aem.hr\/en\/drazenka-franjic-nezaboravljeni-nestali-branitelji-i-civili-u-domovinskom-ratu\/\" \/>\n<meta property=\"og:locale\" content=\"en_US\" \/>\n<meta property=\"og:type\" content=\"article\" \/>\n<meta property=\"og:title\" content=\"Dra\u017eenka Franji\u0107 - Nezaboravljeni - nestali branitelji i civili u Domovinskom ratu - Agencija za elektroni\u010dke medije\" \/>\n<meta property=\"og:url\" content=\"https:\/\/aem.hr\/en\/drazenka-franjic-nezaboravljeni-nestali-branitelji-i-civili-u-domovinskom-ratu\/\" \/>\n<meta property=\"og:site_name\" content=\"Agencija za elektroni\u010dke medije\" \/>\n<meta name=\"twitter:card\" content=\"summary_large_image\" \/>\n<meta name=\"twitter:label1\" content=\"Est. reading time\" \/>\n\t<meta name=\"twitter:data1\" content=\"1 minute\" \/>\n<script type=\"application\/ld+json\" class=\"yoast-schema-graph\">{\"@context\":\"https:\/\/schema.org\",\"@graph\":[{\"@type\":\"WebPage\",\"@id\":\"https:\/\/aem.hr\/en\/drazenka-franjic-nezaboravljeni-nestali-branitelji-i-civili-u-domovinskom-ratu\/\",\"url\":\"https:\/\/aem.hr\/en\/drazenka-franjic-nezaboravljeni-nestali-branitelji-i-civili-u-domovinskom-ratu\/\",\"name\":\"Dra\u017eenka Franji\u0107 - Nezaboravljeni - nestali branitelji i civili u Domovinskom ratu - Agencija za elektroni\u010dke medije\",\"isPartOf\":{\"@id\":\"https:\/\/aem.hr\/#website\"},\"datePublished\":\"2023-11-24T11:26:02+00:00\",\"breadcrumb\":{\"@id\":\"https:\/\/aem.hr\/en\/drazenka-franjic-nezaboravljeni-nestali-branitelji-i-civili-u-domovinskom-ratu\/#breadcrumb\"},\"inLanguage\":\"en-US\",\"potentialAction\":[{\"@type\":\"ReadAction\",\"target\":[\"https:\/\/aem.hr\/en\/drazenka-franjic-nezaboravljeni-nestali-branitelji-i-civili-u-domovinskom-ratu\/\"]}]},{\"@type\":\"BreadcrumbList\",\"@id\":\"https:\/\/aem.hr\/en\/drazenka-franjic-nezaboravljeni-nestali-branitelji-i-civili-u-domovinskom-ratu\/#breadcrumb\",\"itemListElement\":[{\"@type\":\"ListItem\",\"position\":1,\"name\":\"Po\u010detna stranica\",\"item\":\"https:\/\/aem.hr\/\"},{\"@type\":\"ListItem\",\"position\":2,\"name\":\"Dra\u017eenka Franji\u0107 &#8211; Nezaboravljeni &#8211; nestali branitelji i civili u Domovinskom ratu\"}]},{\"@type\":\"WebSite\",\"@id\":\"https:\/\/aem.hr\/#website\",\"url\":\"https:\/\/aem.hr\/\",\"name\":\"Agencija za elektroni\u010dke medije\",\"description\":\"\",\"potentialAction\":[{\"@type\":\"SearchAction\",\"target\":{\"@type\":\"EntryPoint\",\"urlTemplate\":\"https:\/\/aem.hr\/?s={search_term_string}\"},\"query-input\":{\"@type\":\"PropertyValueSpecification\",\"valueRequired\":true,\"valueName\":\"search_term_string\"}}],\"inLanguage\":\"en-US\"}]}<\/script>\n<!-- \/ Yoast SEO plugin. -->","yoast_head_json":{"title":"Dra\u017eenka Franji\u0107 - Nezaboravljeni - nestali branitelji i civili u Domovinskom ratu - Agencija za elektroni\u010dke medije","robots":{"index":"index","follow":"follow","max-snippet":"max-snippet:-1","max-image-preview":"max-image-preview:large","max-video-preview":"max-video-preview:-1"},"canonical":"https:\/\/aem.hr\/en\/drazenka-franjic-nezaboravljeni-nestali-branitelji-i-civili-u-domovinskom-ratu\/","og_locale":"en_US","og_type":"article","og_title":"Dra\u017eenka Franji\u0107 - Nezaboravljeni - nestali branitelji i civili u Domovinskom ratu - Agencija za elektroni\u010dke medije","og_url":"https:\/\/aem.hr\/en\/drazenka-franjic-nezaboravljeni-nestali-branitelji-i-civili-u-domovinskom-ratu\/","og_site_name":"Agencija za elektroni\u010dke medije","twitter_card":"summary_large_image","twitter_misc":{"Est. reading time":"1 minute"},"schema":{"@context":"https:\/\/schema.org","@graph":[{"@type":"WebPage","@id":"https:\/\/aem.hr\/en\/drazenka-franjic-nezaboravljeni-nestali-branitelji-i-civili-u-domovinskom-ratu\/","url":"https:\/\/aem.hr\/en\/drazenka-franjic-nezaboravljeni-nestali-branitelji-i-civili-u-domovinskom-ratu\/","name":"Dra\u017eenka Franji\u0107 - Nezaboravljeni - nestali branitelji i civili u Domovinskom ratu - Agencija za elektroni\u010dke medije","isPartOf":{"@id":"https:\/\/aem.hr\/#website"},"datePublished":"2023-11-24T11:26:02+00:00","breadcrumb":{"@id":"https:\/\/aem.hr\/en\/drazenka-franjic-nezaboravljeni-nestali-branitelji-i-civili-u-domovinskom-ratu\/#breadcrumb"},"inLanguage":"en-US","potentialAction":[{"@type":"ReadAction","target":["https:\/\/aem.hr\/en\/drazenka-franjic-nezaboravljeni-nestali-branitelji-i-civili-u-domovinskom-ratu\/"]}]},{"@type":"BreadcrumbList","@id":"https:\/\/aem.hr\/en\/drazenka-franjic-nezaboravljeni-nestali-branitelji-i-civili-u-domovinskom-ratu\/#breadcrumb","itemListElement":[{"@type":"ListItem","position":1,"name":"Po\u010detna stranica","item":"https:\/\/aem.hr\/"},{"@type":"ListItem","position":2,"name":"Dra\u017eenka Franji\u0107 &#8211; Nezaboravljeni &#8211; nestali branitelji i civili u Domovinskom ratu"}]},{"@type":"WebSite","@id":"https:\/\/aem.hr\/#website","url":"https:\/\/aem.hr\/","name":"Agencija za elektroni\u010dke medije","description":"","potentialAction":[{"@type":"SearchAction","target":{"@type":"EntryPoint","urlTemplate":"https:\/\/aem.hr\/?s={search_term_string}"},"query-input":{"@type":"PropertyValueSpecification","valueRequired":true,"valueName":"search_term_string"}}],"inLanguage":"en-US"}]}},"coauthors":[],"author_meta":{"author_link":"https:\/\/aem.hr\/en\/blog\/author\/mkirac\/","display_name":"Matko Kirac"},"relative_dates":{"created":"Posted 2 years ago","modified":"Updated 2 years ago"},"absolute_dates":{"created":"Posted on 24. November 2023.","modified":"Updated on 24. November 2023."},"absolute_dates_time":{"created":"Posted on 24. November 2023. 12:26","modified":"Updated on 24. November 2023. 12:26"},"featured_img_caption":"","featured_img":false,"series_order":"","_links":{"self":[{"href":"https:\/\/aem.hr\/en\/wp-json\/wp\/v2\/pages\/17666","targetHints":{"allow":["GET"]}}],"collection":[{"href":"https:\/\/aem.hr\/en\/wp-json\/wp\/v2\/pages"}],"about":[{"href":"https:\/\/aem.hr\/en\/wp-json\/wp\/v2\/types\/page"}],"author":[{"embeddable":true,"href":"https:\/\/aem.hr\/en\/wp-json\/wp\/v2\/users\/18"}],"replies":[{"embeddable":true,"href":"https:\/\/aem.hr\/en\/wp-json\/wp\/v2\/comments?post=17666"}],"version-history":[{"count":1,"href":"https:\/\/aem.hr\/en\/wp-json\/wp\/v2\/pages\/17666\/revisions"}],"predecessor-version":[{"id":17680,"href":"https:\/\/aem.hr\/en\/wp-json\/wp\/v2\/pages\/17666\/revisions\/17680"}],"wp:attachment":[{"href":"https:\/\/aem.hr\/en\/wp-json\/wp\/v2\/media?parent=17666"}],"curies":[{"name":"wp","href":"https:\/\/api.w.org\/{rel}","templated":true}]}}