{"id":17682,"date":"2023-11-24T12:30:48","date_gmt":"2023-11-24T11:30:48","guid":{"rendered":"http:\/\/aem.hr\/?page_id=17682"},"modified":"2023-11-24T12:30:49","modified_gmt":"2023-11-24T11:30:49","slug":"svjetlana-lugar-svajneraj","status":"publish","type":"page","link":"https:\/\/aem.hr\/en\/svjetlana-lugar-svajneraj\/","title":{"rendered":"Svjetlana Lugar &#8211; \u0160vajneraj"},"content":{"rendered":"\n<div class=\"wp-block-file\"><a id=\"wp-block-file--media-cf8e326e-dbce-4f43-98a1-5ea37d2f0f91\" href=\"https:\/\/aem.hr\/wp-content\/uploads\/2023\/11\/1.-Svajneraj.pdf\">1. \u0160vajneraj<\/a><a href=\"https:\/\/aem.hr\/wp-content\/uploads\/2023\/11\/1.-Svajneraj.pdf\" class=\"wp-block-file__button wp-element-button\" download aria-describedby=\"wp-block-file--media-cf8e326e-dbce-4f43-98a1-5ea37d2f0f91\">Preuzimanje<\/a><\/div>\n\n\n\n<div class=\"wp-block-file\"><a id=\"wp-block-file--media-e15ae448-aed2-4bce-92e3-a915a2f2fcdd\" href=\"https:\/\/aem.hr\/wp-content\/uploads\/2023\/11\/2.-Svajneraj-II-Povijest-smrada.pdf\">2. \u0160vajneraj II Povijest smrada<\/a><a href=\"https:\/\/aem.hr\/wp-content\/uploads\/2023\/11\/2.-Svajneraj-II-Povijest-smrada.pdf\" class=\"wp-block-file__button wp-element-button\" download aria-describedby=\"wp-block-file--media-e15ae448-aed2-4bce-92e3-a915a2f2fcdd\">Preuzimanje<\/a><\/div>\n\n\n\n<div class=\"wp-block-file\"><a id=\"wp-block-file--media-23bc045a-4c79-423b-a0c5-0f022849f33c\" href=\"https:\/\/aem.hr\/wp-content\/uploads\/2023\/11\/3.-Svajneraj-III-Bitke-s-mjerodavnima.pdf\">3. \u0160vajneraj III Bitke s mjerodavnima<\/a><a href=\"https:\/\/aem.hr\/wp-content\/uploads\/2023\/11\/3.-Svajneraj-III-Bitke-s-mjerodavnima.pdf\" class=\"wp-block-file__button wp-element-button\" download aria-describedby=\"wp-block-file--media-23bc045a-4c79-423b-a0c5-0f022849f33c\">Preuzimanje<\/a><\/div>\n\n\n\n<div class=\"wp-block-file\"><a id=\"wp-block-file--media-9f798aa0-e589-45da-ade4-9f09c9e6c20d\" href=\"https:\/\/aem.hr\/wp-content\/uploads\/2023\/11\/4.-Svajneraj-IV-Sto-sijes-to-zanjes.pdf\">4. \u0160vajneraj IV \u0160to sije\u0161, to \u017eanje\u0161<\/a><a href=\"https:\/\/aem.hr\/wp-content\/uploads\/2023\/11\/4.-Svajneraj-IV-Sto-sijes-to-zanjes.pdf\" class=\"wp-block-file__button wp-element-button\" download aria-describedby=\"wp-block-file--media-9f798aa0-e589-45da-ade4-9f09c9e6c20d\">Preuzimanje<\/a><\/div>\n","protected":false},"excerpt":{"rendered":"","protected":false},"author":18,"featured_media":0,"parent":0,"menu_order":0,"comment_status":"closed","ping_status":"closed","template":"","meta":{"_acf_changed":false,"inline_featured_image":false,"advgb_blocks_editor_width":"","advgb_blocks_columns_visual_guide":"","_links_to":"","_links_to_type":0,"footnotes":""},"class_list":["post-17682","page","type-page","status-publish","hentry"],"acf":[],"yoast_head":"<!-- This site is optimized with the Yoast SEO plugin v25.7 - https:\/\/yoast.com\/wordpress\/plugins\/seo\/ -->\n<title>Svjetlana Lugar - \u0160vajneraj - Agencija za elektroni\u010dke medije<\/title>\n<meta name=\"robots\" content=\"index, follow, max-snippet:-1, max-image-preview:large, max-video-preview:-1\" \/>\n<link rel=\"canonical\" href=\"https:\/\/aem.hr\/svjetlana-lugar-svajneraj\/\" \/>\n<meta property=\"og:locale\" content=\"en_US\" \/>\n<meta property=\"og:type\" content=\"article\" \/>\n<meta property=\"og:title\" content=\"Svjetlana Lugar - \u0160vajneraj - Agencija za elektroni\u010dke medije\" \/>\n<meta property=\"og:url\" content=\"https:\/\/aem.hr\/svjetlana-lugar-svajneraj\/\" \/>\n<meta property=\"og:site_name\" content=\"Agencija za elektroni\u010dke medije\" \/>\n<meta property=\"article:modified_time\" content=\"2023-11-24T11:30:49+00:00\" \/>\n<meta name=\"twitter:card\" content=\"summary_large_image\" \/>\n<meta name=\"twitter:label1\" content=\"Est. reading time\" \/>\n\t<meta name=\"twitter:data1\" content=\"1 minute\" \/>\n<script type=\"application\/ld+json\" class=\"yoast-schema-graph\">{\"@context\":\"https:\/\/schema.org\",\"@graph\":[{\"@type\":\"WebPage\",\"@id\":\"https:\/\/aem.hr\/svjetlana-lugar-svajneraj\/\",\"url\":\"https:\/\/aem.hr\/svjetlana-lugar-svajneraj\/\",\"name\":\"Svjetlana Lugar - \u0160vajneraj - Agencija za elektroni\u010dke medije\",\"isPartOf\":{\"@id\":\"https:\/\/aem.hr\/#website\"},\"datePublished\":\"2023-11-24T11:30:48+00:00\",\"dateModified\":\"2023-11-24T11:30:49+00:00\",\"breadcrumb\":{\"@id\":\"https:\/\/aem.hr\/svjetlana-lugar-svajneraj\/#breadcrumb\"},\"inLanguage\":\"en-US\",\"potentialAction\":[{\"@type\":\"ReadAction\",\"target\":[\"https:\/\/aem.hr\/svjetlana-lugar-svajneraj\/\"]}]},{\"@type\":\"BreadcrumbList\",\"@id\":\"https:\/\/aem.hr\/svjetlana-lugar-svajneraj\/#breadcrumb\",\"itemListElement\":[{\"@type\":\"ListItem\",\"position\":1,\"name\":\"Po\u010detna stranica\",\"item\":\"https:\/\/aem.hr\/\"},{\"@type\":\"ListItem\",\"position\":2,\"name\":\"Svjetlana Lugar &#8211; \u0160vajneraj\"}]},{\"@type\":\"WebSite\",\"@id\":\"https:\/\/aem.hr\/#website\",\"url\":\"https:\/\/aem.hr\/\",\"name\":\"Agencija za elektroni\u010dke medije\",\"description\":\"\",\"potentialAction\":[{\"@type\":\"SearchAction\",\"target\":{\"@type\":\"EntryPoint\",\"urlTemplate\":\"https:\/\/aem.hr\/?s={search_term_string}\"},\"query-input\":{\"@type\":\"PropertyValueSpecification\",\"valueRequired\":true,\"valueName\":\"search_term_string\"}}],\"inLanguage\":\"en-US\"}]}<\/script>\n<!-- \/ Yoast SEO plugin. -->","yoast_head_json":{"title":"Svjetlana Lugar - \u0160vajneraj - Agencija za elektroni\u010dke medije","robots":{"index":"index","follow":"follow","max-snippet":"max-snippet:-1","max-image-preview":"max-image-preview:large","max-video-preview":"max-video-preview:-1"},"canonical":"https:\/\/aem.hr\/svjetlana-lugar-svajneraj\/","og_locale":"en_US","og_type":"article","og_title":"Svjetlana Lugar - \u0160vajneraj - Agencija za elektroni\u010dke medije","og_url":"https:\/\/aem.hr\/svjetlana-lugar-svajneraj\/","og_site_name":"Agencija za elektroni\u010dke medije","article_modified_time":"2023-11-24T11:30:49+00:00","twitter_card":"summary_large_image","twitter_misc":{"Est. reading time":"1 minute"},"schema":{"@context":"https:\/\/schema.org","@graph":[{"@type":"WebPage","@id":"https:\/\/aem.hr\/svjetlana-lugar-svajneraj\/","url":"https:\/\/aem.hr\/svjetlana-lugar-svajneraj\/","name":"Svjetlana Lugar - \u0160vajneraj - Agencija za elektroni\u010dke medije","isPartOf":{"@id":"https:\/\/aem.hr\/#website"},"datePublished":"2023-11-24T11:30:48+00:00","dateModified":"2023-11-24T11:30:49+00:00","breadcrumb":{"@id":"https:\/\/aem.hr\/svjetlana-lugar-svajneraj\/#breadcrumb"},"inLanguage":"en-US","potentialAction":[{"@type":"ReadAction","target":["https:\/\/aem.hr\/svjetlana-lugar-svajneraj\/"]}]},{"@type":"BreadcrumbList","@id":"https:\/\/aem.hr\/svjetlana-lugar-svajneraj\/#breadcrumb","itemListElement":[{"@type":"ListItem","position":1,"name":"Po\u010detna stranica","item":"https:\/\/aem.hr\/"},{"@type":"ListItem","position":2,"name":"Svjetlana Lugar &#8211; \u0160vajneraj"}]},{"@type":"WebSite","@id":"https:\/\/aem.hr\/#website","url":"https:\/\/aem.hr\/","name":"Agencija za elektroni\u010dke medije","description":"","potentialAction":[{"@type":"SearchAction","target":{"@type":"EntryPoint","urlTemplate":"https:\/\/aem.hr\/?s={search_term_string}"},"query-input":{"@type":"PropertyValueSpecification","valueRequired":true,"valueName":"search_term_string"}}],"inLanguage":"en-US"}]}},"coauthors":[],"author_meta":{"author_link":"https:\/\/aem.hr\/en\/blog\/author\/mkirac\/","display_name":"Matko Kirac"},"relative_dates":{"created":"Posted 2 years ago","modified":"Updated 2 years ago"},"absolute_dates":{"created":"Posted on 24. November 2023.","modified":"Updated on 24. November 2023."},"absolute_dates_time":{"created":"Posted on 24. November 2023. 12:30","modified":"Updated on 24. November 2023. 12:30"},"featured_img_caption":"","featured_img":false,"series_order":"","_links":{"self":[{"href":"https:\/\/aem.hr\/en\/wp-json\/wp\/v2\/pages\/17682","targetHints":{"allow":["GET"]}}],"collection":[{"href":"https:\/\/aem.hr\/en\/wp-json\/wp\/v2\/pages"}],"about":[{"href":"https:\/\/aem.hr\/en\/wp-json\/wp\/v2\/types\/page"}],"author":[{"embeddable":true,"href":"https:\/\/aem.hr\/en\/wp-json\/wp\/v2\/users\/18"}],"replies":[{"embeddable":true,"href":"https:\/\/aem.hr\/en\/wp-json\/wp\/v2\/comments?post=17682"}],"version-history":[{"count":1,"href":"https:\/\/aem.hr\/en\/wp-json\/wp\/v2\/pages\/17682\/revisions"}],"predecessor-version":[{"id":17691,"href":"https:\/\/aem.hr\/en\/wp-json\/wp\/v2\/pages\/17682\/revisions\/17691"}],"wp:attachment":[{"href":"https:\/\/aem.hr\/en\/wp-json\/wp\/v2\/media?parent=17682"}],"curies":[{"name":"wp","href":"https:\/\/api.w.org\/{rel}","templated":true}]}}