{"id":17693,"date":"2023-11-24T12:34:06","date_gmt":"2023-11-24T11:34:06","guid":{"rendered":"http:\/\/aem.hr\/?page_id=17693"},"modified":"2023-11-24T12:34:07","modified_gmt":"2023-11-24T11:34:07","slug":"snjezana-dukic-zdravi-obroci-iz-vrta-u-skole","status":"publish","type":"page","link":"https:\/\/aem.hr\/en\/snjezana-dukic-zdravi-obroci-iz-vrta-u-skole\/","title":{"rendered":"Snje\u017eana Duki\u0107 &#8211; Zdravi obroci &#8211; iz vrta u \u0161kole"},"content":{"rendered":"\n<div class=\"wp-block-file\"><a id=\"wp-block-file--media-c1689692-14f9-43fe-af4d-89d8b669d162\" href=\"https:\/\/aem.hr\/wp-content\/uploads\/2023\/11\/1.-Iz-vrta-u-skole-1.pdf\">1. Iz vrta u \u0161kole (1)<\/a><a href=\"https:\/\/aem.hr\/wp-content\/uploads\/2023\/11\/1.-Iz-vrta-u-skole-1.pdf\" class=\"wp-block-file__button wp-element-button\" download aria-describedby=\"wp-block-file--media-c1689692-14f9-43fe-af4d-89d8b669d162\">Preuzimanje<\/a><\/div>\n\n\n\n<div class=\"wp-block-file\"><a id=\"wp-block-file--media-92b09014-c9d6-4a74-b054-b5420f43bbc8\" href=\"https:\/\/aem.hr\/wp-content\/uploads\/2023\/11\/2.-Iz-vrta-u-skole-2.pdf\">2. Iz vrta u \u0161kole (2)<\/a><a href=\"https:\/\/aem.hr\/wp-content\/uploads\/2023\/11\/2.-Iz-vrta-u-skole-2.pdf\" class=\"wp-block-file__button wp-element-button\" download aria-describedby=\"wp-block-file--media-92b09014-c9d6-4a74-b054-b5420f43bbc8\">Preuzimanje<\/a><\/div>\n\n\n\n<div class=\"wp-block-file\"><a id=\"wp-block-file--media-d74c3b1b-b786-4c3e-9462-cccf5d7ea382\" href=\"https:\/\/aem.hr\/wp-content\/uploads\/2023\/11\/3.-Pocetak-skolske-godine.pdf\">3. Po\u010detak \u0161kolske godine<\/a><a href=\"https:\/\/aem.hr\/wp-content\/uploads\/2023\/11\/3.-Pocetak-skolske-godine.pdf\" class=\"wp-block-file__button wp-element-button\" download aria-describedby=\"wp-block-file--media-d74c3b1b-b786-4c3e-9462-cccf5d7ea382\">Preuzimanje<\/a><\/div>\n\n\n\n<div class=\"wp-block-file\"><a id=\"wp-block-file--media-e04e926c-91b7-430b-b29b-bdce6a92b813\" href=\"https:\/\/aem.hr\/wp-content\/uploads\/2023\/11\/4.-Prehrana-zdravi-obroci.pdf\">4. Prehrana &#8211; zdravi obroci<\/a><a href=\"https:\/\/aem.hr\/wp-content\/uploads\/2023\/11\/4.-Prehrana-zdravi-obroci.pdf\" class=\"wp-block-file__button wp-element-button\" download aria-describedby=\"wp-block-file--media-e04e926c-91b7-430b-b29b-bdce6a92b813\">Preuzimanje<\/a><\/div>\n\n\n\n<div class=\"wp-block-file\"><a id=\"wp-block-file--media-f7cfe2cf-d666-4d80-a560-75bbceabd72b\" href=\"https:\/\/aem.hr\/wp-content\/uploads\/2023\/11\/5.-Nutricionizam-na-djelu.pdf\">5. Nutricionizam na djelu<\/a><a href=\"https:\/\/aem.hr\/wp-content\/uploads\/2023\/11\/5.-Nutricionizam-na-djelu.pdf\" class=\"wp-block-file__button wp-element-button\" download aria-describedby=\"wp-block-file--media-f7cfe2cf-d666-4d80-a560-75bbceabd72b\">Preuzimanje<\/a><\/div>\n","protected":false},"excerpt":{"rendered":"","protected":false},"author":18,"featured_media":0,"parent":0,"menu_order":0,"comment_status":"closed","ping_status":"closed","template":"","meta":{"_acf_changed":false,"inline_featured_image":false,"advgb_blocks_editor_width":"","advgb_blocks_columns_visual_guide":"","_links_to":"","_links_to_type":0,"footnotes":""},"class_list":["post-17693","page","type-page","status-publish","hentry"],"acf":[],"yoast_head":"<!-- This site is optimized with the Yoast SEO plugin v25.7 - https:\/\/yoast.com\/wordpress\/plugins\/seo\/ -->\n<title>Snje\u017eana Duki\u0107 - Zdravi obroci - iz vrta u \u0161kole - Agencija za elektroni\u010dke medije<\/title>\n<meta name=\"robots\" content=\"index, follow, max-snippet:-1, max-image-preview:large, max-video-preview:-1\" \/>\n<link rel=\"canonical\" href=\"https:\/\/aem.hr\/snjezana-dukic-zdravi-obroci-iz-vrta-u-skole\/\" \/>\n<meta property=\"og:locale\" content=\"en_US\" \/>\n<meta property=\"og:type\" content=\"article\" \/>\n<meta property=\"og:title\" content=\"Snje\u017eana Duki\u0107 - Zdravi obroci - iz vrta u \u0161kole - Agencija za elektroni\u010dke medije\" \/>\n<meta property=\"og:url\" content=\"https:\/\/aem.hr\/snjezana-dukic-zdravi-obroci-iz-vrta-u-skole\/\" \/>\n<meta property=\"og:site_name\" content=\"Agencija za elektroni\u010dke medije\" \/>\n<meta property=\"article:modified_time\" content=\"2023-11-24T11:34:07+00:00\" \/>\n<meta name=\"twitter:card\" content=\"summary_large_image\" \/>\n<meta name=\"twitter:label1\" content=\"Est. reading time\" \/>\n\t<meta name=\"twitter:data1\" content=\"1 minute\" \/>\n<script type=\"application\/ld+json\" class=\"yoast-schema-graph\">{\"@context\":\"https:\/\/schema.org\",\"@graph\":[{\"@type\":\"WebPage\",\"@id\":\"https:\/\/aem.hr\/snjezana-dukic-zdravi-obroci-iz-vrta-u-skole\/\",\"url\":\"https:\/\/aem.hr\/snjezana-dukic-zdravi-obroci-iz-vrta-u-skole\/\",\"name\":\"Snje\u017eana Duki\u0107 - Zdravi obroci - iz vrta u \u0161kole - Agencija za elektroni\u010dke medije\",\"isPartOf\":{\"@id\":\"https:\/\/aem.hr\/#website\"},\"datePublished\":\"2023-11-24T11:34:06+00:00\",\"dateModified\":\"2023-11-24T11:34:07+00:00\",\"breadcrumb\":{\"@id\":\"https:\/\/aem.hr\/snjezana-dukic-zdravi-obroci-iz-vrta-u-skole\/#breadcrumb\"},\"inLanguage\":\"en-US\",\"potentialAction\":[{\"@type\":\"ReadAction\",\"target\":[\"https:\/\/aem.hr\/snjezana-dukic-zdravi-obroci-iz-vrta-u-skole\/\"]}]},{\"@type\":\"BreadcrumbList\",\"@id\":\"https:\/\/aem.hr\/snjezana-dukic-zdravi-obroci-iz-vrta-u-skole\/#breadcrumb\",\"itemListElement\":[{\"@type\":\"ListItem\",\"position\":1,\"name\":\"Po\u010detna stranica\",\"item\":\"https:\/\/aem.hr\/\"},{\"@type\":\"ListItem\",\"position\":2,\"name\":\"Snje\u017eana Duki\u0107 &#8211; Zdravi obroci &#8211; iz vrta u \u0161kole\"}]},{\"@type\":\"WebSite\",\"@id\":\"https:\/\/aem.hr\/#website\",\"url\":\"https:\/\/aem.hr\/\",\"name\":\"Agencija za elektroni\u010dke medije\",\"description\":\"\",\"potentialAction\":[{\"@type\":\"SearchAction\",\"target\":{\"@type\":\"EntryPoint\",\"urlTemplate\":\"https:\/\/aem.hr\/?s={search_term_string}\"},\"query-input\":{\"@type\":\"PropertyValueSpecification\",\"valueRequired\":true,\"valueName\":\"search_term_string\"}}],\"inLanguage\":\"en-US\"}]}<\/script>\n<!-- \/ Yoast SEO plugin. -->","yoast_head_json":{"title":"Snje\u017eana Duki\u0107 - Zdravi obroci - iz vrta u \u0161kole - Agencija za elektroni\u010dke medije","robots":{"index":"index","follow":"follow","max-snippet":"max-snippet:-1","max-image-preview":"max-image-preview:large","max-video-preview":"max-video-preview:-1"},"canonical":"https:\/\/aem.hr\/snjezana-dukic-zdravi-obroci-iz-vrta-u-skole\/","og_locale":"en_US","og_type":"article","og_title":"Snje\u017eana Duki\u0107 - Zdravi obroci - iz vrta u \u0161kole - Agencija za elektroni\u010dke medije","og_url":"https:\/\/aem.hr\/snjezana-dukic-zdravi-obroci-iz-vrta-u-skole\/","og_site_name":"Agencija za elektroni\u010dke medije","article_modified_time":"2023-11-24T11:34:07+00:00","twitter_card":"summary_large_image","twitter_misc":{"Est. reading time":"1 minute"},"schema":{"@context":"https:\/\/schema.org","@graph":[{"@type":"WebPage","@id":"https:\/\/aem.hr\/snjezana-dukic-zdravi-obroci-iz-vrta-u-skole\/","url":"https:\/\/aem.hr\/snjezana-dukic-zdravi-obroci-iz-vrta-u-skole\/","name":"Snje\u017eana Duki\u0107 - Zdravi obroci - iz vrta u \u0161kole - Agencija za elektroni\u010dke medije","isPartOf":{"@id":"https:\/\/aem.hr\/#website"},"datePublished":"2023-11-24T11:34:06+00:00","dateModified":"2023-11-24T11:34:07+00:00","breadcrumb":{"@id":"https:\/\/aem.hr\/snjezana-dukic-zdravi-obroci-iz-vrta-u-skole\/#breadcrumb"},"inLanguage":"en-US","potentialAction":[{"@type":"ReadAction","target":["https:\/\/aem.hr\/snjezana-dukic-zdravi-obroci-iz-vrta-u-skole\/"]}]},{"@type":"BreadcrumbList","@id":"https:\/\/aem.hr\/snjezana-dukic-zdravi-obroci-iz-vrta-u-skole\/#breadcrumb","itemListElement":[{"@type":"ListItem","position":1,"name":"Po\u010detna stranica","item":"https:\/\/aem.hr\/"},{"@type":"ListItem","position":2,"name":"Snje\u017eana Duki\u0107 &#8211; Zdravi obroci &#8211; iz vrta u \u0161kole"}]},{"@type":"WebSite","@id":"https:\/\/aem.hr\/#website","url":"https:\/\/aem.hr\/","name":"Agencija za elektroni\u010dke medije","description":"","potentialAction":[{"@type":"SearchAction","target":{"@type":"EntryPoint","urlTemplate":"https:\/\/aem.hr\/?s={search_term_string}"},"query-input":{"@type":"PropertyValueSpecification","valueRequired":true,"valueName":"search_term_string"}}],"inLanguage":"en-US"}]}},"coauthors":[],"author_meta":{"author_link":"https:\/\/aem.hr\/en\/blog\/author\/mkirac\/","display_name":"Matko Kirac"},"relative_dates":{"created":"Posted 2 years ago","modified":"Updated 2 years ago"},"absolute_dates":{"created":"Posted on 24. November 2023.","modified":"Updated on 24. November 2023."},"absolute_dates_time":{"created":"Posted on 24. November 2023. 12:34","modified":"Updated on 24. November 2023. 12:34"},"featured_img_caption":"","featured_img":false,"series_order":"","_links":{"self":[{"href":"https:\/\/aem.hr\/en\/wp-json\/wp\/v2\/pages\/17693","targetHints":{"allow":["GET"]}}],"collection":[{"href":"https:\/\/aem.hr\/en\/wp-json\/wp\/v2\/pages"}],"about":[{"href":"https:\/\/aem.hr\/en\/wp-json\/wp\/v2\/types\/page"}],"author":[{"embeddable":true,"href":"https:\/\/aem.hr\/en\/wp-json\/wp\/v2\/users\/18"}],"replies":[{"embeddable":true,"href":"https:\/\/aem.hr\/en\/wp-json\/wp\/v2\/comments?post=17693"}],"version-history":[{"count":1,"href":"https:\/\/aem.hr\/en\/wp-json\/wp\/v2\/pages\/17693\/revisions"}],"predecessor-version":[{"id":17704,"href":"https:\/\/aem.hr\/en\/wp-json\/wp\/v2\/pages\/17693\/revisions\/17704"}],"wp:attachment":[{"href":"https:\/\/aem.hr\/en\/wp-json\/wp\/v2\/media?parent=17693"}],"curies":[{"name":"wp","href":"https:\/\/api.w.org\/{rel}","templated":true}]}}