{"id":17706,"date":"2023-11-24T12:49:45","date_gmt":"2023-11-24T11:49:45","guid":{"rendered":"http:\/\/aem.hr\/?page_id=17706"},"modified":"2023-11-24T12:49:45","modified_gmt":"2023-11-24T11:49:45","slug":"ivica-buljan-sindikati-sindikalno-organizairanje-i-prava-zaposlenih-proslost-sadasnjost-i-buducnost","status":"publish","type":"page","link":"https:\/\/aem.hr\/en\/ivica-buljan-sindikati-sindikalno-organizairanje-i-prava-zaposlenih-proslost-sadasnjost-i-buducnost\/","title":{"rendered":"Ivica Buljan &#8211; Sindikati \u2013 Sindikalno organizairanje i prava zaposlenih &#8211; Pro\u0161lost, sada\u0161njost i budu\u0107nost"},"content":{"rendered":"\n<div class=\"wp-block-file\"><a id=\"wp-block-file--media-5035e6cf-c1c6-445b-8490-a44f485f8d5c\" href=\"https:\/\/aem.hr\/wp-content\/uploads\/2023\/11\/1.-Sindikalno-udruzivanje-povijest-i-ciljevi.pdf\">1. Sindikalno udru\u017eivanje &#8211; povijest i ciljevi<\/a><a href=\"https:\/\/aem.hr\/wp-content\/uploads\/2023\/11\/1.-Sindikalno-udruzivanje-povijest-i-ciljevi.pdf\" class=\"wp-block-file__button wp-element-button\" download aria-describedby=\"wp-block-file--media-5035e6cf-c1c6-445b-8490-a44f485f8d5c\">Preuzimanje<\/a><\/div>\n\n\n\n<div class=\"wp-block-file\"><a id=\"wp-block-file--media-063f21b4-48fc-48d2-a846-a706815482b4\" href=\"https:\/\/aem.hr\/wp-content\/uploads\/2023\/11\/2.-TRANZICIJA-Zasto-sindikati.pdf\">2. TRANZICIJA Za\u0161to sindikati<\/a><a href=\"https:\/\/aem.hr\/wp-content\/uploads\/2023\/11\/2.-TRANZICIJA-Zasto-sindikati.pdf\" class=\"wp-block-file__button wp-element-button\" download aria-describedby=\"wp-block-file--media-063f21b4-48fc-48d2-a846-a706815482b4\">Preuzimanje<\/a><\/div>\n\n\n\n<div class=\"wp-block-file\"><a id=\"wp-block-file--media-61e82e4a-cb0a-4c62-a9e1-b1a1198bd564\" href=\"https:\/\/aem.hr\/wp-content\/uploads\/2023\/11\/3.-Sindikalno-udruzivanje-Kolektivne-pregovore.pdf\">3. Sindikalno udru\u017eivanje &#8211; Kolektivne pregovore<\/a><a href=\"https:\/\/aem.hr\/wp-content\/uploads\/2023\/11\/3.-Sindikalno-udruzivanje-Kolektivne-pregovore.pdf\" class=\"wp-block-file__button wp-element-button\" download aria-describedby=\"wp-block-file--media-61e82e4a-cb0a-4c62-a9e1-b1a1198bd564\">Preuzimanje<\/a><\/div>\n\n\n\n<div class=\"wp-block-file\"><a id=\"wp-block-file--media-39f29267-7d02-46c8-af3b-c88ce1fcd7ed\" href=\"https:\/\/aem.hr\/wp-content\/uploads\/2023\/11\/4.-Sindikalni-lideri-i-liderizam.pdf\">4. Sindikalni lideri i liderizam<\/a><a href=\"https:\/\/aem.hr\/wp-content\/uploads\/2023\/11\/4.-Sindikalni-lideri-i-liderizam.pdf\" class=\"wp-block-file__button wp-element-button\" download aria-describedby=\"wp-block-file--media-39f29267-7d02-46c8-af3b-c88ce1fcd7ed\">Preuzimanje<\/a><\/div>\n\n\n\n<div class=\"wp-block-file\"><a id=\"wp-block-file--media-0bf9375b-7316-43eb-8178-34a50d170b8c\" href=\"https:\/\/aem.hr\/wp-content\/uploads\/2023\/11\/5.-Buducnost-sindikata.pdf\">5. Budu\u0107nost sindikata<\/a><a href=\"https:\/\/aem.hr\/wp-content\/uploads\/2023\/11\/5.-Buducnost-sindikata.pdf\" class=\"wp-block-file__button wp-element-button\" download aria-describedby=\"wp-block-file--media-0bf9375b-7316-43eb-8178-34a50d170b8c\">Preuzimanje<\/a><\/div>\n","protected":false},"excerpt":{"rendered":"","protected":false},"author":18,"featured_media":0,"parent":0,"menu_order":0,"comment_status":"closed","ping_status":"closed","template":"","meta":{"_acf_changed":false,"inline_featured_image":false,"advgb_blocks_editor_width":"","advgb_blocks_columns_visual_guide":"","_links_to":"","_links_to_type":0,"footnotes":""},"class_list":["post-17706","page","type-page","status-publish","hentry"],"acf":[],"yoast_head":"<!-- This site is optimized with the Yoast SEO plugin v25.7 - https:\/\/yoast.com\/wordpress\/plugins\/seo\/ -->\n<title>Ivica Buljan - Sindikati \u2013 Sindikalno organizairanje i prava zaposlenih - Pro\u0161lost, sada\u0161njost i budu\u0107nost - Agencija za elektroni\u010dke medije<\/title>\n<meta name=\"robots\" content=\"index, follow, max-snippet:-1, max-image-preview:large, max-video-preview:-1\" \/>\n<link rel=\"canonical\" href=\"https:\/\/aem.hr\/ivica-buljan-sindikati-sindikalno-organizairanje-i-prava-zaposlenih-proslost-sadasnjost-i-buducnost\/\" \/>\n<meta property=\"og:locale\" content=\"en_US\" \/>\n<meta property=\"og:type\" content=\"article\" \/>\n<meta property=\"og:title\" content=\"Ivica Buljan - Sindikati \u2013 Sindikalno organizairanje i prava zaposlenih - Pro\u0161lost, sada\u0161njost i budu\u0107nost - Agencija za elektroni\u010dke medije\" \/>\n<meta property=\"og:url\" content=\"https:\/\/aem.hr\/ivica-buljan-sindikati-sindikalno-organizairanje-i-prava-zaposlenih-proslost-sadasnjost-i-buducnost\/\" \/>\n<meta property=\"og:site_name\" content=\"Agencija za elektroni\u010dke medije\" \/>\n<meta name=\"twitter:card\" content=\"summary_large_image\" \/>\n<meta name=\"twitter:label1\" content=\"Est. reading time\" \/>\n\t<meta name=\"twitter:data1\" content=\"1 minute\" \/>\n<script type=\"application\/ld+json\" class=\"yoast-schema-graph\">{\"@context\":\"https:\/\/schema.org\",\"@graph\":[{\"@type\":\"WebPage\",\"@id\":\"https:\/\/aem.hr\/ivica-buljan-sindikati-sindikalno-organizairanje-i-prava-zaposlenih-proslost-sadasnjost-i-buducnost\/\",\"url\":\"https:\/\/aem.hr\/ivica-buljan-sindikati-sindikalno-organizairanje-i-prava-zaposlenih-proslost-sadasnjost-i-buducnost\/\",\"name\":\"Ivica Buljan - Sindikati \u2013 Sindikalno organizairanje i prava zaposlenih - Pro\u0161lost, sada\u0161njost i budu\u0107nost - Agencija za elektroni\u010dke medije\",\"isPartOf\":{\"@id\":\"https:\/\/aem.hr\/#website\"},\"datePublished\":\"2023-11-24T11:49:45+00:00\",\"breadcrumb\":{\"@id\":\"https:\/\/aem.hr\/ivica-buljan-sindikati-sindikalno-organizairanje-i-prava-zaposlenih-proslost-sadasnjost-i-buducnost\/#breadcrumb\"},\"inLanguage\":\"en-US\",\"potentialAction\":[{\"@type\":\"ReadAction\",\"target\":[\"https:\/\/aem.hr\/ivica-buljan-sindikati-sindikalno-organizairanje-i-prava-zaposlenih-proslost-sadasnjost-i-buducnost\/\"]}]},{\"@type\":\"BreadcrumbList\",\"@id\":\"https:\/\/aem.hr\/ivica-buljan-sindikati-sindikalno-organizairanje-i-prava-zaposlenih-proslost-sadasnjost-i-buducnost\/#breadcrumb\",\"itemListElement\":[{\"@type\":\"ListItem\",\"position\":1,\"name\":\"Po\u010detna stranica\",\"item\":\"https:\/\/aem.hr\/\"},{\"@type\":\"ListItem\",\"position\":2,\"name\":\"Ivica Buljan &#8211; Sindikati \u2013 Sindikalno organizairanje i prava zaposlenih &#8211; Pro\u0161lost, sada\u0161njost i budu\u0107nost\"}]},{\"@type\":\"WebSite\",\"@id\":\"https:\/\/aem.hr\/#website\",\"url\":\"https:\/\/aem.hr\/\",\"name\":\"Agencija za elektroni\u010dke medije\",\"description\":\"\",\"potentialAction\":[{\"@type\":\"SearchAction\",\"target\":{\"@type\":\"EntryPoint\",\"urlTemplate\":\"https:\/\/aem.hr\/?s={search_term_string}\"},\"query-input\":{\"@type\":\"PropertyValueSpecification\",\"valueRequired\":true,\"valueName\":\"search_term_string\"}}],\"inLanguage\":\"en-US\"}]}<\/script>\n<!-- \/ Yoast SEO plugin. -->","yoast_head_json":{"title":"Ivica Buljan - Sindikati \u2013 Sindikalno organizairanje i prava zaposlenih - Pro\u0161lost, sada\u0161njost i budu\u0107nost - Agencija za elektroni\u010dke medije","robots":{"index":"index","follow":"follow","max-snippet":"max-snippet:-1","max-image-preview":"max-image-preview:large","max-video-preview":"max-video-preview:-1"},"canonical":"https:\/\/aem.hr\/ivica-buljan-sindikati-sindikalno-organizairanje-i-prava-zaposlenih-proslost-sadasnjost-i-buducnost\/","og_locale":"en_US","og_type":"article","og_title":"Ivica Buljan - Sindikati \u2013 Sindikalno organizairanje i prava zaposlenih - Pro\u0161lost, sada\u0161njost i budu\u0107nost - Agencija za elektroni\u010dke medije","og_url":"https:\/\/aem.hr\/ivica-buljan-sindikati-sindikalno-organizairanje-i-prava-zaposlenih-proslost-sadasnjost-i-buducnost\/","og_site_name":"Agencija za elektroni\u010dke medije","twitter_card":"summary_large_image","twitter_misc":{"Est. reading time":"1 minute"},"schema":{"@context":"https:\/\/schema.org","@graph":[{"@type":"WebPage","@id":"https:\/\/aem.hr\/ivica-buljan-sindikati-sindikalno-organizairanje-i-prava-zaposlenih-proslost-sadasnjost-i-buducnost\/","url":"https:\/\/aem.hr\/ivica-buljan-sindikati-sindikalno-organizairanje-i-prava-zaposlenih-proslost-sadasnjost-i-buducnost\/","name":"Ivica Buljan - Sindikati \u2013 Sindikalno organizairanje i prava zaposlenih - Pro\u0161lost, sada\u0161njost i budu\u0107nost - Agencija za elektroni\u010dke medije","isPartOf":{"@id":"https:\/\/aem.hr\/#website"},"datePublished":"2023-11-24T11:49:45+00:00","breadcrumb":{"@id":"https:\/\/aem.hr\/ivica-buljan-sindikati-sindikalno-organizairanje-i-prava-zaposlenih-proslost-sadasnjost-i-buducnost\/#breadcrumb"},"inLanguage":"en-US","potentialAction":[{"@type":"ReadAction","target":["https:\/\/aem.hr\/ivica-buljan-sindikati-sindikalno-organizairanje-i-prava-zaposlenih-proslost-sadasnjost-i-buducnost\/"]}]},{"@type":"BreadcrumbList","@id":"https:\/\/aem.hr\/ivica-buljan-sindikati-sindikalno-organizairanje-i-prava-zaposlenih-proslost-sadasnjost-i-buducnost\/#breadcrumb","itemListElement":[{"@type":"ListItem","position":1,"name":"Po\u010detna stranica","item":"https:\/\/aem.hr\/"},{"@type":"ListItem","position":2,"name":"Ivica Buljan &#8211; Sindikati \u2013 Sindikalno organizairanje i prava zaposlenih &#8211; Pro\u0161lost, sada\u0161njost i budu\u0107nost"}]},{"@type":"WebSite","@id":"https:\/\/aem.hr\/#website","url":"https:\/\/aem.hr\/","name":"Agencija za elektroni\u010dke medije","description":"","potentialAction":[{"@type":"SearchAction","target":{"@type":"EntryPoint","urlTemplate":"https:\/\/aem.hr\/?s={search_term_string}"},"query-input":{"@type":"PropertyValueSpecification","valueRequired":true,"valueName":"search_term_string"}}],"inLanguage":"en-US"}]}},"coauthors":[],"author_meta":{"author_link":"https:\/\/aem.hr\/en\/blog\/author\/mkirac\/","display_name":"Matko Kirac"},"relative_dates":{"created":"Posted 2 years ago","modified":"Updated 2 years ago"},"absolute_dates":{"created":"Posted on 24. November 2023.","modified":"Updated on 24. November 2023."},"absolute_dates_time":{"created":"Posted on 24. November 2023. 12:49","modified":"Updated on 24. November 2023. 12:49"},"featured_img_caption":"","featured_img":false,"series_order":"","_links":{"self":[{"href":"https:\/\/aem.hr\/en\/wp-json\/wp\/v2\/pages\/17706","targetHints":{"allow":["GET"]}}],"collection":[{"href":"https:\/\/aem.hr\/en\/wp-json\/wp\/v2\/pages"}],"about":[{"href":"https:\/\/aem.hr\/en\/wp-json\/wp\/v2\/types\/page"}],"author":[{"embeddable":true,"href":"https:\/\/aem.hr\/en\/wp-json\/wp\/v2\/users\/18"}],"replies":[{"embeddable":true,"href":"https:\/\/aem.hr\/en\/wp-json\/wp\/v2\/comments?post=17706"}],"version-history":[{"count":1,"href":"https:\/\/aem.hr\/en\/wp-json\/wp\/v2\/pages\/17706\/revisions"}],"predecessor-version":[{"id":17716,"href":"https:\/\/aem.hr\/en\/wp-json\/wp\/v2\/pages\/17706\/revisions\/17716"}],"wp:attachment":[{"href":"https:\/\/aem.hr\/en\/wp-json\/wp\/v2\/media?parent=17706"}],"curies":[{"name":"wp","href":"https:\/\/api.w.org\/{rel}","templated":true}]}}