{"id":17730,"date":"2023-11-24T12:59:10","date_gmt":"2023-11-24T11:59:10","guid":{"rendered":"http:\/\/aem.hr\/?page_id=17730"},"modified":"2023-11-24T12:59:10","modified_gmt":"2023-11-24T11:59:10","slug":"vedran-cindric-kako-njegovati-bogatstvo-razlicitosti-nacionalnih-manjina-u-bjelovarsko-bilogorskoj-zupaniji-i-zasto-se-njihov-udio-u-stanovnistvu-smanjuje","status":"publish","type":"page","link":"https:\/\/aem.hr\/en\/vedran-cindric-kako-njegovati-bogatstvo-razlicitosti-nacionalnih-manjina-u-bjelovarsko-bilogorskoj-zupaniji-i-zasto-se-njihov-udio-u-stanovnistvu-smanjuje\/","title":{"rendered":"Vedran Cindri\u0107 &#8211; Kako njegovati bogatstvo razli\u010ditosti nacionalnih manjina u Bjelovarsko-bilogorskoj \u017eupaniji i za\u0161to se njihov udio u stanovni\u0161tvu smanjuje"},"content":{"rendered":"\n<div class=\"wp-block-file\"><a id=\"wp-block-file--media-9b1a1316-b01b-46d6-8287-4f44e5ab02d8\" href=\"https:\/\/aem.hr\/wp-content\/uploads\/2023\/11\/1.-U-BBZ-u-vise-Ceha-nego-Srba.pdf\">1. U BB\u017d-u vi\u0161e \u010ceha nego Srba<\/a><a href=\"https:\/\/aem.hr\/wp-content\/uploads\/2023\/11\/1.-U-BBZ-u-vise-Ceha-nego-Srba.pdf\" class=\"wp-block-file__button wp-element-button\" download aria-describedby=\"wp-block-file--media-9b1a1316-b01b-46d6-8287-4f44e5ab02d8\">Preuzimanje<\/a><\/div>\n\n\n\n<div class=\"wp-block-file\"><a id=\"wp-block-file--media-31690e68-6322-4f05-96c9-2d6a0cdb0306\" href=\"https:\/\/aem.hr\/wp-content\/uploads\/2023\/11\/2.-Predsjednici-Vijeca-madarske-srpske-i-ceske.pdf\">2. Predsjednici Vije\u0107a ma\u0111arske, srpske i \u010de\u0161ke<\/a><a href=\"https:\/\/aem.hr\/wp-content\/uploads\/2023\/11\/2.-Predsjednici-Vijeca-madarske-srpske-i-ceske.pdf\" class=\"wp-block-file__button wp-element-button\" download aria-describedby=\"wp-block-file--media-31690e68-6322-4f05-96c9-2d6a0cdb0306\">Preuzimanje<\/a><\/div>\n\n\n\n<div class=\"wp-block-file\"><a id=\"wp-block-file--media-4d0cd5fe-6c37-4347-b383-17dee0fbcb26\" href=\"https:\/\/aem.hr\/wp-content\/uploads\/2023\/11\/3.-Ceska-beseda-Doljani-kraj-Daruvara.pdf\">3. \u010ce\u0161ka beseda Doljani kraj Daruvara<\/a><a href=\"https:\/\/aem.hr\/wp-content\/uploads\/2023\/11\/3.-Ceska-beseda-Doljani-kraj-Daruvara.pdf\" class=\"wp-block-file__button wp-element-button\" download aria-describedby=\"wp-block-file--media-4d0cd5fe-6c37-4347-b383-17dee0fbcb26\">Preuzimanje<\/a><\/div>\n\n\n\n<div class=\"wp-block-file\"><a id=\"wp-block-file--media-48633f34-cf08-4f78-a87d-5b29f0ebf53b\" href=\"https:\/\/aem.hr\/wp-content\/uploads\/2023\/11\/4.-Idemo-na-brojne-nastupe-i-cuvamo-nasu-kulturu.pdf\">4. Idemo na brojne nastupe i \u010duvamo na\u0161u kulturu<\/a><a href=\"https:\/\/aem.hr\/wp-content\/uploads\/2023\/11\/4.-Idemo-na-brojne-nastupe-i-cuvamo-nasu-kulturu.pdf\" class=\"wp-block-file__button wp-element-button\" download aria-describedby=\"wp-block-file--media-48633f34-cf08-4f78-a87d-5b29f0ebf53b\">Preuzimanje<\/a><\/div>\n\n\n\n<div class=\"wp-block-file\"><a id=\"wp-block-file--media-fc291f44-45e7-45ee-9c29-fff20f1a6dc6\" href=\"https:\/\/aem.hr\/wp-content\/uploads\/2023\/11\/5.-Vecer-nacionalnih-manjina.pdf\">5. Ve\u010der nacionalnih manjina<\/a><a href=\"https:\/\/aem.hr\/wp-content\/uploads\/2023\/11\/5.-Vecer-nacionalnih-manjina.pdf\" class=\"wp-block-file__button wp-element-button\" download aria-describedby=\"wp-block-file--media-fc291f44-45e7-45ee-9c29-fff20f1a6dc6\">Preuzimanje<\/a><\/div>\n\n\n\n<div class=\"wp-block-file\"><a id=\"wp-block-file--media-ec80c5dc-e7a3-43ad-818a-df4ac29929d6\" href=\"https:\/\/aem.hr\/wp-content\/uploads\/2023\/11\/6.Njegovanje-kulture-i-obicaja.pdf\">6. Njegovanje kulture i obi\u010daja<\/a><a href=\"https:\/\/aem.hr\/wp-content\/uploads\/2023\/11\/6.Njegovanje-kulture-i-obicaja.pdf\" class=\"wp-block-file__button wp-element-button\" download aria-describedby=\"wp-block-file--media-ec80c5dc-e7a3-43ad-818a-df4ac29929d6\">Preuzimanje<\/a><\/div>\n\n\n\n<div class=\"wp-block-file\"><a id=\"wp-block-file--media-cda936c0-0a19-4cd2-8859-508ac7e43fb7\" href=\"https:\/\/aem.hr\/wp-content\/uploads\/2023\/11\/7.-Bili-smo-na-Danu-madarske-pjesme.pdf\">7. Bili smo na Danu ma\u0111arske pjesme<\/a><a href=\"https:\/\/aem.hr\/wp-content\/uploads\/2023\/11\/7.-Bili-smo-na-Danu-madarske-pjesme.pdf\" class=\"wp-block-file__button wp-element-button\" download aria-describedby=\"wp-block-file--media-cda936c0-0a19-4cd2-8859-508ac7e43fb7\">Preuzimanje<\/a><\/div>\n\n\n\n<div class=\"wp-block-file\"><a id=\"wp-block-file--media-32473bb2-24f1-4792-9821-2f34f41a5948\" href=\"https:\/\/aem.hr\/wp-content\/uploads\/2023\/11\/8.-Vanja-Ficner_-Srba-nema-fizicki-manje-nego-prije.pdf\">8. Vanja Ficner_ &#8216;Srba nema fizi\u010dki manje nego prije<\/a><a href=\"https:\/\/aem.hr\/wp-content\/uploads\/2023\/11\/8.-Vanja-Ficner_-Srba-nema-fizicki-manje-nego-prije.pdf\" class=\"wp-block-file__button wp-element-button\" download aria-describedby=\"wp-block-file--media-32473bb2-24f1-4792-9821-2f34f41a5948\">Preuzimanje<\/a><\/div>\n\n\n\n<div class=\"wp-block-file\"><a id=\"wp-block-file--media-c2ecd2d3-f667-4766-8cb7-6c86ca75a09b\" href=\"https:\/\/aem.hr\/wp-content\/uploads\/2023\/11\/9.-Posjetili-smo-Romsku-kucu.pdf\">9. Posjetili smo Romsku ku\u0107u<\/a><a href=\"https:\/\/aem.hr\/wp-content\/uploads\/2023\/11\/9.-Posjetili-smo-Romsku-kucu.pdf\" class=\"wp-block-file__button wp-element-button\" download aria-describedby=\"wp-block-file--media-c2ecd2d3-f667-4766-8cb7-6c86ca75a09b\">Preuzimanje<\/a><\/div>\n\n\n\n<div class=\"wp-block-file\"><a id=\"wp-block-file--media-eb1d6348-d3d6-4b0c-b575-870cf2f417fe\" href=\"https:\/\/aem.hr\/wp-content\/uploads\/2023\/11\/10.-Saznali-smo-kako-Srbi-cuvaj-tradiciju.pdf\">10. Saznali smo kako Srbi \u010duvaj tradiciju<\/a><a href=\"https:\/\/aem.hr\/wp-content\/uploads\/2023\/11\/10.-Saznali-smo-kako-Srbi-cuvaj-tradiciju.pdf\" class=\"wp-block-file__button wp-element-button\" download aria-describedby=\"wp-block-file--media-eb1d6348-d3d6-4b0c-b575-870cf2f417fe\">Preuzimanje<\/a><\/div>\n","protected":false},"excerpt":{"rendered":"","protected":false},"author":18,"featured_media":0,"parent":0,"menu_order":0,"comment_status":"closed","ping_status":"closed","template":"","meta":{"_acf_changed":false,"inline_featured_image":false,"advgb_blocks_editor_width":"","advgb_blocks_columns_visual_guide":"","_links_to":"","_links_to_type":0,"footnotes":""},"class_list":["post-17730","page","type-page","status-publish","hentry"],"acf":[],"yoast_head":"<!-- This site is optimized with the Yoast SEO plugin v25.7 - https:\/\/yoast.com\/wordpress\/plugins\/seo\/ -->\n<title>Vedran Cindri\u0107 - Kako njegovati bogatstvo razli\u010ditosti nacionalnih manjina u Bjelovarsko-bilogorskoj \u017eupaniji i za\u0161to se njihov udio u stanovni\u0161tvu smanjuje - Agencija za elektroni\u010dke medije<\/title>\n<meta name=\"robots\" content=\"index, follow, max-snippet:-1, max-image-preview:large, max-video-preview:-1\" \/>\n<link rel=\"canonical\" href=\"https:\/\/aem.hr\/vedran-cindric-kako-njegovati-bogatstvo-razlicitosti-nacionalnih-manjina-u-bjelovarsko-bilogorskoj-zupaniji-i-zasto-se-njihov-udio-u-stanovnistvu-smanjuje\/\" \/>\n<meta property=\"og:locale\" content=\"en_US\" \/>\n<meta property=\"og:type\" content=\"article\" \/>\n<meta property=\"og:title\" content=\"Vedran Cindri\u0107 - Kako njegovati bogatstvo razli\u010ditosti nacionalnih manjina u Bjelovarsko-bilogorskoj \u017eupaniji i za\u0161to se njihov udio u stanovni\u0161tvu smanjuje - Agencija za elektroni\u010dke medije\" \/>\n<meta property=\"og:url\" content=\"https:\/\/aem.hr\/vedran-cindric-kako-njegovati-bogatstvo-razlicitosti-nacionalnih-manjina-u-bjelovarsko-bilogorskoj-zupaniji-i-zasto-se-njihov-udio-u-stanovnistvu-smanjuje\/\" \/>\n<meta property=\"og:site_name\" content=\"Agencija za elektroni\u010dke medije\" \/>\n<meta name=\"twitter:card\" content=\"summary_large_image\" \/>\n<meta name=\"twitter:label1\" content=\"Est. reading time\" \/>\n\t<meta name=\"twitter:data1\" content=\"1 minute\" \/>\n<script type=\"application\/ld+json\" class=\"yoast-schema-graph\">{\"@context\":\"https:\/\/schema.org\",\"@graph\":[{\"@type\":\"WebPage\",\"@id\":\"https:\/\/aem.hr\/vedran-cindric-kako-njegovati-bogatstvo-razlicitosti-nacionalnih-manjina-u-bjelovarsko-bilogorskoj-zupaniji-i-zasto-se-njihov-udio-u-stanovnistvu-smanjuje\/\",\"url\":\"https:\/\/aem.hr\/vedran-cindric-kako-njegovati-bogatstvo-razlicitosti-nacionalnih-manjina-u-bjelovarsko-bilogorskoj-zupaniji-i-zasto-se-njihov-udio-u-stanovnistvu-smanjuje\/\",\"name\":\"Vedran Cindri\u0107 - Kako njegovati bogatstvo razli\u010ditosti nacionalnih manjina u Bjelovarsko-bilogorskoj \u017eupaniji i za\u0161to se njihov udio u stanovni\u0161tvu smanjuje - Agencija za elektroni\u010dke medije\",\"isPartOf\":{\"@id\":\"https:\/\/aem.hr\/#website\"},\"datePublished\":\"2023-11-24T11:59:10+00:00\",\"breadcrumb\":{\"@id\":\"https:\/\/aem.hr\/vedran-cindric-kako-njegovati-bogatstvo-razlicitosti-nacionalnih-manjina-u-bjelovarsko-bilogorskoj-zupaniji-i-zasto-se-njihov-udio-u-stanovnistvu-smanjuje\/#breadcrumb\"},\"inLanguage\":\"en-US\",\"potentialAction\":[{\"@type\":\"ReadAction\",\"target\":[\"https:\/\/aem.hr\/vedran-cindric-kako-njegovati-bogatstvo-razlicitosti-nacionalnih-manjina-u-bjelovarsko-bilogorskoj-zupaniji-i-zasto-se-njihov-udio-u-stanovnistvu-smanjuje\/\"]}]},{\"@type\":\"BreadcrumbList\",\"@id\":\"https:\/\/aem.hr\/vedran-cindric-kako-njegovati-bogatstvo-razlicitosti-nacionalnih-manjina-u-bjelovarsko-bilogorskoj-zupaniji-i-zasto-se-njihov-udio-u-stanovnistvu-smanjuje\/#breadcrumb\",\"itemListElement\":[{\"@type\":\"ListItem\",\"position\":1,\"name\":\"Po\u010detna stranica\",\"item\":\"https:\/\/aem.hr\/\"},{\"@type\":\"ListItem\",\"position\":2,\"name\":\"Vedran Cindri\u0107 &#8211; Kako njegovati bogatstvo razli\u010ditosti nacionalnih manjina u Bjelovarsko-bilogorskoj \u017eupaniji i za\u0161to se njihov udio u stanovni\u0161tvu smanjuje\"}]},{\"@type\":\"WebSite\",\"@id\":\"https:\/\/aem.hr\/#website\",\"url\":\"https:\/\/aem.hr\/\",\"name\":\"Agencija za elektroni\u010dke medije\",\"description\":\"\",\"potentialAction\":[{\"@type\":\"SearchAction\",\"target\":{\"@type\":\"EntryPoint\",\"urlTemplate\":\"https:\/\/aem.hr\/?s={search_term_string}\"},\"query-input\":{\"@type\":\"PropertyValueSpecification\",\"valueRequired\":true,\"valueName\":\"search_term_string\"}}],\"inLanguage\":\"en-US\"}]}<\/script>\n<!-- \/ Yoast SEO plugin. -->","yoast_head_json":{"title":"Vedran Cindri\u0107 - Kako njegovati bogatstvo razli\u010ditosti nacionalnih manjina u Bjelovarsko-bilogorskoj \u017eupaniji i za\u0161to se njihov udio u stanovni\u0161tvu smanjuje - Agencija za elektroni\u010dke medije","robots":{"index":"index","follow":"follow","max-snippet":"max-snippet:-1","max-image-preview":"max-image-preview:large","max-video-preview":"max-video-preview:-1"},"canonical":"https:\/\/aem.hr\/vedran-cindric-kako-njegovati-bogatstvo-razlicitosti-nacionalnih-manjina-u-bjelovarsko-bilogorskoj-zupaniji-i-zasto-se-njihov-udio-u-stanovnistvu-smanjuje\/","og_locale":"en_US","og_type":"article","og_title":"Vedran Cindri\u0107 - Kako njegovati bogatstvo razli\u010ditosti nacionalnih manjina u Bjelovarsko-bilogorskoj \u017eupaniji i za\u0161to se njihov udio u stanovni\u0161tvu smanjuje - Agencija za elektroni\u010dke medije","og_url":"https:\/\/aem.hr\/vedran-cindric-kako-njegovati-bogatstvo-razlicitosti-nacionalnih-manjina-u-bjelovarsko-bilogorskoj-zupaniji-i-zasto-se-njihov-udio-u-stanovnistvu-smanjuje\/","og_site_name":"Agencija za elektroni\u010dke medije","twitter_card":"summary_large_image","twitter_misc":{"Est. reading time":"1 minute"},"schema":{"@context":"https:\/\/schema.org","@graph":[{"@type":"WebPage","@id":"https:\/\/aem.hr\/vedran-cindric-kako-njegovati-bogatstvo-razlicitosti-nacionalnih-manjina-u-bjelovarsko-bilogorskoj-zupaniji-i-zasto-se-njihov-udio-u-stanovnistvu-smanjuje\/","url":"https:\/\/aem.hr\/vedran-cindric-kako-njegovati-bogatstvo-razlicitosti-nacionalnih-manjina-u-bjelovarsko-bilogorskoj-zupaniji-i-zasto-se-njihov-udio-u-stanovnistvu-smanjuje\/","name":"Vedran Cindri\u0107 - Kako njegovati bogatstvo razli\u010ditosti nacionalnih manjina u Bjelovarsko-bilogorskoj \u017eupaniji i za\u0161to se njihov udio u stanovni\u0161tvu smanjuje - Agencija za elektroni\u010dke medije","isPartOf":{"@id":"https:\/\/aem.hr\/#website"},"datePublished":"2023-11-24T11:59:10+00:00","breadcrumb":{"@id":"https:\/\/aem.hr\/vedran-cindric-kako-njegovati-bogatstvo-razlicitosti-nacionalnih-manjina-u-bjelovarsko-bilogorskoj-zupaniji-i-zasto-se-njihov-udio-u-stanovnistvu-smanjuje\/#breadcrumb"},"inLanguage":"en-US","potentialAction":[{"@type":"ReadAction","target":["https:\/\/aem.hr\/vedran-cindric-kako-njegovati-bogatstvo-razlicitosti-nacionalnih-manjina-u-bjelovarsko-bilogorskoj-zupaniji-i-zasto-se-njihov-udio-u-stanovnistvu-smanjuje\/"]}]},{"@type":"BreadcrumbList","@id":"https:\/\/aem.hr\/vedran-cindric-kako-njegovati-bogatstvo-razlicitosti-nacionalnih-manjina-u-bjelovarsko-bilogorskoj-zupaniji-i-zasto-se-njihov-udio-u-stanovnistvu-smanjuje\/#breadcrumb","itemListElement":[{"@type":"ListItem","position":1,"name":"Po\u010detna stranica","item":"https:\/\/aem.hr\/"},{"@type":"ListItem","position":2,"name":"Vedran Cindri\u0107 &#8211; Kako njegovati bogatstvo razli\u010ditosti nacionalnih manjina u Bjelovarsko-bilogorskoj \u017eupaniji i za\u0161to se njihov udio u stanovni\u0161tvu smanjuje"}]},{"@type":"WebSite","@id":"https:\/\/aem.hr\/#website","url":"https:\/\/aem.hr\/","name":"Agencija za elektroni\u010dke medije","description":"","potentialAction":[{"@type":"SearchAction","target":{"@type":"EntryPoint","urlTemplate":"https:\/\/aem.hr\/?s={search_term_string}"},"query-input":{"@type":"PropertyValueSpecification","valueRequired":true,"valueName":"search_term_string"}}],"inLanguage":"en-US"}]}},"coauthors":[],"author_meta":{"author_link":"https:\/\/aem.hr\/en\/blog\/author\/mkirac\/","display_name":"Matko Kirac"},"relative_dates":{"created":"Posted 2 years ago","modified":"Updated 2 years ago"},"absolute_dates":{"created":"Posted on 24. November 2023.","modified":"Updated on 24. November 2023."},"absolute_dates_time":{"created":"Posted on 24. November 2023. 12:59","modified":"Updated on 24. November 2023. 12:59"},"featured_img_caption":"","featured_img":false,"series_order":"","_links":{"self":[{"href":"https:\/\/aem.hr\/en\/wp-json\/wp\/v2\/pages\/17730","targetHints":{"allow":["GET"]}}],"collection":[{"href":"https:\/\/aem.hr\/en\/wp-json\/wp\/v2\/pages"}],"about":[{"href":"https:\/\/aem.hr\/en\/wp-json\/wp\/v2\/types\/page"}],"author":[{"embeddable":true,"href":"https:\/\/aem.hr\/en\/wp-json\/wp\/v2\/users\/18"}],"replies":[{"embeddable":true,"href":"https:\/\/aem.hr\/en\/wp-json\/wp\/v2\/comments?post=17730"}],"version-history":[{"count":1,"href":"https:\/\/aem.hr\/en\/wp-json\/wp\/v2\/pages\/17730\/revisions"}],"predecessor-version":[{"id":17753,"href":"https:\/\/aem.hr\/en\/wp-json\/wp\/v2\/pages\/17730\/revisions\/17753"}],"wp:attachment":[{"href":"https:\/\/aem.hr\/en\/wp-json\/wp\/v2\/media?parent=17730"}],"curies":[{"name":"wp","href":"https:\/\/api.w.org\/{rel}","templated":true}]}}