{"id":17755,"date":"2023-11-24T13:05:12","date_gmt":"2023-11-24T12:05:12","guid":{"rendered":"http:\/\/aem.hr\/?page_id=17755"},"modified":"2023-11-24T13:05:13","modified_gmt":"2023-11-24T12:05:13","slug":"marina-drljo-persa-financijska-pismenost-djece-i-mladih-u-hrvatskoj-sto-svaka-mama-treba-nauciti-djecu","status":"publish","type":"page","link":"https:\/\/aem.hr\/en\/marina-drljo-persa-financijska-pismenost-djece-i-mladih-u-hrvatskoj-sto-svaka-mama-treba-nauciti-djecu\/","title":{"rendered":"Marina Drljo Per\u0161a &#8211; Financijska pismenost djece i mladih u Hrvatskoj \u2013 \u0161to svaka mama treba nau\u010diti djecu"},"content":{"rendered":"\n<div class=\"wp-block-file\"><a id=\"wp-block-file--media-a19eb908-0981-4050-bf6d-ed8022f41ec8\" href=\"https:\/\/aem.hr\/wp-content\/uploads\/2023\/11\/1.-Kako-djecu-uciti-o-novcu.pdf\">1. Kako djecu u\u010diti o novcu<\/a><a href=\"https:\/\/aem.hr\/wp-content\/uploads\/2023\/11\/1.-Kako-djecu-uciti-o-novcu.pdf\" class=\"wp-block-file__button wp-element-button\" download aria-describedby=\"wp-block-file--media-a19eb908-0981-4050-bf6d-ed8022f41ec8\">Preuzimanje<\/a><\/div>\n\n\n\n<div class=\"wp-block-file\"><a id=\"wp-block-file--media-157ba7b6-1783-4551-b7bc-0c2ed65935c6\" href=\"https:\/\/aem.hr\/wp-content\/uploads\/2023\/11\/2.-Stednja-\u2013-zdrava-navika-koju-svako-dijete.pdf\">2. \u0160tednja \u2013 zdrava navika koju svako dijete<\/a><a href=\"https:\/\/aem.hr\/wp-content\/uploads\/2023\/11\/2.-Stednja-\u2013-zdrava-navika-koju-svako-dijete.pdf\" class=\"wp-block-file__button wp-element-button\" download aria-describedby=\"wp-block-file--media-157ba7b6-1783-4551-b7bc-0c2ed65935c6\">Preuzimanje<\/a><\/div>\n\n\n\n<div class=\"wp-block-file\"><a id=\"wp-block-file--media-0ebd1dff-f797-4c41-b176-ae3274c701d5\" href=\"https:\/\/aem.hr\/wp-content\/uploads\/2023\/11\/3.-Sto-svaka-zena-mora-znati-o-novcu.pdf\">3. \u0160to svaka \u017eena mora znati o novcu<\/a><a href=\"https:\/\/aem.hr\/wp-content\/uploads\/2023\/11\/3.-Sto-svaka-zena-mora-znati-o-novcu.pdf\" class=\"wp-block-file__button wp-element-button\" download aria-describedby=\"wp-block-file--media-0ebd1dff-f797-4c41-b176-ae3274c701d5\">Preuzimanje<\/a><\/div>\n\n\n\n<div class=\"wp-block-file\"><a id=\"wp-block-file--media-967f60e2-0ac2-4acb-be5f-6a57ec0dfe84\" href=\"https:\/\/aem.hr\/wp-content\/uploads\/2023\/11\/4.-Zene-i-dug-\u2013-koji-zivotni-dogadaji.pdf\">4. \u017dene i dug \u2013 koji \u017eivotni doga\u0111aji<\/a><a href=\"https:\/\/aem.hr\/wp-content\/uploads\/2023\/11\/4.-Zene-i-dug-\u2013-koji-zivotni-dogadaji.pdf\" class=\"wp-block-file__button wp-element-button\" download aria-describedby=\"wp-block-file--media-967f60e2-0ac2-4acb-be5f-6a57ec0dfe84\">Preuzimanje<\/a><\/div>\n\n\n\n<div class=\"wp-block-file\"><a id=\"wp-block-file--media-9efcbf62-0c9b-48f3-b8aa-3acbc9eb221d\" href=\"https:\/\/aem.hr\/wp-content\/uploads\/2023\/11\/5.-Kako-djeci-usaditi-dobra-uvjerenja-o-novcu.pdf\">5. Kako djeci usaditi dobra uvjerenja o novcu<\/a><a href=\"https:\/\/aem.hr\/wp-content\/uploads\/2023\/11\/5.-Kako-djeci-usaditi-dobra-uvjerenja-o-novcu.pdf\" class=\"wp-block-file__button wp-element-button\" download aria-describedby=\"wp-block-file--media-9efcbf62-0c9b-48f3-b8aa-3acbc9eb221d\">Preuzimanje<\/a><\/div>\n\n\n\n<div class=\"wp-block-file\"><a id=\"wp-block-file--media-48513666-c995-416d-8aae-e170036b6cd5\" href=\"https:\/\/aem.hr\/wp-content\/uploads\/2023\/11\/6.-Najvaznije-poruke-o-novcu-koje-djeca.pdf\">6. Najva\u017enije poruke o novcu koje djeca<\/a><a href=\"https:\/\/aem.hr\/wp-content\/uploads\/2023\/11\/6.-Najvaznije-poruke-o-novcu-koje-djeca.pdf\" class=\"wp-block-file__button wp-element-button\" download aria-describedby=\"wp-block-file--media-48513666-c995-416d-8aae-e170036b6cd5\">Preuzimanje<\/a><\/div>\n","protected":false},"excerpt":{"rendered":"","protected":false},"author":18,"featured_media":0,"parent":0,"menu_order":0,"comment_status":"closed","ping_status":"closed","template":"","meta":{"_acf_changed":false,"inline_featured_image":false,"advgb_blocks_editor_width":"","advgb_blocks_columns_visual_guide":"","_links_to":"","_links_to_type":0,"footnotes":""},"class_list":["post-17755","page","type-page","status-publish","hentry"],"acf":[],"yoast_head":"<!-- This site is optimized with the Yoast SEO plugin v25.7 - https:\/\/yoast.com\/wordpress\/plugins\/seo\/ -->\n<title>Marina Drljo Per\u0161a - Financijska pismenost djece i mladih u Hrvatskoj \u2013 \u0161to svaka mama treba nau\u010diti djecu - Agencija za elektroni\u010dke medije<\/title>\n<meta name=\"robots\" content=\"index, follow, max-snippet:-1, max-image-preview:large, max-video-preview:-1\" \/>\n<link rel=\"canonical\" href=\"https:\/\/aem.hr\/marina-drljo-persa-financijska-pismenost-djece-i-mladih-u-hrvatskoj-sto-svaka-mama-treba-nauciti-djecu\/\" \/>\n<meta property=\"og:locale\" content=\"en_US\" \/>\n<meta property=\"og:type\" content=\"article\" \/>\n<meta property=\"og:title\" content=\"Marina Drljo Per\u0161a - Financijska pismenost djece i mladih u Hrvatskoj \u2013 \u0161to svaka mama treba nau\u010diti djecu - Agencija za elektroni\u010dke medije\" \/>\n<meta property=\"og:url\" content=\"https:\/\/aem.hr\/marina-drljo-persa-financijska-pismenost-djece-i-mladih-u-hrvatskoj-sto-svaka-mama-treba-nauciti-djecu\/\" \/>\n<meta property=\"og:site_name\" content=\"Agencija za elektroni\u010dke medije\" \/>\n<meta property=\"article:modified_time\" content=\"2023-11-24T12:05:13+00:00\" \/>\n<meta name=\"twitter:card\" content=\"summary_large_image\" \/>\n<meta name=\"twitter:label1\" content=\"Est. reading time\" \/>\n\t<meta name=\"twitter:data1\" content=\"1 minute\" \/>\n<script type=\"application\/ld+json\" class=\"yoast-schema-graph\">{\"@context\":\"https:\/\/schema.org\",\"@graph\":[{\"@type\":\"WebPage\",\"@id\":\"https:\/\/aem.hr\/marina-drljo-persa-financijska-pismenost-djece-i-mladih-u-hrvatskoj-sto-svaka-mama-treba-nauciti-djecu\/\",\"url\":\"https:\/\/aem.hr\/marina-drljo-persa-financijska-pismenost-djece-i-mladih-u-hrvatskoj-sto-svaka-mama-treba-nauciti-djecu\/\",\"name\":\"Marina Drljo Per\u0161a - Financijska pismenost djece i mladih u Hrvatskoj \u2013 \u0161to svaka mama treba nau\u010diti djecu - Agencija za elektroni\u010dke medije\",\"isPartOf\":{\"@id\":\"https:\/\/aem.hr\/#website\"},\"datePublished\":\"2023-11-24T12:05:12+00:00\",\"dateModified\":\"2023-11-24T12:05:13+00:00\",\"breadcrumb\":{\"@id\":\"https:\/\/aem.hr\/marina-drljo-persa-financijska-pismenost-djece-i-mladih-u-hrvatskoj-sto-svaka-mama-treba-nauciti-djecu\/#breadcrumb\"},\"inLanguage\":\"en-US\",\"potentialAction\":[{\"@type\":\"ReadAction\",\"target\":[\"https:\/\/aem.hr\/marina-drljo-persa-financijska-pismenost-djece-i-mladih-u-hrvatskoj-sto-svaka-mama-treba-nauciti-djecu\/\"]}]},{\"@type\":\"BreadcrumbList\",\"@id\":\"https:\/\/aem.hr\/marina-drljo-persa-financijska-pismenost-djece-i-mladih-u-hrvatskoj-sto-svaka-mama-treba-nauciti-djecu\/#breadcrumb\",\"itemListElement\":[{\"@type\":\"ListItem\",\"position\":1,\"name\":\"Po\u010detna stranica\",\"item\":\"https:\/\/aem.hr\/\"},{\"@type\":\"ListItem\",\"position\":2,\"name\":\"Marina Drljo Per\u0161a &#8211; Financijska pismenost djece i mladih u Hrvatskoj \u2013 \u0161to svaka mama treba nau\u010diti djecu\"}]},{\"@type\":\"WebSite\",\"@id\":\"https:\/\/aem.hr\/#website\",\"url\":\"https:\/\/aem.hr\/\",\"name\":\"Agencija za elektroni\u010dke medije\",\"description\":\"\",\"potentialAction\":[{\"@type\":\"SearchAction\",\"target\":{\"@type\":\"EntryPoint\",\"urlTemplate\":\"https:\/\/aem.hr\/?s={search_term_string}\"},\"query-input\":{\"@type\":\"PropertyValueSpecification\",\"valueRequired\":true,\"valueName\":\"search_term_string\"}}],\"inLanguage\":\"en-US\"}]}<\/script>\n<!-- \/ Yoast SEO plugin. -->","yoast_head_json":{"title":"Marina Drljo Per\u0161a - Financijska pismenost djece i mladih u Hrvatskoj \u2013 \u0161to svaka mama treba nau\u010diti djecu - Agencija za elektroni\u010dke medije","robots":{"index":"index","follow":"follow","max-snippet":"max-snippet:-1","max-image-preview":"max-image-preview:large","max-video-preview":"max-video-preview:-1"},"canonical":"https:\/\/aem.hr\/marina-drljo-persa-financijska-pismenost-djece-i-mladih-u-hrvatskoj-sto-svaka-mama-treba-nauciti-djecu\/","og_locale":"en_US","og_type":"article","og_title":"Marina Drljo Per\u0161a - Financijska pismenost djece i mladih u Hrvatskoj \u2013 \u0161to svaka mama treba nau\u010diti djecu - Agencija za elektroni\u010dke medije","og_url":"https:\/\/aem.hr\/marina-drljo-persa-financijska-pismenost-djece-i-mladih-u-hrvatskoj-sto-svaka-mama-treba-nauciti-djecu\/","og_site_name":"Agencija za elektroni\u010dke medije","article_modified_time":"2023-11-24T12:05:13+00:00","twitter_card":"summary_large_image","twitter_misc":{"Est. reading time":"1 minute"},"schema":{"@context":"https:\/\/schema.org","@graph":[{"@type":"WebPage","@id":"https:\/\/aem.hr\/marina-drljo-persa-financijska-pismenost-djece-i-mladih-u-hrvatskoj-sto-svaka-mama-treba-nauciti-djecu\/","url":"https:\/\/aem.hr\/marina-drljo-persa-financijska-pismenost-djece-i-mladih-u-hrvatskoj-sto-svaka-mama-treba-nauciti-djecu\/","name":"Marina Drljo Per\u0161a - Financijska pismenost djece i mladih u Hrvatskoj \u2013 \u0161to svaka mama treba nau\u010diti djecu - Agencija za elektroni\u010dke medije","isPartOf":{"@id":"https:\/\/aem.hr\/#website"},"datePublished":"2023-11-24T12:05:12+00:00","dateModified":"2023-11-24T12:05:13+00:00","breadcrumb":{"@id":"https:\/\/aem.hr\/marina-drljo-persa-financijska-pismenost-djece-i-mladih-u-hrvatskoj-sto-svaka-mama-treba-nauciti-djecu\/#breadcrumb"},"inLanguage":"en-US","potentialAction":[{"@type":"ReadAction","target":["https:\/\/aem.hr\/marina-drljo-persa-financijska-pismenost-djece-i-mladih-u-hrvatskoj-sto-svaka-mama-treba-nauciti-djecu\/"]}]},{"@type":"BreadcrumbList","@id":"https:\/\/aem.hr\/marina-drljo-persa-financijska-pismenost-djece-i-mladih-u-hrvatskoj-sto-svaka-mama-treba-nauciti-djecu\/#breadcrumb","itemListElement":[{"@type":"ListItem","position":1,"name":"Po\u010detna stranica","item":"https:\/\/aem.hr\/"},{"@type":"ListItem","position":2,"name":"Marina Drljo Per\u0161a &#8211; Financijska pismenost djece i mladih u Hrvatskoj \u2013 \u0161to svaka mama treba nau\u010diti djecu"}]},{"@type":"WebSite","@id":"https:\/\/aem.hr\/#website","url":"https:\/\/aem.hr\/","name":"Agencija za elektroni\u010dke medije","description":"","potentialAction":[{"@type":"SearchAction","target":{"@type":"EntryPoint","urlTemplate":"https:\/\/aem.hr\/?s={search_term_string}"},"query-input":{"@type":"PropertyValueSpecification","valueRequired":true,"valueName":"search_term_string"}}],"inLanguage":"en-US"}]}},"coauthors":[],"author_meta":{"author_link":"https:\/\/aem.hr\/en\/blog\/author\/mkirac\/","display_name":"Matko Kirac"},"relative_dates":{"created":"Posted 2 years ago","modified":"Updated 2 years ago"},"absolute_dates":{"created":"Posted on 24. November 2023.","modified":"Updated on 24. November 2023."},"absolute_dates_time":{"created":"Posted on 24. November 2023. 13:05","modified":"Updated on 24. November 2023. 13:05"},"featured_img_caption":"","featured_img":false,"series_order":"","_links":{"self":[{"href":"https:\/\/aem.hr\/en\/wp-json\/wp\/v2\/pages\/17755","targetHints":{"allow":["GET"]}}],"collection":[{"href":"https:\/\/aem.hr\/en\/wp-json\/wp\/v2\/pages"}],"about":[{"href":"https:\/\/aem.hr\/en\/wp-json\/wp\/v2\/types\/page"}],"author":[{"embeddable":true,"href":"https:\/\/aem.hr\/en\/wp-json\/wp\/v2\/users\/18"}],"replies":[{"embeddable":true,"href":"https:\/\/aem.hr\/en\/wp-json\/wp\/v2\/comments?post=17755"}],"version-history":[{"count":1,"href":"https:\/\/aem.hr\/en\/wp-json\/wp\/v2\/pages\/17755\/revisions"}],"predecessor-version":[{"id":17768,"href":"https:\/\/aem.hr\/en\/wp-json\/wp\/v2\/pages\/17755\/revisions\/17768"}],"wp:attachment":[{"href":"https:\/\/aem.hr\/en\/wp-json\/wp\/v2\/media?parent=17755"}],"curies":[{"name":"wp","href":"https:\/\/api.w.org\/{rel}","templated":true}]}}