{"id":17812,"date":"2023-12-01T12:27:44","date_gmt":"2023-12-01T11:27:44","guid":{"rendered":"http:\/\/aem.hr\/?page_id=17812"},"modified":"2023-12-01T12:27:44","modified_gmt":"2023-12-01T11:27:44","slug":"rade-dragojevic-kultura-otkazivanja-ili-mogu-li-povijesne-nepravde-biti-otklonjenerade-dragojevic","status":"publish","type":"page","link":"https:\/\/aem.hr\/en\/rade-dragojevic-kultura-otkazivanja-ili-mogu-li-povijesne-nepravde-biti-otklonjenerade-dragojevic\/","title":{"rendered":"Rade Dragojevi\u0107 &#8211; Kultura otkazivanja ili mogu li povijesne nepravde biti otklonjene?Rade Dragojevi\u0107 &#8211;"},"content":{"rendered":"\n<div class=\"wp-block-file\"><a id=\"wp-block-file--media-32a35e4c-862e-4c52-8bdd-cd40b50cbb84\" href=\"https:\/\/aem.hr\/wp-content\/uploads\/2023\/12\/1.-Kultura-otkazivanja-ili-mogu-li-povijesne-nepravde.pdf\">1. Kultura otkazivanja ili mogu li povijesne nepravde<\/a><a href=\"https:\/\/aem.hr\/wp-content\/uploads\/2023\/12\/1.-Kultura-otkazivanja-ili-mogu-li-povijesne-nepravde.pdf\" class=\"wp-block-file__button wp-element-button\" download aria-describedby=\"wp-block-file--media-32a35e4c-862e-4c52-8bdd-cd40b50cbb84\">Preuzimanje<\/a><\/div>\n\n\n\n<div class=\"wp-block-file\"><a id=\"wp-block-file--media-745ad1f5-9236-4e69-9b9a-487d094fab1f\" href=\"https:\/\/aem.hr\/wp-content\/uploads\/2023\/12\/2.-Kultura-otkazivanja-kao-otpor-potrosaca.pdf\">2. Kultura otkazivanja kao otpor potro\u0161a\u010da<\/a><a href=\"https:\/\/aem.hr\/wp-content\/uploads\/2023\/12\/2.-Kultura-otkazivanja-kao-otpor-potrosaca.pdf\" class=\"wp-block-file__button wp-element-button\" download aria-describedby=\"wp-block-file--media-745ad1f5-9236-4e69-9b9a-487d094fab1f\">Preuzimanje<\/a><\/div>\n\n\n\n<div class=\"wp-block-file\"><a id=\"wp-block-file--media-80b06ba5-5750-465c-923a-024808ddf23e\" href=\"https:\/\/aem.hr\/wp-content\/uploads\/2023\/12\/3.-Desantisi-iz-naseg-sokaka.pdf\">3. Desantisi iz na\u0161eg sokaka<\/a><a href=\"https:\/\/aem.hr\/wp-content\/uploads\/2023\/12\/3.-Desantisi-iz-naseg-sokaka.pdf\" class=\"wp-block-file__button wp-element-button\" download aria-describedby=\"wp-block-file--media-80b06ba5-5750-465c-923a-024808ddf23e\">Preuzimanje<\/a><\/div>\n\n\n\n<div class=\"wp-block-file\"><a id=\"wp-block-file--media-87f75895-09d6-48dc-b5a0-144411dddbe3\" href=\"https:\/\/aem.hr\/wp-content\/uploads\/2023\/12\/4.-Masa-Grdesic-Smijeh-je-najbolji-nacin-borbe.pdf\">4. Ma\u0161a Grde\u0161i\u0107 Smijeh je najbolji na\u010din borbe<\/a><a href=\"https:\/\/aem.hr\/wp-content\/uploads\/2023\/12\/4.-Masa-Grdesic-Smijeh-je-najbolji-nacin-borbe.pdf\" class=\"wp-block-file__button wp-element-button\" download aria-describedby=\"wp-block-file--media-87f75895-09d6-48dc-b5a0-144411dddbe3\">Preuzimanje<\/a><\/div>\n\n\n\n<div class=\"wp-block-file\"><a id=\"wp-block-file--media-2d011cc8-9dde-4732-9b38-d69511ad2895\" href=\"https:\/\/aem.hr\/wp-content\/uploads\/2023\/12\/5.-Azuriranje-Bambija.pdf\">5. A\u017euriranje Bambija<\/a><a href=\"https:\/\/aem.hr\/wp-content\/uploads\/2023\/12\/5.-Azuriranje-Bambija.pdf\" class=\"wp-block-file__button wp-element-button\" download aria-describedby=\"wp-block-file--media-2d011cc8-9dde-4732-9b38-d69511ad2895\">Preuzimanje<\/a><\/div>\n","protected":false},"excerpt":{"rendered":"","protected":false},"author":18,"featured_media":0,"parent":0,"menu_order":0,"comment_status":"closed","ping_status":"closed","template":"","meta":{"_acf_changed":false,"inline_featured_image":false,"advgb_blocks_editor_width":"","advgb_blocks_columns_visual_guide":"","_links_to":"","_links_to_type":0,"footnotes":""},"class_list":["post-17812","page","type-page","status-publish","hentry"],"acf":[],"yoast_head":"<!-- This site is optimized with the Yoast SEO plugin v25.7 - https:\/\/yoast.com\/wordpress\/plugins\/seo\/ -->\n<title>Rade Dragojevi\u0107 - Kultura otkazivanja ili mogu li povijesne nepravde biti otklonjene?Rade Dragojevi\u0107 - Agencija za elektroni\u010dke medije<\/title>\n<meta name=\"robots\" content=\"index, follow, max-snippet:-1, max-image-preview:large, max-video-preview:-1\" \/>\n<link rel=\"canonical\" href=\"https:\/\/aem.hr\/rade-dragojevic-kultura-otkazivanja-ili-mogu-li-povijesne-nepravde-biti-otklonjenerade-dragojevic\/\" \/>\n<meta property=\"og:locale\" content=\"en_US\" \/>\n<meta property=\"og:type\" content=\"article\" \/>\n<meta property=\"og:title\" content=\"Rade Dragojevi\u0107 - Kultura otkazivanja ili mogu li povijesne nepravde biti otklonjene?Rade Dragojevi\u0107 - Agencija za elektroni\u010dke medije\" \/>\n<meta property=\"og:url\" content=\"https:\/\/aem.hr\/rade-dragojevic-kultura-otkazivanja-ili-mogu-li-povijesne-nepravde-biti-otklonjenerade-dragojevic\/\" \/>\n<meta property=\"og:site_name\" content=\"Agencija za elektroni\u010dke medije\" \/>\n<meta name=\"twitter:card\" content=\"summary_large_image\" \/>\n<meta name=\"twitter:label1\" content=\"Est. reading time\" \/>\n\t<meta name=\"twitter:data1\" content=\"1 minute\" \/>\n<script type=\"application\/ld+json\" class=\"yoast-schema-graph\">{\"@context\":\"https:\/\/schema.org\",\"@graph\":[{\"@type\":\"WebPage\",\"@id\":\"https:\/\/aem.hr\/rade-dragojevic-kultura-otkazivanja-ili-mogu-li-povijesne-nepravde-biti-otklonjenerade-dragojevic\/\",\"url\":\"https:\/\/aem.hr\/rade-dragojevic-kultura-otkazivanja-ili-mogu-li-povijesne-nepravde-biti-otklonjenerade-dragojevic\/\",\"name\":\"Rade Dragojevi\u0107 - Kultura otkazivanja ili mogu li povijesne nepravde biti otklonjene?Rade Dragojevi\u0107 - Agencija za elektroni\u010dke medije\",\"isPartOf\":{\"@id\":\"https:\/\/aem.hr\/#website\"},\"datePublished\":\"2023-12-01T11:27:44+00:00\",\"breadcrumb\":{\"@id\":\"https:\/\/aem.hr\/rade-dragojevic-kultura-otkazivanja-ili-mogu-li-povijesne-nepravde-biti-otklonjenerade-dragojevic\/#breadcrumb\"},\"inLanguage\":\"en-US\",\"potentialAction\":[{\"@type\":\"ReadAction\",\"target\":[\"https:\/\/aem.hr\/rade-dragojevic-kultura-otkazivanja-ili-mogu-li-povijesne-nepravde-biti-otklonjenerade-dragojevic\/\"]}]},{\"@type\":\"BreadcrumbList\",\"@id\":\"https:\/\/aem.hr\/rade-dragojevic-kultura-otkazivanja-ili-mogu-li-povijesne-nepravde-biti-otklonjenerade-dragojevic\/#breadcrumb\",\"itemListElement\":[{\"@type\":\"ListItem\",\"position\":1,\"name\":\"Po\u010detna stranica\",\"item\":\"https:\/\/aem.hr\/\"},{\"@type\":\"ListItem\",\"position\":2,\"name\":\"Rade Dragojevi\u0107 &#8211; Kultura otkazivanja ili mogu li povijesne nepravde biti otklonjene?Rade Dragojevi\u0107 &#8211;\"}]},{\"@type\":\"WebSite\",\"@id\":\"https:\/\/aem.hr\/#website\",\"url\":\"https:\/\/aem.hr\/\",\"name\":\"Agencija za elektroni\u010dke medije\",\"description\":\"\",\"potentialAction\":[{\"@type\":\"SearchAction\",\"target\":{\"@type\":\"EntryPoint\",\"urlTemplate\":\"https:\/\/aem.hr\/?s={search_term_string}\"},\"query-input\":{\"@type\":\"PropertyValueSpecification\",\"valueRequired\":true,\"valueName\":\"search_term_string\"}}],\"inLanguage\":\"en-US\"}]}<\/script>\n<!-- \/ Yoast SEO plugin. -->","yoast_head_json":{"title":"Rade Dragojevi\u0107 - Kultura otkazivanja ili mogu li povijesne nepravde biti otklonjene?Rade Dragojevi\u0107 - Agencija za elektroni\u010dke medije","robots":{"index":"index","follow":"follow","max-snippet":"max-snippet:-1","max-image-preview":"max-image-preview:large","max-video-preview":"max-video-preview:-1"},"canonical":"https:\/\/aem.hr\/rade-dragojevic-kultura-otkazivanja-ili-mogu-li-povijesne-nepravde-biti-otklonjenerade-dragojevic\/","og_locale":"en_US","og_type":"article","og_title":"Rade Dragojevi\u0107 - Kultura otkazivanja ili mogu li povijesne nepravde biti otklonjene?Rade Dragojevi\u0107 - Agencija za elektroni\u010dke medije","og_url":"https:\/\/aem.hr\/rade-dragojevic-kultura-otkazivanja-ili-mogu-li-povijesne-nepravde-biti-otklonjenerade-dragojevic\/","og_site_name":"Agencija za elektroni\u010dke medije","twitter_card":"summary_large_image","twitter_misc":{"Est. reading time":"1 minute"},"schema":{"@context":"https:\/\/schema.org","@graph":[{"@type":"WebPage","@id":"https:\/\/aem.hr\/rade-dragojevic-kultura-otkazivanja-ili-mogu-li-povijesne-nepravde-biti-otklonjenerade-dragojevic\/","url":"https:\/\/aem.hr\/rade-dragojevic-kultura-otkazivanja-ili-mogu-li-povijesne-nepravde-biti-otklonjenerade-dragojevic\/","name":"Rade Dragojevi\u0107 - Kultura otkazivanja ili mogu li povijesne nepravde biti otklonjene?Rade Dragojevi\u0107 - Agencija za elektroni\u010dke medije","isPartOf":{"@id":"https:\/\/aem.hr\/#website"},"datePublished":"2023-12-01T11:27:44+00:00","breadcrumb":{"@id":"https:\/\/aem.hr\/rade-dragojevic-kultura-otkazivanja-ili-mogu-li-povijesne-nepravde-biti-otklonjenerade-dragojevic\/#breadcrumb"},"inLanguage":"en-US","potentialAction":[{"@type":"ReadAction","target":["https:\/\/aem.hr\/rade-dragojevic-kultura-otkazivanja-ili-mogu-li-povijesne-nepravde-biti-otklonjenerade-dragojevic\/"]}]},{"@type":"BreadcrumbList","@id":"https:\/\/aem.hr\/rade-dragojevic-kultura-otkazivanja-ili-mogu-li-povijesne-nepravde-biti-otklonjenerade-dragojevic\/#breadcrumb","itemListElement":[{"@type":"ListItem","position":1,"name":"Po\u010detna stranica","item":"https:\/\/aem.hr\/"},{"@type":"ListItem","position":2,"name":"Rade Dragojevi\u0107 &#8211; Kultura otkazivanja ili mogu li povijesne nepravde biti otklonjene?Rade Dragojevi\u0107 &#8211;"}]},{"@type":"WebSite","@id":"https:\/\/aem.hr\/#website","url":"https:\/\/aem.hr\/","name":"Agencija za elektroni\u010dke medije","description":"","potentialAction":[{"@type":"SearchAction","target":{"@type":"EntryPoint","urlTemplate":"https:\/\/aem.hr\/?s={search_term_string}"},"query-input":{"@type":"PropertyValueSpecification","valueRequired":true,"valueName":"search_term_string"}}],"inLanguage":"en-US"}]}},"coauthors":[],"author_meta":{"author_link":"https:\/\/aem.hr\/en\/blog\/author\/mkirac\/","display_name":"Matko Kirac"},"relative_dates":{"created":"Posted 2 years ago","modified":"Updated 2 years ago"},"absolute_dates":{"created":"Posted on 1. December 2023.","modified":"Updated on 1. December 2023."},"absolute_dates_time":{"created":"Posted on 1. December 2023. 12:27","modified":"Updated on 1. December 2023. 12:27"},"featured_img_caption":"","featured_img":false,"series_order":"","_links":{"self":[{"href":"https:\/\/aem.hr\/en\/wp-json\/wp\/v2\/pages\/17812","targetHints":{"allow":["GET"]}}],"collection":[{"href":"https:\/\/aem.hr\/en\/wp-json\/wp\/v2\/pages"}],"about":[{"href":"https:\/\/aem.hr\/en\/wp-json\/wp\/v2\/types\/page"}],"author":[{"embeddable":true,"href":"https:\/\/aem.hr\/en\/wp-json\/wp\/v2\/users\/18"}],"replies":[{"embeddable":true,"href":"https:\/\/aem.hr\/en\/wp-json\/wp\/v2\/comments?post=17812"}],"version-history":[{"count":1,"href":"https:\/\/aem.hr\/en\/wp-json\/wp\/v2\/pages\/17812\/revisions"}],"predecessor-version":[{"id":17823,"href":"https:\/\/aem.hr\/en\/wp-json\/wp\/v2\/pages\/17812\/revisions\/17823"}],"wp:attachment":[{"href":"https:\/\/aem.hr\/en\/wp-json\/wp\/v2\/media?parent=17812"}],"curies":[{"name":"wp","href":"https:\/\/api.w.org\/{rel}","templated":true}]}}