{"id":17826,"date":"2023-12-01T12:31:05","date_gmt":"2023-12-01T11:31:05","guid":{"rendered":"http:\/\/aem.hr\/?page_id=17826"},"modified":"2023-12-01T12:31:05","modified_gmt":"2023-12-01T11:31:05","slug":"antun-bradasevic-kako-ojacati-borbu-protiv-stereotipa-i-predrasuda","status":"publish","type":"page","link":"https:\/\/aem.hr\/en\/antun-bradasevic-kako-ojacati-borbu-protiv-stereotipa-i-predrasuda\/","title":{"rendered":"Antun Bra\u0111a\u0161evi\u0107 &#8211; Kako oja\u010dati borbu protiv stereotipa i predrasuda"},"content":{"rendered":"\n<div class=\"wp-block-file\"><a id=\"wp-block-file--media-be161d13-c7e2-4f51-b51c-b51d84b4dd4b\" href=\"https:\/\/aem.hr\/wp-content\/uploads\/2023\/12\/1.-Sto-su-stereotipi-i-predrasude.pdf\">1. \u0160to su stereotipi i predrasude<\/a><a href=\"https:\/\/aem.hr\/wp-content\/uploads\/2023\/12\/1.-Sto-su-stereotipi-i-predrasude.pdf\" class=\"wp-block-file__button wp-element-button\" download aria-describedby=\"wp-block-file--media-be161d13-c7e2-4f51-b51c-b51d84b4dd4b\">Preuzimanje<\/a><\/div>\n\n\n\n<div class=\"wp-block-file\"><a id=\"wp-block-file--media-9851107b-42c2-4105-8c33-bdb1764089eb\" href=\"https:\/\/aem.hr\/wp-content\/uploads\/2023\/12\/2.-Kako-se-boriti-protiv-stereotipa.pdf\">2. Kako se boriti protiv stereotipa<\/a><a href=\"https:\/\/aem.hr\/wp-content\/uploads\/2023\/12\/2.-Kako-se-boriti-protiv-stereotipa.pdf\" class=\"wp-block-file__button wp-element-button\" download aria-describedby=\"wp-block-file--media-9851107b-42c2-4105-8c33-bdb1764089eb\">Preuzimanje<\/a><\/div>\n\n\n\n<div class=\"wp-block-file\"><a id=\"wp-block-file--media-dbd387f0-fbfa-440b-bc1a-b564b93dfb95\" href=\"https:\/\/aem.hr\/wp-content\/uploads\/2023\/12\/3.-Stereotipi-prema-osobama-s-intel.-teskocama.pdf\">3. Stereotipi prema osobama s intel. teskocama<\/a><a href=\"https:\/\/aem.hr\/wp-content\/uploads\/2023\/12\/3.-Stereotipi-prema-osobama-s-intel.-teskocama.pdf\" class=\"wp-block-file__button wp-element-button\" download aria-describedby=\"wp-block-file--media-dbd387f0-fbfa-440b-bc1a-b564b93dfb95\">Preuzimanje<\/a><\/div>\n\n\n\n<div class=\"wp-block-file\"><a id=\"wp-block-file--media-9f1b9cdd-ca91-4665-8ecb-96c49622e7ea\" href=\"https:\/\/aem.hr\/wp-content\/uploads\/2023\/12\/4.-Kako-uci-u-svijet-autisticnih-osoba-i-pomoci-im.pdf\">4. Kako uci u svijet autisticnih osoba i pomoci im<\/a><a href=\"https:\/\/aem.hr\/wp-content\/uploads\/2023\/12\/4.-Kako-uci-u-svijet-autisticnih-osoba-i-pomoci-im.pdf\" class=\"wp-block-file__button wp-element-button\" download aria-describedby=\"wp-block-file--media-9f1b9cdd-ca91-4665-8ecb-96c49622e7ea\">Preuzimanje<\/a><\/div>\n\n\n\n<div class=\"wp-block-file\"><a id=\"wp-block-file--media-c81c9b41-8b88-4cf4-805f-733e939f0c72\" href=\"https:\/\/aem.hr\/wp-content\/uploads\/2023\/12\/5.-O-ljudima-iz-romske-zajednice.pdf\">5. O ljudima iz romske zajednice<\/a><a href=\"https:\/\/aem.hr\/wp-content\/uploads\/2023\/12\/5.-O-ljudima-iz-romske-zajednice.pdf\" class=\"wp-block-file__button wp-element-button\" download aria-describedby=\"wp-block-file--media-c81c9b41-8b88-4cf4-805f-733e939f0c72\">Preuzimanje<\/a><\/div>\n\n\n\n<div class=\"wp-block-file\"><a id=\"wp-block-file--media-95431335-d4f2-44db-a704-d03726884f83\" href=\"https:\/\/aem.hr\/wp-content\/uploads\/2023\/12\/6.-O-stereotipima-i-predrasudama-prema-marginaliziranima.pdf\">6. O stereotipima i predrasudama prema marginaliziranima<\/a><a href=\"https:\/\/aem.hr\/wp-content\/uploads\/2023\/12\/6.-O-stereotipima-i-predrasudama-prema-marginaliziranima.pdf\" class=\"wp-block-file__button wp-element-button\" download aria-describedby=\"wp-block-file--media-95431335-d4f2-44db-a704-d03726884f83\">Preuzimanje<\/a><\/div>\n\n\n\n<div class=\"wp-block-file\"><a id=\"wp-block-file--media-87dd3f54-3606-4c7f-8b58-43124c812d69\" href=\"https:\/\/aem.hr\/wp-content\/uploads\/2023\/12\/7.-O-stereotipima-vezanim-uz-ravnopravnost-spolova.pdf\">7. O stereotipima vezanim uz ravnopravnost spolova<\/a><a href=\"https:\/\/aem.hr\/wp-content\/uploads\/2023\/12\/7.-O-stereotipima-vezanim-uz-ravnopravnost-spolova.pdf\" class=\"wp-block-file__button wp-element-button\" download aria-describedby=\"wp-block-file--media-87dd3f54-3606-4c7f-8b58-43124c812d69\">Preuzimanje<\/a><\/div>\n\n\n\n<div class=\"wp-block-file\"><a id=\"wp-block-file--media-c0ce111d-9abf-4e47-a5a8-c23555cdcc9d\" href=\"https:\/\/aem.hr\/wp-content\/uploads\/2023\/12\/8.-Kako-gradjanske-udruge-mogu-aktivno-sjelovati-u-borbi.pdf\">8. Kako gradjanske udruge mogu aktivno sjelovati u borbi<\/a><a href=\"https:\/\/aem.hr\/wp-content\/uploads\/2023\/12\/8.-Kako-gradjanske-udruge-mogu-aktivno-sjelovati-u-borbi.pdf\" class=\"wp-block-file__button wp-element-button\" download aria-describedby=\"wp-block-file--media-c0ce111d-9abf-4e47-a5a8-c23555cdcc9d\">Preuzimanje<\/a><\/div>\n","protected":false},"excerpt":{"rendered":"","protected":false},"author":18,"featured_media":0,"parent":0,"menu_order":0,"comment_status":"closed","ping_status":"closed","template":"","meta":{"_acf_changed":false,"inline_featured_image":false,"advgb_blocks_editor_width":"","advgb_blocks_columns_visual_guide":"","_links_to":"","_links_to_type":0,"footnotes":""},"class_list":["post-17826","page","type-page","status-publish","hentry"],"acf":[],"yoast_head":"<!-- This site is optimized with the Yoast SEO plugin v25.7 - https:\/\/yoast.com\/wordpress\/plugins\/seo\/ -->\n<title>Antun Bra\u0111a\u0161evi\u0107 - Kako oja\u010dati borbu protiv stereotipa i predrasuda - Agencija za elektroni\u010dke medije<\/title>\n<meta name=\"robots\" content=\"index, follow, max-snippet:-1, max-image-preview:large, max-video-preview:-1\" \/>\n<link rel=\"canonical\" href=\"https:\/\/aem.hr\/en\/antun-bradasevic-kako-ojacati-borbu-protiv-stereotipa-i-predrasuda\/\" \/>\n<meta property=\"og:locale\" content=\"en_US\" \/>\n<meta property=\"og:type\" content=\"article\" \/>\n<meta property=\"og:title\" content=\"Antun Bra\u0111a\u0161evi\u0107 - Kako oja\u010dati borbu protiv stereotipa i predrasuda - Agencija za elektroni\u010dke medije\" \/>\n<meta property=\"og:url\" content=\"https:\/\/aem.hr\/en\/antun-bradasevic-kako-ojacati-borbu-protiv-stereotipa-i-predrasuda\/\" \/>\n<meta property=\"og:site_name\" content=\"Agencija za elektroni\u010dke medije\" \/>\n<meta name=\"twitter:card\" content=\"summary_large_image\" \/>\n<meta name=\"twitter:label1\" content=\"Est. reading time\" \/>\n\t<meta name=\"twitter:data1\" content=\"1 minute\" \/>\n<script type=\"application\/ld+json\" class=\"yoast-schema-graph\">{\"@context\":\"https:\/\/schema.org\",\"@graph\":[{\"@type\":\"WebPage\",\"@id\":\"https:\/\/aem.hr\/en\/antun-bradasevic-kako-ojacati-borbu-protiv-stereotipa-i-predrasuda\/\",\"url\":\"https:\/\/aem.hr\/en\/antun-bradasevic-kako-ojacati-borbu-protiv-stereotipa-i-predrasuda\/\",\"name\":\"Antun Bra\u0111a\u0161evi\u0107 - Kako oja\u010dati borbu protiv stereotipa i predrasuda - Agencija za elektroni\u010dke medije\",\"isPartOf\":{\"@id\":\"https:\/\/aem.hr\/#website\"},\"datePublished\":\"2023-12-01T11:31:05+00:00\",\"breadcrumb\":{\"@id\":\"https:\/\/aem.hr\/en\/antun-bradasevic-kako-ojacati-borbu-protiv-stereotipa-i-predrasuda\/#breadcrumb\"},\"inLanguage\":\"en-US\",\"potentialAction\":[{\"@type\":\"ReadAction\",\"target\":[\"https:\/\/aem.hr\/en\/antun-bradasevic-kako-ojacati-borbu-protiv-stereotipa-i-predrasuda\/\"]}]},{\"@type\":\"BreadcrumbList\",\"@id\":\"https:\/\/aem.hr\/en\/antun-bradasevic-kako-ojacati-borbu-protiv-stereotipa-i-predrasuda\/#breadcrumb\",\"itemListElement\":[{\"@type\":\"ListItem\",\"position\":1,\"name\":\"Po\u010detna stranica\",\"item\":\"https:\/\/aem.hr\/\"},{\"@type\":\"ListItem\",\"position\":2,\"name\":\"Antun Bra\u0111a\u0161evi\u0107 &#8211; Kako oja\u010dati borbu protiv stereotipa i predrasuda\"}]},{\"@type\":\"WebSite\",\"@id\":\"https:\/\/aem.hr\/#website\",\"url\":\"https:\/\/aem.hr\/\",\"name\":\"Agencija za elektroni\u010dke medije\",\"description\":\"\",\"potentialAction\":[{\"@type\":\"SearchAction\",\"target\":{\"@type\":\"EntryPoint\",\"urlTemplate\":\"https:\/\/aem.hr\/?s={search_term_string}\"},\"query-input\":{\"@type\":\"PropertyValueSpecification\",\"valueRequired\":true,\"valueName\":\"search_term_string\"}}],\"inLanguage\":\"en-US\"}]}<\/script>\n<!-- \/ Yoast SEO plugin. -->","yoast_head_json":{"title":"Antun Bra\u0111a\u0161evi\u0107 - Kako oja\u010dati borbu protiv stereotipa i predrasuda - Agencija za elektroni\u010dke medije","robots":{"index":"index","follow":"follow","max-snippet":"max-snippet:-1","max-image-preview":"max-image-preview:large","max-video-preview":"max-video-preview:-1"},"canonical":"https:\/\/aem.hr\/en\/antun-bradasevic-kako-ojacati-borbu-protiv-stereotipa-i-predrasuda\/","og_locale":"en_US","og_type":"article","og_title":"Antun Bra\u0111a\u0161evi\u0107 - Kako oja\u010dati borbu protiv stereotipa i predrasuda - Agencija za elektroni\u010dke medije","og_url":"https:\/\/aem.hr\/en\/antun-bradasevic-kako-ojacati-borbu-protiv-stereotipa-i-predrasuda\/","og_site_name":"Agencija za elektroni\u010dke medije","twitter_card":"summary_large_image","twitter_misc":{"Est. reading time":"1 minute"},"schema":{"@context":"https:\/\/schema.org","@graph":[{"@type":"WebPage","@id":"https:\/\/aem.hr\/en\/antun-bradasevic-kako-ojacati-borbu-protiv-stereotipa-i-predrasuda\/","url":"https:\/\/aem.hr\/en\/antun-bradasevic-kako-ojacati-borbu-protiv-stereotipa-i-predrasuda\/","name":"Antun Bra\u0111a\u0161evi\u0107 - Kako oja\u010dati borbu protiv stereotipa i predrasuda - Agencija za elektroni\u010dke medije","isPartOf":{"@id":"https:\/\/aem.hr\/#website"},"datePublished":"2023-12-01T11:31:05+00:00","breadcrumb":{"@id":"https:\/\/aem.hr\/en\/antun-bradasevic-kako-ojacati-borbu-protiv-stereotipa-i-predrasuda\/#breadcrumb"},"inLanguage":"en-US","potentialAction":[{"@type":"ReadAction","target":["https:\/\/aem.hr\/en\/antun-bradasevic-kako-ojacati-borbu-protiv-stereotipa-i-predrasuda\/"]}]},{"@type":"BreadcrumbList","@id":"https:\/\/aem.hr\/en\/antun-bradasevic-kako-ojacati-borbu-protiv-stereotipa-i-predrasuda\/#breadcrumb","itemListElement":[{"@type":"ListItem","position":1,"name":"Po\u010detna stranica","item":"https:\/\/aem.hr\/"},{"@type":"ListItem","position":2,"name":"Antun Bra\u0111a\u0161evi\u0107 &#8211; Kako oja\u010dati borbu protiv stereotipa i predrasuda"}]},{"@type":"WebSite","@id":"https:\/\/aem.hr\/#website","url":"https:\/\/aem.hr\/","name":"Agencija za elektroni\u010dke medije","description":"","potentialAction":[{"@type":"SearchAction","target":{"@type":"EntryPoint","urlTemplate":"https:\/\/aem.hr\/?s={search_term_string}"},"query-input":{"@type":"PropertyValueSpecification","valueRequired":true,"valueName":"search_term_string"}}],"inLanguage":"en-US"}]}},"coauthors":[],"author_meta":{"author_link":"https:\/\/aem.hr\/en\/blog\/author\/mkirac\/","display_name":"Matko Kirac"},"relative_dates":{"created":"Posted 2 years ago","modified":"Updated 2 years ago"},"absolute_dates":{"created":"Posted on 1. December 2023.","modified":"Updated on 1. December 2023."},"absolute_dates_time":{"created":"Posted on 1. December 2023. 12:31","modified":"Updated on 1. December 2023. 12:31"},"featured_img_caption":"","featured_img":false,"series_order":"","_links":{"self":[{"href":"https:\/\/aem.hr\/en\/wp-json\/wp\/v2\/pages\/17826","targetHints":{"allow":["GET"]}}],"collection":[{"href":"https:\/\/aem.hr\/en\/wp-json\/wp\/v2\/pages"}],"about":[{"href":"https:\/\/aem.hr\/en\/wp-json\/wp\/v2\/types\/page"}],"author":[{"embeddable":true,"href":"https:\/\/aem.hr\/en\/wp-json\/wp\/v2\/users\/18"}],"replies":[{"embeddable":true,"href":"https:\/\/aem.hr\/en\/wp-json\/wp\/v2\/comments?post=17826"}],"version-history":[{"count":1,"href":"https:\/\/aem.hr\/en\/wp-json\/wp\/v2\/pages\/17826\/revisions"}],"predecessor-version":[{"id":17843,"href":"https:\/\/aem.hr\/en\/wp-json\/wp\/v2\/pages\/17826\/revisions\/17843"}],"wp:attachment":[{"href":"https:\/\/aem.hr\/en\/wp-json\/wp\/v2\/media?parent=17826"}],"curies":[{"name":"wp","href":"https:\/\/api.w.org\/{rel}","templated":true}]}}