{"id":17876,"date":"2023-12-01T12:42:24","date_gmt":"2023-12-01T11:42:24","guid":{"rendered":"http:\/\/aem.hr\/?page_id=17876"},"modified":"2023-12-01T12:42:25","modified_gmt":"2023-12-01T11:42:25","slug":"boris-zivkovic-sajamska-industrija-gdje-je-novi-pocetak","status":"publish","type":"page","link":"https:\/\/aem.hr\/en\/boris-zivkovic-sajamska-industrija-gdje-je-novi-pocetak\/","title":{"rendered":"Boris \u017divkovi\u0107 &#8211; Sajamska industrija \u2013 gdje je novi po\u010detak?"},"content":{"rendered":"\n<div class=\"wp-block-file\"><a id=\"wp-block-file--media-2bdb8c9f-5d57-417a-a23c-3d0b701fe82b\" href=\"https:\/\/aem.hr\/wp-content\/uploads\/2023\/12\/1.-Sajamska-industrija_-Gdje-je-novi-pocetak.pdf\">1. Sajamska industrija_ Gdje je novi po\u010detak<\/a><a href=\"https:\/\/aem.hr\/wp-content\/uploads\/2023\/12\/1.-Sajamska-industrija_-Gdje-je-novi-pocetak.pdf\" class=\"wp-block-file__button wp-element-button\" download aria-describedby=\"wp-block-file--media-2bdb8c9f-5d57-417a-a23c-3d0b701fe82b\">Preuzimanje<\/a><\/div>\n\n\n\n<div class=\"wp-block-file\"><a id=\"wp-block-file--media-7544d12a-82f3-4cba-a554-50cbaa1534f2\" href=\"https:\/\/aem.hr\/wp-content\/uploads\/2023\/12\/2.-Organizacija-raznih-sajmova-donosi-vecinom-dobit.pdf\">2. Organizacija raznih sajmova donosi ve\u0107inom dobit<\/a><a href=\"https:\/\/aem.hr\/wp-content\/uploads\/2023\/12\/2.-Organizacija-raznih-sajmova-donosi-vecinom-dobit.pdf\" class=\"wp-block-file__button wp-element-button\" download aria-describedby=\"wp-block-file--media-7544d12a-82f3-4cba-a554-50cbaa1534f2\">Preuzimanje<\/a><\/div>\n\n\n\n<div class=\"wp-block-file\"><a id=\"wp-block-file--media-051bfca4-2021-4e71-8edd-26c5c0ae6d3b\" href=\"https:\/\/aem.hr\/wp-content\/uploads\/2023\/12\/3.-Quo-vadis-Velesajam.pdf\">3. Quo vadis Velesajam<\/a><a href=\"https:\/\/aem.hr\/wp-content\/uploads\/2023\/12\/3.-Quo-vadis-Velesajam.pdf\" class=\"wp-block-file__button wp-element-button\" download aria-describedby=\"wp-block-file--media-051bfca4-2021-4e71-8edd-26c5c0ae6d3b\">Preuzimanje<\/a><\/div>\n\n\n\n<div class=\"wp-block-file\"><a id=\"wp-block-file--media-15cde454-7c2d-42e1-8950-21421a47b8b7\" href=\"https:\/\/aem.hr\/wp-content\/uploads\/2023\/12\/4.-Tesko-je-zamijeniti-fizicki-kontakt-i-komunikaciju.pdf\">4. Te\u0161ko je zamijeniti fizi\u010dki kontakt i komunikaciju<\/a><a href=\"https:\/\/aem.hr\/wp-content\/uploads\/2023\/12\/4.-Tesko-je-zamijeniti-fizicki-kontakt-i-komunikaciju.pdf\" class=\"wp-block-file__button wp-element-button\" download aria-describedby=\"wp-block-file--media-15cde454-7c2d-42e1-8950-21421a47b8b7\">Preuzimanje<\/a><\/div>\n\n\n\n<div class=\"wp-block-file\"><a id=\"wp-block-file--media-68d391e1-f0e8-4956-94d0-bcc3bccff130\" href=\"https:\/\/aem.hr\/wp-content\/uploads\/2023\/12\/5.-Sajmovi-su-kljucni-za-razvoj-i-ocuvanje-hrvatskog-obrtnistva.pdf\">5. Sajmovi su klju\u010dni za razvoj i o\u010duvanje hrvatskog obrtni\u0161tva<\/a><a href=\"https:\/\/aem.hr\/wp-content\/uploads\/2023\/12\/5.-Sajmovi-su-kljucni-za-razvoj-i-ocuvanje-hrvatskog-obrtnistva.pdf\" class=\"wp-block-file__button wp-element-button\" download aria-describedby=\"wp-block-file--media-68d391e1-f0e8-4956-94d0-bcc3bccff130\">Preuzimanje<\/a><\/div>\n\n\n\n<div class=\"wp-block-file\"><a id=\"wp-block-file--media-33539f74-6c7e-4d46-bd87-d0dab47c9294\" href=\"https:\/\/aem.hr\/wp-content\/uploads\/2023\/12\/6.-Buducnost-sajmovanja_-Virtualni-svijet-novih-mogucnosti.pdf\">6. Budu\u0107nost sajmovanja_ Virtualni svijet novih mogu\u0107nosti<\/a><a href=\"https:\/\/aem.hr\/wp-content\/uploads\/2023\/12\/6.-Buducnost-sajmovanja_-Virtualni-svijet-novih-mogucnosti.pdf\" class=\"wp-block-file__button wp-element-button\" download aria-describedby=\"wp-block-file--media-33539f74-6c7e-4d46-bd87-d0dab47c9294\">Preuzimanje<\/a><\/div>\n\n\n\n<div class=\"wp-block-file\"><a id=\"wp-block-file--media-43c65f5a-2355-464f-9c77-5e734fe9aed8\" href=\"https:\/\/aem.hr\/wp-content\/uploads\/2023\/12\/7.-Istra-nije-sinonim-jedino-za-odmor-vec-i-destinacija-za-sajmove.pdf\">7. Istra nije sinonim jedino za odmor, ve\u0107 i destinacija za sajmove<\/a><a href=\"https:\/\/aem.hr\/wp-content\/uploads\/2023\/12\/7.-Istra-nije-sinonim-jedino-za-odmor-vec-i-destinacija-za-sajmove.pdf\" class=\"wp-block-file__button wp-element-button\" download aria-describedby=\"wp-block-file--media-43c65f5a-2355-464f-9c77-5e734fe9aed8\">Preuzimanje<\/a><\/div>\n","protected":false},"excerpt":{"rendered":"","protected":false},"author":18,"featured_media":0,"parent":0,"menu_order":0,"comment_status":"closed","ping_status":"closed","template":"","meta":{"_acf_changed":false,"inline_featured_image":false,"advgb_blocks_editor_width":"","advgb_blocks_columns_visual_guide":"","_links_to":"","_links_to_type":0,"footnotes":""},"class_list":["post-17876","page","type-page","status-publish","hentry"],"acf":[],"yoast_head":"<!-- This site is optimized with the Yoast SEO plugin v25.7 - https:\/\/yoast.com\/wordpress\/plugins\/seo\/ -->\n<title>Boris \u017divkovi\u0107 - Sajamska industrija \u2013 gdje je novi po\u010detak? - Agencija za elektroni\u010dke medije<\/title>\n<meta name=\"robots\" content=\"index, follow, max-snippet:-1, max-image-preview:large, max-video-preview:-1\" \/>\n<link rel=\"canonical\" href=\"https:\/\/aem.hr\/en\/boris-zivkovic-sajamska-industrija-gdje-je-novi-pocetak\/\" \/>\n<meta property=\"og:locale\" content=\"en_US\" \/>\n<meta property=\"og:type\" content=\"article\" \/>\n<meta property=\"og:title\" content=\"Boris \u017divkovi\u0107 - Sajamska industrija \u2013 gdje je novi po\u010detak? - Agencija za elektroni\u010dke medije\" \/>\n<meta property=\"og:url\" content=\"https:\/\/aem.hr\/en\/boris-zivkovic-sajamska-industrija-gdje-je-novi-pocetak\/\" \/>\n<meta property=\"og:site_name\" content=\"Agencija za elektroni\u010dke medije\" \/>\n<meta property=\"article:modified_time\" content=\"2023-12-01T11:42:25+00:00\" \/>\n<meta name=\"twitter:card\" content=\"summary_large_image\" \/>\n<meta name=\"twitter:label1\" content=\"Est. reading time\" \/>\n\t<meta name=\"twitter:data1\" content=\"1 minute\" \/>\n<script type=\"application\/ld+json\" class=\"yoast-schema-graph\">{\"@context\":\"https:\/\/schema.org\",\"@graph\":[{\"@type\":\"WebPage\",\"@id\":\"https:\/\/aem.hr\/en\/boris-zivkovic-sajamska-industrija-gdje-je-novi-pocetak\/\",\"url\":\"https:\/\/aem.hr\/en\/boris-zivkovic-sajamska-industrija-gdje-je-novi-pocetak\/\",\"name\":\"Boris \u017divkovi\u0107 - Sajamska industrija \u2013 gdje je novi po\u010detak? - Agencija za elektroni\u010dke medije\",\"isPartOf\":{\"@id\":\"https:\/\/aem.hr\/#website\"},\"datePublished\":\"2023-12-01T11:42:24+00:00\",\"dateModified\":\"2023-12-01T11:42:25+00:00\",\"breadcrumb\":{\"@id\":\"https:\/\/aem.hr\/en\/boris-zivkovic-sajamska-industrija-gdje-je-novi-pocetak\/#breadcrumb\"},\"inLanguage\":\"en-US\",\"potentialAction\":[{\"@type\":\"ReadAction\",\"target\":[\"https:\/\/aem.hr\/en\/boris-zivkovic-sajamska-industrija-gdje-je-novi-pocetak\/\"]}]},{\"@type\":\"BreadcrumbList\",\"@id\":\"https:\/\/aem.hr\/en\/boris-zivkovic-sajamska-industrija-gdje-je-novi-pocetak\/#breadcrumb\",\"itemListElement\":[{\"@type\":\"ListItem\",\"position\":1,\"name\":\"Po\u010detna stranica\",\"item\":\"https:\/\/aem.hr\/\"},{\"@type\":\"ListItem\",\"position\":2,\"name\":\"Boris \u017divkovi\u0107 &#8211; Sajamska industrija \u2013 gdje je novi po\u010detak?\"}]},{\"@type\":\"WebSite\",\"@id\":\"https:\/\/aem.hr\/#website\",\"url\":\"https:\/\/aem.hr\/\",\"name\":\"Agencija za elektroni\u010dke medije\",\"description\":\"\",\"potentialAction\":[{\"@type\":\"SearchAction\",\"target\":{\"@type\":\"EntryPoint\",\"urlTemplate\":\"https:\/\/aem.hr\/?s={search_term_string}\"},\"query-input\":{\"@type\":\"PropertyValueSpecification\",\"valueRequired\":true,\"valueName\":\"search_term_string\"}}],\"inLanguage\":\"en-US\"}]}<\/script>\n<!-- \/ Yoast SEO plugin. -->","yoast_head_json":{"title":"Boris \u017divkovi\u0107 - Sajamska industrija \u2013 gdje je novi po\u010detak? - Agencija za elektroni\u010dke medije","robots":{"index":"index","follow":"follow","max-snippet":"max-snippet:-1","max-image-preview":"max-image-preview:large","max-video-preview":"max-video-preview:-1"},"canonical":"https:\/\/aem.hr\/en\/boris-zivkovic-sajamska-industrija-gdje-je-novi-pocetak\/","og_locale":"en_US","og_type":"article","og_title":"Boris \u017divkovi\u0107 - Sajamska industrija \u2013 gdje je novi po\u010detak? - Agencija za elektroni\u010dke medije","og_url":"https:\/\/aem.hr\/en\/boris-zivkovic-sajamska-industrija-gdje-je-novi-pocetak\/","og_site_name":"Agencija za elektroni\u010dke medije","article_modified_time":"2023-12-01T11:42:25+00:00","twitter_card":"summary_large_image","twitter_misc":{"Est. reading time":"1 minute"},"schema":{"@context":"https:\/\/schema.org","@graph":[{"@type":"WebPage","@id":"https:\/\/aem.hr\/en\/boris-zivkovic-sajamska-industrija-gdje-je-novi-pocetak\/","url":"https:\/\/aem.hr\/en\/boris-zivkovic-sajamska-industrija-gdje-je-novi-pocetak\/","name":"Boris \u017divkovi\u0107 - Sajamska industrija \u2013 gdje je novi po\u010detak? - Agencija za elektroni\u010dke medije","isPartOf":{"@id":"https:\/\/aem.hr\/#website"},"datePublished":"2023-12-01T11:42:24+00:00","dateModified":"2023-12-01T11:42:25+00:00","breadcrumb":{"@id":"https:\/\/aem.hr\/en\/boris-zivkovic-sajamska-industrija-gdje-je-novi-pocetak\/#breadcrumb"},"inLanguage":"en-US","potentialAction":[{"@type":"ReadAction","target":["https:\/\/aem.hr\/en\/boris-zivkovic-sajamska-industrija-gdje-je-novi-pocetak\/"]}]},{"@type":"BreadcrumbList","@id":"https:\/\/aem.hr\/en\/boris-zivkovic-sajamska-industrija-gdje-je-novi-pocetak\/#breadcrumb","itemListElement":[{"@type":"ListItem","position":1,"name":"Po\u010detna stranica","item":"https:\/\/aem.hr\/"},{"@type":"ListItem","position":2,"name":"Boris \u017divkovi\u0107 &#8211; Sajamska industrija \u2013 gdje je novi po\u010detak?"}]},{"@type":"WebSite","@id":"https:\/\/aem.hr\/#website","url":"https:\/\/aem.hr\/","name":"Agencija za elektroni\u010dke medije","description":"","potentialAction":[{"@type":"SearchAction","target":{"@type":"EntryPoint","urlTemplate":"https:\/\/aem.hr\/?s={search_term_string}"},"query-input":{"@type":"PropertyValueSpecification","valueRequired":true,"valueName":"search_term_string"}}],"inLanguage":"en-US"}]}},"coauthors":[],"author_meta":{"author_link":"https:\/\/aem.hr\/en\/blog\/author\/mkirac\/","display_name":"Matko Kirac"},"relative_dates":{"created":"Posted 2 years ago","modified":"Updated 2 years ago"},"absolute_dates":{"created":"Posted on 1. December 2023.","modified":"Updated on 1. December 2023."},"absolute_dates_time":{"created":"Posted on 1. December 2023. 12:42","modified":"Updated on 1. December 2023. 12:42"},"featured_img_caption":"","featured_img":false,"series_order":"","_links":{"self":[{"href":"https:\/\/aem.hr\/en\/wp-json\/wp\/v2\/pages\/17876","targetHints":{"allow":["GET"]}}],"collection":[{"href":"https:\/\/aem.hr\/en\/wp-json\/wp\/v2\/pages"}],"about":[{"href":"https:\/\/aem.hr\/en\/wp-json\/wp\/v2\/types\/page"}],"author":[{"embeddable":true,"href":"https:\/\/aem.hr\/en\/wp-json\/wp\/v2\/users\/18"}],"replies":[{"embeddable":true,"href":"https:\/\/aem.hr\/en\/wp-json\/wp\/v2\/comments?post=17876"}],"version-history":[{"count":1,"href":"https:\/\/aem.hr\/en\/wp-json\/wp\/v2\/pages\/17876\/revisions"}],"predecessor-version":[{"id":17891,"href":"https:\/\/aem.hr\/en\/wp-json\/wp\/v2\/pages\/17876\/revisions\/17891"}],"wp:attachment":[{"href":"https:\/\/aem.hr\/en\/wp-json\/wp\/v2\/media?parent=17876"}],"curies":[{"name":"wp","href":"https:\/\/api.w.org\/{rel}","templated":true}]}}