{"id":17916,"date":"2023-12-01T12:54:15","date_gmt":"2023-12-01T11:54:15","guid":{"rendered":"http:\/\/aem.hr\/?page_id=17916"},"modified":"2023-12-01T12:54:16","modified_gmt":"2023-12-01T11:54:16","slug":"lidija-culo-vrtici-se-oslanjaju-na-entuzijazam-odgojitelja-ali-dokle","status":"publish","type":"page","link":"https:\/\/aem.hr\/en\/lidija-culo-vrtici-se-oslanjaju-na-entuzijazam-odgojitelja-ali-dokle\/","title":{"rendered":"Lidija \u010culo &#8211; Vrti\u0107i se oslanjaju na entuzijazam odgojitelja -ali dokle?"},"content":{"rendered":"\n<div class=\"wp-block-file\"><a id=\"wp-block-file--media-ab7e39d5-0231-4dc8-a327-aca2e561babc\" href=\"https:\/\/aem.hr\/wp-content\/uploads\/2023\/12\/1.-Vrtici-se-oslanjaju-na-entuzijazam-odgojitelja-\u2013-ali-dokle.pdf\">1. Vrti\u0107i se oslanjaju na entuzijazam odgojitelja \u2013 ali dokle<\/a><a href=\"https:\/\/aem.hr\/wp-content\/uploads\/2023\/12\/1.-Vrtici-se-oslanjaju-na-entuzijazam-odgojitelja-\u2013-ali-dokle.pdf\" class=\"wp-block-file__button wp-element-button\" download aria-describedby=\"wp-block-file--media-ab7e39d5-0231-4dc8-a327-aca2e561babc\">Preuzimanje<\/a><\/div>\n\n\n\n<div class=\"wp-block-file\"><a id=\"wp-block-file--media-a4a46f9f-a8d3-47bc-893a-5b12d13b4d9b\" href=\"https:\/\/aem.hr\/wp-content\/uploads\/2023\/12\/2.-Tko-ovakve-odgojitelje-ima-za-buducnost-Njemacke.pdf\">2. Tko ovakve odgojitelje ima, za budu\u0107nost Njema\u010dke<\/a><a href=\"https:\/\/aem.hr\/wp-content\/uploads\/2023\/12\/2.-Tko-ovakve-odgojitelje-ima-za-buducnost-Njemacke.pdf\" class=\"wp-block-file__button wp-element-button\" download aria-describedby=\"wp-block-file--media-a4a46f9f-a8d3-47bc-893a-5b12d13b4d9b\">Preuzimanje<\/a><\/div>\n\n\n\n<div class=\"wp-block-file\"><a id=\"wp-block-file--media-45cf1e07-5973-476d-92c3-dcf07c577750\" href=\"https:\/\/aem.hr\/wp-content\/uploads\/2023\/12\/3.-Diskriminacija-djece-po-mjestu-rodenja.pdf\">3. Diskriminacija djece po mjestu ro\u0111enja<\/a><a href=\"https:\/\/aem.hr\/wp-content\/uploads\/2023\/12\/3.-Diskriminacija-djece-po-mjestu-rodenja.pdf\" class=\"wp-block-file__button wp-element-button\" download aria-describedby=\"wp-block-file--media-45cf1e07-5973-476d-92c3-dcf07c577750\">Preuzimanje<\/a><\/div>\n\n\n\n<div class=\"wp-block-file\"><a id=\"wp-block-file--media-e7163610-8d4d-4f4f-ae02-7a9c3768e81b\" href=\"https:\/\/aem.hr\/wp-content\/uploads\/2023\/12\/4.-Vrtic-nije-cudesna-masina-za-odgoj-djece.pdf\">4. Vrti\u0107 nije \u010dudesna ma\u0161ina za odgoj djece<\/a><a href=\"https:\/\/aem.hr\/wp-content\/uploads\/2023\/12\/4.-Vrtic-nije-cudesna-masina-za-odgoj-djece.pdf\" class=\"wp-block-file__button wp-element-button\" download aria-describedby=\"wp-block-file--media-e7163610-8d4d-4f4f-ae02-7a9c3768e81b\">Preuzimanje<\/a><\/div>\n\n\n\n<div class=\"wp-block-file\"><a id=\"wp-block-file--media-b49b6cc0-d511-4c8e-8b97-9cb936e8c477\" href=\"https:\/\/aem.hr\/wp-content\/uploads\/2023\/12\/5.-Kad-se-sagnem-po-dijete-u-jaslicama-ne-uspravljam-se.pdf\">5. Kad se sagnem po dijete u jaslicama, ne uspravljam se<\/a><a href=\"https:\/\/aem.hr\/wp-content\/uploads\/2023\/12\/5.-Kad-se-sagnem-po-dijete-u-jaslicama-ne-uspravljam-se.pdf\" class=\"wp-block-file__button wp-element-button\" download aria-describedby=\"wp-block-file--media-b49b6cc0-d511-4c8e-8b97-9cb936e8c477\">Preuzimanje<\/a><\/div>\n","protected":false},"excerpt":{"rendered":"","protected":false},"author":18,"featured_media":0,"parent":0,"menu_order":0,"comment_status":"closed","ping_status":"closed","template":"","meta":{"_acf_changed":false,"inline_featured_image":false,"advgb_blocks_editor_width":"","advgb_blocks_columns_visual_guide":"","_links_to":"","_links_to_type":0,"footnotes":""},"class_list":["post-17916","page","type-page","status-publish","hentry"],"acf":[],"yoast_head":"<!-- This site is optimized with the Yoast SEO plugin v25.7 - https:\/\/yoast.com\/wordpress\/plugins\/seo\/ -->\n<title>Lidija \u010culo - Vrti\u0107i se oslanjaju na entuzijazam odgojitelja -ali dokle? - Agencija za elektroni\u010dke medije<\/title>\n<meta name=\"robots\" content=\"index, follow, max-snippet:-1, max-image-preview:large, max-video-preview:-1\" \/>\n<link rel=\"canonical\" href=\"https:\/\/aem.hr\/lidija-culo-vrtici-se-oslanjaju-na-entuzijazam-odgojitelja-ali-dokle\/\" \/>\n<meta property=\"og:locale\" content=\"en_US\" \/>\n<meta property=\"og:type\" content=\"article\" \/>\n<meta property=\"og:title\" content=\"Lidija \u010culo - Vrti\u0107i se oslanjaju na entuzijazam odgojitelja -ali dokle? - Agencija za elektroni\u010dke medije\" \/>\n<meta property=\"og:url\" content=\"https:\/\/aem.hr\/lidija-culo-vrtici-se-oslanjaju-na-entuzijazam-odgojitelja-ali-dokle\/\" \/>\n<meta property=\"og:site_name\" content=\"Agencija za elektroni\u010dke medije\" \/>\n<meta property=\"article:modified_time\" content=\"2023-12-01T11:54:16+00:00\" \/>\n<meta name=\"twitter:card\" content=\"summary_large_image\" \/>\n<meta name=\"twitter:label1\" content=\"Est. reading time\" \/>\n\t<meta name=\"twitter:data1\" content=\"1 minute\" \/>\n<script type=\"application\/ld+json\" class=\"yoast-schema-graph\">{\"@context\":\"https:\/\/schema.org\",\"@graph\":[{\"@type\":\"WebPage\",\"@id\":\"https:\/\/aem.hr\/lidija-culo-vrtici-se-oslanjaju-na-entuzijazam-odgojitelja-ali-dokle\/\",\"url\":\"https:\/\/aem.hr\/lidija-culo-vrtici-se-oslanjaju-na-entuzijazam-odgojitelja-ali-dokle\/\",\"name\":\"Lidija \u010culo - Vrti\u0107i se oslanjaju na entuzijazam odgojitelja -ali dokle? - Agencija za elektroni\u010dke medije\",\"isPartOf\":{\"@id\":\"https:\/\/aem.hr\/#website\"},\"datePublished\":\"2023-12-01T11:54:15+00:00\",\"dateModified\":\"2023-12-01T11:54:16+00:00\",\"breadcrumb\":{\"@id\":\"https:\/\/aem.hr\/lidija-culo-vrtici-se-oslanjaju-na-entuzijazam-odgojitelja-ali-dokle\/#breadcrumb\"},\"inLanguage\":\"en-US\",\"potentialAction\":[{\"@type\":\"ReadAction\",\"target\":[\"https:\/\/aem.hr\/lidija-culo-vrtici-se-oslanjaju-na-entuzijazam-odgojitelja-ali-dokle\/\"]}]},{\"@type\":\"BreadcrumbList\",\"@id\":\"https:\/\/aem.hr\/lidija-culo-vrtici-se-oslanjaju-na-entuzijazam-odgojitelja-ali-dokle\/#breadcrumb\",\"itemListElement\":[{\"@type\":\"ListItem\",\"position\":1,\"name\":\"Po\u010detna stranica\",\"item\":\"https:\/\/aem.hr\/\"},{\"@type\":\"ListItem\",\"position\":2,\"name\":\"Lidija \u010culo &#8211; Vrti\u0107i se oslanjaju na entuzijazam odgojitelja -ali dokle?\"}]},{\"@type\":\"WebSite\",\"@id\":\"https:\/\/aem.hr\/#website\",\"url\":\"https:\/\/aem.hr\/\",\"name\":\"Agencija za elektroni\u010dke medije\",\"description\":\"\",\"potentialAction\":[{\"@type\":\"SearchAction\",\"target\":{\"@type\":\"EntryPoint\",\"urlTemplate\":\"https:\/\/aem.hr\/?s={search_term_string}\"},\"query-input\":{\"@type\":\"PropertyValueSpecification\",\"valueRequired\":true,\"valueName\":\"search_term_string\"}}],\"inLanguage\":\"en-US\"}]}<\/script>\n<!-- \/ Yoast SEO plugin. -->","yoast_head_json":{"title":"Lidija \u010culo - Vrti\u0107i se oslanjaju na entuzijazam odgojitelja -ali dokle? - Agencija za elektroni\u010dke medije","robots":{"index":"index","follow":"follow","max-snippet":"max-snippet:-1","max-image-preview":"max-image-preview:large","max-video-preview":"max-video-preview:-1"},"canonical":"https:\/\/aem.hr\/lidija-culo-vrtici-se-oslanjaju-na-entuzijazam-odgojitelja-ali-dokle\/","og_locale":"en_US","og_type":"article","og_title":"Lidija \u010culo - Vrti\u0107i se oslanjaju na entuzijazam odgojitelja -ali dokle? - Agencija za elektroni\u010dke medije","og_url":"https:\/\/aem.hr\/lidija-culo-vrtici-se-oslanjaju-na-entuzijazam-odgojitelja-ali-dokle\/","og_site_name":"Agencija za elektroni\u010dke medije","article_modified_time":"2023-12-01T11:54:16+00:00","twitter_card":"summary_large_image","twitter_misc":{"Est. reading time":"1 minute"},"schema":{"@context":"https:\/\/schema.org","@graph":[{"@type":"WebPage","@id":"https:\/\/aem.hr\/lidija-culo-vrtici-se-oslanjaju-na-entuzijazam-odgojitelja-ali-dokle\/","url":"https:\/\/aem.hr\/lidija-culo-vrtici-se-oslanjaju-na-entuzijazam-odgojitelja-ali-dokle\/","name":"Lidija \u010culo - Vrti\u0107i se oslanjaju na entuzijazam odgojitelja -ali dokle? - Agencija za elektroni\u010dke medije","isPartOf":{"@id":"https:\/\/aem.hr\/#website"},"datePublished":"2023-12-01T11:54:15+00:00","dateModified":"2023-12-01T11:54:16+00:00","breadcrumb":{"@id":"https:\/\/aem.hr\/lidija-culo-vrtici-se-oslanjaju-na-entuzijazam-odgojitelja-ali-dokle\/#breadcrumb"},"inLanguage":"en-US","potentialAction":[{"@type":"ReadAction","target":["https:\/\/aem.hr\/lidija-culo-vrtici-se-oslanjaju-na-entuzijazam-odgojitelja-ali-dokle\/"]}]},{"@type":"BreadcrumbList","@id":"https:\/\/aem.hr\/lidija-culo-vrtici-se-oslanjaju-na-entuzijazam-odgojitelja-ali-dokle\/#breadcrumb","itemListElement":[{"@type":"ListItem","position":1,"name":"Po\u010detna stranica","item":"https:\/\/aem.hr\/"},{"@type":"ListItem","position":2,"name":"Lidija \u010culo &#8211; Vrti\u0107i se oslanjaju na entuzijazam odgojitelja -ali dokle?"}]},{"@type":"WebSite","@id":"https:\/\/aem.hr\/#website","url":"https:\/\/aem.hr\/","name":"Agencija za elektroni\u010dke medije","description":"","potentialAction":[{"@type":"SearchAction","target":{"@type":"EntryPoint","urlTemplate":"https:\/\/aem.hr\/?s={search_term_string}"},"query-input":{"@type":"PropertyValueSpecification","valueRequired":true,"valueName":"search_term_string"}}],"inLanguage":"en-US"}]}},"coauthors":[],"author_meta":{"author_link":"https:\/\/aem.hr\/en\/blog\/author\/mkirac\/","display_name":"Matko Kirac"},"relative_dates":{"created":"Posted 2 years ago","modified":"Updated 2 years ago"},"absolute_dates":{"created":"Posted on 1. December 2023.","modified":"Updated on 1. December 2023."},"absolute_dates_time":{"created":"Posted on 1. December 2023. 12:54","modified":"Updated on 1. December 2023. 12:54"},"featured_img_caption":"","featured_img":false,"series_order":"","_links":{"self":[{"href":"https:\/\/aem.hr\/en\/wp-json\/wp\/v2\/pages\/17916","targetHints":{"allow":["GET"]}}],"collection":[{"href":"https:\/\/aem.hr\/en\/wp-json\/wp\/v2\/pages"}],"about":[{"href":"https:\/\/aem.hr\/en\/wp-json\/wp\/v2\/types\/page"}],"author":[{"embeddable":true,"href":"https:\/\/aem.hr\/en\/wp-json\/wp\/v2\/users\/18"}],"replies":[{"embeddable":true,"href":"https:\/\/aem.hr\/en\/wp-json\/wp\/v2\/comments?post=17916"}],"version-history":[{"count":1,"href":"https:\/\/aem.hr\/en\/wp-json\/wp\/v2\/pages\/17916\/revisions"}],"predecessor-version":[{"id":17927,"href":"https:\/\/aem.hr\/en\/wp-json\/wp\/v2\/pages\/17916\/revisions\/17927"}],"wp:attachment":[{"href":"https:\/\/aem.hr\/en\/wp-json\/wp\/v2\/media?parent=17916"}],"curies":[{"name":"wp","href":"https:\/\/api.w.org\/{rel}","templated":true}]}}