{"id":17943,"date":"2023-12-01T13:04:38","date_gmt":"2023-12-01T12:04:38","guid":{"rendered":"http:\/\/aem.hr\/?page_id=17943"},"modified":"2023-12-01T13:04:38","modified_gmt":"2023-12-01T12:04:38","slug":"andrea-latinovic-zelena-buducnost-nuznost-opstanka-civilizacije-i-drustva","status":"publish","type":"page","link":"https:\/\/aem.hr\/en\/andrea-latinovic-zelena-buducnost-nuznost-opstanka-civilizacije-i-drustva\/","title":{"rendered":"Andrea Latinovi\u0107 &#8211; Zelena budu\u0107nost \u2013 nu\u017enost opstanka civilizacije i dru\u0161tva"},"content":{"rendered":"\n<div class=\"wp-block-file\"><a id=\"wp-block-file--media-9bd93ed9-ca57-4c12-b84f-abbdc57d16f2\" href=\"https:\/\/aem.hr\/wp-content\/uploads\/2023\/12\/1.-Ljubljana-prijestolnica-najzelenije-europske-drzave.pdf\">1. Ljubljana, prijestolnica najzelenije europske dr\u017eave<\/a><a href=\"https:\/\/aem.hr\/wp-content\/uploads\/2023\/12\/1.-Ljubljana-prijestolnica-najzelenije-europske-drzave.pdf\" class=\"wp-block-file__button wp-element-button\" download aria-describedby=\"wp-block-file--media-9bd93ed9-ca57-4c12-b84f-abbdc57d16f2\">Preuzimanje<\/a><\/div>\n\n\n\n<div class=\"wp-block-file\"><a id=\"wp-block-file--media-21e3bc0a-995f-43fd-8f5f-d084ab74d791\" href=\"https:\/\/aem.hr\/wp-content\/uploads\/2023\/12\/2.-Filip-Zoricic_-Pula-je-najzeleniji-grad-u-Hrvatskoj-stara-3000-godina.pdf\">2. Filip Zori\u010di\u0107_ Pula je najzeleniji grad u Hrvatskoj, stara 3000 godina<\/a><a href=\"https:\/\/aem.hr\/wp-content\/uploads\/2023\/12\/2.-Filip-Zoricic_-Pula-je-najzeleniji-grad-u-Hrvatskoj-stara-3000-godina.pdf\" class=\"wp-block-file__button wp-element-button\" download aria-describedby=\"wp-block-file--media-21e3bc0a-995f-43fd-8f5f-d084ab74d791\">Preuzimanje<\/a><\/div>\n\n\n\n<div class=\"wp-block-file\"><a id=\"wp-block-file--media-82438910-22fb-4f74-b53a-7544c8a5bbb1\" href=\"https:\/\/aem.hr\/wp-content\/uploads\/2023\/12\/3.-Jesmo-li-svjesni-vaznosti-zastite-hrane-i-stetnosti-njezinog-bacanja.pdf\">3. Jesmo li svjesni va\u017enosti za\u0161tite hrane i \u0161tetnosti njezinog bacanja<\/a><a href=\"https:\/\/aem.hr\/wp-content\/uploads\/2023\/12\/3.-Jesmo-li-svjesni-vaznosti-zastite-hrane-i-stetnosti-njezinog-bacanja.pdf\" class=\"wp-block-file__button wp-element-button\" download aria-describedby=\"wp-block-file--media-82438910-22fb-4f74-b53a-7544c8a5bbb1\">Preuzimanje<\/a><\/div>\n\n\n\n<div class=\"wp-block-file\"><a id=\"wp-block-file--media-fa31e00a-e915-4833-9c6b-22eb1234b00e\" href=\"https:\/\/aem.hr\/wp-content\/uploads\/2023\/12\/4.-Kristina-Kocur_-Grad-Bjelovar-primjer-je-dobre-prakse-gospodarenja-otpadom.pdf\">4. Kristina Kocur_ Grad Bjelovar primjer je dobre prakse gospodarenja otpadom<\/a><a href=\"https:\/\/aem.hr\/wp-content\/uploads\/2023\/12\/4.-Kristina-Kocur_-Grad-Bjelovar-primjer-je-dobre-prakse-gospodarenja-otpadom.pdf\" class=\"wp-block-file__button wp-element-button\" download aria-describedby=\"wp-block-file--media-fa31e00a-e915-4833-9c6b-22eb1234b00e\">Preuzimanje<\/a><\/div>\n\n\n\n<div class=\"wp-block-file\"><a id=\"wp-block-file--media-06f36029-d138-4076-8631-b30d82e0400f\" href=\"https:\/\/aem.hr\/wp-content\/uploads\/2023\/12\/5.-Analiticar-Gjenero_-O-zelenoj-tranziciji-Hrvatske-i-Europe-u-ratnom-trenutku.pdf\">5. Analiti\u010dar Gjenero_ O zelenoj tranziciji Hrvatske i Europe u ratnom trenutku<\/a><a href=\"https:\/\/aem.hr\/wp-content\/uploads\/2023\/12\/5.-Analiticar-Gjenero_-O-zelenoj-tranziciji-Hrvatske-i-Europe-u-ratnom-trenutku.pdf\" class=\"wp-block-file__button wp-element-button\" download aria-describedby=\"wp-block-file--media-06f36029-d138-4076-8631-b30d82e0400f\">Preuzimanje<\/a><\/div>\n\n\n\n<div class=\"wp-block-file\"><a id=\"wp-block-file--media-ce805672-5603-47c7-97ef-1fb63d9b58ed\" href=\"https:\/\/aem.hr\/wp-content\/uploads\/2023\/12\/6.-Sto-je-Blockchain-tehnologija-i-u-kakvom-je-odnosu-sa-zelenom-tranzicijom.pdf\">6. \u0160to je Blockchain tehnologija i u kakvom je odnosu sa zelenom tranzicijom<\/a><a href=\"https:\/\/aem.hr\/wp-content\/uploads\/2023\/12\/6.-Sto-je-Blockchain-tehnologija-i-u-kakvom-je-odnosu-sa-zelenom-tranzicijom.pdf\" class=\"wp-block-file__button wp-element-button\" download aria-describedby=\"wp-block-file--media-ce805672-5603-47c7-97ef-1fb63d9b58ed\">Preuzimanje<\/a><\/div>\n","protected":false},"excerpt":{"rendered":"","protected":false},"author":18,"featured_media":0,"parent":0,"menu_order":0,"comment_status":"closed","ping_status":"closed","template":"","meta":{"_acf_changed":false,"inline_featured_image":false,"advgb_blocks_editor_width":"","advgb_blocks_columns_visual_guide":"","_links_to":"","_links_to_type":0,"footnotes":""},"class_list":["post-17943","page","type-page","status-publish","hentry"],"acf":[],"yoast_head":"<!-- This site is optimized with the Yoast SEO plugin v25.7 - https:\/\/yoast.com\/wordpress\/plugins\/seo\/ -->\n<title>Andrea Latinovi\u0107 - Zelena budu\u0107nost \u2013 nu\u017enost opstanka civilizacije i dru\u0161tva - Agencija za elektroni\u010dke medije<\/title>\n<meta name=\"robots\" content=\"index, follow, max-snippet:-1, max-image-preview:large, max-video-preview:-1\" \/>\n<link rel=\"canonical\" href=\"https:\/\/aem.hr\/andrea-latinovic-zelena-buducnost-nuznost-opstanka-civilizacije-i-drustva\/\" \/>\n<meta property=\"og:locale\" content=\"en_US\" \/>\n<meta property=\"og:type\" content=\"article\" \/>\n<meta property=\"og:title\" content=\"Andrea Latinovi\u0107 - Zelena budu\u0107nost \u2013 nu\u017enost opstanka civilizacije i dru\u0161tva - Agencija za elektroni\u010dke medije\" \/>\n<meta property=\"og:url\" content=\"https:\/\/aem.hr\/andrea-latinovic-zelena-buducnost-nuznost-opstanka-civilizacije-i-drustva\/\" \/>\n<meta property=\"og:site_name\" content=\"Agencija za elektroni\u010dke medije\" \/>\n<meta name=\"twitter:card\" content=\"summary_large_image\" \/>\n<meta name=\"twitter:label1\" content=\"Est. reading time\" \/>\n\t<meta name=\"twitter:data1\" content=\"1 minute\" \/>\n<script type=\"application\/ld+json\" class=\"yoast-schema-graph\">{\"@context\":\"https:\/\/schema.org\",\"@graph\":[{\"@type\":\"WebPage\",\"@id\":\"https:\/\/aem.hr\/andrea-latinovic-zelena-buducnost-nuznost-opstanka-civilizacije-i-drustva\/\",\"url\":\"https:\/\/aem.hr\/andrea-latinovic-zelena-buducnost-nuznost-opstanka-civilizacije-i-drustva\/\",\"name\":\"Andrea Latinovi\u0107 - Zelena budu\u0107nost \u2013 nu\u017enost opstanka civilizacije i dru\u0161tva - Agencija za elektroni\u010dke medije\",\"isPartOf\":{\"@id\":\"https:\/\/aem.hr\/#website\"},\"datePublished\":\"2023-12-01T12:04:38+00:00\",\"breadcrumb\":{\"@id\":\"https:\/\/aem.hr\/andrea-latinovic-zelena-buducnost-nuznost-opstanka-civilizacije-i-drustva\/#breadcrumb\"},\"inLanguage\":\"en-US\",\"potentialAction\":[{\"@type\":\"ReadAction\",\"target\":[\"https:\/\/aem.hr\/andrea-latinovic-zelena-buducnost-nuznost-opstanka-civilizacije-i-drustva\/\"]}]},{\"@type\":\"BreadcrumbList\",\"@id\":\"https:\/\/aem.hr\/andrea-latinovic-zelena-buducnost-nuznost-opstanka-civilizacije-i-drustva\/#breadcrumb\",\"itemListElement\":[{\"@type\":\"ListItem\",\"position\":1,\"name\":\"Po\u010detna stranica\",\"item\":\"https:\/\/aem.hr\/\"},{\"@type\":\"ListItem\",\"position\":2,\"name\":\"Andrea Latinovi\u0107 &#8211; Zelena budu\u0107nost \u2013 nu\u017enost opstanka civilizacije i dru\u0161tva\"}]},{\"@type\":\"WebSite\",\"@id\":\"https:\/\/aem.hr\/#website\",\"url\":\"https:\/\/aem.hr\/\",\"name\":\"Agencija za elektroni\u010dke medije\",\"description\":\"\",\"potentialAction\":[{\"@type\":\"SearchAction\",\"target\":{\"@type\":\"EntryPoint\",\"urlTemplate\":\"https:\/\/aem.hr\/?s={search_term_string}\"},\"query-input\":{\"@type\":\"PropertyValueSpecification\",\"valueRequired\":true,\"valueName\":\"search_term_string\"}}],\"inLanguage\":\"en-US\"}]}<\/script>\n<!-- \/ Yoast SEO plugin. -->","yoast_head_json":{"title":"Andrea Latinovi\u0107 - Zelena budu\u0107nost \u2013 nu\u017enost opstanka civilizacije i dru\u0161tva - Agencija za elektroni\u010dke medije","robots":{"index":"index","follow":"follow","max-snippet":"max-snippet:-1","max-image-preview":"max-image-preview:large","max-video-preview":"max-video-preview:-1"},"canonical":"https:\/\/aem.hr\/andrea-latinovic-zelena-buducnost-nuznost-opstanka-civilizacije-i-drustva\/","og_locale":"en_US","og_type":"article","og_title":"Andrea Latinovi\u0107 - Zelena budu\u0107nost \u2013 nu\u017enost opstanka civilizacije i dru\u0161tva - Agencija za elektroni\u010dke medije","og_url":"https:\/\/aem.hr\/andrea-latinovic-zelena-buducnost-nuznost-opstanka-civilizacije-i-drustva\/","og_site_name":"Agencija za elektroni\u010dke medije","twitter_card":"summary_large_image","twitter_misc":{"Est. reading time":"1 minute"},"schema":{"@context":"https:\/\/schema.org","@graph":[{"@type":"WebPage","@id":"https:\/\/aem.hr\/andrea-latinovic-zelena-buducnost-nuznost-opstanka-civilizacije-i-drustva\/","url":"https:\/\/aem.hr\/andrea-latinovic-zelena-buducnost-nuznost-opstanka-civilizacije-i-drustva\/","name":"Andrea Latinovi\u0107 - Zelena budu\u0107nost \u2013 nu\u017enost opstanka civilizacije i dru\u0161tva - Agencija za elektroni\u010dke medije","isPartOf":{"@id":"https:\/\/aem.hr\/#website"},"datePublished":"2023-12-01T12:04:38+00:00","breadcrumb":{"@id":"https:\/\/aem.hr\/andrea-latinovic-zelena-buducnost-nuznost-opstanka-civilizacije-i-drustva\/#breadcrumb"},"inLanguage":"en-US","potentialAction":[{"@type":"ReadAction","target":["https:\/\/aem.hr\/andrea-latinovic-zelena-buducnost-nuznost-opstanka-civilizacije-i-drustva\/"]}]},{"@type":"BreadcrumbList","@id":"https:\/\/aem.hr\/andrea-latinovic-zelena-buducnost-nuznost-opstanka-civilizacije-i-drustva\/#breadcrumb","itemListElement":[{"@type":"ListItem","position":1,"name":"Po\u010detna stranica","item":"https:\/\/aem.hr\/"},{"@type":"ListItem","position":2,"name":"Andrea Latinovi\u0107 &#8211; Zelena budu\u0107nost \u2013 nu\u017enost opstanka civilizacije i dru\u0161tva"}]},{"@type":"WebSite","@id":"https:\/\/aem.hr\/#website","url":"https:\/\/aem.hr\/","name":"Agencija za elektroni\u010dke medije","description":"","potentialAction":[{"@type":"SearchAction","target":{"@type":"EntryPoint","urlTemplate":"https:\/\/aem.hr\/?s={search_term_string}"},"query-input":{"@type":"PropertyValueSpecification","valueRequired":true,"valueName":"search_term_string"}}],"inLanguage":"en-US"}]}},"coauthors":[],"author_meta":{"author_link":"https:\/\/aem.hr\/en\/blog\/author\/mkirac\/","display_name":"Matko Kirac"},"relative_dates":{"created":"Posted 2 years ago","modified":"Updated 2 years ago"},"absolute_dates":{"created":"Posted on 1. December 2023.","modified":"Updated on 1. December 2023."},"absolute_dates_time":{"created":"Posted on 1. December 2023. 13:04","modified":"Updated on 1. December 2023. 13:04"},"featured_img_caption":"","featured_img":false,"series_order":"","_links":{"self":[{"href":"https:\/\/aem.hr\/en\/wp-json\/wp\/v2\/pages\/17943","targetHints":{"allow":["GET"]}}],"collection":[{"href":"https:\/\/aem.hr\/en\/wp-json\/wp\/v2\/pages"}],"about":[{"href":"https:\/\/aem.hr\/en\/wp-json\/wp\/v2\/types\/page"}],"author":[{"embeddable":true,"href":"https:\/\/aem.hr\/en\/wp-json\/wp\/v2\/users\/18"}],"replies":[{"embeddable":true,"href":"https:\/\/aem.hr\/en\/wp-json\/wp\/v2\/comments?post=17943"}],"version-history":[{"count":1,"href":"https:\/\/aem.hr\/en\/wp-json\/wp\/v2\/pages\/17943\/revisions"}],"predecessor-version":[{"id":17957,"href":"https:\/\/aem.hr\/en\/wp-json\/wp\/v2\/pages\/17943\/revisions\/17957"}],"wp:attachment":[{"href":"https:\/\/aem.hr\/en\/wp-json\/wp\/v2\/media?parent=17943"}],"curies":[{"name":"wp","href":"https:\/\/api.w.org\/{rel}","templated":true}]}}