{"id":17959,"date":"2023-12-01T13:06:21","date_gmt":"2023-12-01T12:06:21","guid":{"rendered":"http:\/\/aem.hr\/?page_id=17959"},"modified":"2023-12-01T13:06:21","modified_gmt":"2023-12-01T12:06:21","slug":"danijel-prerad-usamljenost-starijih-osoba-sve-veci-problem-u-hrvatskoj","status":"publish","type":"page","link":"https:\/\/aem.hr\/en\/danijel-prerad-usamljenost-starijih-osoba-sve-veci-problem-u-hrvatskoj\/","title":{"rendered":"Danijel Prerad &#8211; Usamljenost starijih osoba &#8211; sve ve\u0107i problem u Hrvatskoj"},"content":{"rendered":"\n<div class=\"wp-block-file\"><a id=\"wp-block-file--media-98adedc0-9260-4f0a-ac6b-8c0ca4d47e46\" href=\"https:\/\/aem.hr\/wp-content\/uploads\/2023\/12\/1.-Usamljenost-sve-veci-problem-starijih-osoba.pdf\">1. Usamljenost &#8211; sve ve\u0107i problem starijih osoba<\/a><a href=\"https:\/\/aem.hr\/wp-content\/uploads\/2023\/12\/1.-Usamljenost-sve-veci-problem-starijih-osoba.pdf\" class=\"wp-block-file__button wp-element-button\" download aria-describedby=\"wp-block-file--media-98adedc0-9260-4f0a-ac6b-8c0ca4d47e46\">Preuzimanje<\/a><\/div>\n\n\n\n<div class=\"wp-block-file\"><a id=\"wp-block-file--media-7ab165b8-201f-4f73-b819-d65cd0fdf4cd\" href=\"https:\/\/aem.hr\/wp-content\/uploads\/2023\/12\/2.-Program-Zazeli-_nekad-je-vaznije-bilo-da-imas-s-nekim-malo-popricati.pdf\">2. Program Za\u017eeli &#8211; _nekad je va\u017enije bilo da ima\u0161 s nekim malo popri\u010dati<\/a><a href=\"https:\/\/aem.hr\/wp-content\/uploads\/2023\/12\/2.-Program-Zazeli-_nekad-je-vaznije-bilo-da-imas-s-nekim-malo-popricati.pdf\" class=\"wp-block-file__button wp-element-button\" download aria-describedby=\"wp-block-file--media-7ab165b8-201f-4f73-b819-d65cd0fdf4cd\">Preuzimanje<\/a><\/div>\n\n\n\n<div class=\"wp-block-file\"><a id=\"wp-block-file--media-9a50c6c7-0db9-47e3-9bfc-05df6f217a52\" href=\"https:\/\/aem.hr\/wp-content\/uploads\/2023\/12\/3.-U-Domu-za-starije-i-nemocne-Sisak-vrijeme-ljepse-prolazi.pdf\">3. U Domu za starije i nemo\u0107ne Sisak vrijeme ljep\u0161e prolazi<\/a><a href=\"https:\/\/aem.hr\/wp-content\/uploads\/2023\/12\/3.-U-Domu-za-starije-i-nemocne-Sisak-vrijeme-ljepse-prolazi.pdf\" class=\"wp-block-file__button wp-element-button\" download aria-describedby=\"wp-block-file--media-9a50c6c7-0db9-47e3-9bfc-05df6f217a52\">Preuzimanje<\/a><\/div>\n\n\n\n<div class=\"wp-block-file\"><a id=\"wp-block-file--media-2bbe8361-e823-4e87-becc-d16da41b1a4a\" href=\"https:\/\/aem.hr\/wp-content\/uploads\/2023\/12\/4.-I-za-Danicu-Zoric-83-kontejner-je-bio-samotno-mjesto.pdf\">4. I za Danicu Zori\u0107 (83) kontejner je bio samotno mjesto<\/a><a href=\"https:\/\/aem.hr\/wp-content\/uploads\/2023\/12\/4.-I-za-Danicu-Zoric-83-kontejner-je-bio-samotno-mjesto.pdf\" class=\"wp-block-file__button wp-element-button\" download aria-describedby=\"wp-block-file--media-2bbe8361-e823-4e87-becc-d16da41b1a4a\">Preuzimanje<\/a><\/div>\n\n\n\n<div class=\"wp-block-file\"><a id=\"wp-block-file--media-09df7791-5b35-4431-b974-6b59aa63edda\" href=\"https:\/\/aem.hr\/wp-content\/uploads\/2023\/12\/5.-SLAVICA-SARKOTIC_-Svatko-mora-pronaci-svoj-recept-za-ispunjen-zivot-u-starosti.pdf\">5. SLAVICA SARKOTI\u0106_ Svatko mora prona\u0107i svoj recept za ispunjen \u017eivot u starosti<\/a><a href=\"https:\/\/aem.hr\/wp-content\/uploads\/2023\/12\/5.-SLAVICA-SARKOTIC_-Svatko-mora-pronaci-svoj-recept-za-ispunjen-zivot-u-starosti.pdf\" class=\"wp-block-file__button wp-element-button\" download aria-describedby=\"wp-block-file--media-09df7791-5b35-4431-b974-6b59aa63edda\">Preuzimanje<\/a><\/div>\n\n\n\n<div class=\"wp-block-file\"><a id=\"wp-block-file--media-873b4e89-550f-48c9-88f5-6c4057e8183e\" href=\"https:\/\/aem.hr\/wp-content\/uploads\/2023\/12\/6.-Milan-Bozicevic_-I-dan-danas-ja-gazim-brda-i-planine-iako-moje-noge.pdf\">6. Milan Bo\u017ei\u010devi\u0107_ I dan danas ja gazim brda i planine, iako moje noge<\/a><a href=\"https:\/\/aem.hr\/wp-content\/uploads\/2023\/12\/6.-Milan-Bozicevic_-I-dan-danas-ja-gazim-brda-i-planine-iako-moje-noge.pdf\" class=\"wp-block-file__button wp-element-button\" download aria-describedby=\"wp-block-file--media-873b4e89-550f-48c9-88f5-6c4057e8183e\">Preuzimanje<\/a><\/div>\n","protected":false},"excerpt":{"rendered":"","protected":false},"author":18,"featured_media":0,"parent":0,"menu_order":0,"comment_status":"closed","ping_status":"closed","template":"","meta":{"_acf_changed":false,"inline_featured_image":false,"advgb_blocks_editor_width":"","advgb_blocks_columns_visual_guide":"","_links_to":"","_links_to_type":0,"footnotes":""},"class_list":["post-17959","page","type-page","status-publish","hentry"],"acf":[],"yoast_head":"<!-- This site is optimized with the Yoast SEO plugin v25.7 - https:\/\/yoast.com\/wordpress\/plugins\/seo\/ -->\n<title>Danijel Prerad - Usamljenost starijih osoba - sve ve\u0107i problem u Hrvatskoj - Agencija za elektroni\u010dke medije<\/title>\n<meta name=\"robots\" content=\"index, follow, max-snippet:-1, max-image-preview:large, max-video-preview:-1\" \/>\n<link rel=\"canonical\" href=\"https:\/\/aem.hr\/en\/danijel-prerad-usamljenost-starijih-osoba-sve-veci-problem-u-hrvatskoj\/\" \/>\n<meta property=\"og:locale\" content=\"en_US\" \/>\n<meta property=\"og:type\" content=\"article\" \/>\n<meta property=\"og:title\" content=\"Danijel Prerad - Usamljenost starijih osoba - sve ve\u0107i problem u Hrvatskoj - Agencija za elektroni\u010dke medije\" \/>\n<meta property=\"og:url\" content=\"https:\/\/aem.hr\/en\/danijel-prerad-usamljenost-starijih-osoba-sve-veci-problem-u-hrvatskoj\/\" \/>\n<meta property=\"og:site_name\" content=\"Agencija za elektroni\u010dke medije\" \/>\n<meta name=\"twitter:card\" content=\"summary_large_image\" \/>\n<meta name=\"twitter:label1\" content=\"Est. reading time\" \/>\n\t<meta name=\"twitter:data1\" content=\"1 minute\" \/>\n<script type=\"application\/ld+json\" class=\"yoast-schema-graph\">{\"@context\":\"https:\/\/schema.org\",\"@graph\":[{\"@type\":\"WebPage\",\"@id\":\"https:\/\/aem.hr\/en\/danijel-prerad-usamljenost-starijih-osoba-sve-veci-problem-u-hrvatskoj\/\",\"url\":\"https:\/\/aem.hr\/en\/danijel-prerad-usamljenost-starijih-osoba-sve-veci-problem-u-hrvatskoj\/\",\"name\":\"Danijel Prerad - Usamljenost starijih osoba - sve ve\u0107i problem u Hrvatskoj - Agencija za elektroni\u010dke medije\",\"isPartOf\":{\"@id\":\"https:\/\/aem.hr\/#website\"},\"datePublished\":\"2023-12-01T12:06:21+00:00\",\"breadcrumb\":{\"@id\":\"https:\/\/aem.hr\/en\/danijel-prerad-usamljenost-starijih-osoba-sve-veci-problem-u-hrvatskoj\/#breadcrumb\"},\"inLanguage\":\"en-US\",\"potentialAction\":[{\"@type\":\"ReadAction\",\"target\":[\"https:\/\/aem.hr\/en\/danijel-prerad-usamljenost-starijih-osoba-sve-veci-problem-u-hrvatskoj\/\"]}]},{\"@type\":\"BreadcrumbList\",\"@id\":\"https:\/\/aem.hr\/en\/danijel-prerad-usamljenost-starijih-osoba-sve-veci-problem-u-hrvatskoj\/#breadcrumb\",\"itemListElement\":[{\"@type\":\"ListItem\",\"position\":1,\"name\":\"Po\u010detna stranica\",\"item\":\"https:\/\/aem.hr\/\"},{\"@type\":\"ListItem\",\"position\":2,\"name\":\"Danijel Prerad &#8211; Usamljenost starijih osoba &#8211; sve ve\u0107i problem u Hrvatskoj\"}]},{\"@type\":\"WebSite\",\"@id\":\"https:\/\/aem.hr\/#website\",\"url\":\"https:\/\/aem.hr\/\",\"name\":\"Agencija za elektroni\u010dke medije\",\"description\":\"\",\"potentialAction\":[{\"@type\":\"SearchAction\",\"target\":{\"@type\":\"EntryPoint\",\"urlTemplate\":\"https:\/\/aem.hr\/?s={search_term_string}\"},\"query-input\":{\"@type\":\"PropertyValueSpecification\",\"valueRequired\":true,\"valueName\":\"search_term_string\"}}],\"inLanguage\":\"en-US\"}]}<\/script>\n<!-- \/ Yoast SEO plugin. -->","yoast_head_json":{"title":"Danijel Prerad - Usamljenost starijih osoba - sve ve\u0107i problem u Hrvatskoj - Agencija za elektroni\u010dke medije","robots":{"index":"index","follow":"follow","max-snippet":"max-snippet:-1","max-image-preview":"max-image-preview:large","max-video-preview":"max-video-preview:-1"},"canonical":"https:\/\/aem.hr\/en\/danijel-prerad-usamljenost-starijih-osoba-sve-veci-problem-u-hrvatskoj\/","og_locale":"en_US","og_type":"article","og_title":"Danijel Prerad - Usamljenost starijih osoba - sve ve\u0107i problem u Hrvatskoj - Agencija za elektroni\u010dke medije","og_url":"https:\/\/aem.hr\/en\/danijel-prerad-usamljenost-starijih-osoba-sve-veci-problem-u-hrvatskoj\/","og_site_name":"Agencija za elektroni\u010dke medije","twitter_card":"summary_large_image","twitter_misc":{"Est. reading time":"1 minute"},"schema":{"@context":"https:\/\/schema.org","@graph":[{"@type":"WebPage","@id":"https:\/\/aem.hr\/en\/danijel-prerad-usamljenost-starijih-osoba-sve-veci-problem-u-hrvatskoj\/","url":"https:\/\/aem.hr\/en\/danijel-prerad-usamljenost-starijih-osoba-sve-veci-problem-u-hrvatskoj\/","name":"Danijel Prerad - Usamljenost starijih osoba - sve ve\u0107i problem u Hrvatskoj - Agencija za elektroni\u010dke medije","isPartOf":{"@id":"https:\/\/aem.hr\/#website"},"datePublished":"2023-12-01T12:06:21+00:00","breadcrumb":{"@id":"https:\/\/aem.hr\/en\/danijel-prerad-usamljenost-starijih-osoba-sve-veci-problem-u-hrvatskoj\/#breadcrumb"},"inLanguage":"en-US","potentialAction":[{"@type":"ReadAction","target":["https:\/\/aem.hr\/en\/danijel-prerad-usamljenost-starijih-osoba-sve-veci-problem-u-hrvatskoj\/"]}]},{"@type":"BreadcrumbList","@id":"https:\/\/aem.hr\/en\/danijel-prerad-usamljenost-starijih-osoba-sve-veci-problem-u-hrvatskoj\/#breadcrumb","itemListElement":[{"@type":"ListItem","position":1,"name":"Po\u010detna stranica","item":"https:\/\/aem.hr\/"},{"@type":"ListItem","position":2,"name":"Danijel Prerad &#8211; Usamljenost starijih osoba &#8211; sve ve\u0107i problem u Hrvatskoj"}]},{"@type":"WebSite","@id":"https:\/\/aem.hr\/#website","url":"https:\/\/aem.hr\/","name":"Agencija za elektroni\u010dke medije","description":"","potentialAction":[{"@type":"SearchAction","target":{"@type":"EntryPoint","urlTemplate":"https:\/\/aem.hr\/?s={search_term_string}"},"query-input":{"@type":"PropertyValueSpecification","valueRequired":true,"valueName":"search_term_string"}}],"inLanguage":"en-US"}]}},"coauthors":[],"author_meta":{"author_link":"https:\/\/aem.hr\/en\/blog\/author\/mkirac\/","display_name":"Matko Kirac"},"relative_dates":{"created":"Posted 2 years ago","modified":"Updated 2 years ago"},"absolute_dates":{"created":"Posted on 1. December 2023.","modified":"Updated on 1. December 2023."},"absolute_dates_time":{"created":"Posted on 1. December 2023. 13:06","modified":"Updated on 1. December 2023. 13:06"},"featured_img_caption":"","featured_img":false,"series_order":"","_links":{"self":[{"href":"https:\/\/aem.hr\/en\/wp-json\/wp\/v2\/pages\/17959","targetHints":{"allow":["GET"]}}],"collection":[{"href":"https:\/\/aem.hr\/en\/wp-json\/wp\/v2\/pages"}],"about":[{"href":"https:\/\/aem.hr\/en\/wp-json\/wp\/v2\/types\/page"}],"author":[{"embeddable":true,"href":"https:\/\/aem.hr\/en\/wp-json\/wp\/v2\/users\/18"}],"replies":[{"embeddable":true,"href":"https:\/\/aem.hr\/en\/wp-json\/wp\/v2\/comments?post=17959"}],"version-history":[{"count":1,"href":"https:\/\/aem.hr\/en\/wp-json\/wp\/v2\/pages\/17959\/revisions"}],"predecessor-version":[{"id":17973,"href":"https:\/\/aem.hr\/en\/wp-json\/wp\/v2\/pages\/17959\/revisions\/17973"}],"wp:attachment":[{"href":"https:\/\/aem.hr\/en\/wp-json\/wp\/v2\/media?parent=17959"}],"curies":[{"name":"wp","href":"https:\/\/api.w.org\/{rel}","templated":true}]}}