{"id":18013,"date":"2023-12-07T14:13:43","date_gmt":"2023-12-07T13:13:43","guid":{"rendered":"http:\/\/aem.hr\/?page_id=18013"},"modified":"2023-12-07T14:13:44","modified_gmt":"2023-12-07T13:13:44","slug":"goran-simac-dobri-ljudi","status":"publish","type":"page","link":"https:\/\/aem.hr\/en\/goran-simac-dobri-ljudi\/","title":{"rendered":"Goran \u0160imac &#8211; Dobri ljudi"},"content":{"rendered":"\n<div class=\"wp-block-file\"><a id=\"wp-block-file--media-f81a775c-f39e-4be9-b4e6-7864788668ac\" href=\"https:\/\/aem.hr\/wp-content\/uploads\/2023\/12\/1.-Ivan-Blazevic-svjetski-humanitarac-godine-min.pdf\">1. Ivan Bla\u017eevi\u0107, svjetski humanitarac godine-min<\/a><a href=\"https:\/\/aem.hr\/wp-content\/uploads\/2023\/12\/1.-Ivan-Blazevic-svjetski-humanitarac-godine-min.pdf\" class=\"wp-block-file__button wp-element-button\" download aria-describedby=\"wp-block-file--media-f81a775c-f39e-4be9-b4e6-7864788668ac\">Preuzimanje<\/a><\/div>\n\n\n\n<div class=\"wp-block-file\"><a id=\"wp-block-file--media-de9807fb-70fb-4ff8-8509-934ecbaef11e\" href=\"https:\/\/aem.hr\/wp-content\/uploads\/2023\/12\/2.-Pascal-Antigny-heroj-rajcic-min.pdf\">2. Pascal Antigny, heroj raj\u010dic-min<\/a><a href=\"https:\/\/aem.hr\/wp-content\/uploads\/2023\/12\/2.-Pascal-Antigny-heroj-rajcic-min.pdf\" class=\"wp-block-file__button wp-element-button\" download aria-describedby=\"wp-block-file--media-de9807fb-70fb-4ff8-8509-934ecbaef11e\">Preuzimanje<\/a><\/div>\n\n\n\n<div class=\"wp-block-file\"><a id=\"wp-block-file--media-3a235895-b647-4a5f-b275-dc2ea8488562\" href=\"https:\/\/aem.hr\/wp-content\/uploads\/2023\/12\/3.-Bracni-par-Salgado-zasadio-4-milijuna-stabala-min.pdf\">3. Bra\u010dni par Salgado zasadio 4 milijuna stabala-min<\/a><a href=\"https:\/\/aem.hr\/wp-content\/uploads\/2023\/12\/3.-Bracni-par-Salgado-zasadio-4-milijuna-stabala-min.pdf\" class=\"wp-block-file__button wp-element-button\" download aria-describedby=\"wp-block-file--media-3a235895-b647-4a5f-b275-dc2ea8488562\">Preuzimanje<\/a><\/div>\n\n\n\n<div class=\"wp-block-file\"><a id=\"wp-block-file--media-9c3dd16a-25f9-486f-968e-1300c734775f\" href=\"https:\/\/aem.hr\/wp-content\/uploads\/2023\/12\/4.-Otplovio-Mladen-Sutej-potpis-min.pdf\">4. Otplovio Mladen \u0160utej + potpis-min<\/a><a href=\"https:\/\/aem.hr\/wp-content\/uploads\/2023\/12\/4.-Otplovio-Mladen-Sutej-potpis-min.pdf\" class=\"wp-block-file__button wp-element-button\" download aria-describedby=\"wp-block-file--media-9c3dd16a-25f9-486f-968e-1300c734775f\">Preuzimanje<\/a><\/div>\n\n\n\n<div class=\"wp-block-file\"><a id=\"wp-block-file--media-0ef77403-7541-4eb5-a6be-195cc738f725\" href=\"https:\/\/aem.hr\/wp-content\/uploads\/2023\/12\/5.-Afroz-Shah-Preko-smeca-do-zvijezda-min.pdf\">5. Afroz Shah Preko sme\u0107a do zvijezda-min<\/a><a href=\"https:\/\/aem.hr\/wp-content\/uploads\/2023\/12\/5.-Afroz-Shah-Preko-smeca-do-zvijezda-min.pdf\" class=\"wp-block-file__button wp-element-button\" download aria-describedby=\"wp-block-file--media-0ef77403-7541-4eb5-a6be-195cc738f725\">Preuzimanje<\/a><\/div>\n\n\n\n<div class=\"wp-block-file\"><a id=\"wp-block-file--media-ab31ee39-4f42-4e5b-bf4f-52f06793f711\" href=\"https:\/\/aem.hr\/wp-content\/uploads\/2023\/12\/6.-Cecile-Bibiane-Ndjebet-cuvarica-suma-i-zenskih-prava-min.pdf\">6. C\u00e9cile Bibiane Ndjebet, \u010duvarica \u0161uma i \u017eenskih prava-min<\/a><a href=\"https:\/\/aem.hr\/wp-content\/uploads\/2023\/12\/6.-Cecile-Bibiane-Ndjebet-cuvarica-suma-i-zenskih-prava-min.pdf\" class=\"wp-block-file__button wp-element-button\" download aria-describedby=\"wp-block-file--media-ab31ee39-4f42-4e5b-bf4f-52f06793f711\">Preuzimanje<\/a><\/div>\n\n\n\n<div class=\"wp-block-file\"><a id=\"wp-block-file--media-40ad14f0-43cd-4988-b7ab-71b3e3f346db\" href=\"https:\/\/aem.hr\/wp-content\/uploads\/2023\/12\/7.-Dr.-Purnima-Devi-Barman_-Djevojcica-koja-je-pjevala-min.pdf\">7. Dr. Purnima Devi Barman_ Djevoj\u010dica koja je pjevala-min<\/a><a href=\"https:\/\/aem.hr\/wp-content\/uploads\/2023\/12\/7.-Dr.-Purnima-Devi-Barman_-Djevojcica-koja-je-pjevala-min.pdf\" class=\"wp-block-file__button wp-element-button\" download aria-describedby=\"wp-block-file--media-40ad14f0-43cd-4988-b7ab-71b3e3f346db\">Preuzimanje<\/a><\/div>\n\n\n\n<div class=\"wp-block-file\"><a id=\"wp-block-file--media-afd7726f-5a8e-4408-84fc-cb81672ed860\" href=\"https:\/\/aem.hr\/wp-content\/uploads\/2023\/12\/8.-Constantino-Aucca-Chutas-ratnik-za-spas-min.pdf\">8. Constantino Aucca Chutas, ratnik za spas-min<\/a><a href=\"https:\/\/aem.hr\/wp-content\/uploads\/2023\/12\/8.-Constantino-Aucca-Chutas-ratnik-za-spas-min.pdf\" class=\"wp-block-file__button wp-element-button\" download aria-describedby=\"wp-block-file--media-afd7726f-5a8e-4408-84fc-cb81672ed860\">Preuzimanje<\/a><\/div>\n\n\n\n<div class=\"wp-block-file\"><a id=\"wp-block-file--media-7825a17c-38c4-48e3-bf1f-5a758f776f9d\" href=\"https:\/\/aem.hr\/wp-content\/uploads\/2023\/12\/9.-Ellen-MacArthur_-Za-kormilom-boljeg-svijeta-min.pdf\">9. Ellen MacArthur_ Za kormilom boljeg svijeta-min<\/a><a href=\"https:\/\/aem.hr\/wp-content\/uploads\/2023\/12\/9.-Ellen-MacArthur_-Za-kormilom-boljeg-svijeta-min.pdf\" class=\"wp-block-file__button wp-element-button\" download aria-describedby=\"wp-block-file--media-7825a17c-38c4-48e3-bf1f-5a758f776f9d\">Preuzimanje<\/a><\/div>\n\n\n\n<div class=\"wp-block-file\"><a id=\"wp-block-file--media-9fbc4f82-e80d-43c7-98d1-5b97feff6861\" href=\"https:\/\/aem.hr\/wp-content\/uploads\/2023\/12\/10.-Jose-Manuel-Moller-Inteligentna-rjesenja-min.pdf\">10. Jos\u00e9 Manuel Moller Inteligentna rje\u0161enja-min<\/a><a href=\"https:\/\/aem.hr\/wp-content\/uploads\/2023\/12\/10.-Jose-Manuel-Moller-Inteligentna-rjesenja-min.pdf\" class=\"wp-block-file__button wp-element-button\" download aria-describedby=\"wp-block-file--media-9fbc4f82-e80d-43c7-98d1-5b97feff6861\">Preuzimanje<\/a><\/div>\n","protected":false},"excerpt":{"rendered":"","protected":false},"author":18,"featured_media":0,"parent":0,"menu_order":0,"comment_status":"closed","ping_status":"closed","template":"","meta":{"_acf_changed":false,"inline_featured_image":false,"advgb_blocks_editor_width":"","advgb_blocks_columns_visual_guide":"","_links_to":"","_links_to_type":0,"footnotes":""},"class_list":["post-18013","page","type-page","status-publish","hentry"],"acf":[],"yoast_head":"<!-- This site is optimized with the Yoast SEO plugin v25.7 - https:\/\/yoast.com\/wordpress\/plugins\/seo\/ -->\n<title>Goran \u0160imac - Dobri ljudi - Agencija za elektroni\u010dke medije<\/title>\n<meta name=\"robots\" content=\"index, follow, max-snippet:-1, max-image-preview:large, max-video-preview:-1\" \/>\n<link rel=\"canonical\" href=\"https:\/\/aem.hr\/en\/goran-simac-dobri-ljudi\/\" \/>\n<meta property=\"og:locale\" content=\"en_US\" \/>\n<meta property=\"og:type\" content=\"article\" \/>\n<meta property=\"og:title\" content=\"Goran \u0160imac - Dobri ljudi - Agencija za elektroni\u010dke medije\" \/>\n<meta property=\"og:url\" content=\"https:\/\/aem.hr\/en\/goran-simac-dobri-ljudi\/\" \/>\n<meta property=\"og:site_name\" content=\"Agencija za elektroni\u010dke medije\" \/>\n<meta property=\"article:modified_time\" content=\"2023-12-07T13:13:44+00:00\" \/>\n<meta name=\"twitter:card\" content=\"summary_large_image\" \/>\n<meta name=\"twitter:label1\" content=\"Est. reading time\" \/>\n\t<meta name=\"twitter:data1\" content=\"1 minute\" \/>\n<script type=\"application\/ld+json\" class=\"yoast-schema-graph\">{\"@context\":\"https:\/\/schema.org\",\"@graph\":[{\"@type\":\"WebPage\",\"@id\":\"https:\/\/aem.hr\/en\/goran-simac-dobri-ljudi\/\",\"url\":\"https:\/\/aem.hr\/en\/goran-simac-dobri-ljudi\/\",\"name\":\"Goran \u0160imac - Dobri ljudi - Agencija za elektroni\u010dke medije\",\"isPartOf\":{\"@id\":\"https:\/\/aem.hr\/#website\"},\"datePublished\":\"2023-12-07T13:13:43+00:00\",\"dateModified\":\"2023-12-07T13:13:44+00:00\",\"breadcrumb\":{\"@id\":\"https:\/\/aem.hr\/en\/goran-simac-dobri-ljudi\/#breadcrumb\"},\"inLanguage\":\"en-US\",\"potentialAction\":[{\"@type\":\"ReadAction\",\"target\":[\"https:\/\/aem.hr\/en\/goran-simac-dobri-ljudi\/\"]}]},{\"@type\":\"BreadcrumbList\",\"@id\":\"https:\/\/aem.hr\/en\/goran-simac-dobri-ljudi\/#breadcrumb\",\"itemListElement\":[{\"@type\":\"ListItem\",\"position\":1,\"name\":\"Po\u010detna stranica\",\"item\":\"https:\/\/aem.hr\/\"},{\"@type\":\"ListItem\",\"position\":2,\"name\":\"Goran \u0160imac &#8211; Dobri ljudi\"}]},{\"@type\":\"WebSite\",\"@id\":\"https:\/\/aem.hr\/#website\",\"url\":\"https:\/\/aem.hr\/\",\"name\":\"Agencija za elektroni\u010dke medije\",\"description\":\"\",\"potentialAction\":[{\"@type\":\"SearchAction\",\"target\":{\"@type\":\"EntryPoint\",\"urlTemplate\":\"https:\/\/aem.hr\/?s={search_term_string}\"},\"query-input\":{\"@type\":\"PropertyValueSpecification\",\"valueRequired\":true,\"valueName\":\"search_term_string\"}}],\"inLanguage\":\"en-US\"}]}<\/script>\n<!-- \/ Yoast SEO plugin. -->","yoast_head_json":{"title":"Goran \u0160imac - Dobri ljudi - Agencija za elektroni\u010dke medije","robots":{"index":"index","follow":"follow","max-snippet":"max-snippet:-1","max-image-preview":"max-image-preview:large","max-video-preview":"max-video-preview:-1"},"canonical":"https:\/\/aem.hr\/en\/goran-simac-dobri-ljudi\/","og_locale":"en_US","og_type":"article","og_title":"Goran \u0160imac - Dobri ljudi - Agencija za elektroni\u010dke medije","og_url":"https:\/\/aem.hr\/en\/goran-simac-dobri-ljudi\/","og_site_name":"Agencija za elektroni\u010dke medije","article_modified_time":"2023-12-07T13:13:44+00:00","twitter_card":"summary_large_image","twitter_misc":{"Est. reading time":"1 minute"},"schema":{"@context":"https:\/\/schema.org","@graph":[{"@type":"WebPage","@id":"https:\/\/aem.hr\/en\/goran-simac-dobri-ljudi\/","url":"https:\/\/aem.hr\/en\/goran-simac-dobri-ljudi\/","name":"Goran \u0160imac - Dobri ljudi - Agencija za elektroni\u010dke medije","isPartOf":{"@id":"https:\/\/aem.hr\/#website"},"datePublished":"2023-12-07T13:13:43+00:00","dateModified":"2023-12-07T13:13:44+00:00","breadcrumb":{"@id":"https:\/\/aem.hr\/en\/goran-simac-dobri-ljudi\/#breadcrumb"},"inLanguage":"en-US","potentialAction":[{"@type":"ReadAction","target":["https:\/\/aem.hr\/en\/goran-simac-dobri-ljudi\/"]}]},{"@type":"BreadcrumbList","@id":"https:\/\/aem.hr\/en\/goran-simac-dobri-ljudi\/#breadcrumb","itemListElement":[{"@type":"ListItem","position":1,"name":"Po\u010detna stranica","item":"https:\/\/aem.hr\/"},{"@type":"ListItem","position":2,"name":"Goran \u0160imac &#8211; Dobri ljudi"}]},{"@type":"WebSite","@id":"https:\/\/aem.hr\/#website","url":"https:\/\/aem.hr\/","name":"Agencija za elektroni\u010dke medije","description":"","potentialAction":[{"@type":"SearchAction","target":{"@type":"EntryPoint","urlTemplate":"https:\/\/aem.hr\/?s={search_term_string}"},"query-input":{"@type":"PropertyValueSpecification","valueRequired":true,"valueName":"search_term_string"}}],"inLanguage":"en-US"}]}},"coauthors":[],"author_meta":{"author_link":"https:\/\/aem.hr\/en\/blog\/author\/mkirac\/","display_name":"Matko Kirac"},"relative_dates":{"created":"Posted 2 years ago","modified":"Updated 2 years ago"},"absolute_dates":{"created":"Posted on 7. December 2023.","modified":"Updated on 7. December 2023."},"absolute_dates_time":{"created":"Posted on 7. December 2023. 14:13","modified":"Updated on 7. December 2023. 14:13"},"featured_img_caption":"","featured_img":false,"series_order":"","_links":{"self":[{"href":"https:\/\/aem.hr\/en\/wp-json\/wp\/v2\/pages\/18013","targetHints":{"allow":["GET"]}}],"collection":[{"href":"https:\/\/aem.hr\/en\/wp-json\/wp\/v2\/pages"}],"about":[{"href":"https:\/\/aem.hr\/en\/wp-json\/wp\/v2\/types\/page"}],"author":[{"embeddable":true,"href":"https:\/\/aem.hr\/en\/wp-json\/wp\/v2\/users\/18"}],"replies":[{"embeddable":true,"href":"https:\/\/aem.hr\/en\/wp-json\/wp\/v2\/comments?post=18013"}],"version-history":[{"count":1,"href":"https:\/\/aem.hr\/en\/wp-json\/wp\/v2\/pages\/18013\/revisions"}],"predecessor-version":[{"id":18035,"href":"https:\/\/aem.hr\/en\/wp-json\/wp\/v2\/pages\/18013\/revisions\/18035"}],"wp:attachment":[{"href":"https:\/\/aem.hr\/en\/wp-json\/wp\/v2\/media?parent=18013"}],"curies":[{"name":"wp","href":"https:\/\/api.w.org\/{rel}","templated":true}]}}