{"id":18038,"date":"2023-12-07T14:19:59","date_gmt":"2023-12-07T13:19:59","guid":{"rendered":"http:\/\/aem.hr\/?page_id=18038"},"modified":"2023-12-07T14:19:59","modified_gmt":"2023-12-07T13:19:59","slug":"zvonko-pavic-stem-mentorice-stem-djevojakama-u-europskoj-godini-vjestina","status":"publish","type":"page","link":"https:\/\/aem.hr\/en\/zvonko-pavic-stem-mentorice-stem-djevojakama-u-europskoj-godini-vjestina\/","title":{"rendered":"Zvonko Pavi\u0107 &#8211; STEM mentorice STEM djevojakama: u europskoj godini vje\u0161tina"},"content":{"rendered":"\n<div class=\"wp-block-file\"><a id=\"wp-block-file--media-d4b9a914-5a85-4fb9-905f-e3c51e6e6148\" href=\"https:\/\/aem.hr\/wp-content\/uploads\/2023\/12\/1.-STEM-Djevojke-u-europskoj-godini-vjestina-dobivaju-svoje-_STEM-kume.pdf\">1. STEM Djevojke u europskoj godini vje\u0161tina dobivaju svoje _STEM kume<\/a><a href=\"https:\/\/aem.hr\/wp-content\/uploads\/2023\/12\/1.-STEM-Djevojke-u-europskoj-godini-vjestina-dobivaju-svoje-_STEM-kume.pdf\" class=\"wp-block-file__button wp-element-button\" download aria-describedby=\"wp-block-file--media-d4b9a914-5a85-4fb9-905f-e3c51e6e6148\">Preuzimanje<\/a><\/div>\n\n\n\n<div class=\"wp-block-file\"><a id=\"wp-block-file--media-46ba1496-62ae-4ba3-b800-945f3357c394\" href=\"https:\/\/aem.hr\/wp-content\/uploads\/2023\/12\/2.-Srednjoskolke-kroz-projekt-_STEM-mentorice-za-STEM-djevojke.pdf\">2. Srednjo\u0161kolke kroz projekt _STEM mentorice za STEM djevojke<\/a><a href=\"https:\/\/aem.hr\/wp-content\/uploads\/2023\/12\/2.-Srednjoskolke-kroz-projekt-_STEM-mentorice-za-STEM-djevojke.pdf\" class=\"wp-block-file__button wp-element-button\" download aria-describedby=\"wp-block-file--media-46ba1496-62ae-4ba3-b800-945f3357c394\">Preuzimanje<\/a><\/div>\n\n\n\n<div class=\"wp-block-file\"><a id=\"wp-block-file--media-a9e9e147-632b-47b0-a1b1-68d9a4c28b78\" href=\"https:\/\/aem.hr\/wp-content\/uploads\/2023\/12\/3.-Vjestine-prezentiranja-i-komunikacije-ne-smiju-se-zanemariti-pogotovo-u-STEM-u.pdf\">3. Vje\u0161tine prezentiranja i komunikacije ne smiju se zanemariti, pogotovo u STEM-u<\/a><a href=\"https:\/\/aem.hr\/wp-content\/uploads\/2023\/12\/3.-Vjestine-prezentiranja-i-komunikacije-ne-smiju-se-zanemariti-pogotovo-u-STEM-u.pdf\" class=\"wp-block-file__button wp-element-button\" download aria-describedby=\"wp-block-file--media-a9e9e147-632b-47b0-a1b1-68d9a4c28b78\">Preuzimanje<\/a><\/div>\n\n\n\n<div class=\"wp-block-file\"><a id=\"wp-block-file--media-7d3bb457-5b5f-4edd-8d20-07487c1f3cc8\" href=\"https:\/\/aem.hr\/wp-content\/uploads\/2023\/12\/4.-Kako-brzo-upoznati-najbolju-mentoricu.pdf\">4. Kako (brzo) upoznati najbolju mentoricu<\/a><a href=\"https:\/\/aem.hr\/wp-content\/uploads\/2023\/12\/4.-Kako-brzo-upoznati-najbolju-mentoricu.pdf\" class=\"wp-block-file__button wp-element-button\" download aria-describedby=\"wp-block-file--media-7d3bb457-5b5f-4edd-8d20-07487c1f3cc8\">Preuzimanje<\/a><\/div>\n\n\n\n<div class=\"wp-block-file\"><a id=\"wp-block-file--media-f686693e-86d0-4c4e-bd27-e2e570fa1867\" href=\"https:\/\/aem.hr\/wp-content\/uploads\/2023\/12\/5.-STEM-ne-mora-biti-osuden-na-standardne-metode-poucavanja.pdf\">5. STEM ne mora biti osu\u0111en na standardne metode pou\u010davanja<\/a><a href=\"https:\/\/aem.hr\/wp-content\/uploads\/2023\/12\/5.-STEM-ne-mora-biti-osuden-na-standardne-metode-poucavanja.pdf\" class=\"wp-block-file__button wp-element-button\" download aria-describedby=\"wp-block-file--media-f686693e-86d0-4c4e-bd27-e2e570fa1867\">Preuzimanje<\/a><\/div>\n","protected":false},"excerpt":{"rendered":"","protected":false},"author":18,"featured_media":0,"parent":0,"menu_order":0,"comment_status":"closed","ping_status":"closed","template":"","meta":{"_acf_changed":false,"inline_featured_image":false,"advgb_blocks_editor_width":"","advgb_blocks_columns_visual_guide":"","_links_to":"","_links_to_type":0,"footnotes":""},"class_list":["post-18038","page","type-page","status-publish","hentry"],"acf":[],"yoast_head":"<!-- This site is optimized with the Yoast SEO plugin v25.7 - https:\/\/yoast.com\/wordpress\/plugins\/seo\/ -->\n<title>Zvonko Pavi\u0107 - STEM mentorice STEM djevojakama: u europskoj godini vje\u0161tina - Agencija za elektroni\u010dke medije<\/title>\n<meta name=\"robots\" content=\"index, follow, max-snippet:-1, max-image-preview:large, max-video-preview:-1\" \/>\n<link rel=\"canonical\" href=\"https:\/\/aem.hr\/zvonko-pavic-stem-mentorice-stem-djevojakama-u-europskoj-godini-vjestina\/\" \/>\n<meta property=\"og:locale\" content=\"en_US\" \/>\n<meta property=\"og:type\" content=\"article\" \/>\n<meta property=\"og:title\" content=\"Zvonko Pavi\u0107 - STEM mentorice STEM djevojakama: u europskoj godini vje\u0161tina - Agencija za elektroni\u010dke medije\" \/>\n<meta property=\"og:url\" content=\"https:\/\/aem.hr\/zvonko-pavic-stem-mentorice-stem-djevojakama-u-europskoj-godini-vjestina\/\" \/>\n<meta property=\"og:site_name\" content=\"Agencija za elektroni\u010dke medije\" \/>\n<meta name=\"twitter:card\" content=\"summary_large_image\" \/>\n<meta name=\"twitter:label1\" content=\"Est. reading time\" \/>\n\t<meta name=\"twitter:data1\" content=\"1 minute\" \/>\n<script type=\"application\/ld+json\" class=\"yoast-schema-graph\">{\"@context\":\"https:\/\/schema.org\",\"@graph\":[{\"@type\":\"WebPage\",\"@id\":\"https:\/\/aem.hr\/zvonko-pavic-stem-mentorice-stem-djevojakama-u-europskoj-godini-vjestina\/\",\"url\":\"https:\/\/aem.hr\/zvonko-pavic-stem-mentorice-stem-djevojakama-u-europskoj-godini-vjestina\/\",\"name\":\"Zvonko Pavi\u0107 - STEM mentorice STEM djevojakama: u europskoj godini vje\u0161tina - Agencija za elektroni\u010dke medije\",\"isPartOf\":{\"@id\":\"https:\/\/aem.hr\/#website\"},\"datePublished\":\"2023-12-07T13:19:59+00:00\",\"breadcrumb\":{\"@id\":\"https:\/\/aem.hr\/zvonko-pavic-stem-mentorice-stem-djevojakama-u-europskoj-godini-vjestina\/#breadcrumb\"},\"inLanguage\":\"en-US\",\"potentialAction\":[{\"@type\":\"ReadAction\",\"target\":[\"https:\/\/aem.hr\/zvonko-pavic-stem-mentorice-stem-djevojakama-u-europskoj-godini-vjestina\/\"]}]},{\"@type\":\"BreadcrumbList\",\"@id\":\"https:\/\/aem.hr\/zvonko-pavic-stem-mentorice-stem-djevojakama-u-europskoj-godini-vjestina\/#breadcrumb\",\"itemListElement\":[{\"@type\":\"ListItem\",\"position\":1,\"name\":\"Po\u010detna stranica\",\"item\":\"https:\/\/aem.hr\/\"},{\"@type\":\"ListItem\",\"position\":2,\"name\":\"Zvonko Pavi\u0107 &#8211; STEM mentorice STEM djevojakama: u europskoj godini vje\u0161tina\"}]},{\"@type\":\"WebSite\",\"@id\":\"https:\/\/aem.hr\/#website\",\"url\":\"https:\/\/aem.hr\/\",\"name\":\"Agencija za elektroni\u010dke medije\",\"description\":\"\",\"potentialAction\":[{\"@type\":\"SearchAction\",\"target\":{\"@type\":\"EntryPoint\",\"urlTemplate\":\"https:\/\/aem.hr\/?s={search_term_string}\"},\"query-input\":{\"@type\":\"PropertyValueSpecification\",\"valueRequired\":true,\"valueName\":\"search_term_string\"}}],\"inLanguage\":\"en-US\"}]}<\/script>\n<!-- \/ Yoast SEO plugin. -->","yoast_head_json":{"title":"Zvonko Pavi\u0107 - STEM mentorice STEM djevojakama: u europskoj godini vje\u0161tina - Agencija za elektroni\u010dke medije","robots":{"index":"index","follow":"follow","max-snippet":"max-snippet:-1","max-image-preview":"max-image-preview:large","max-video-preview":"max-video-preview:-1"},"canonical":"https:\/\/aem.hr\/zvonko-pavic-stem-mentorice-stem-djevojakama-u-europskoj-godini-vjestina\/","og_locale":"en_US","og_type":"article","og_title":"Zvonko Pavi\u0107 - STEM mentorice STEM djevojakama: u europskoj godini vje\u0161tina - Agencija za elektroni\u010dke medije","og_url":"https:\/\/aem.hr\/zvonko-pavic-stem-mentorice-stem-djevojakama-u-europskoj-godini-vjestina\/","og_site_name":"Agencija za elektroni\u010dke medije","twitter_card":"summary_large_image","twitter_misc":{"Est. reading time":"1 minute"},"schema":{"@context":"https:\/\/schema.org","@graph":[{"@type":"WebPage","@id":"https:\/\/aem.hr\/zvonko-pavic-stem-mentorice-stem-djevojakama-u-europskoj-godini-vjestina\/","url":"https:\/\/aem.hr\/zvonko-pavic-stem-mentorice-stem-djevojakama-u-europskoj-godini-vjestina\/","name":"Zvonko Pavi\u0107 - STEM mentorice STEM djevojakama: u europskoj godini vje\u0161tina - Agencija za elektroni\u010dke medije","isPartOf":{"@id":"https:\/\/aem.hr\/#website"},"datePublished":"2023-12-07T13:19:59+00:00","breadcrumb":{"@id":"https:\/\/aem.hr\/zvonko-pavic-stem-mentorice-stem-djevojakama-u-europskoj-godini-vjestina\/#breadcrumb"},"inLanguage":"en-US","potentialAction":[{"@type":"ReadAction","target":["https:\/\/aem.hr\/zvonko-pavic-stem-mentorice-stem-djevojakama-u-europskoj-godini-vjestina\/"]}]},{"@type":"BreadcrumbList","@id":"https:\/\/aem.hr\/zvonko-pavic-stem-mentorice-stem-djevojakama-u-europskoj-godini-vjestina\/#breadcrumb","itemListElement":[{"@type":"ListItem","position":1,"name":"Po\u010detna stranica","item":"https:\/\/aem.hr\/"},{"@type":"ListItem","position":2,"name":"Zvonko Pavi\u0107 &#8211; STEM mentorice STEM djevojakama: u europskoj godini vje\u0161tina"}]},{"@type":"WebSite","@id":"https:\/\/aem.hr\/#website","url":"https:\/\/aem.hr\/","name":"Agencija za elektroni\u010dke medije","description":"","potentialAction":[{"@type":"SearchAction","target":{"@type":"EntryPoint","urlTemplate":"https:\/\/aem.hr\/?s={search_term_string}"},"query-input":{"@type":"PropertyValueSpecification","valueRequired":true,"valueName":"search_term_string"}}],"inLanguage":"en-US"}]}},"coauthors":[],"author_meta":{"author_link":"https:\/\/aem.hr\/en\/blog\/author\/mkirac\/","display_name":"Matko Kirac"},"relative_dates":{"created":"Posted 2 years ago","modified":"Updated 2 years ago"},"absolute_dates":{"created":"Posted on 7. December 2023.","modified":"Updated on 7. December 2023."},"absolute_dates_time":{"created":"Posted on 7. December 2023. 14:19","modified":"Updated on 7. December 2023. 14:19"},"featured_img_caption":"","featured_img":false,"series_order":"","_links":{"self":[{"href":"https:\/\/aem.hr\/en\/wp-json\/wp\/v2\/pages\/18038","targetHints":{"allow":["GET"]}}],"collection":[{"href":"https:\/\/aem.hr\/en\/wp-json\/wp\/v2\/pages"}],"about":[{"href":"https:\/\/aem.hr\/en\/wp-json\/wp\/v2\/types\/page"}],"author":[{"embeddable":true,"href":"https:\/\/aem.hr\/en\/wp-json\/wp\/v2\/users\/18"}],"replies":[{"embeddable":true,"href":"https:\/\/aem.hr\/en\/wp-json\/wp\/v2\/comments?post=18038"}],"version-history":[{"count":1,"href":"https:\/\/aem.hr\/en\/wp-json\/wp\/v2\/pages\/18038\/revisions"}],"predecessor-version":[{"id":18048,"href":"https:\/\/aem.hr\/en\/wp-json\/wp\/v2\/pages\/18038\/revisions\/18048"}],"wp:attachment":[{"href":"https:\/\/aem.hr\/en\/wp-json\/wp\/v2\/media?parent=18038"}],"curies":[{"name":"wp","href":"https:\/\/api.w.org\/{rel}","templated":true}]}}