{"id":18050,"date":"2023-12-07T14:26:05","date_gmt":"2023-12-07T13:26:05","guid":{"rendered":"http:\/\/aem.hr\/?page_id=18050"},"modified":"2023-12-07T14:26:06","modified_gmt":"2023-12-07T13:26:06","slug":"masa-samardzija-zene-like","status":"publish","type":"page","link":"https:\/\/aem.hr\/en\/masa-samardzija-zene-like\/","title":{"rendered":"Ma\u0161a Samard\u017eija &#8211; \u017dene Like"},"content":{"rendered":"\n<div class=\"wp-block-file\"><a id=\"wp-block-file--media-c3d2fcba-4d28-4fe5-a964-c4da2d6aa898\" href=\"https:\/\/aem.hr\/wp-content\/uploads\/2023\/12\/1.-Zene-koje-su-pomjerale-licka-brda.pdf\">1. \u017dene koje su pomjerale li\u010dka brda<\/a><a href=\"https:\/\/aem.hr\/wp-content\/uploads\/2023\/12\/1.-Zene-koje-su-pomjerale-licka-brda.pdf\" class=\"wp-block-file__button wp-element-button\" download aria-describedby=\"wp-block-file--media-c3d2fcba-4d28-4fe5-a964-c4da2d6aa898\">Preuzimanje<\/a><\/div>\n\n\n\n<div class=\"wp-block-file\"><a id=\"wp-block-file--media-8680dda3-eb94-4ba2-83eb-bcaec3a5403c\" href=\"https:\/\/aem.hr\/wp-content\/uploads\/2023\/12\/2.-Konci-proslosti_-pletenje-nakurnjaka-kao-simbol.pdf\">2. Konci pro\u0161losti_ pletenje nakurnjaka kao simbol<\/a><a href=\"https:\/\/aem.hr\/wp-content\/uploads\/2023\/12\/2.-Konci-proslosti_-pletenje-nakurnjaka-kao-simbol.pdf\" class=\"wp-block-file__button wp-element-button\" download aria-describedby=\"wp-block-file--media-8680dda3-eb94-4ba2-83eb-bcaec3a5403c\">Preuzimanje<\/a><\/div>\n\n\n\n<div class=\"wp-block-file\"><a id=\"wp-block-file--media-3c04051f-94e7-4804-b66a-ce063c0de277\" href=\"https:\/\/aem.hr\/wp-content\/uploads\/2023\/12\/3.-Jovana-Raseta_-Mi-smo-sve-Nada-Dimic.pdf\">3. Jovana Ra\u0161eta_ Mi smo sve Nada Dimi\u0107!<\/a><a href=\"https:\/\/aem.hr\/wp-content\/uploads\/2023\/12\/3.-Jovana-Raseta_-Mi-smo-sve-Nada-Dimic.pdf\" class=\"wp-block-file__button wp-element-button\" download aria-describedby=\"wp-block-file--media-3c04051f-94e7-4804-b66a-ce063c0de277\">Preuzimanje<\/a><\/div>\n\n\n\n<div class=\"wp-block-file\"><a id=\"wp-block-file--media-78b3d528-1516-4cb3-9a33-30f6c64eb2ea\" href=\"https:\/\/aem.hr\/wp-content\/uploads\/2023\/12\/4.-Udruga-Prospero-iz-Gracaca-\u2013-oaza-kreativnosti.pdf\">4. Udruga Prospero iz Gra\u010daca \u2013 oaza kreativnosti<\/a><a href=\"https:\/\/aem.hr\/wp-content\/uploads\/2023\/12\/4.-Udruga-Prospero-iz-Gracaca-\u2013-oaza-kreativnosti.pdf\" class=\"wp-block-file__button wp-element-button\" download aria-describedby=\"wp-block-file--media-78b3d528-1516-4cb3-9a33-30f6c64eb2ea\">Preuzimanje<\/a><\/div>\n","protected":false},"excerpt":{"rendered":"","protected":false},"author":18,"featured_media":0,"parent":0,"menu_order":0,"comment_status":"closed","ping_status":"closed","template":"","meta":{"_acf_changed":false,"inline_featured_image":false,"advgb_blocks_editor_width":"","advgb_blocks_columns_visual_guide":"","_links_to":"","_links_to_type":0,"footnotes":""},"class_list":["post-18050","page","type-page","status-publish","hentry"],"acf":[],"yoast_head":"<!-- This site is optimized with the Yoast SEO plugin v25.7 - https:\/\/yoast.com\/wordpress\/plugins\/seo\/ -->\n<title>Ma\u0161a Samard\u017eija - \u017dene Like - Agencija za elektroni\u010dke medije<\/title>\n<meta name=\"robots\" content=\"index, follow, max-snippet:-1, max-image-preview:large, max-video-preview:-1\" \/>\n<link rel=\"canonical\" href=\"https:\/\/aem.hr\/masa-samardzija-zene-like\/\" \/>\n<meta property=\"og:locale\" content=\"en_US\" \/>\n<meta property=\"og:type\" content=\"article\" \/>\n<meta property=\"og:title\" content=\"Ma\u0161a Samard\u017eija - \u017dene Like - Agencija za elektroni\u010dke medije\" \/>\n<meta property=\"og:url\" content=\"https:\/\/aem.hr\/masa-samardzija-zene-like\/\" \/>\n<meta property=\"og:site_name\" content=\"Agencija za elektroni\u010dke medije\" \/>\n<meta property=\"article:modified_time\" content=\"2023-12-07T13:26:06+00:00\" \/>\n<meta name=\"twitter:card\" content=\"summary_large_image\" \/>\n<meta name=\"twitter:label1\" content=\"Est. reading time\" \/>\n\t<meta name=\"twitter:data1\" content=\"1 minute\" \/>\n<script type=\"application\/ld+json\" class=\"yoast-schema-graph\">{\"@context\":\"https:\/\/schema.org\",\"@graph\":[{\"@type\":\"WebPage\",\"@id\":\"https:\/\/aem.hr\/masa-samardzija-zene-like\/\",\"url\":\"https:\/\/aem.hr\/masa-samardzija-zene-like\/\",\"name\":\"Ma\u0161a Samard\u017eija - \u017dene Like - Agencija za elektroni\u010dke medije\",\"isPartOf\":{\"@id\":\"https:\/\/aem.hr\/#website\"},\"datePublished\":\"2023-12-07T13:26:05+00:00\",\"dateModified\":\"2023-12-07T13:26:06+00:00\",\"breadcrumb\":{\"@id\":\"https:\/\/aem.hr\/masa-samardzija-zene-like\/#breadcrumb\"},\"inLanguage\":\"en-US\",\"potentialAction\":[{\"@type\":\"ReadAction\",\"target\":[\"https:\/\/aem.hr\/masa-samardzija-zene-like\/\"]}]},{\"@type\":\"BreadcrumbList\",\"@id\":\"https:\/\/aem.hr\/masa-samardzija-zene-like\/#breadcrumb\",\"itemListElement\":[{\"@type\":\"ListItem\",\"position\":1,\"name\":\"Po\u010detna stranica\",\"item\":\"https:\/\/aem.hr\/\"},{\"@type\":\"ListItem\",\"position\":2,\"name\":\"Ma\u0161a Samard\u017eija &#8211; \u017dene Like\"}]},{\"@type\":\"WebSite\",\"@id\":\"https:\/\/aem.hr\/#website\",\"url\":\"https:\/\/aem.hr\/\",\"name\":\"Agencija za elektroni\u010dke medije\",\"description\":\"\",\"potentialAction\":[{\"@type\":\"SearchAction\",\"target\":{\"@type\":\"EntryPoint\",\"urlTemplate\":\"https:\/\/aem.hr\/?s={search_term_string}\"},\"query-input\":{\"@type\":\"PropertyValueSpecification\",\"valueRequired\":true,\"valueName\":\"search_term_string\"}}],\"inLanguage\":\"en-US\"}]}<\/script>\n<!-- \/ Yoast SEO plugin. -->","yoast_head_json":{"title":"Ma\u0161a Samard\u017eija - \u017dene Like - Agencija za elektroni\u010dke medije","robots":{"index":"index","follow":"follow","max-snippet":"max-snippet:-1","max-image-preview":"max-image-preview:large","max-video-preview":"max-video-preview:-1"},"canonical":"https:\/\/aem.hr\/masa-samardzija-zene-like\/","og_locale":"en_US","og_type":"article","og_title":"Ma\u0161a Samard\u017eija - \u017dene Like - Agencija za elektroni\u010dke medije","og_url":"https:\/\/aem.hr\/masa-samardzija-zene-like\/","og_site_name":"Agencija za elektroni\u010dke medije","article_modified_time":"2023-12-07T13:26:06+00:00","twitter_card":"summary_large_image","twitter_misc":{"Est. reading time":"1 minute"},"schema":{"@context":"https:\/\/schema.org","@graph":[{"@type":"WebPage","@id":"https:\/\/aem.hr\/masa-samardzija-zene-like\/","url":"https:\/\/aem.hr\/masa-samardzija-zene-like\/","name":"Ma\u0161a Samard\u017eija - \u017dene Like - Agencija za elektroni\u010dke medije","isPartOf":{"@id":"https:\/\/aem.hr\/#website"},"datePublished":"2023-12-07T13:26:05+00:00","dateModified":"2023-12-07T13:26:06+00:00","breadcrumb":{"@id":"https:\/\/aem.hr\/masa-samardzija-zene-like\/#breadcrumb"},"inLanguage":"en-US","potentialAction":[{"@type":"ReadAction","target":["https:\/\/aem.hr\/masa-samardzija-zene-like\/"]}]},{"@type":"BreadcrumbList","@id":"https:\/\/aem.hr\/masa-samardzija-zene-like\/#breadcrumb","itemListElement":[{"@type":"ListItem","position":1,"name":"Po\u010detna stranica","item":"https:\/\/aem.hr\/"},{"@type":"ListItem","position":2,"name":"Ma\u0161a Samard\u017eija &#8211; \u017dene Like"}]},{"@type":"WebSite","@id":"https:\/\/aem.hr\/#website","url":"https:\/\/aem.hr\/","name":"Agencija za elektroni\u010dke medije","description":"","potentialAction":[{"@type":"SearchAction","target":{"@type":"EntryPoint","urlTemplate":"https:\/\/aem.hr\/?s={search_term_string}"},"query-input":{"@type":"PropertyValueSpecification","valueRequired":true,"valueName":"search_term_string"}}],"inLanguage":"en-US"}]}},"coauthors":[],"author_meta":{"author_link":"https:\/\/aem.hr\/en\/blog\/author\/mkirac\/","display_name":"Matko Kirac"},"relative_dates":{"created":"Posted 2 years ago","modified":"Updated 2 years ago"},"absolute_dates":{"created":"Posted on 7. December 2023.","modified":"Updated on 7. December 2023."},"absolute_dates_time":{"created":"Posted on 7. December 2023. 14:26","modified":"Updated on 7. December 2023. 14:26"},"featured_img_caption":"","featured_img":false,"series_order":"","_links":{"self":[{"href":"https:\/\/aem.hr\/en\/wp-json\/wp\/v2\/pages\/18050","targetHints":{"allow":["GET"]}}],"collection":[{"href":"https:\/\/aem.hr\/en\/wp-json\/wp\/v2\/pages"}],"about":[{"href":"https:\/\/aem.hr\/en\/wp-json\/wp\/v2\/types\/page"}],"author":[{"embeddable":true,"href":"https:\/\/aem.hr\/en\/wp-json\/wp\/v2\/users\/18"}],"replies":[{"embeddable":true,"href":"https:\/\/aem.hr\/en\/wp-json\/wp\/v2\/comments?post=18050"}],"version-history":[{"count":1,"href":"https:\/\/aem.hr\/en\/wp-json\/wp\/v2\/pages\/18050\/revisions"}],"predecessor-version":[{"id":18060,"href":"https:\/\/aem.hr\/en\/wp-json\/wp\/v2\/pages\/18050\/revisions\/18060"}],"wp:attachment":[{"href":"https:\/\/aem.hr\/en\/wp-json\/wp\/v2\/media?parent=18050"}],"curies":[{"name":"wp","href":"https:\/\/api.w.org\/{rel}","templated":true}]}}