{"id":18062,"date":"2023-12-07T14:29:07","date_gmt":"2023-12-07T13:29:07","guid":{"rendered":"http:\/\/aem.hr\/?page_id=18062"},"modified":"2023-12-07T14:29:07","modified_gmt":"2023-12-07T13:29:07","slug":"darko-markusic-kakva-je-hrvatska-prema-migrantima","status":"publish","type":"page","link":"https:\/\/aem.hr\/en\/darko-markusic-kakva-je-hrvatska-prema-migrantima\/","title":{"rendered":"Darko Marku\u0161i\u0107 &#8211; Kakva je hrvatska prema migrantima?"},"content":{"rendered":"\n<div class=\"wp-block-file\"><a id=\"wp-block-file--media-806cca91-e8a7-4e0b-8670-32d74e649c03\" href=\"https:\/\/aem.hr\/wp-content\/uploads\/2023\/12\/1.-Kakva-je-Hrvatska-prema-migrantima.pdf\">1. Kakva je Hrvatska prema migrantima<\/a><a href=\"https:\/\/aem.hr\/wp-content\/uploads\/2023\/12\/1.-Kakva-je-Hrvatska-prema-migrantima.pdf\" class=\"wp-block-file__button wp-element-button\" download aria-describedby=\"wp-block-file--media-806cca91-e8a7-4e0b-8670-32d74e649c03\">Preuzimanje<\/a><\/div>\n\n\n\n<div class=\"wp-block-file\"><a id=\"wp-block-file--media-967d0e0e-ebc8-4889-b1c8-9a30a527d8b6\" href=\"https:\/\/aem.hr\/wp-content\/uploads\/2023\/12\/2.-Pocinje-proces-spajanja-obitelji-stranih-radnika.pdf\">2. Po\u010dinje proces spajanja obitelji stranih radnika<\/a><a href=\"https:\/\/aem.hr\/wp-content\/uploads\/2023\/12\/2.-Pocinje-proces-spajanja-obitelji-stranih-radnika.pdf\" class=\"wp-block-file__button wp-element-button\" download aria-describedby=\"wp-block-file--media-967d0e0e-ebc8-4889-b1c8-9a30a527d8b6\">Preuzimanje<\/a><\/div>\n\n\n\n<div class=\"wp-block-file\"><a id=\"wp-block-file--media-cef2c06b-f43b-4884-99f9-1cc587287e0a\" href=\"https:\/\/aem.hr\/wp-content\/uploads\/2023\/12\/3.-Sto-mozemo-nauciti-od-iskustva-drugih-zemalja.pdf\">3. \u0160to mo\u017eemo nau\u010diti od iskustva drugih zemalja<\/a><a href=\"https:\/\/aem.hr\/wp-content\/uploads\/2023\/12\/3.-Sto-mozemo-nauciti-od-iskustva-drugih-zemalja.pdf\" class=\"wp-block-file__button wp-element-button\" download aria-describedby=\"wp-block-file--media-cef2c06b-f43b-4884-99f9-1cc587287e0a\">Preuzimanje<\/a><\/div>\n\n\n\n<div class=\"wp-block-file\"><a id=\"wp-block-file--media-482be823-22ab-4f4e-af41-f5abbb838c33\" href=\"https:\/\/aem.hr\/wp-content\/uploads\/2023\/12\/4.-Hrvatski-politicari-o-stranim-radnicima-govore-kao.pdf\">4. Hrvatski politi\u010dari o stranim radnicima govore kao<\/a><a href=\"https:\/\/aem.hr\/wp-content\/uploads\/2023\/12\/4.-Hrvatski-politicari-o-stranim-radnicima-govore-kao.pdf\" class=\"wp-block-file__button wp-element-button\" download aria-describedby=\"wp-block-file--media-482be823-22ab-4f4e-af41-f5abbb838c33\">Preuzimanje<\/a><\/div>\n","protected":false},"excerpt":{"rendered":"","protected":false},"author":18,"featured_media":0,"parent":0,"menu_order":0,"comment_status":"closed","ping_status":"closed","template":"","meta":{"_acf_changed":false,"inline_featured_image":false,"advgb_blocks_editor_width":"","advgb_blocks_columns_visual_guide":"","_links_to":"","_links_to_type":0,"footnotes":""},"class_list":["post-18062","page","type-page","status-publish","hentry"],"acf":[],"yoast_head":"<!-- This site is optimized with the Yoast SEO plugin v25.7 - https:\/\/yoast.com\/wordpress\/plugins\/seo\/ -->\n<title>Darko Marku\u0161i\u0107 - Kakva je hrvatska prema migrantima? - Agencija za elektroni\u010dke medije<\/title>\n<meta name=\"robots\" content=\"index, follow, max-snippet:-1, max-image-preview:large, max-video-preview:-1\" \/>\n<link rel=\"canonical\" href=\"https:\/\/aem.hr\/darko-markusic-kakva-je-hrvatska-prema-migrantima\/\" \/>\n<meta property=\"og:locale\" content=\"en_US\" \/>\n<meta property=\"og:type\" content=\"article\" \/>\n<meta property=\"og:title\" content=\"Darko Marku\u0161i\u0107 - Kakva je hrvatska prema migrantima? - Agencija za elektroni\u010dke medije\" \/>\n<meta property=\"og:url\" content=\"https:\/\/aem.hr\/darko-markusic-kakva-je-hrvatska-prema-migrantima\/\" \/>\n<meta property=\"og:site_name\" content=\"Agencija za elektroni\u010dke medije\" \/>\n<meta name=\"twitter:card\" content=\"summary_large_image\" \/>\n<meta name=\"twitter:label1\" content=\"Est. reading time\" \/>\n\t<meta name=\"twitter:data1\" content=\"1 minute\" \/>\n<script type=\"application\/ld+json\" class=\"yoast-schema-graph\">{\"@context\":\"https:\/\/schema.org\",\"@graph\":[{\"@type\":\"WebPage\",\"@id\":\"https:\/\/aem.hr\/darko-markusic-kakva-je-hrvatska-prema-migrantima\/\",\"url\":\"https:\/\/aem.hr\/darko-markusic-kakva-je-hrvatska-prema-migrantima\/\",\"name\":\"Darko Marku\u0161i\u0107 - Kakva je hrvatska prema migrantima? - Agencija za elektroni\u010dke medije\",\"isPartOf\":{\"@id\":\"https:\/\/aem.hr\/#website\"},\"datePublished\":\"2023-12-07T13:29:07+00:00\",\"breadcrumb\":{\"@id\":\"https:\/\/aem.hr\/darko-markusic-kakva-je-hrvatska-prema-migrantima\/#breadcrumb\"},\"inLanguage\":\"en-US\",\"potentialAction\":[{\"@type\":\"ReadAction\",\"target\":[\"https:\/\/aem.hr\/darko-markusic-kakva-je-hrvatska-prema-migrantima\/\"]}]},{\"@type\":\"BreadcrumbList\",\"@id\":\"https:\/\/aem.hr\/darko-markusic-kakva-je-hrvatska-prema-migrantima\/#breadcrumb\",\"itemListElement\":[{\"@type\":\"ListItem\",\"position\":1,\"name\":\"Po\u010detna stranica\",\"item\":\"https:\/\/aem.hr\/\"},{\"@type\":\"ListItem\",\"position\":2,\"name\":\"Darko Marku\u0161i\u0107 &#8211; Kakva je hrvatska prema migrantima?\"}]},{\"@type\":\"WebSite\",\"@id\":\"https:\/\/aem.hr\/#website\",\"url\":\"https:\/\/aem.hr\/\",\"name\":\"Agencija za elektroni\u010dke medije\",\"description\":\"\",\"potentialAction\":[{\"@type\":\"SearchAction\",\"target\":{\"@type\":\"EntryPoint\",\"urlTemplate\":\"https:\/\/aem.hr\/?s={search_term_string}\"},\"query-input\":{\"@type\":\"PropertyValueSpecification\",\"valueRequired\":true,\"valueName\":\"search_term_string\"}}],\"inLanguage\":\"en-US\"}]}<\/script>\n<!-- \/ Yoast SEO plugin. -->","yoast_head_json":{"title":"Darko Marku\u0161i\u0107 - Kakva je hrvatska prema migrantima? - Agencija za elektroni\u010dke medije","robots":{"index":"index","follow":"follow","max-snippet":"max-snippet:-1","max-image-preview":"max-image-preview:large","max-video-preview":"max-video-preview:-1"},"canonical":"https:\/\/aem.hr\/darko-markusic-kakva-je-hrvatska-prema-migrantima\/","og_locale":"en_US","og_type":"article","og_title":"Darko Marku\u0161i\u0107 - Kakva je hrvatska prema migrantima? - Agencija za elektroni\u010dke medije","og_url":"https:\/\/aem.hr\/darko-markusic-kakva-je-hrvatska-prema-migrantima\/","og_site_name":"Agencija za elektroni\u010dke medije","twitter_card":"summary_large_image","twitter_misc":{"Est. reading time":"1 minute"},"schema":{"@context":"https:\/\/schema.org","@graph":[{"@type":"WebPage","@id":"https:\/\/aem.hr\/darko-markusic-kakva-je-hrvatska-prema-migrantima\/","url":"https:\/\/aem.hr\/darko-markusic-kakva-je-hrvatska-prema-migrantima\/","name":"Darko Marku\u0161i\u0107 - Kakva je hrvatska prema migrantima? - Agencija za elektroni\u010dke medije","isPartOf":{"@id":"https:\/\/aem.hr\/#website"},"datePublished":"2023-12-07T13:29:07+00:00","breadcrumb":{"@id":"https:\/\/aem.hr\/darko-markusic-kakva-je-hrvatska-prema-migrantima\/#breadcrumb"},"inLanguage":"en-US","potentialAction":[{"@type":"ReadAction","target":["https:\/\/aem.hr\/darko-markusic-kakva-je-hrvatska-prema-migrantima\/"]}]},{"@type":"BreadcrumbList","@id":"https:\/\/aem.hr\/darko-markusic-kakva-je-hrvatska-prema-migrantima\/#breadcrumb","itemListElement":[{"@type":"ListItem","position":1,"name":"Po\u010detna stranica","item":"https:\/\/aem.hr\/"},{"@type":"ListItem","position":2,"name":"Darko Marku\u0161i\u0107 &#8211; Kakva je hrvatska prema migrantima?"}]},{"@type":"WebSite","@id":"https:\/\/aem.hr\/#website","url":"https:\/\/aem.hr\/","name":"Agencija za elektroni\u010dke medije","description":"","potentialAction":[{"@type":"SearchAction","target":{"@type":"EntryPoint","urlTemplate":"https:\/\/aem.hr\/?s={search_term_string}"},"query-input":{"@type":"PropertyValueSpecification","valueRequired":true,"valueName":"search_term_string"}}],"inLanguage":"en-US"}]}},"coauthors":[],"author_meta":{"author_link":"https:\/\/aem.hr\/en\/blog\/author\/mkirac\/","display_name":"Matko Kirac"},"relative_dates":{"created":"Posted 2 years ago","modified":"Updated 2 years ago"},"absolute_dates":{"created":"Posted on 7. December 2023.","modified":"Updated on 7. December 2023."},"absolute_dates_time":{"created":"Posted on 7. December 2023. 14:29","modified":"Updated on 7. December 2023. 14:29"},"featured_img_caption":"","featured_img":false,"series_order":"","_links":{"self":[{"href":"https:\/\/aem.hr\/en\/wp-json\/wp\/v2\/pages\/18062","targetHints":{"allow":["GET"]}}],"collection":[{"href":"https:\/\/aem.hr\/en\/wp-json\/wp\/v2\/pages"}],"about":[{"href":"https:\/\/aem.hr\/en\/wp-json\/wp\/v2\/types\/page"}],"author":[{"embeddable":true,"href":"https:\/\/aem.hr\/en\/wp-json\/wp\/v2\/users\/18"}],"replies":[{"embeddable":true,"href":"https:\/\/aem.hr\/en\/wp-json\/wp\/v2\/comments?post=18062"}],"version-history":[{"count":1,"href":"https:\/\/aem.hr\/en\/wp-json\/wp\/v2\/pages\/18062\/revisions"}],"predecessor-version":[{"id":18072,"href":"https:\/\/aem.hr\/en\/wp-json\/wp\/v2\/pages\/18062\/revisions\/18072"}],"wp:attachment":[{"href":"https:\/\/aem.hr\/en\/wp-json\/wp\/v2\/media?parent=18062"}],"curies":[{"name":"wp","href":"https:\/\/api.w.org\/{rel}","templated":true}]}}