{"id":18087,"date":"2023-12-07T14:33:52","date_gmt":"2023-12-07T13:33:52","guid":{"rendered":"http:\/\/aem.hr\/?page_id=18087"},"modified":"2023-12-07T14:33:52","modified_gmt":"2023-12-07T13:33:52","slug":"tomislav-pasicek-hrvatski-fenomen-roditelji-treneri-koji-su-stvarali-velikane-hrvatskog-sporta","status":"publish","type":"page","link":"https:\/\/aem.hr\/en\/tomislav-pasicek-hrvatski-fenomen-roditelji-treneri-koji-su-stvarali-velikane-hrvatskog-sporta\/","title":{"rendered":"Tomislav Pa\u0161i\u010dek &#8211; Hrvatski fenomen: roditelji \u2013 treneri koji su stvarali velikane hrvatskog sporta"},"content":{"rendered":"\n<div class=\"wp-block-file\"><a id=\"wp-block-file--media-338cbf06-bdfc-4264-a06b-d67c7d5e5e16\" href=\"https:\/\/aem.hr\/wp-content\/uploads\/2023\/12\/1.HRVATSKI-FENOMEN_-Roditelji-treneri.pdf\">1. HRVATSKI FENOMEN_ Roditelji treneri<\/a><a href=\"https:\/\/aem.hr\/wp-content\/uploads\/2023\/12\/1.HRVATSKI-FENOMEN_-Roditelji-treneri.pdf\" class=\"wp-block-file__button wp-element-button\" download aria-describedby=\"wp-block-file--media-338cbf06-bdfc-4264-a06b-d67c7d5e5e16\">Preuzimanje<\/a><\/div>\n\n\n\n<div class=\"wp-block-file\"><a id=\"wp-block-file--media-45181dfc-35fb-4d83-9401-16e092a160bc\" href=\"https:\/\/aem.hr\/wp-content\/uploads\/2023\/12\/2.DR_.-IVAN-PERKOV_-Obitelji-se-posvecuju-razvoju-mladih.pdf\">2. DR. IVAN PERKOV_ Obitelji se posve\u0107uju razvoju mladih<\/a><a href=\"https:\/\/aem.hr\/wp-content\/uploads\/2023\/12\/2.DR_.-IVAN-PERKOV_-Obitelji-se-posvecuju-razvoju-mladih.pdf\" class=\"wp-block-file__button wp-element-button\" download aria-describedby=\"wp-block-file--media-45181dfc-35fb-4d83-9401-16e092a160bc\">Preuzimanje<\/a><\/div>\n\n\n\n<div class=\"wp-block-file\"><a id=\"wp-block-file--media-0f46482e-5ef9-4396-9614-27d41064475e\" href=\"https:\/\/aem.hr\/wp-content\/uploads\/2023\/12\/3.DR_.-ZELJKO-BURCAR_-Kostelici-i-Vlasici-su-veliki.pdf\">3. DR. \u017dELJKO BURCAR_ Kosteli\u0107i i Vla\u0161i\u0107i su veliki<\/a><a href=\"https:\/\/aem.hr\/wp-content\/uploads\/2023\/12\/3.DR_.-ZELJKO-BURCAR_-Kostelici-i-Vlasici-su-veliki.pdf\" class=\"wp-block-file__button wp-element-button\" download aria-describedby=\"wp-block-file--media-0f46482e-5ef9-4396-9614-27d41064475e\">Preuzimanje<\/a><\/div>\n\n\n\n<div class=\"wp-block-file\"><a id=\"wp-block-file--media-65e76817-a541-4025-9918-e1fccec3dd9f\" href=\"https:\/\/aem.hr\/wp-content\/uploads\/2023\/12\/4.SPORTSKA-PSIHOLOGINJA-PETRIC_-Kostelic-i-Vlasic-djeci.pdf\">4. SPORTSKA PSIHOLOGINJA PETRI\u0106_ Kosteli\u0107 i Vla\u0161i\u0107 djeci<\/a><a href=\"https:\/\/aem.hr\/wp-content\/uploads\/2023\/12\/4.SPORTSKA-PSIHOLOGINJA-PETRIC_-Kostelic-i-Vlasic-djeci.pdf\" class=\"wp-block-file__button wp-element-button\" download aria-describedby=\"wp-block-file--media-65e76817-a541-4025-9918-e1fccec3dd9f\">Preuzimanje<\/a><\/div>\n\n\n\n<div class=\"wp-block-file\"><a id=\"wp-block-file--media-e5ca5073-7f92-46ca-acf7-a12822664e98\" href=\"https:\/\/aem.hr\/wp-content\/uploads\/2023\/12\/5.RODITELJI-TRENERI_-Josko-Vlasic-Priznajem-da-je-bilo.pdf\">5. RODITELJI TRENERI_ Jo\u0161ko Vla\u0161i\u0107 &#8211; Priznajem da je bilo<\/a><a href=\"https:\/\/aem.hr\/wp-content\/uploads\/2023\/12\/5.RODITELJI-TRENERI_-Josko-Vlasic-Priznajem-da-je-bilo.pdf\" class=\"wp-block-file__button wp-element-button\" download aria-describedby=\"wp-block-file--media-e5ca5073-7f92-46ca-acf7-a12822664e98\">Preuzimanje<\/a><\/div>\n\n\n\n<div class=\"wp-block-file\"><a id=\"wp-block-file--media-c095b3cc-69a1-4098-8e74-1578c1e565f8\" href=\"https:\/\/aem.hr\/wp-content\/uploads\/2023\/12\/6.RODITELJI-TRENERI_-Igor-Cerensek-Kostelici-Vlasicipdf.pdf\">6. RODITELJI TRENERI_ Igor \u010ceren\u0161ek &#8211; Kosteli\u0107i, Vla\u0161i\u0107ipdf<\/a><a href=\"https:\/\/aem.hr\/wp-content\/uploads\/2023\/12\/6.RODITELJI-TRENERI_-Igor-Cerensek-Kostelici-Vlasicipdf.pdf\" class=\"wp-block-file__button wp-element-button\" download aria-describedby=\"wp-block-file--media-c095b3cc-69a1-4098-8e74-1578c1e565f8\">Preuzimanje<\/a><\/div>\n\n\n\n<div class=\"wp-block-file\"><a id=\"wp-block-file--media-01495ab3-8f29-42d7-b200-33913fcd4136\" href=\"https:\/\/aem.hr\/wp-content\/uploads\/2023\/12\/7.RODITELJI-TRENERI_-Patrik-Koscak.pdf\">7. RODITELJI TRENERI_ Patrik Ko\u0161\u010dak<\/a><a href=\"https:\/\/aem.hr\/wp-content\/uploads\/2023\/12\/7.RODITELJI-TRENERI_-Patrik-Koscak.pdf\" class=\"wp-block-file__button wp-element-button\" download aria-describedby=\"wp-block-file--media-01495ab3-8f29-42d7-b200-33913fcd4136\">Preuzimanje<\/a><\/div>\n\n\n\n<div class=\"wp-block-file\"><a id=\"wp-block-file--media-cfdc719e-883d-4b18-a268-c6758b9659cb\" href=\"https:\/\/aem.hr\/wp-content\/uploads\/2023\/12\/8.RODITELJI-TRENERI_-Nenadmasni-zlatni-Kostelici.pdf\">8. RODITELJI TRENERI_ Nenadma\u0161ni zlatni Kosteli\u0107i<\/a><a href=\"https:\/\/aem.hr\/wp-content\/uploads\/2023\/12\/8.RODITELJI-TRENERI_-Nenadmasni-zlatni-Kostelici.pdf\" class=\"wp-block-file__button wp-element-button\" download aria-describedby=\"wp-block-file--media-cfdc719e-883d-4b18-a268-c6758b9659cb\">Preuzimanje<\/a><\/div>\n","protected":false},"excerpt":{"rendered":"","protected":false},"author":18,"featured_media":0,"parent":0,"menu_order":0,"comment_status":"closed","ping_status":"closed","template":"","meta":{"_acf_changed":false,"inline_featured_image":false,"advgb_blocks_editor_width":"","advgb_blocks_columns_visual_guide":"","_links_to":"","_links_to_type":0,"footnotes":""},"class_list":["post-18087","page","type-page","status-publish","hentry"],"acf":[],"yoast_head":"<!-- This site is optimized with the Yoast SEO plugin v25.7 - https:\/\/yoast.com\/wordpress\/plugins\/seo\/ -->\n<title>Tomislav Pa\u0161i\u010dek - Hrvatski fenomen: roditelji \u2013 treneri koji su stvarali velikane hrvatskog sporta - Agencija za elektroni\u010dke medije<\/title>\n<meta name=\"robots\" content=\"index, follow, max-snippet:-1, max-image-preview:large, max-video-preview:-1\" \/>\n<link rel=\"canonical\" href=\"https:\/\/aem.hr\/en\/tomislav-pasicek-hrvatski-fenomen-roditelji-treneri-koji-su-stvarali-velikane-hrvatskog-sporta\/\" \/>\n<meta property=\"og:locale\" content=\"en_US\" \/>\n<meta property=\"og:type\" content=\"article\" \/>\n<meta property=\"og:title\" content=\"Tomislav Pa\u0161i\u010dek - Hrvatski fenomen: roditelji \u2013 treneri koji su stvarali velikane hrvatskog sporta - Agencija za elektroni\u010dke medije\" \/>\n<meta property=\"og:url\" content=\"https:\/\/aem.hr\/en\/tomislav-pasicek-hrvatski-fenomen-roditelji-treneri-koji-su-stvarali-velikane-hrvatskog-sporta\/\" \/>\n<meta property=\"og:site_name\" content=\"Agencija za elektroni\u010dke medije\" \/>\n<meta name=\"twitter:card\" content=\"summary_large_image\" \/>\n<meta name=\"twitter:label1\" content=\"Est. reading time\" \/>\n\t<meta name=\"twitter:data1\" content=\"1 minute\" \/>\n<script type=\"application\/ld+json\" class=\"yoast-schema-graph\">{\"@context\":\"https:\/\/schema.org\",\"@graph\":[{\"@type\":\"WebPage\",\"@id\":\"https:\/\/aem.hr\/en\/tomislav-pasicek-hrvatski-fenomen-roditelji-treneri-koji-su-stvarali-velikane-hrvatskog-sporta\/\",\"url\":\"https:\/\/aem.hr\/en\/tomislav-pasicek-hrvatski-fenomen-roditelji-treneri-koji-su-stvarali-velikane-hrvatskog-sporta\/\",\"name\":\"Tomislav Pa\u0161i\u010dek - Hrvatski fenomen: roditelji \u2013 treneri koji su stvarali velikane hrvatskog sporta - Agencija za elektroni\u010dke medije\",\"isPartOf\":{\"@id\":\"https:\/\/aem.hr\/#website\"},\"datePublished\":\"2023-12-07T13:33:52+00:00\",\"breadcrumb\":{\"@id\":\"https:\/\/aem.hr\/en\/tomislav-pasicek-hrvatski-fenomen-roditelji-treneri-koji-su-stvarali-velikane-hrvatskog-sporta\/#breadcrumb\"},\"inLanguage\":\"en-US\",\"potentialAction\":[{\"@type\":\"ReadAction\",\"target\":[\"https:\/\/aem.hr\/en\/tomislav-pasicek-hrvatski-fenomen-roditelji-treneri-koji-su-stvarali-velikane-hrvatskog-sporta\/\"]}]},{\"@type\":\"BreadcrumbList\",\"@id\":\"https:\/\/aem.hr\/en\/tomislav-pasicek-hrvatski-fenomen-roditelji-treneri-koji-su-stvarali-velikane-hrvatskog-sporta\/#breadcrumb\",\"itemListElement\":[{\"@type\":\"ListItem\",\"position\":1,\"name\":\"Po\u010detna stranica\",\"item\":\"https:\/\/aem.hr\/\"},{\"@type\":\"ListItem\",\"position\":2,\"name\":\"Tomislav Pa\u0161i\u010dek &#8211; Hrvatski fenomen: roditelji \u2013 treneri koji su stvarali velikane hrvatskog sporta\"}]},{\"@type\":\"WebSite\",\"@id\":\"https:\/\/aem.hr\/#website\",\"url\":\"https:\/\/aem.hr\/\",\"name\":\"Agencija za elektroni\u010dke medije\",\"description\":\"\",\"potentialAction\":[{\"@type\":\"SearchAction\",\"target\":{\"@type\":\"EntryPoint\",\"urlTemplate\":\"https:\/\/aem.hr\/?s={search_term_string}\"},\"query-input\":{\"@type\":\"PropertyValueSpecification\",\"valueRequired\":true,\"valueName\":\"search_term_string\"}}],\"inLanguage\":\"en-US\"}]}<\/script>\n<!-- \/ Yoast SEO plugin. -->","yoast_head_json":{"title":"Tomislav Pa\u0161i\u010dek - Hrvatski fenomen: roditelji \u2013 treneri koji su stvarali velikane hrvatskog sporta - Agencija za elektroni\u010dke medije","robots":{"index":"index","follow":"follow","max-snippet":"max-snippet:-1","max-image-preview":"max-image-preview:large","max-video-preview":"max-video-preview:-1"},"canonical":"https:\/\/aem.hr\/en\/tomislav-pasicek-hrvatski-fenomen-roditelji-treneri-koji-su-stvarali-velikane-hrvatskog-sporta\/","og_locale":"en_US","og_type":"article","og_title":"Tomislav Pa\u0161i\u010dek - Hrvatski fenomen: roditelji \u2013 treneri koji su stvarali velikane hrvatskog sporta - Agencija za elektroni\u010dke medije","og_url":"https:\/\/aem.hr\/en\/tomislav-pasicek-hrvatski-fenomen-roditelji-treneri-koji-su-stvarali-velikane-hrvatskog-sporta\/","og_site_name":"Agencija za elektroni\u010dke medije","twitter_card":"summary_large_image","twitter_misc":{"Est. reading time":"1 minute"},"schema":{"@context":"https:\/\/schema.org","@graph":[{"@type":"WebPage","@id":"https:\/\/aem.hr\/en\/tomislav-pasicek-hrvatski-fenomen-roditelji-treneri-koji-su-stvarali-velikane-hrvatskog-sporta\/","url":"https:\/\/aem.hr\/en\/tomislav-pasicek-hrvatski-fenomen-roditelji-treneri-koji-su-stvarali-velikane-hrvatskog-sporta\/","name":"Tomislav Pa\u0161i\u010dek - Hrvatski fenomen: roditelji \u2013 treneri koji su stvarali velikane hrvatskog sporta - Agencija za elektroni\u010dke medije","isPartOf":{"@id":"https:\/\/aem.hr\/#website"},"datePublished":"2023-12-07T13:33:52+00:00","breadcrumb":{"@id":"https:\/\/aem.hr\/en\/tomislav-pasicek-hrvatski-fenomen-roditelji-treneri-koji-su-stvarali-velikane-hrvatskog-sporta\/#breadcrumb"},"inLanguage":"en-US","potentialAction":[{"@type":"ReadAction","target":["https:\/\/aem.hr\/en\/tomislav-pasicek-hrvatski-fenomen-roditelji-treneri-koji-su-stvarali-velikane-hrvatskog-sporta\/"]}]},{"@type":"BreadcrumbList","@id":"https:\/\/aem.hr\/en\/tomislav-pasicek-hrvatski-fenomen-roditelji-treneri-koji-su-stvarali-velikane-hrvatskog-sporta\/#breadcrumb","itemListElement":[{"@type":"ListItem","position":1,"name":"Po\u010detna stranica","item":"https:\/\/aem.hr\/"},{"@type":"ListItem","position":2,"name":"Tomislav Pa\u0161i\u010dek &#8211; Hrvatski fenomen: roditelji \u2013 treneri koji su stvarali velikane hrvatskog sporta"}]},{"@type":"WebSite","@id":"https:\/\/aem.hr\/#website","url":"https:\/\/aem.hr\/","name":"Agencija za elektroni\u010dke medije","description":"","potentialAction":[{"@type":"SearchAction","target":{"@type":"EntryPoint","urlTemplate":"https:\/\/aem.hr\/?s={search_term_string}"},"query-input":{"@type":"PropertyValueSpecification","valueRequired":true,"valueName":"search_term_string"}}],"inLanguage":"en-US"}]}},"coauthors":[],"author_meta":{"author_link":"https:\/\/aem.hr\/en\/blog\/author\/mkirac\/","display_name":"Matko Kirac"},"relative_dates":{"created":"Posted 2 years ago","modified":"Updated 2 years ago"},"absolute_dates":{"created":"Posted on 7. December 2023.","modified":"Updated on 7. December 2023."},"absolute_dates_time":{"created":"Posted on 7. December 2023. 14:33","modified":"Updated on 7. December 2023. 14:33"},"featured_img_caption":"","featured_img":false,"series_order":"","_links":{"self":[{"href":"https:\/\/aem.hr\/en\/wp-json\/wp\/v2\/pages\/18087","targetHints":{"allow":["GET"]}}],"collection":[{"href":"https:\/\/aem.hr\/en\/wp-json\/wp\/v2\/pages"}],"about":[{"href":"https:\/\/aem.hr\/en\/wp-json\/wp\/v2\/types\/page"}],"author":[{"embeddable":true,"href":"https:\/\/aem.hr\/en\/wp-json\/wp\/v2\/users\/18"}],"replies":[{"embeddable":true,"href":"https:\/\/aem.hr\/en\/wp-json\/wp\/v2\/comments?post=18087"}],"version-history":[{"count":1,"href":"https:\/\/aem.hr\/en\/wp-json\/wp\/v2\/pages\/18087\/revisions"}],"predecessor-version":[{"id":18104,"href":"https:\/\/aem.hr\/en\/wp-json\/wp\/v2\/pages\/18087\/revisions\/18104"}],"wp:attachment":[{"href":"https:\/\/aem.hr\/en\/wp-json\/wp\/v2\/media?parent=18087"}],"curies":[{"name":"wp","href":"https:\/\/api.w.org\/{rel}","templated":true}]}}