{"id":18109,"date":"2023-12-08T12:26:46","date_gmt":"2023-12-08T11:26:46","guid":{"rendered":"http:\/\/aem.hr\/?page_id=18109"},"modified":"2023-12-08T12:26:47","modified_gmt":"2023-12-08T11:26:47","slug":"smjiljanka-skugor-hrncevic-deklaracija-o-hrvatskom-prostoru-vapaj-za-ocuvanjem-nacionalnog-blaga","status":"publish","type":"page","link":"https:\/\/aem.hr\/en\/smjiljanka-skugor-hrncevic-deklaracija-o-hrvatskom-prostoru-vapaj-za-ocuvanjem-nacionalnog-blaga\/","title":{"rendered":"Smjiljanka \u0160kugor &#8211; Hrn\u010devi\u0107 &#8211; Deklaracija o hrvatskom prostoru-vapaj za o\u010duvanjem nacionalnog blaga"},"content":{"rendered":"\n<div class=\"wp-block-file\"><a id=\"wp-block-file--media-f32d2b69-befb-412b-be91-420615de87cb\" href=\"https:\/\/aem.hr\/wp-content\/uploads\/2023\/12\/1.-Vapaj-za-ocuvanjem-nacionalnog-blaga.pdf\">1. Vapaj za o\u010duvanjem nacionalnog blaga<\/a><a href=\"https:\/\/aem.hr\/wp-content\/uploads\/2023\/12\/1.-Vapaj-za-ocuvanjem-nacionalnog-blaga.pdf\" class=\"wp-block-file__button wp-element-button\" download aria-describedby=\"wp-block-file--media-f32d2b69-befb-412b-be91-420615de87cb\">Preuzimanje<\/a><\/div>\n\n\n\n<div class=\"wp-block-file\"><a id=\"wp-block-file--media-1d5ba9f2-fac7-47b1-8e1d-8f53691686b3\" href=\"https:\/\/aem.hr\/wp-content\/uploads\/2023\/12\/2.-U-politikama-je-ocito.pdf\">2. U politikama je o\u010dito<\/a><a href=\"https:\/\/aem.hr\/wp-content\/uploads\/2023\/12\/2.-U-politikama-je-ocito.pdf\" class=\"wp-block-file__button wp-element-button\" download aria-describedby=\"wp-block-file--media-1d5ba9f2-fac7-47b1-8e1d-8f53691686b3\">Preuzimanje<\/a><\/div>\n\n\n\n<div class=\"wp-block-file\"><a id=\"wp-block-file--media-96a9f9d4-2f9e-490e-8d9f-82e2a5555742\" href=\"https:\/\/aem.hr\/wp-content\/uploads\/2023\/12\/3.-ApolitikA.pdf\">3. ApolitikA<\/a><a href=\"https:\/\/aem.hr\/wp-content\/uploads\/2023\/12\/3.-ApolitikA.pdf\" class=\"wp-block-file__button wp-element-button\" download aria-describedby=\"wp-block-file--media-96a9f9d4-2f9e-490e-8d9f-82e2a5555742\">Preuzimanje<\/a><\/div>\n\n\n\n<div class=\"wp-block-file\"><a id=\"wp-block-file--media-8b93d2c2-7884-454b-af91-5bb096fec176\" href=\"https:\/\/aem.hr\/wp-content\/uploads\/2023\/12\/4.-Hrvatski-prostor-nuzno-je-obraniti.pdf\">4. Hrvatski prostor nu\u017eno je obraniti<\/a><a href=\"https:\/\/aem.hr\/wp-content\/uploads\/2023\/12\/4.-Hrvatski-prostor-nuzno-je-obraniti.pdf\" class=\"wp-block-file__button wp-element-button\" download aria-describedby=\"wp-block-file--media-8b93d2c2-7884-454b-af91-5bb096fec176\">Preuzimanje<\/a><\/div>\n\n\n\n<div class=\"wp-block-file\"><a id=\"wp-block-file--media-431c7ab3-8b5e-423c-b341-7fca73ba1925\" href=\"https:\/\/aem.hr\/wp-content\/uploads\/2023\/12\/5.-Moze-li-novi-zakon-o-turizmu.pdf\">5. Mo\u017ee li novi zakon o turizmu<\/a><a href=\"https:\/\/aem.hr\/wp-content\/uploads\/2023\/12\/5.-Moze-li-novi-zakon-o-turizmu.pdf\" class=\"wp-block-file__button wp-element-button\" download aria-describedby=\"wp-block-file--media-431c7ab3-8b5e-423c-b341-7fca73ba1925\">Preuzimanje<\/a><\/div>\n\n\n\n<div class=\"wp-block-file\"><a id=\"wp-block-file--media-004e6822-236b-44e2-a364-ed9fcbc8b16e\" href=\"https:\/\/aem.hr\/wp-content\/uploads\/2023\/12\/6.-Dobar-dio-bespravne.pdf\">6. Dobar dio bespravne<\/a><a href=\"https:\/\/aem.hr\/wp-content\/uploads\/2023\/12\/6.-Dobar-dio-bespravne.pdf\" class=\"wp-block-file__button wp-element-button\" download aria-describedby=\"wp-block-file--media-004e6822-236b-44e2-a364-ed9fcbc8b16e\">Preuzimanje<\/a><\/div>\n\n\n\n<div class=\"wp-block-file\"><a id=\"wp-block-file--media-5e27752d-0cf0-4430-b8c2-991740b38ea2\" href=\"https:\/\/aem.hr\/wp-content\/uploads\/2023\/12\/7.-Buttignoni_-Treba-dati-jasan-znak.pdf\">7. Buttignoni_ Treba dati jasan znak<\/a><a href=\"https:\/\/aem.hr\/wp-content\/uploads\/2023\/12\/7.-Buttignoni_-Treba-dati-jasan-znak.pdf\" class=\"wp-block-file__button wp-element-button\" download aria-describedby=\"wp-block-file--media-5e27752d-0cf0-4430-b8c2-991740b38ea2\">Preuzimanje<\/a><\/div>\n\n\n\n<div class=\"wp-block-file\"><a id=\"wp-block-file--media-271325c1-b470-40b8-86d3-6308f9001d79\" href=\"https:\/\/aem.hr\/wp-content\/uploads\/2023\/12\/8.-Nuzno-je-utvrditi-prioritetne-mjere.pdf\">8. Nu\u017eno je utvrditi prioritetne mjere<\/a><a href=\"https:\/\/aem.hr\/wp-content\/uploads\/2023\/12\/8.-Nuzno-je-utvrditi-prioritetne-mjere.pdf\" class=\"wp-block-file__button wp-element-button\" download aria-describedby=\"wp-block-file--media-271325c1-b470-40b8-86d3-6308f9001d79\">Preuzimanje<\/a><\/div>\n\n\n\n<div class=\"wp-block-file\"><a id=\"wp-block-file--media-ab9585ee-101d-4793-9467-94293fe6f6d1\" href=\"https:\/\/aem.hr\/wp-content\/uploads\/2023\/12\/9.-Akademik-Andrija-Mutnjakovic.pdf\">9. Akademik Andrija Mutnjakovi\u0107<\/a><a href=\"https:\/\/aem.hr\/wp-content\/uploads\/2023\/12\/9.-Akademik-Andrija-Mutnjakovic.pdf\" class=\"wp-block-file__button wp-element-button\" download aria-describedby=\"wp-block-file--media-ab9585ee-101d-4793-9467-94293fe6f6d1\">Preuzimanje<\/a><\/div>\n\n\n\n<div class=\"wp-block-file\"><a id=\"wp-block-file--media-2a98b952-faad-43f7-b624-1148816395ef\" href=\"https:\/\/aem.hr\/wp-content\/uploads\/2023\/12\/10.-Bude-li-nedavna-uhicenja-bespravnih-graditelja.pdf\">10. Bude li nedavna uhi\u0107enja bespravnih graditelja<\/a><a href=\"https:\/\/aem.hr\/wp-content\/uploads\/2023\/12\/10.-Bude-li-nedavna-uhicenja-bespravnih-graditelja.pdf\" class=\"wp-block-file__button wp-element-button\" download aria-describedby=\"wp-block-file--media-2a98b952-faad-43f7-b624-1148816395ef\">Preuzimanje<\/a><\/div>\n","protected":false},"excerpt":{"rendered":"","protected":false},"author":18,"featured_media":0,"parent":0,"menu_order":0,"comment_status":"closed","ping_status":"closed","template":"","meta":{"_acf_changed":false,"inline_featured_image":false,"advgb_blocks_editor_width":"","advgb_blocks_columns_visual_guide":"","_links_to":"","_links_to_type":0,"footnotes":""},"class_list":["post-18109","page","type-page","status-publish","hentry"],"acf":[],"yoast_head":"<!-- This site is optimized with the Yoast SEO plugin v25.7 - https:\/\/yoast.com\/wordpress\/plugins\/seo\/ -->\n<title>Smjiljanka \u0160kugor - Hrn\u010devi\u0107 - Deklaracija o hrvatskom prostoru-vapaj za o\u010duvanjem nacionalnog blaga - Agencija za elektroni\u010dke medije<\/title>\n<meta name=\"robots\" content=\"index, follow, max-snippet:-1, max-image-preview:large, max-video-preview:-1\" \/>\n<link rel=\"canonical\" href=\"https:\/\/aem.hr\/smjiljanka-skugor-hrncevic-deklaracija-o-hrvatskom-prostoru-vapaj-za-ocuvanjem-nacionalnog-blaga\/\" \/>\n<meta property=\"og:locale\" content=\"en_US\" \/>\n<meta property=\"og:type\" content=\"article\" \/>\n<meta property=\"og:title\" content=\"Smjiljanka \u0160kugor - Hrn\u010devi\u0107 - Deklaracija o hrvatskom prostoru-vapaj za o\u010duvanjem nacionalnog blaga - Agencija za elektroni\u010dke medije\" \/>\n<meta property=\"og:url\" content=\"https:\/\/aem.hr\/smjiljanka-skugor-hrncevic-deklaracija-o-hrvatskom-prostoru-vapaj-za-ocuvanjem-nacionalnog-blaga\/\" \/>\n<meta property=\"og:site_name\" content=\"Agencija za elektroni\u010dke medije\" \/>\n<meta property=\"article:modified_time\" content=\"2023-12-08T11:26:47+00:00\" \/>\n<meta name=\"twitter:card\" content=\"summary_large_image\" \/>\n<meta name=\"twitter:label1\" content=\"Est. reading time\" \/>\n\t<meta name=\"twitter:data1\" content=\"1 minute\" \/>\n<script type=\"application\/ld+json\" class=\"yoast-schema-graph\">{\"@context\":\"https:\/\/schema.org\",\"@graph\":[{\"@type\":\"WebPage\",\"@id\":\"https:\/\/aem.hr\/smjiljanka-skugor-hrncevic-deklaracija-o-hrvatskom-prostoru-vapaj-za-ocuvanjem-nacionalnog-blaga\/\",\"url\":\"https:\/\/aem.hr\/smjiljanka-skugor-hrncevic-deklaracija-o-hrvatskom-prostoru-vapaj-za-ocuvanjem-nacionalnog-blaga\/\",\"name\":\"Smjiljanka \u0160kugor - Hrn\u010devi\u0107 - Deklaracija o hrvatskom prostoru-vapaj za o\u010duvanjem nacionalnog blaga - Agencija za elektroni\u010dke medije\",\"isPartOf\":{\"@id\":\"https:\/\/aem.hr\/#website\"},\"datePublished\":\"2023-12-08T11:26:46+00:00\",\"dateModified\":\"2023-12-08T11:26:47+00:00\",\"breadcrumb\":{\"@id\":\"https:\/\/aem.hr\/smjiljanka-skugor-hrncevic-deklaracija-o-hrvatskom-prostoru-vapaj-za-ocuvanjem-nacionalnog-blaga\/#breadcrumb\"},\"inLanguage\":\"en-US\",\"potentialAction\":[{\"@type\":\"ReadAction\",\"target\":[\"https:\/\/aem.hr\/smjiljanka-skugor-hrncevic-deklaracija-o-hrvatskom-prostoru-vapaj-za-ocuvanjem-nacionalnog-blaga\/\"]}]},{\"@type\":\"BreadcrumbList\",\"@id\":\"https:\/\/aem.hr\/smjiljanka-skugor-hrncevic-deklaracija-o-hrvatskom-prostoru-vapaj-za-ocuvanjem-nacionalnog-blaga\/#breadcrumb\",\"itemListElement\":[{\"@type\":\"ListItem\",\"position\":1,\"name\":\"Po\u010detna stranica\",\"item\":\"https:\/\/aem.hr\/\"},{\"@type\":\"ListItem\",\"position\":2,\"name\":\"Smjiljanka \u0160kugor &#8211; Hrn\u010devi\u0107 &#8211; Deklaracija o hrvatskom prostoru-vapaj za o\u010duvanjem nacionalnog blaga\"}]},{\"@type\":\"WebSite\",\"@id\":\"https:\/\/aem.hr\/#website\",\"url\":\"https:\/\/aem.hr\/\",\"name\":\"Agencija za elektroni\u010dke medije\",\"description\":\"\",\"potentialAction\":[{\"@type\":\"SearchAction\",\"target\":{\"@type\":\"EntryPoint\",\"urlTemplate\":\"https:\/\/aem.hr\/?s={search_term_string}\"},\"query-input\":{\"@type\":\"PropertyValueSpecification\",\"valueRequired\":true,\"valueName\":\"search_term_string\"}}],\"inLanguage\":\"en-US\"}]}<\/script>\n<!-- \/ Yoast SEO plugin. -->","yoast_head_json":{"title":"Smjiljanka \u0160kugor - Hrn\u010devi\u0107 - Deklaracija o hrvatskom prostoru-vapaj za o\u010duvanjem nacionalnog blaga - Agencija za elektroni\u010dke medije","robots":{"index":"index","follow":"follow","max-snippet":"max-snippet:-1","max-image-preview":"max-image-preview:large","max-video-preview":"max-video-preview:-1"},"canonical":"https:\/\/aem.hr\/smjiljanka-skugor-hrncevic-deklaracija-o-hrvatskom-prostoru-vapaj-za-ocuvanjem-nacionalnog-blaga\/","og_locale":"en_US","og_type":"article","og_title":"Smjiljanka \u0160kugor - Hrn\u010devi\u0107 - Deklaracija o hrvatskom prostoru-vapaj za o\u010duvanjem nacionalnog blaga - Agencija za elektroni\u010dke medije","og_url":"https:\/\/aem.hr\/smjiljanka-skugor-hrncevic-deklaracija-o-hrvatskom-prostoru-vapaj-za-ocuvanjem-nacionalnog-blaga\/","og_site_name":"Agencija za elektroni\u010dke medije","article_modified_time":"2023-12-08T11:26:47+00:00","twitter_card":"summary_large_image","twitter_misc":{"Est. reading time":"1 minute"},"schema":{"@context":"https:\/\/schema.org","@graph":[{"@type":"WebPage","@id":"https:\/\/aem.hr\/smjiljanka-skugor-hrncevic-deklaracija-o-hrvatskom-prostoru-vapaj-za-ocuvanjem-nacionalnog-blaga\/","url":"https:\/\/aem.hr\/smjiljanka-skugor-hrncevic-deklaracija-o-hrvatskom-prostoru-vapaj-za-ocuvanjem-nacionalnog-blaga\/","name":"Smjiljanka \u0160kugor - Hrn\u010devi\u0107 - Deklaracija o hrvatskom prostoru-vapaj za o\u010duvanjem nacionalnog blaga - Agencija za elektroni\u010dke medije","isPartOf":{"@id":"https:\/\/aem.hr\/#website"},"datePublished":"2023-12-08T11:26:46+00:00","dateModified":"2023-12-08T11:26:47+00:00","breadcrumb":{"@id":"https:\/\/aem.hr\/smjiljanka-skugor-hrncevic-deklaracija-o-hrvatskom-prostoru-vapaj-za-ocuvanjem-nacionalnog-blaga\/#breadcrumb"},"inLanguage":"en-US","potentialAction":[{"@type":"ReadAction","target":["https:\/\/aem.hr\/smjiljanka-skugor-hrncevic-deklaracija-o-hrvatskom-prostoru-vapaj-za-ocuvanjem-nacionalnog-blaga\/"]}]},{"@type":"BreadcrumbList","@id":"https:\/\/aem.hr\/smjiljanka-skugor-hrncevic-deklaracija-o-hrvatskom-prostoru-vapaj-za-ocuvanjem-nacionalnog-blaga\/#breadcrumb","itemListElement":[{"@type":"ListItem","position":1,"name":"Po\u010detna stranica","item":"https:\/\/aem.hr\/"},{"@type":"ListItem","position":2,"name":"Smjiljanka \u0160kugor &#8211; Hrn\u010devi\u0107 &#8211; Deklaracija o hrvatskom prostoru-vapaj za o\u010duvanjem nacionalnog blaga"}]},{"@type":"WebSite","@id":"https:\/\/aem.hr\/#website","url":"https:\/\/aem.hr\/","name":"Agencija za elektroni\u010dke medije","description":"","potentialAction":[{"@type":"SearchAction","target":{"@type":"EntryPoint","urlTemplate":"https:\/\/aem.hr\/?s={search_term_string}"},"query-input":{"@type":"PropertyValueSpecification","valueRequired":true,"valueName":"search_term_string"}}],"inLanguage":"en-US"}]}},"coauthors":[],"author_meta":{"author_link":"https:\/\/aem.hr\/en\/blog\/author\/mkirac\/","display_name":"Matko Kirac"},"relative_dates":{"created":"Posted 2 years ago","modified":"Updated 2 years ago"},"absolute_dates":{"created":"Posted on 8. December 2023.","modified":"Updated on 8. December 2023."},"absolute_dates_time":{"created":"Posted on 8. December 2023. 12:26","modified":"Updated on 8. December 2023. 12:26"},"featured_img_caption":"","featured_img":false,"series_order":"","_links":{"self":[{"href":"https:\/\/aem.hr\/en\/wp-json\/wp\/v2\/pages\/18109","targetHints":{"allow":["GET"]}}],"collection":[{"href":"https:\/\/aem.hr\/en\/wp-json\/wp\/v2\/pages"}],"about":[{"href":"https:\/\/aem.hr\/en\/wp-json\/wp\/v2\/types\/page"}],"author":[{"embeddable":true,"href":"https:\/\/aem.hr\/en\/wp-json\/wp\/v2\/users\/18"}],"replies":[{"embeddable":true,"href":"https:\/\/aem.hr\/en\/wp-json\/wp\/v2\/comments?post=18109"}],"version-history":[{"count":1,"href":"https:\/\/aem.hr\/en\/wp-json\/wp\/v2\/pages\/18109\/revisions"}],"predecessor-version":[{"id":18130,"href":"https:\/\/aem.hr\/en\/wp-json\/wp\/v2\/pages\/18109\/revisions\/18130"}],"wp:attachment":[{"href":"https:\/\/aem.hr\/en\/wp-json\/wp\/v2\/media?parent=18109"}],"curies":[{"name":"wp","href":"https:\/\/api.w.org\/{rel}","templated":true}]}}