{"id":18149,"date":"2023-12-08T13:10:00","date_gmt":"2023-12-08T12:10:00","guid":{"rendered":"http:\/\/aem.hr\/?page_id=18149"},"modified":"2023-12-08T13:10:00","modified_gmt":"2023-12-08T12:10:00","slug":"robert-valdec-kesnofobija-u-hrvata-stvarnost-ili-mit","status":"publish","type":"page","link":"https:\/\/aem.hr\/en\/robert-valdec-kesnofobija-u-hrvata-stvarnost-ili-mit\/","title":{"rendered":"Robert Valdec &#8211; Kesnofobija u Hrvata &#8211; stvarnost ili mit?"},"content":{"rendered":"\n<div class=\"wp-block-file\"><a id=\"wp-block-file--media-69115cfb-c945-4814-8c72-09e68aef9fdd\" href=\"https:\/\/aem.hr\/wp-content\/uploads\/2023\/12\/1.-Valdec-istrazuje-koliko-mrzimo-strance.pdf\">1. Valdec istra\u017euje koliko mrzimo strance<\/a><a href=\"https:\/\/aem.hr\/wp-content\/uploads\/2023\/12\/1.-Valdec-istrazuje-koliko-mrzimo-strance.pdf\" class=\"wp-block-file__button wp-element-button\" download aria-describedby=\"wp-block-file--media-69115cfb-c945-4814-8c72-09e68aef9fdd\">Preuzimanje<\/a><\/div>\n\n\n\n<div class=\"wp-block-file\"><a id=\"wp-block-file--media-449b9f49-5487-4077-bcfb-ece5166a4752\" href=\"https:\/\/aem.hr\/wp-content\/uploads\/2023\/12\/2.-Ubili-zenu-pred-Valdecovim-ocima.pdf\">2. Ubili \u017eenu pred Valdecovim o\u010dima<\/a><a href=\"https:\/\/aem.hr\/wp-content\/uploads\/2023\/12\/2.-Ubili-zenu-pred-Valdecovim-ocima.pdf\" class=\"wp-block-file__button wp-element-button\" download aria-describedby=\"wp-block-file--media-449b9f49-5487-4077-bcfb-ece5166a4752\">Preuzimanje<\/a><\/div>\n\n\n\n<div class=\"wp-block-file\"><a id=\"wp-block-file--media-6e97c945-a4e8-46d8-a2f3-a02427e3cf4c\" href=\"https:\/\/aem.hr\/wp-content\/uploads\/2023\/12\/3.-Razgolicuje-vlastito-podrijetlo.pdf\">3. Razgoli\u0107uje vlastito podrijetlo<\/a><a href=\"https:\/\/aem.hr\/wp-content\/uploads\/2023\/12\/3.-Razgolicuje-vlastito-podrijetlo.pdf\" class=\"wp-block-file__button wp-element-button\" download aria-describedby=\"wp-block-file--media-6e97c945-a4e8-46d8-a2f3-a02427e3cf4c\">Preuzimanje<\/a><\/div>\n\n\n\n<div class=\"wp-block-file\"><a id=\"wp-block-file--media-2e06f6ce-5a14-4156-84b5-1f87b81e3f07\" href=\"https:\/\/aem.hr\/wp-content\/uploads\/2023\/12\/4.-Valdec-proveo-besane-noci-citajuci-sto-migranti.pdf\">4. Valdec proveo besane no\u0107i \u010ditaju\u0107i \u0161to migranti<\/a><a href=\"https:\/\/aem.hr\/wp-content\/uploads\/2023\/12\/4.-Valdec-proveo-besane-noci-citajuci-sto-migranti.pdf\" class=\"wp-block-file__button wp-element-button\" download aria-describedby=\"wp-block-file--media-2e06f6ce-5a14-4156-84b5-1f87b81e3f07\">Preuzimanje<\/a><\/div>\n\n\n\n<div class=\"wp-block-file\"><a id=\"wp-block-file--media-1fcb9f18-3b5d-4c2b-a2a7-a7090b810f77\" href=\"https:\/\/aem.hr\/wp-content\/uploads\/2023\/12\/5.-Hrvat-otkrio-Valdecu-gorku-istinu.pdf\">5. Hrvat otkrio Valdecu gorku istinu<\/a><a href=\"https:\/\/aem.hr\/wp-content\/uploads\/2023\/12\/5.-Hrvat-otkrio-Valdecu-gorku-istinu.pdf\" class=\"wp-block-file__button wp-element-button\" download aria-describedby=\"wp-block-file--media-1fcb9f18-3b5d-4c2b-a2a7-a7090b810f77\">Preuzimanje<\/a><\/div>\n\n\n\n<div class=\"wp-block-file\"><a id=\"wp-block-file--media-f8c7886d-7c6c-4991-9d7a-acf7f88906be\" href=\"https:\/\/aem.hr\/wp-content\/uploads\/2023\/12\/6.-Valdecu-je-dosta-blacenja-Hrvata.pdf\">6. Valdecu je dosta bla\u0107enja Hrvata<\/a><a href=\"https:\/\/aem.hr\/wp-content\/uploads\/2023\/12\/6.-Valdecu-je-dosta-blacenja-Hrvata.pdf\" class=\"wp-block-file__button wp-element-button\" download aria-describedby=\"wp-block-file--media-f8c7886d-7c6c-4991-9d7a-acf7f88906be\">Preuzimanje<\/a><\/div>\n","protected":false},"excerpt":{"rendered":"","protected":false},"author":18,"featured_media":0,"parent":0,"menu_order":0,"comment_status":"closed","ping_status":"closed","template":"","meta":{"_acf_changed":false,"inline_featured_image":false,"advgb_blocks_editor_width":"","advgb_blocks_columns_visual_guide":"","_links_to":"","_links_to_type":0,"footnotes":""},"class_list":["post-18149","page","type-page","status-publish","hentry"],"acf":[],"yoast_head":"<!-- This site is optimized with the Yoast SEO plugin v25.7 - https:\/\/yoast.com\/wordpress\/plugins\/seo\/ -->\n<title>Robert Valdec - Kesnofobija u Hrvata - stvarnost ili mit? - Agencija za elektroni\u010dke medije<\/title>\n<meta name=\"robots\" content=\"index, follow, max-snippet:-1, max-image-preview:large, max-video-preview:-1\" \/>\n<link rel=\"canonical\" href=\"https:\/\/aem.hr\/robert-valdec-kesnofobija-u-hrvata-stvarnost-ili-mit\/\" \/>\n<meta property=\"og:locale\" content=\"en_US\" \/>\n<meta property=\"og:type\" content=\"article\" \/>\n<meta property=\"og:title\" content=\"Robert Valdec - Kesnofobija u Hrvata - stvarnost ili mit? - Agencija za elektroni\u010dke medije\" \/>\n<meta property=\"og:url\" content=\"https:\/\/aem.hr\/robert-valdec-kesnofobija-u-hrvata-stvarnost-ili-mit\/\" \/>\n<meta property=\"og:site_name\" content=\"Agencija za elektroni\u010dke medije\" \/>\n<meta name=\"twitter:card\" content=\"summary_large_image\" \/>\n<meta name=\"twitter:label1\" content=\"Est. reading time\" \/>\n\t<meta name=\"twitter:data1\" content=\"1 minute\" \/>\n<script type=\"application\/ld+json\" class=\"yoast-schema-graph\">{\"@context\":\"https:\/\/schema.org\",\"@graph\":[{\"@type\":\"WebPage\",\"@id\":\"https:\/\/aem.hr\/robert-valdec-kesnofobija-u-hrvata-stvarnost-ili-mit\/\",\"url\":\"https:\/\/aem.hr\/robert-valdec-kesnofobija-u-hrvata-stvarnost-ili-mit\/\",\"name\":\"Robert Valdec - Kesnofobija u Hrvata - stvarnost ili mit? - Agencija za elektroni\u010dke medije\",\"isPartOf\":{\"@id\":\"https:\/\/aem.hr\/#website\"},\"datePublished\":\"2023-12-08T12:10:00+00:00\",\"breadcrumb\":{\"@id\":\"https:\/\/aem.hr\/robert-valdec-kesnofobija-u-hrvata-stvarnost-ili-mit\/#breadcrumb\"},\"inLanguage\":\"en-US\",\"potentialAction\":[{\"@type\":\"ReadAction\",\"target\":[\"https:\/\/aem.hr\/robert-valdec-kesnofobija-u-hrvata-stvarnost-ili-mit\/\"]}]},{\"@type\":\"BreadcrumbList\",\"@id\":\"https:\/\/aem.hr\/robert-valdec-kesnofobija-u-hrvata-stvarnost-ili-mit\/#breadcrumb\",\"itemListElement\":[{\"@type\":\"ListItem\",\"position\":1,\"name\":\"Po\u010detna stranica\",\"item\":\"https:\/\/aem.hr\/\"},{\"@type\":\"ListItem\",\"position\":2,\"name\":\"Robert Valdec &#8211; Kesnofobija u Hrvata &#8211; stvarnost ili mit?\"}]},{\"@type\":\"WebSite\",\"@id\":\"https:\/\/aem.hr\/#website\",\"url\":\"https:\/\/aem.hr\/\",\"name\":\"Agencija za elektroni\u010dke medije\",\"description\":\"\",\"potentialAction\":[{\"@type\":\"SearchAction\",\"target\":{\"@type\":\"EntryPoint\",\"urlTemplate\":\"https:\/\/aem.hr\/?s={search_term_string}\"},\"query-input\":{\"@type\":\"PropertyValueSpecification\",\"valueRequired\":true,\"valueName\":\"search_term_string\"}}],\"inLanguage\":\"en-US\"}]}<\/script>\n<!-- \/ Yoast SEO plugin. -->","yoast_head_json":{"title":"Robert Valdec - Kesnofobija u Hrvata - stvarnost ili mit? - Agencija za elektroni\u010dke medije","robots":{"index":"index","follow":"follow","max-snippet":"max-snippet:-1","max-image-preview":"max-image-preview:large","max-video-preview":"max-video-preview:-1"},"canonical":"https:\/\/aem.hr\/robert-valdec-kesnofobija-u-hrvata-stvarnost-ili-mit\/","og_locale":"en_US","og_type":"article","og_title":"Robert Valdec - Kesnofobija u Hrvata - stvarnost ili mit? - Agencija za elektroni\u010dke medije","og_url":"https:\/\/aem.hr\/robert-valdec-kesnofobija-u-hrvata-stvarnost-ili-mit\/","og_site_name":"Agencija za elektroni\u010dke medije","twitter_card":"summary_large_image","twitter_misc":{"Est. reading time":"1 minute"},"schema":{"@context":"https:\/\/schema.org","@graph":[{"@type":"WebPage","@id":"https:\/\/aem.hr\/robert-valdec-kesnofobija-u-hrvata-stvarnost-ili-mit\/","url":"https:\/\/aem.hr\/robert-valdec-kesnofobija-u-hrvata-stvarnost-ili-mit\/","name":"Robert Valdec - Kesnofobija u Hrvata - stvarnost ili mit? - Agencija za elektroni\u010dke medije","isPartOf":{"@id":"https:\/\/aem.hr\/#website"},"datePublished":"2023-12-08T12:10:00+00:00","breadcrumb":{"@id":"https:\/\/aem.hr\/robert-valdec-kesnofobija-u-hrvata-stvarnost-ili-mit\/#breadcrumb"},"inLanguage":"en-US","potentialAction":[{"@type":"ReadAction","target":["https:\/\/aem.hr\/robert-valdec-kesnofobija-u-hrvata-stvarnost-ili-mit\/"]}]},{"@type":"BreadcrumbList","@id":"https:\/\/aem.hr\/robert-valdec-kesnofobija-u-hrvata-stvarnost-ili-mit\/#breadcrumb","itemListElement":[{"@type":"ListItem","position":1,"name":"Po\u010detna stranica","item":"https:\/\/aem.hr\/"},{"@type":"ListItem","position":2,"name":"Robert Valdec &#8211; Kesnofobija u Hrvata &#8211; stvarnost ili mit?"}]},{"@type":"WebSite","@id":"https:\/\/aem.hr\/#website","url":"https:\/\/aem.hr\/","name":"Agencija za elektroni\u010dke medije","description":"","potentialAction":[{"@type":"SearchAction","target":{"@type":"EntryPoint","urlTemplate":"https:\/\/aem.hr\/?s={search_term_string}"},"query-input":{"@type":"PropertyValueSpecification","valueRequired":true,"valueName":"search_term_string"}}],"inLanguage":"en-US"}]}},"coauthors":[],"author_meta":{"author_link":"https:\/\/aem.hr\/en\/blog\/author\/mkirac\/","display_name":"Matko Kirac"},"relative_dates":{"created":"Posted 2 years ago","modified":"Updated 2 years ago"},"absolute_dates":{"created":"Posted on 8. December 2023.","modified":"Updated on 8. December 2023."},"absolute_dates_time":{"created":"Posted on 8. December 2023. 13:10","modified":"Updated on 8. December 2023. 13:10"},"featured_img_caption":"","featured_img":false,"series_order":"","_links":{"self":[{"href":"https:\/\/aem.hr\/en\/wp-json\/wp\/v2\/pages\/18149","targetHints":{"allow":["GET"]}}],"collection":[{"href":"https:\/\/aem.hr\/en\/wp-json\/wp\/v2\/pages"}],"about":[{"href":"https:\/\/aem.hr\/en\/wp-json\/wp\/v2\/types\/page"}],"author":[{"embeddable":true,"href":"https:\/\/aem.hr\/en\/wp-json\/wp\/v2\/users\/18"}],"replies":[{"embeddable":true,"href":"https:\/\/aem.hr\/en\/wp-json\/wp\/v2\/comments?post=18149"}],"version-history":[{"count":1,"href":"https:\/\/aem.hr\/en\/wp-json\/wp\/v2\/pages\/18149\/revisions"}],"predecessor-version":[{"id":18163,"href":"https:\/\/aem.hr\/en\/wp-json\/wp\/v2\/pages\/18149\/revisions\/18163"}],"wp:attachment":[{"href":"https:\/\/aem.hr\/en\/wp-json\/wp\/v2\/media?parent=18149"}],"curies":[{"name":"wp","href":"https:\/\/api.w.org\/{rel}","templated":true}]}}