{"id":18639,"date":"2025-01-08T15:13:48","date_gmt":"2025-01-08T14:13:48","guid":{"rendered":"http:\/\/aem.hr\/?page_id=18639"},"modified":"2025-01-08T15:13:49","modified_gmt":"2025-01-08T14:13:49","slug":"natasa-gajski-kovacic-zene-u-opasnim-zanimanjima","status":"publish","type":"page","link":"https:\/\/aem.hr\/en\/natasa-gajski-kovacic-zene-u-opasnim-zanimanjima\/","title":{"rendered":"Nata\u0161a Gajski Kova\u010di\u0107 &#8211; \u017dene u opasnim zanimanjima"},"content":{"rendered":"\n<div class=\"wp-block-file\"><a id=\"wp-block-file--media-5e17f76d-190b-48a1-8ce8-27ececed2a39\" href=\"https:\/\/aem.hr\/wp-content\/uploads\/2025\/01\/1.-Kada-pomislite-na-vatrogasca.pdf\">1. Kada pomislite na vatrogasca<\/a><a href=\"https:\/\/aem.hr\/wp-content\/uploads\/2025\/01\/1.-Kada-pomislite-na-vatrogasca.pdf\" class=\"wp-block-file__button wp-element-button\" download aria-describedby=\"wp-block-file--media-5e17f76d-190b-48a1-8ce8-27ececed2a39\">Preuzimanje<\/a><\/div>\n\n\n\n<div class=\"wp-block-file\"><a id=\"wp-block-file--media-a55e167e-cf22-4b99-bdfe-00421eed72dd\" href=\"https:\/\/aem.hr\/wp-content\/uploads\/2025\/01\/2.-Kad-ti-zanimanje-postane-zivotni-poziv.pdf\">2. Kad ti zanimanje postane \u017eivotni poziv<\/a><a href=\"https:\/\/aem.hr\/wp-content\/uploads\/2025\/01\/2.-Kad-ti-zanimanje-postane-zivotni-poziv.pdf\" class=\"wp-block-file__button wp-element-button\" download aria-describedby=\"wp-block-file--media-a55e167e-cf22-4b99-bdfe-00421eed72dd\">Preuzimanje<\/a><\/div>\n\n\n\n<div class=\"wp-block-file\"><a id=\"wp-block-file--media-22306736-dcff-47bc-b661-10c5eec67a36\" href=\"https:\/\/aem.hr\/wp-content\/uploads\/2025\/01\/3.-luzba-nije-druzba-no-u-HGSS-u.pdf\">3. lu\u017eba nije dru\u017eba, no u HGSS-u<\/a><a href=\"https:\/\/aem.hr\/wp-content\/uploads\/2025\/01\/3.-luzba-nije-druzba-no-u-HGSS-u.pdf\" class=\"wp-block-file__button wp-element-button\" download aria-describedby=\"wp-block-file--media-22306736-dcff-47bc-b661-10c5eec67a36\">Preuzimanje<\/a><\/div>\n\n\n\n<div class=\"wp-block-file\"><a id=\"wp-block-file--media-dce007a5-5ef1-40c6-beb8-aa816401f3eb\" href=\"https:\/\/aem.hr\/wp-content\/uploads\/2025\/01\/4.-Sve-uobicajenije-je-vidjeti-muskarca.pdf\">4. Sve uobi\u010dajenije je vidjeti mu\u0161karca<\/a><a href=\"https:\/\/aem.hr\/wp-content\/uploads\/2025\/01\/4.-Sve-uobicajenije-je-vidjeti-muskarca.pdf\" class=\"wp-block-file__button wp-element-button\" download aria-describedby=\"wp-block-file--media-dce007a5-5ef1-40c6-beb8-aa816401f3eb\">Preuzimanje<\/a><\/div>\n\n\n\n<div class=\"wp-block-file\"><a id=\"wp-block-file--media-cd5ab114-15e9-4947-8ef0-b3fb4297ba92\" href=\"https:\/\/aem.hr\/wp-content\/uploads\/2025\/01\/5.-Zene-u-detektivskoj-djelatnosti.pdf\">5. \u017dene u detektivskoj djelatnosti<\/a><a href=\"https:\/\/aem.hr\/wp-content\/uploads\/2025\/01\/5.-Zene-u-detektivskoj-djelatnosti.pdf\" class=\"wp-block-file__button wp-element-button\" download aria-describedby=\"wp-block-file--media-cd5ab114-15e9-4947-8ef0-b3fb4297ba92\">Preuzimanje<\/a><\/div>\n\n\n\n<div class=\"wp-block-file\"><a id=\"wp-block-file--media-4279b3bc-a0f0-446b-bfa7-be096f5f8f3e\" href=\"https:\/\/aem.hr\/wp-content\/uploads\/2025\/01\/6.-Policajke-temeljitije-odrade-posao.pdf\">6. Policajke temeljitije odrade posao<\/a><a href=\"https:\/\/aem.hr\/wp-content\/uploads\/2025\/01\/6.-Policajke-temeljitije-odrade-posao.pdf\" class=\"wp-block-file__button wp-element-button\" download aria-describedby=\"wp-block-file--media-4279b3bc-a0f0-446b-bfa7-be096f5f8f3e\">Preuzimanje<\/a><\/div>\n\n\n\n<div class=\"wp-block-file\"><a id=\"wp-block-file--media-09ec2cdb-3fb9-4cc9-8bf0-2a572435491a\" href=\"https:\/\/aem.hr\/wp-content\/uploads\/2025\/01\/7.-Na-poslu-razminiranja-svaka-se-godina-cini.pdf\">7. Na poslu razminiranja svaka se godina \u010dini<\/a><a href=\"https:\/\/aem.hr\/wp-content\/uploads\/2025\/01\/7.-Na-poslu-razminiranja-svaka-se-godina-cini.pdf\" class=\"wp-block-file__button wp-element-button\" download aria-describedby=\"wp-block-file--media-09ec2cdb-3fb9-4cc9-8bf0-2a572435491a\">Preuzimanje<\/a><\/div>\n\n\n\n<div class=\"wp-block-file\"><a id=\"wp-block-file--media-3eaa9c67-46e1-45a0-b14f-d5616b635465\" href=\"https:\/\/aem.hr\/wp-content\/uploads\/2025\/01\/8.-Sigurna-sam-da-mi-je-ovaj-posao-urezan.pdf\">8. Sigurna sam da mi je ovaj posao urezan<\/a><a href=\"https:\/\/aem.hr\/wp-content\/uploads\/2025\/01\/8.-Sigurna-sam-da-mi-je-ovaj-posao-urezan.pdf\" class=\"wp-block-file__button wp-element-button\" download aria-describedby=\"wp-block-file--media-3eaa9c67-46e1-45a0-b14f-d5616b635465\">Preuzimanje<\/a><\/div>\n\n\n\n<div class=\"wp-block-file\"><a id=\"wp-block-file--media-37f6296d-d698-401d-823f-7e965dfa4925\" href=\"https:\/\/aem.hr\/wp-content\/uploads\/2025\/01\/9.-Promjenjivo-lice-sigurnosti.pdf\">9. Promjenjivo lice sigurnosti<\/a><a href=\"https:\/\/aem.hr\/wp-content\/uploads\/2025\/01\/9.-Promjenjivo-lice-sigurnosti.pdf\" class=\"wp-block-file__button wp-element-button\" download aria-describedby=\"wp-block-file--media-37f6296d-d698-401d-823f-7e965dfa4925\">Preuzimanje<\/a><\/div>\n\n\n\n<div class=\"wp-block-file\"><a id=\"wp-block-file--media-dafe8977-3d8e-467b-b29f-47458a4a33ec\" href=\"https:\/\/aem.hr\/wp-content\/uploads\/2025\/01\/10.-Zastitarstvo-nije-samo-muski-posao.pdf\">10. Za\u0161titarstvo nije samo mu\u0161ki posao<\/a><a href=\"https:\/\/aem.hr\/wp-content\/uploads\/2025\/01\/10.-Zastitarstvo-nije-samo-muski-posao.pdf\" class=\"wp-block-file__button wp-element-button\" download aria-describedby=\"wp-block-file--media-dafe8977-3d8e-467b-b29f-47458a4a33ec\">Preuzimanje<\/a><\/div>\n","protected":false},"excerpt":{"rendered":"","protected":false},"author":18,"featured_media":0,"parent":0,"menu_order":0,"comment_status":"closed","ping_status":"closed","template":"","meta":{"_acf_changed":false,"inline_featured_image":false,"advgb_blocks_editor_width":"","advgb_blocks_columns_visual_guide":"","_links_to":"","_links_to_type":0,"footnotes":""},"class_list":["post-18639","page","type-page","status-publish","hentry"],"acf":[],"yoast_head":"<!-- This site is optimized with the Yoast SEO plugin v25.7 - https:\/\/yoast.com\/wordpress\/plugins\/seo\/ -->\n<title>Nata\u0161a Gajski Kova\u010di\u0107 - \u017dene u opasnim zanimanjima - Agencija za elektroni\u010dke medije<\/title>\n<meta name=\"robots\" content=\"index, follow, max-snippet:-1, max-image-preview:large, max-video-preview:-1\" \/>\n<link rel=\"canonical\" href=\"https:\/\/aem.hr\/en\/natasa-gajski-kovacic-zene-u-opasnim-zanimanjima\/\" \/>\n<meta property=\"og:locale\" content=\"en_US\" \/>\n<meta property=\"og:type\" content=\"article\" \/>\n<meta property=\"og:title\" content=\"Nata\u0161a Gajski Kova\u010di\u0107 - \u017dene u opasnim zanimanjima - Agencija za elektroni\u010dke medije\" \/>\n<meta property=\"og:url\" content=\"https:\/\/aem.hr\/en\/natasa-gajski-kovacic-zene-u-opasnim-zanimanjima\/\" \/>\n<meta property=\"og:site_name\" content=\"Agencija za elektroni\u010dke medije\" \/>\n<meta property=\"article:modified_time\" content=\"2025-01-08T14:13:49+00:00\" \/>\n<meta name=\"twitter:card\" content=\"summary_large_image\" \/>\n<meta name=\"twitter:label1\" content=\"Est. reading time\" \/>\n\t<meta name=\"twitter:data1\" content=\"1 minute\" \/>\n<script type=\"application\/ld+json\" class=\"yoast-schema-graph\">{\"@context\":\"https:\/\/schema.org\",\"@graph\":[{\"@type\":\"WebPage\",\"@id\":\"https:\/\/aem.hr\/en\/natasa-gajski-kovacic-zene-u-opasnim-zanimanjima\/\",\"url\":\"https:\/\/aem.hr\/en\/natasa-gajski-kovacic-zene-u-opasnim-zanimanjima\/\",\"name\":\"Nata\u0161a Gajski Kova\u010di\u0107 - \u017dene u opasnim zanimanjima - Agencija za elektroni\u010dke medije\",\"isPartOf\":{\"@id\":\"https:\/\/aem.hr\/#website\"},\"datePublished\":\"2025-01-08T14:13:48+00:00\",\"dateModified\":\"2025-01-08T14:13:49+00:00\",\"breadcrumb\":{\"@id\":\"https:\/\/aem.hr\/en\/natasa-gajski-kovacic-zene-u-opasnim-zanimanjima\/#breadcrumb\"},\"inLanguage\":\"en-US\",\"potentialAction\":[{\"@type\":\"ReadAction\",\"target\":[\"https:\/\/aem.hr\/en\/natasa-gajski-kovacic-zene-u-opasnim-zanimanjima\/\"]}]},{\"@type\":\"BreadcrumbList\",\"@id\":\"https:\/\/aem.hr\/en\/natasa-gajski-kovacic-zene-u-opasnim-zanimanjima\/#breadcrumb\",\"itemListElement\":[{\"@type\":\"ListItem\",\"position\":1,\"name\":\"Po\u010detna stranica\",\"item\":\"https:\/\/aem.hr\/\"},{\"@type\":\"ListItem\",\"position\":2,\"name\":\"Nata\u0161a Gajski Kova\u010di\u0107 &#8211; \u017dene u opasnim zanimanjima\"}]},{\"@type\":\"WebSite\",\"@id\":\"https:\/\/aem.hr\/#website\",\"url\":\"https:\/\/aem.hr\/\",\"name\":\"Agencija za elektroni\u010dke medije\",\"description\":\"\",\"potentialAction\":[{\"@type\":\"SearchAction\",\"target\":{\"@type\":\"EntryPoint\",\"urlTemplate\":\"https:\/\/aem.hr\/?s={search_term_string}\"},\"query-input\":{\"@type\":\"PropertyValueSpecification\",\"valueRequired\":true,\"valueName\":\"search_term_string\"}}],\"inLanguage\":\"en-US\"}]}<\/script>\n<!-- \/ Yoast SEO plugin. -->","yoast_head_json":{"title":"Nata\u0161a Gajski Kova\u010di\u0107 - \u017dene u opasnim zanimanjima - Agencija za elektroni\u010dke medije","robots":{"index":"index","follow":"follow","max-snippet":"max-snippet:-1","max-image-preview":"max-image-preview:large","max-video-preview":"max-video-preview:-1"},"canonical":"https:\/\/aem.hr\/en\/natasa-gajski-kovacic-zene-u-opasnim-zanimanjima\/","og_locale":"en_US","og_type":"article","og_title":"Nata\u0161a Gajski Kova\u010di\u0107 - \u017dene u opasnim zanimanjima - Agencija za elektroni\u010dke medije","og_url":"https:\/\/aem.hr\/en\/natasa-gajski-kovacic-zene-u-opasnim-zanimanjima\/","og_site_name":"Agencija za elektroni\u010dke medije","article_modified_time":"2025-01-08T14:13:49+00:00","twitter_card":"summary_large_image","twitter_misc":{"Est. reading time":"1 minute"},"schema":{"@context":"https:\/\/schema.org","@graph":[{"@type":"WebPage","@id":"https:\/\/aem.hr\/en\/natasa-gajski-kovacic-zene-u-opasnim-zanimanjima\/","url":"https:\/\/aem.hr\/en\/natasa-gajski-kovacic-zene-u-opasnim-zanimanjima\/","name":"Nata\u0161a Gajski Kova\u010di\u0107 - \u017dene u opasnim zanimanjima - Agencija za elektroni\u010dke medije","isPartOf":{"@id":"https:\/\/aem.hr\/#website"},"datePublished":"2025-01-08T14:13:48+00:00","dateModified":"2025-01-08T14:13:49+00:00","breadcrumb":{"@id":"https:\/\/aem.hr\/en\/natasa-gajski-kovacic-zene-u-opasnim-zanimanjima\/#breadcrumb"},"inLanguage":"en-US","potentialAction":[{"@type":"ReadAction","target":["https:\/\/aem.hr\/en\/natasa-gajski-kovacic-zene-u-opasnim-zanimanjima\/"]}]},{"@type":"BreadcrumbList","@id":"https:\/\/aem.hr\/en\/natasa-gajski-kovacic-zene-u-opasnim-zanimanjima\/#breadcrumb","itemListElement":[{"@type":"ListItem","position":1,"name":"Po\u010detna stranica","item":"https:\/\/aem.hr\/"},{"@type":"ListItem","position":2,"name":"Nata\u0161a Gajski Kova\u010di\u0107 &#8211; \u017dene u opasnim zanimanjima"}]},{"@type":"WebSite","@id":"https:\/\/aem.hr\/#website","url":"https:\/\/aem.hr\/","name":"Agencija za elektroni\u010dke medije","description":"","potentialAction":[{"@type":"SearchAction","target":{"@type":"EntryPoint","urlTemplate":"https:\/\/aem.hr\/?s={search_term_string}"},"query-input":{"@type":"PropertyValueSpecification","valueRequired":true,"valueName":"search_term_string"}}],"inLanguage":"en-US"}]}},"coauthors":[],"author_meta":{"author_link":"https:\/\/aem.hr\/en\/blog\/author\/mkirac\/","display_name":"Matko Kirac"},"relative_dates":{"created":"Posted 1 year ago","modified":"Updated 1 year ago"},"absolute_dates":{"created":"Posted on 8. January 2025.","modified":"Updated on 8. January 2025."},"absolute_dates_time":{"created":"Posted on 8. January 2025. 15:13","modified":"Updated on 8. January 2025. 15:13"},"featured_img_caption":"","featured_img":false,"series_order":"","_links":{"self":[{"href":"https:\/\/aem.hr\/en\/wp-json\/wp\/v2\/pages\/18639","targetHints":{"allow":["GET"]}}],"collection":[{"href":"https:\/\/aem.hr\/en\/wp-json\/wp\/v2\/pages"}],"about":[{"href":"https:\/\/aem.hr\/en\/wp-json\/wp\/v2\/types\/page"}],"author":[{"embeddable":true,"href":"https:\/\/aem.hr\/en\/wp-json\/wp\/v2\/users\/18"}],"replies":[{"embeddable":true,"href":"https:\/\/aem.hr\/en\/wp-json\/wp\/v2\/comments?post=18639"}],"version-history":[{"count":1,"href":"https:\/\/aem.hr\/en\/wp-json\/wp\/v2\/pages\/18639\/revisions"}],"predecessor-version":[{"id":18660,"href":"https:\/\/aem.hr\/en\/wp-json\/wp\/v2\/pages\/18639\/revisions\/18660"}],"wp:attachment":[{"href":"https:\/\/aem.hr\/en\/wp-json\/wp\/v2\/media?parent=18639"}],"curies":[{"name":"wp","href":"https:\/\/api.w.org\/{rel}","templated":true}]}}