{"id":18662,"date":"2025-01-08T15:20:42","date_gmt":"2025-01-08T14:20:42","guid":{"rendered":"http:\/\/aem.hr\/?page_id=18662"},"modified":"2025-01-08T15:20:43","modified_gmt":"2025-01-08T14:20:43","slug":"zoran-stajcic-reportaze-iz-radionica-hrvatskih-graditelja-glazbala","status":"publish","type":"page","link":"https:\/\/aem.hr\/en\/zoran-stajcic-reportaze-iz-radionica-hrvatskih-graditelja-glazbala\/","title":{"rendered":"Zoran Staj\u010di\u0107 &#8211; Reporta\u017ee iz radionica hrvatskih graditelja glazbala"},"content":{"rendered":"\n<div class=\"wp-block-file\"><a id=\"wp-block-file--media-78d16cb1-fd14-4240-9074-eee2396d6e93\" href=\"https:\/\/aem.hr\/wp-content\/uploads\/2025\/01\/1.-Uskoro-krecu-price-iz-radionica.pdf\">1. Uskoro kre\u0107u pri\u010de iz radionica<\/a><a href=\"https:\/\/aem.hr\/wp-content\/uploads\/2025\/01\/1.-Uskoro-krecu-price-iz-radionica.pdf\" class=\"wp-block-file__button wp-element-button\" download aria-describedby=\"wp-block-file--media-78d16cb1-fd14-4240-9074-eee2396d6e93\">Preuzimanje<\/a><\/div>\n\n\n\n<div class=\"wp-block-file\"><a id=\"wp-block-file--media-0d04a2f7-f00e-48cc-a728-2bbfef60f28e\" href=\"https:\/\/aem.hr\/wp-content\/uploads\/2025\/01\/2.-Biti-Kruno-Levacic.pdf\">2. Biti Kruno Leva\u010di\u0107<\/a><a href=\"https:\/\/aem.hr\/wp-content\/uploads\/2025\/01\/2.-Biti-Kruno-Levacic.pdf\" class=\"wp-block-file__button wp-element-button\" download aria-describedby=\"wp-block-file--media-0d04a2f7-f00e-48cc-a728-2bbfef60f28e\">Preuzimanje<\/a><\/div>\n\n\n\n<div class=\"wp-block-file\"><a id=\"wp-block-file--media-dcc49fcb-ba38-48b7-ae9a-c3b84f2241dc\" href=\"https:\/\/aem.hr\/wp-content\/uploads\/2025\/01\/3.-Aleksandar-Vrhovec-Wizz-Pickups.pdf\">3. Aleksandar Vrhovec (Wizz Pickups)<\/a><a href=\"https:\/\/aem.hr\/wp-content\/uploads\/2025\/01\/3.-Aleksandar-Vrhovec-Wizz-Pickups.pdf\" class=\"wp-block-file__button wp-element-button\" download aria-describedby=\"wp-block-file--media-dcc49fcb-ba38-48b7-ae9a-c3b84f2241dc\">Preuzimanje<\/a><\/div>\n\n\n\n<div class=\"wp-block-file\"><a id=\"wp-block-file--media-7cc68cb0-c4d9-4732-8323-cbe4d85cb3e1\" href=\"https:\/\/aem.hr\/wp-content\/uploads\/2025\/01\/4.-Robert-Basic-RBasic-\u2013-cijenjeni-graditelj-gitara.pdf\">4. Robert Ba\u0161i\u0107 (RBasic) \u2013 cijenjeni graditelj gitara<\/a><a href=\"https:\/\/aem.hr\/wp-content\/uploads\/2025\/01\/4.-Robert-Basic-RBasic-\u2013-cijenjeni-graditelj-gitara.pdf\" class=\"wp-block-file__button wp-element-button\" download aria-describedby=\"wp-block-file--media-7cc68cb0-c4d9-4732-8323-cbe4d85cb3e1\">Preuzimanje<\/a><\/div>\n\n\n\n<div class=\"wp-block-file\"><a id=\"wp-block-file--media-6384f3bb-dd03-4519-b7d7-003ecad31982\" href=\"https:\/\/aem.hr\/wp-content\/uploads\/2025\/01\/5.-Dobre-vibracije-iz-Krapine.pdf\">5. Dobre vibracije iz Krapine<\/a><a href=\"https:\/\/aem.hr\/wp-content\/uploads\/2025\/01\/5.-Dobre-vibracije-iz-Krapine.pdf\" class=\"wp-block-file__button wp-element-button\" download aria-describedby=\"wp-block-file--media-6384f3bb-dd03-4519-b7d7-003ecad31982\">Preuzimanje<\/a><\/div>\n","protected":false},"excerpt":{"rendered":"","protected":false},"author":18,"featured_media":0,"parent":0,"menu_order":0,"comment_status":"closed","ping_status":"closed","template":"","meta":{"_acf_changed":false,"inline_featured_image":false,"advgb_blocks_editor_width":"","advgb_blocks_columns_visual_guide":"","_links_to":"","_links_to_type":0,"footnotes":""},"class_list":["post-18662","page","type-page","status-publish","hentry"],"acf":[],"yoast_head":"<!-- This site is optimized with the Yoast SEO plugin v25.7 - https:\/\/yoast.com\/wordpress\/plugins\/seo\/ -->\n<title>Zoran Staj\u010di\u0107 - Reporta\u017ee iz radionica hrvatskih graditelja glazbala - Agencija za elektroni\u010dke medije<\/title>\n<meta name=\"robots\" content=\"index, follow, max-snippet:-1, max-image-preview:large, max-video-preview:-1\" \/>\n<link rel=\"canonical\" href=\"https:\/\/aem.hr\/zoran-stajcic-reportaze-iz-radionica-hrvatskih-graditelja-glazbala\/\" \/>\n<meta property=\"og:locale\" content=\"en_US\" \/>\n<meta property=\"og:type\" content=\"article\" \/>\n<meta property=\"og:title\" content=\"Zoran Staj\u010di\u0107 - Reporta\u017ee iz radionica hrvatskih graditelja glazbala - Agencija za elektroni\u010dke medije\" \/>\n<meta property=\"og:url\" content=\"https:\/\/aem.hr\/zoran-stajcic-reportaze-iz-radionica-hrvatskih-graditelja-glazbala\/\" \/>\n<meta property=\"og:site_name\" content=\"Agencija za elektroni\u010dke medije\" \/>\n<meta property=\"article:modified_time\" content=\"2025-01-08T14:20:43+00:00\" \/>\n<meta name=\"twitter:card\" content=\"summary_large_image\" \/>\n<meta name=\"twitter:label1\" content=\"Est. reading time\" \/>\n\t<meta name=\"twitter:data1\" content=\"1 minute\" \/>\n<script type=\"application\/ld+json\" class=\"yoast-schema-graph\">{\"@context\":\"https:\/\/schema.org\",\"@graph\":[{\"@type\":\"WebPage\",\"@id\":\"https:\/\/aem.hr\/zoran-stajcic-reportaze-iz-radionica-hrvatskih-graditelja-glazbala\/\",\"url\":\"https:\/\/aem.hr\/zoran-stajcic-reportaze-iz-radionica-hrvatskih-graditelja-glazbala\/\",\"name\":\"Zoran Staj\u010di\u0107 - Reporta\u017ee iz radionica hrvatskih graditelja glazbala - Agencija za elektroni\u010dke medije\",\"isPartOf\":{\"@id\":\"https:\/\/aem.hr\/#website\"},\"datePublished\":\"2025-01-08T14:20:42+00:00\",\"dateModified\":\"2025-01-08T14:20:43+00:00\",\"breadcrumb\":{\"@id\":\"https:\/\/aem.hr\/zoran-stajcic-reportaze-iz-radionica-hrvatskih-graditelja-glazbala\/#breadcrumb\"},\"inLanguage\":\"en-US\",\"potentialAction\":[{\"@type\":\"ReadAction\",\"target\":[\"https:\/\/aem.hr\/zoran-stajcic-reportaze-iz-radionica-hrvatskih-graditelja-glazbala\/\"]}]},{\"@type\":\"BreadcrumbList\",\"@id\":\"https:\/\/aem.hr\/zoran-stajcic-reportaze-iz-radionica-hrvatskih-graditelja-glazbala\/#breadcrumb\",\"itemListElement\":[{\"@type\":\"ListItem\",\"position\":1,\"name\":\"Po\u010detna stranica\",\"item\":\"https:\/\/aem.hr\/\"},{\"@type\":\"ListItem\",\"position\":2,\"name\":\"Zoran Staj\u010di\u0107 &#8211; Reporta\u017ee iz radionica hrvatskih graditelja glazbala\"}]},{\"@type\":\"WebSite\",\"@id\":\"https:\/\/aem.hr\/#website\",\"url\":\"https:\/\/aem.hr\/\",\"name\":\"Agencija za elektroni\u010dke medije\",\"description\":\"\",\"potentialAction\":[{\"@type\":\"SearchAction\",\"target\":{\"@type\":\"EntryPoint\",\"urlTemplate\":\"https:\/\/aem.hr\/?s={search_term_string}\"},\"query-input\":{\"@type\":\"PropertyValueSpecification\",\"valueRequired\":true,\"valueName\":\"search_term_string\"}}],\"inLanguage\":\"en-US\"}]}<\/script>\n<!-- \/ Yoast SEO plugin. -->","yoast_head_json":{"title":"Zoran Staj\u010di\u0107 - Reporta\u017ee iz radionica hrvatskih graditelja glazbala - Agencija za elektroni\u010dke medije","robots":{"index":"index","follow":"follow","max-snippet":"max-snippet:-1","max-image-preview":"max-image-preview:large","max-video-preview":"max-video-preview:-1"},"canonical":"https:\/\/aem.hr\/zoran-stajcic-reportaze-iz-radionica-hrvatskih-graditelja-glazbala\/","og_locale":"en_US","og_type":"article","og_title":"Zoran Staj\u010di\u0107 - Reporta\u017ee iz radionica hrvatskih graditelja glazbala - Agencija za elektroni\u010dke medije","og_url":"https:\/\/aem.hr\/zoran-stajcic-reportaze-iz-radionica-hrvatskih-graditelja-glazbala\/","og_site_name":"Agencija za elektroni\u010dke medije","article_modified_time":"2025-01-08T14:20:43+00:00","twitter_card":"summary_large_image","twitter_misc":{"Est. reading time":"1 minute"},"schema":{"@context":"https:\/\/schema.org","@graph":[{"@type":"WebPage","@id":"https:\/\/aem.hr\/zoran-stajcic-reportaze-iz-radionica-hrvatskih-graditelja-glazbala\/","url":"https:\/\/aem.hr\/zoran-stajcic-reportaze-iz-radionica-hrvatskih-graditelja-glazbala\/","name":"Zoran Staj\u010di\u0107 - Reporta\u017ee iz radionica hrvatskih graditelja glazbala - Agencija za elektroni\u010dke medije","isPartOf":{"@id":"https:\/\/aem.hr\/#website"},"datePublished":"2025-01-08T14:20:42+00:00","dateModified":"2025-01-08T14:20:43+00:00","breadcrumb":{"@id":"https:\/\/aem.hr\/zoran-stajcic-reportaze-iz-radionica-hrvatskih-graditelja-glazbala\/#breadcrumb"},"inLanguage":"en-US","potentialAction":[{"@type":"ReadAction","target":["https:\/\/aem.hr\/zoran-stajcic-reportaze-iz-radionica-hrvatskih-graditelja-glazbala\/"]}]},{"@type":"BreadcrumbList","@id":"https:\/\/aem.hr\/zoran-stajcic-reportaze-iz-radionica-hrvatskih-graditelja-glazbala\/#breadcrumb","itemListElement":[{"@type":"ListItem","position":1,"name":"Po\u010detna stranica","item":"https:\/\/aem.hr\/"},{"@type":"ListItem","position":2,"name":"Zoran Staj\u010di\u0107 &#8211; Reporta\u017ee iz radionica hrvatskih graditelja glazbala"}]},{"@type":"WebSite","@id":"https:\/\/aem.hr\/#website","url":"https:\/\/aem.hr\/","name":"Agencija za elektroni\u010dke medije","description":"","potentialAction":[{"@type":"SearchAction","target":{"@type":"EntryPoint","urlTemplate":"https:\/\/aem.hr\/?s={search_term_string}"},"query-input":{"@type":"PropertyValueSpecification","valueRequired":true,"valueName":"search_term_string"}}],"inLanguage":"en-US"}]}},"coauthors":[],"author_meta":{"author_link":"https:\/\/aem.hr\/en\/blog\/author\/mkirac\/","display_name":"Matko Kirac"},"relative_dates":{"created":"Posted 1 year ago","modified":"Updated 1 year ago"},"absolute_dates":{"created":"Posted on 8. January 2025.","modified":"Updated on 8. January 2025."},"absolute_dates_time":{"created":"Posted on 8. January 2025. 15:20","modified":"Updated on 8. January 2025. 15:20"},"featured_img_caption":"","featured_img":false,"series_order":"","_links":{"self":[{"href":"https:\/\/aem.hr\/en\/wp-json\/wp\/v2\/pages\/18662","targetHints":{"allow":["GET"]}}],"collection":[{"href":"https:\/\/aem.hr\/en\/wp-json\/wp\/v2\/pages"}],"about":[{"href":"https:\/\/aem.hr\/en\/wp-json\/wp\/v2\/types\/page"}],"author":[{"embeddable":true,"href":"https:\/\/aem.hr\/en\/wp-json\/wp\/v2\/users\/18"}],"replies":[{"embeddable":true,"href":"https:\/\/aem.hr\/en\/wp-json\/wp\/v2\/comments?post=18662"}],"version-history":[{"count":1,"href":"https:\/\/aem.hr\/en\/wp-json\/wp\/v2\/pages\/18662\/revisions"}],"predecessor-version":[{"id":18674,"href":"https:\/\/aem.hr\/en\/wp-json\/wp\/v2\/pages\/18662\/revisions\/18674"}],"wp:attachment":[{"href":"https:\/\/aem.hr\/en\/wp-json\/wp\/v2\/media?parent=18662"}],"curies":[{"name":"wp","href":"https:\/\/api.w.org\/{rel}","templated":true}]}}