{"id":18711,"date":"2025-01-10T10:56:13","date_gmt":"2025-01-10T09:56:13","guid":{"rendered":"http:\/\/aem.hr\/?page_id=18711"},"modified":"2025-01-10T11:13:30","modified_gmt":"2025-01-10T10:13:30","slug":"jasna-vanicek-fila","status":"publish","type":"page","link":"https:\/\/aem.hr\/en\/jasna-vanicek-fila\/","title":{"rendered":"JASNA VANI\u010cEK-FILA"},"content":{"rendered":"\n<p>Na Filozofskom fakultetu Sveu\u010dili\u0161ta u Zagrebu diplomirala je talijanski i \u010de\u0161ki jezik te knji\u017eevnost. Na Ekonomskom fakultetu Sveu\u010dili\u0161ta u Zagrebu zavr\u0161ila je FBA specijalisti\u010dki studijski program Poduzetni\u0161tvo u ekonomiji znanja &#8211; Konkurentnost. Polaznica je poslijediplomskog sveu\u010dili\u0161nog (doktorskog) studija Sociologija: vrijednosti, identitet i dru\u0161tvene promjene u hrvatskome dru\u0161tvu na Hrvatskome katoli\u010dkom sveu\u010dili\u0161tu.<\/p>\n\n\n\n<p>Ima gotovo 20 godina radnog iskustva u medijima, od \u010dega najve\u0107i dio u elektroni\u010dkim medijima, radiju i televiziji &#8211; na novinarskim, reporterskim, voditeljskim i poslovima glavnoga urednika te direktora. Bila je novinarka i urednica s desetogodi\u0161njim sta\u017eem na javnoj televiziji, i u razdoblju od 1998. do 2008. tada kao jedina novinarka na HTV-u u sklopu multinacionalnog magazina Prizma ujedno i autorica vi\u0161e od 400 reporta\u017ea, vijesti, intervjua i dokumentarnih emisija na \u010de\u0161kome jeziku. Bila je glavna urednica informativnog programa \u017eupanijskog Bjelovarsko-bilogorskog radija, direktorica te glavna urednica Media servisa, najve\u0107e hrvatske privatne medijske agencije specijalizirane za proizvodnju radijskog programa. Autorica je vi\u0161e televizijskih reporta\u017ea emitiranih u EBU programu eurovizijske razmjene.<\/p>\n\n\n\n<p>U Ministarstvu turizma radila je kao na\u010delnica Samostalnog odjela za odnose s javno\u0161\u0107u i glasnogovornica, a u sektoru turizma radila je i na mjestu direktorice Turisti\u010dke zajednice Bjelovarsko-bilogorske \u017eupanije. Na Libertas me\u0111unarodnom sveu\u010dili\u0161tu u Zagrebu od 2016. godine radi kao vanjski suradnik-asistent na kolegiju Mediji i turizam, a 2018. godina stekla je naslovno nastavno zvanje predava\u010da u podru\u010dju dru\u0161tvenih znanosti, znanstveno polje ekonomija. Reizbor u zvanje naslovnog predava\u010da potvr\u0111en joj je u srpnju 2023. godine.<\/p>\n\n\n\n<p>Zavr\u0161ila je vi\u0161e me\u0111unarodnih medijskih izobrazbi i profesionalnih usavr\u0161avanja, kao \u0161to su CIRCOM Television Journalism Workshop u Krakowu u Poljskoj te u Ko\u0161icama u Slova\u010dkoj, kao i me\u0111unarodnu edukaciju za urednike medija na Europaiche Akademie u Berlinu, a zatim je i sama bila mentoricom na nekoliko novinarskih edukacija i seminara te medijskih trening programa.<br>Bila je \u010dlanica ocjenjiva\u010dkog odbora HND-a 2013. godine za dodjelu godi\u0161njih novinarskih nagrada za najbolje radijske novinare u Hrvatskoj te 2013. i 2014. \u010dlanica ocjenjiva\u010dkog suda poslovnog tjednika Lider za dodjelu nagrada &#8220;Hrvoje Matelji\u0107&#8221; za najbolje gospodarske novinare u Hrvatskoj.<br>Bavila se i prevo\u0111enjem, s \u010de\u0161kog, talijanskog i slova\u010dkog jezika. Odr\u017eala je niz stru\u010dnih izlaganja na Me\u0111unarodnim simpoziju o \u010de\u0161kom jeziku, a radovi s tih izlaganja objavljeni su joj u zbornicima radova \u201cP\u0159ehled\u201d.<\/p>\n\n\n\n<p>Na 5. Me\u0111unarodnom radijskom i televizijskom festivalu \u00abMoj rodni kraj\u00bb 2003. u U\u017egorodu u Ukrajini,u &nbsp;konkurenciji 114 &nbsp;filmova iz 22 zemlje, u koautorstvu s Danijelom Dra\u0161tatom za \u010de\u0161ko-hrvatsku dvojezi\u010dnu dokumentarnu emisiju na HTV-a &nbsp;\u00abDo\u017e\u00ednky- \u010de\u0161ke \u017eetvene sve\u010danosti\u00bb dobitnica je posebne nagrade za o\u010duvanje kulturne ba\u0161tine nacionalnih manjina.<\/p>\n\n\n\n<p>Od 2017. do 2021. godine radila je u Uredu predsjednika Hrvatskoga sabora, kao savjetnica za medije, a od 2021. do 2024. godine radila je na mjestu rukovode\u0107eg dr\u017eavnog slu\u017ebenika \u2013 ravnateljice Uprave za medije i razvoj kulturnih i kreativnih industrija Ministarstva kulture i medija. Vodila je radne skupine s dionicima iz strukovnih novinarskih udruga, medija, akademske zajednice i drugih institucija pri izradi Nacionalnog i Akcijskog plana razvoja kulture i medija, kao i stru\u010dnu radnu skupinu za suzbijanje SLAPP tu\u017ebi. Od 2023. imenovana je nacionalnom koordinatoricom i aktivno sudjeluje u dvjema me\u0111unarodnim kampanjama za ja\u010danje sigurnosti novinara \u2013 Vije\u0107a Europe \u2013 \u201eJournalists Matter: Council of Europe Campaign for the Safety of Journalists\u201c te Organizacije za europsku sigurnost i suradnju \u2013 OSCE-a u projektu \u201eSafety of Journalists\u201c.<\/p>\n\n\n\n<p>Odlukom Hrvatskog sabora, 13. prosinca 2024. godine imenovana je \u010dlanicom Vije\u0107a za elektroni\u010dke medije.<\/p>\n","protected":false},"excerpt":{"rendered":"<p>Na Filozofskom fakultetu Sveu\u010dili\u0161ta u Zagrebu diplomirala je talijanski i \u010de\u0161ki jezik te knji\u017eevnost. Na Ekonomskom fakultetu Sveu\u010dili\u0161ta u Zagrebu zavr\u0161ila je FBA specijalisti\u010dki studijski program Poduzetni\u0161tvo u ekonomiji znanja &#8211; Konkurentnost. Polaznica je poslijediplomskog sveu\u010dili\u0161nog (doktorskog) studija Sociologija: vrijednosti, identitet i dru\u0161tvene promjene u hrvatskome dru\u0161tvu na Hrvatskome katoli\u010dkom sveu\u010dili\u0161tu. Ima gotovo 20 godina [&hellip;]<\/p>\n","protected":false},"author":18,"featured_media":0,"parent":0,"menu_order":0,"comment_status":"closed","ping_status":"closed","template":"","meta":{"_acf_changed":false,"inline_featured_image":false,"advgb_blocks_editor_width":"","advgb_blocks_columns_visual_guide":"","_links_to":"","_links_to_type":0,"footnotes":""},"class_list":["post-18711","page","type-page","status-publish","hentry"],"acf":[],"yoast_head":"<!-- This site is optimized with the Yoast SEO plugin v25.7 - https:\/\/yoast.com\/wordpress\/plugins\/seo\/ -->\n<title>JASNA VANI\u010cEK-FILA - Agencija za elektroni\u010dke medije<\/title>\n<meta name=\"robots\" content=\"index, follow, max-snippet:-1, max-image-preview:large, max-video-preview:-1\" \/>\n<link rel=\"canonical\" href=\"https:\/\/aem.hr\/jasna-vanicek-fila\/\" \/>\n<meta property=\"og:locale\" content=\"en_US\" \/>\n<meta property=\"og:type\" content=\"article\" \/>\n<meta property=\"og:title\" content=\"JASNA VANI\u010cEK-FILA - Agencija za elektroni\u010dke medije\" \/>\n<meta property=\"og:description\" content=\"Na Filozofskom fakultetu Sveu\u010dili\u0161ta u Zagrebu diplomirala je talijanski i \u010de\u0161ki jezik te knji\u017eevnost. Na Ekonomskom fakultetu Sveu\u010dili\u0161ta u Zagrebu zavr\u0161ila je FBA specijalisti\u010dki studijski program Poduzetni\u0161tvo u ekonomiji znanja &#8211; Konkurentnost. Polaznica je poslijediplomskog sveu\u010dili\u0161nog (doktorskog) studija Sociologija: vrijednosti, identitet i dru\u0161tvene promjene u hrvatskome dru\u0161tvu na Hrvatskome katoli\u010dkom sveu\u010dili\u0161tu. Ima gotovo 20 godina [&hellip;]\" \/>\n<meta property=\"og:url\" content=\"https:\/\/aem.hr\/jasna-vanicek-fila\/\" \/>\n<meta property=\"og:site_name\" content=\"Agencija za elektroni\u010dke medije\" \/>\n<meta property=\"article:modified_time\" content=\"2025-01-10T10:13:30+00:00\" \/>\n<meta name=\"twitter:card\" content=\"summary_large_image\" \/>\n<meta name=\"twitter:label1\" content=\"Est. reading time\" \/>\n\t<meta name=\"twitter:data1\" content=\"3 minutes\" \/>\n<script type=\"application\/ld+json\" class=\"yoast-schema-graph\">{\"@context\":\"https:\/\/schema.org\",\"@graph\":[{\"@type\":\"WebPage\",\"@id\":\"https:\/\/aem.hr\/jasna-vanicek-fila\/\",\"url\":\"https:\/\/aem.hr\/jasna-vanicek-fila\/\",\"name\":\"JASNA VANI\u010cEK-FILA - Agencija za elektroni\u010dke medije\",\"isPartOf\":{\"@id\":\"https:\/\/aem.hr\/#website\"},\"datePublished\":\"2025-01-10T09:56:13+00:00\",\"dateModified\":\"2025-01-10T10:13:30+00:00\",\"breadcrumb\":{\"@id\":\"https:\/\/aem.hr\/jasna-vanicek-fila\/#breadcrumb\"},\"inLanguage\":\"en-US\",\"potentialAction\":[{\"@type\":\"ReadAction\",\"target\":[\"https:\/\/aem.hr\/jasna-vanicek-fila\/\"]}]},{\"@type\":\"BreadcrumbList\",\"@id\":\"https:\/\/aem.hr\/jasna-vanicek-fila\/#breadcrumb\",\"itemListElement\":[{\"@type\":\"ListItem\",\"position\":1,\"name\":\"Po\u010detna stranica\",\"item\":\"https:\/\/aem.hr\/\"},{\"@type\":\"ListItem\",\"position\":2,\"name\":\"JASNA VANI\u010cEK-FILA\"}]},{\"@type\":\"WebSite\",\"@id\":\"https:\/\/aem.hr\/#website\",\"url\":\"https:\/\/aem.hr\/\",\"name\":\"Agencija za elektroni\u010dke medije\",\"description\":\"\",\"potentialAction\":[{\"@type\":\"SearchAction\",\"target\":{\"@type\":\"EntryPoint\",\"urlTemplate\":\"https:\/\/aem.hr\/?s={search_term_string}\"},\"query-input\":{\"@type\":\"PropertyValueSpecification\",\"valueRequired\":true,\"valueName\":\"search_term_string\"}}],\"inLanguage\":\"en-US\"}]}<\/script>\n<!-- \/ Yoast SEO plugin. -->","yoast_head_json":{"title":"JASNA VANI\u010cEK-FILA - Agencija za elektroni\u010dke medije","robots":{"index":"index","follow":"follow","max-snippet":"max-snippet:-1","max-image-preview":"max-image-preview:large","max-video-preview":"max-video-preview:-1"},"canonical":"https:\/\/aem.hr\/jasna-vanicek-fila\/","og_locale":"en_US","og_type":"article","og_title":"JASNA VANI\u010cEK-FILA - Agencija za elektroni\u010dke medije","og_description":"Na Filozofskom fakultetu Sveu\u010dili\u0161ta u Zagrebu diplomirala je talijanski i \u010de\u0161ki jezik te knji\u017eevnost. Na Ekonomskom fakultetu Sveu\u010dili\u0161ta u Zagrebu zavr\u0161ila je FBA specijalisti\u010dki studijski program Poduzetni\u0161tvo u ekonomiji znanja &#8211; Konkurentnost. Polaznica je poslijediplomskog sveu\u010dili\u0161nog (doktorskog) studija Sociologija: vrijednosti, identitet i dru\u0161tvene promjene u hrvatskome dru\u0161tvu na Hrvatskome katoli\u010dkom sveu\u010dili\u0161tu. Ima gotovo 20 godina [&hellip;]","og_url":"https:\/\/aem.hr\/jasna-vanicek-fila\/","og_site_name":"Agencija za elektroni\u010dke medije","article_modified_time":"2025-01-10T10:13:30+00:00","twitter_card":"summary_large_image","twitter_misc":{"Est. reading time":"3 minutes"},"schema":{"@context":"https:\/\/schema.org","@graph":[{"@type":"WebPage","@id":"https:\/\/aem.hr\/jasna-vanicek-fila\/","url":"https:\/\/aem.hr\/jasna-vanicek-fila\/","name":"JASNA VANI\u010cEK-FILA - Agencija za elektroni\u010dke medije","isPartOf":{"@id":"https:\/\/aem.hr\/#website"},"datePublished":"2025-01-10T09:56:13+00:00","dateModified":"2025-01-10T10:13:30+00:00","breadcrumb":{"@id":"https:\/\/aem.hr\/jasna-vanicek-fila\/#breadcrumb"},"inLanguage":"en-US","potentialAction":[{"@type":"ReadAction","target":["https:\/\/aem.hr\/jasna-vanicek-fila\/"]}]},{"@type":"BreadcrumbList","@id":"https:\/\/aem.hr\/jasna-vanicek-fila\/#breadcrumb","itemListElement":[{"@type":"ListItem","position":1,"name":"Po\u010detna stranica","item":"https:\/\/aem.hr\/"},{"@type":"ListItem","position":2,"name":"JASNA VANI\u010cEK-FILA"}]},{"@type":"WebSite","@id":"https:\/\/aem.hr\/#website","url":"https:\/\/aem.hr\/","name":"Agencija za elektroni\u010dke medije","description":"","potentialAction":[{"@type":"SearchAction","target":{"@type":"EntryPoint","urlTemplate":"https:\/\/aem.hr\/?s={search_term_string}"},"query-input":{"@type":"PropertyValueSpecification","valueRequired":true,"valueName":"search_term_string"}}],"inLanguage":"en-US"}]}},"coauthors":[],"author_meta":{"author_link":"https:\/\/aem.hr\/en\/blog\/author\/mkirac\/","display_name":"Matko Kirac"},"relative_dates":{"created":"Posted 1 year ago","modified":"Updated 1 year ago"},"absolute_dates":{"created":"Posted on 10. January 2025.","modified":"Updated on 10. January 2025."},"absolute_dates_time":{"created":"Posted on 10. January 2025. 10:56","modified":"Updated on 10. January 2025. 11:13"},"featured_img_caption":"","featured_img":false,"series_order":"","_links":{"self":[{"href":"https:\/\/aem.hr\/en\/wp-json\/wp\/v2\/pages\/18711","targetHints":{"allow":["GET"]}}],"collection":[{"href":"https:\/\/aem.hr\/en\/wp-json\/wp\/v2\/pages"}],"about":[{"href":"https:\/\/aem.hr\/en\/wp-json\/wp\/v2\/types\/page"}],"author":[{"embeddable":true,"href":"https:\/\/aem.hr\/en\/wp-json\/wp\/v2\/users\/18"}],"replies":[{"embeddable":true,"href":"https:\/\/aem.hr\/en\/wp-json\/wp\/v2\/comments?post=18711"}],"version-history":[{"count":2,"href":"https:\/\/aem.hr\/en\/wp-json\/wp\/v2\/pages\/18711\/revisions"}],"predecessor-version":[{"id":18714,"href":"https:\/\/aem.hr\/en\/wp-json\/wp\/v2\/pages\/18711\/revisions\/18714"}],"wp:attachment":[{"href":"https:\/\/aem.hr\/en\/wp-json\/wp\/v2\/media?parent=18711"}],"curies":[{"name":"wp","href":"https:\/\/api.w.org\/{rel}","templated":true}]}}