{"id":18765,"date":"2025-01-16T12:33:57","date_gmt":"2025-01-16T11:33:57","guid":{"rendered":"http:\/\/aem.hr\/?page_id=18765"},"modified":"2025-01-16T12:33:58","modified_gmt":"2025-01-16T11:33:58","slug":"goran-stimec-varazdinski-otpad-20-godina-ekoloske-politicke-i-pravosudne-krize","status":"publish","type":"page","link":"https:\/\/aem.hr\/en\/goran-stimec-varazdinski-otpad-20-godina-ekoloske-politicke-i-pravosudne-krize\/","title":{"rendered":"Goran \u0160timec &#8211; Vara\u017edinski otpad &#8211; 20 godina ekolo\u0161ke, politi\u010dke i pravosudne krize"},"content":{"rendered":"\n<div class=\"wp-block-file\"><a id=\"wp-block-file--media-b8b66c9d-a84f-4902-ad1e-22c294d9bc35\" href=\"https:\/\/aem.hr\/wp-content\/uploads\/2025\/01\/1.-Varazdinske-bale-svi-prolaze-samo-Pripuz-ostaje.pdf\">1. Vara\u017edinske bale svi prolaze samo Pripuz ostaje<\/a><a href=\"https:\/\/aem.hr\/wp-content\/uploads\/2025\/01\/1.-Varazdinske-bale-svi-prolaze-samo-Pripuz-ostaje.pdf\" class=\"wp-block-file__button wp-element-button\" download aria-describedby=\"wp-block-file--media-b8b66c9d-a84f-4902-ad1e-22c294d9bc35\">Preuzimanje<\/a><\/div>\n\n\n\n<div class=\"wp-block-file\"><a id=\"wp-block-file--media-23c4aa52-087b-42a7-ac59-a0fdf0312276\" href=\"https:\/\/aem.hr\/wp-content\/uploads\/2025\/01\/2.-Prije-30-godina-kamione-je-prvi-put-zaustavila-rampa.pdf\">2. Prije 30 godina kamione je prvi put zaustavila rampa<\/a><a href=\"https:\/\/aem.hr\/wp-content\/uploads\/2025\/01\/2.-Prije-30-godina-kamione-je-prvi-put-zaustavila-rampa.pdf\" class=\"wp-block-file__button wp-element-button\" download aria-describedby=\"wp-block-file--media-23c4aa52-087b-42a7-ac59-a0fdf0312276\">Preuzimanje<\/a><\/div>\n\n\n\n<div class=\"wp-block-file\"><a id=\"wp-block-file--media-578dbd16-6e00-4044-8eaa-9c37ff1212d0\" href=\"https:\/\/aem.hr\/wp-content\/uploads\/2025\/01\/3.-Caciceva-smjena-Cehoka-je-na-koncu-stajala-uskockog-progona.pdf\">3. \u010ca\u010di\u0107eva smjena \u010cehoka je na koncu stajala usko\u010dkog progona<\/a><a href=\"https:\/\/aem.hr\/wp-content\/uploads\/2025\/01\/3.-Caciceva-smjena-Cehoka-je-na-koncu-stajala-uskockog-progona.pdf\" class=\"wp-block-file__button wp-element-button\" download aria-describedby=\"wp-block-file--media-578dbd16-6e00-4044-8eaa-9c37ff1212d0\">Preuzimanje<\/a><\/div>\n\n\n\n<div class=\"wp-block-file\"><a id=\"wp-block-file--media-4d60cddc-21d3-4d28-a60a-2353785d8f4a\" href=\"https:\/\/aem.hr\/wp-content\/uploads\/2025\/01\/4.-Piskornica-je-jos-2006-obecala-zakopati-bale.pdf\">4. Pi\u0161kornica je jo\u0161 2006 obe\u0107ala zakopati bale<\/a><a href=\"https:\/\/aem.hr\/wp-content\/uploads\/2025\/01\/4.-Piskornica-je-jos-2006-obecala-zakopati-bale.pdf\" class=\"wp-block-file__button wp-element-button\" download aria-describedby=\"wp-block-file--media-4d60cddc-21d3-4d28-a60a-2353785d8f4a\">Preuzimanje<\/a><\/div>\n\n\n\n<div class=\"wp-block-file\"><a id=\"wp-block-file--media-80f63f02-b4c2-48b0-a8c3-66058a0c9d15\" href=\"https:\/\/aem.hr\/wp-content\/uploads\/2025\/01\/5.-12-je-godina-od-Cehokova-uhicenja.pdf\">5. 12 je godina od \u010cehokova uhi\u0107enja<\/a><a href=\"https:\/\/aem.hr\/wp-content\/uploads\/2025\/01\/5.-12-je-godina-od-Cehokova-uhicenja.pdf\" class=\"wp-block-file__button wp-element-button\" download aria-describedby=\"wp-block-file--media-80f63f02-b4c2-48b0-a8c3-66058a0c9d15\">Preuzimanje<\/a><\/div>\n\n\n\n<div class=\"wp-block-file\"><a id=\"wp-block-file--media-2367af76-ae8a-4287-a636-2c771eeba59c\" href=\"https:\/\/aem.hr\/wp-content\/uploads\/2025\/01\/6.-Habus-je-cetiri-puta-pokusao-maknuti-bale.pdf\">6. Habu\u0161 je \u010detiri puta poku\u0161ao maknuti bale<\/a><a href=\"https:\/\/aem.hr\/wp-content\/uploads\/2025\/01\/6.-Habus-je-cetiri-puta-pokusao-maknuti-bale.pdf\" class=\"wp-block-file__button wp-element-button\" download aria-describedby=\"wp-block-file--media-2367af76-ae8a-4287-a636-2c771eeba59c\">Preuzimanje<\/a><\/div>\n\n\n\n<div class=\"wp-block-file\"><a id=\"wp-block-file--media-314a8aac-6e10-4e62-8c6f-f4c5e4a6f33e\" href=\"https:\/\/aem.hr\/wp-content\/uploads\/2025\/01\/7.-Jednom-me-zaustavio-Karamarko-dvaput-Zmajlovic.pdf\">7. Jednom me zaustavio Karamarko dvaput Zmajlovi\u0107<\/a><a href=\"https:\/\/aem.hr\/wp-content\/uploads\/2025\/01\/7.-Jednom-me-zaustavio-Karamarko-dvaput-Zmajlovic.pdf\" class=\"wp-block-file__button wp-element-button\" download aria-describedby=\"wp-block-file--media-314a8aac-6e10-4e62-8c6f-f4c5e4a6f33e\">Preuzimanje<\/a><\/div>\n\n\n\n<div class=\"wp-block-file\"><a id=\"wp-block-file--media-6fcdc578-9bf7-4721-8cca-3247f0a154b9\" href=\"https:\/\/aem.hr\/wp-content\/uploads\/2025\/01\/8.-Cehok-je-odlucno-raskinuo-s-Pataftom-i-Pripuzom.pdf\">8. \u010cehok je odlu\u010dno raskinuo s Pataftom i Pripuzom<\/a><a href=\"https:\/\/aem.hr\/wp-content\/uploads\/2025\/01\/8.-Cehok-je-odlucno-raskinuo-s-Pataftom-i-Pripuzom.pdf\" class=\"wp-block-file__button wp-element-button\" download aria-describedby=\"wp-block-file--media-6fcdc578-9bf7-4721-8cca-3247f0a154b9\">Preuzimanje<\/a><\/div>\n\n\n\n<div class=\"wp-block-file\"><a id=\"wp-block-file--media-9fe9afc5-9d07-44f2-9c12-5ed32ff9bcc6\" href=\"https:\/\/aem.hr\/wp-content\/uploads\/2025\/01\/9.-Grad-za-bale-htio-platiti-15-milijuna-eura.pdf\">9. Grad za bale htio platiti 15 milijuna eura<\/a><a href=\"https:\/\/aem.hr\/wp-content\/uploads\/2025\/01\/9.-Grad-za-bale-htio-platiti-15-milijuna-eura.pdf\" class=\"wp-block-file__button wp-element-button\" download aria-describedby=\"wp-block-file--media-9fe9afc5-9d07-44f2-9c12-5ed32ff9bcc6\">Preuzimanje<\/a><\/div>\n\n\n\n<div class=\"wp-block-file\"><a id=\"wp-block-file--media-d3526bed-c615-4ded-a2df-7caa960030d3\" href=\"https:\/\/aem.hr\/wp-content\/uploads\/2025\/01\/10.-Bale-ce-dakle-rijesiti-Petar-Pripuz.pdf\">10. Bale \u0107e dakle rije\u0161iti Petar Pripuz<\/a><a href=\"https:\/\/aem.hr\/wp-content\/uploads\/2025\/01\/10.-Bale-ce-dakle-rijesiti-Petar-Pripuz.pdf\" class=\"wp-block-file__button wp-element-button\" download aria-describedby=\"wp-block-file--media-d3526bed-c615-4ded-a2df-7caa960030d3\">Preuzimanje<\/a><\/div>\n\n\n\n<p><\/p>\n","protected":false},"excerpt":{"rendered":"","protected":false},"author":18,"featured_media":0,"parent":0,"menu_order":0,"comment_status":"closed","ping_status":"closed","template":"","meta":{"_acf_changed":false,"inline_featured_image":false,"advgb_blocks_editor_width":"","advgb_blocks_columns_visual_guide":"","_links_to":"","_links_to_type":0,"footnotes":""},"class_list":["post-18765","page","type-page","status-publish","hentry"],"acf":[],"yoast_head":"<!-- This site is optimized with the Yoast SEO plugin v25.7 - https:\/\/yoast.com\/wordpress\/plugins\/seo\/ -->\n<title>Goran \u0160timec - Vara\u017edinski otpad - 20 godina ekolo\u0161ke, politi\u010dke i pravosudne krize - Agencija za elektroni\u010dke medije<\/title>\n<meta name=\"robots\" content=\"index, follow, max-snippet:-1, max-image-preview:large, max-video-preview:-1\" \/>\n<link rel=\"canonical\" href=\"https:\/\/aem.hr\/goran-stimec-varazdinski-otpad-20-godina-ekoloske-politicke-i-pravosudne-krize\/\" \/>\n<meta property=\"og:locale\" content=\"en_US\" \/>\n<meta property=\"og:type\" content=\"article\" \/>\n<meta property=\"og:title\" content=\"Goran \u0160timec - Vara\u017edinski otpad - 20 godina ekolo\u0161ke, politi\u010dke i pravosudne krize - Agencija za elektroni\u010dke medije\" \/>\n<meta property=\"og:url\" content=\"https:\/\/aem.hr\/goran-stimec-varazdinski-otpad-20-godina-ekoloske-politicke-i-pravosudne-krize\/\" \/>\n<meta property=\"og:site_name\" content=\"Agencija za elektroni\u010dke medije\" \/>\n<meta property=\"article:modified_time\" content=\"2025-01-16T11:33:58+00:00\" \/>\n<meta name=\"twitter:card\" content=\"summary_large_image\" \/>\n<meta name=\"twitter:label1\" content=\"Est. reading time\" \/>\n\t<meta name=\"twitter:data1\" content=\"1 minute\" \/>\n<script type=\"application\/ld+json\" class=\"yoast-schema-graph\">{\"@context\":\"https:\/\/schema.org\",\"@graph\":[{\"@type\":\"WebPage\",\"@id\":\"https:\/\/aem.hr\/goran-stimec-varazdinski-otpad-20-godina-ekoloske-politicke-i-pravosudne-krize\/\",\"url\":\"https:\/\/aem.hr\/goran-stimec-varazdinski-otpad-20-godina-ekoloske-politicke-i-pravosudne-krize\/\",\"name\":\"Goran \u0160timec - Vara\u017edinski otpad - 20 godina ekolo\u0161ke, politi\u010dke i pravosudne krize - Agencija za elektroni\u010dke medije\",\"isPartOf\":{\"@id\":\"https:\/\/aem.hr\/#website\"},\"datePublished\":\"2025-01-16T11:33:57+00:00\",\"dateModified\":\"2025-01-16T11:33:58+00:00\",\"breadcrumb\":{\"@id\":\"https:\/\/aem.hr\/goran-stimec-varazdinski-otpad-20-godina-ekoloske-politicke-i-pravosudne-krize\/#breadcrumb\"},\"inLanguage\":\"en-US\",\"potentialAction\":[{\"@type\":\"ReadAction\",\"target\":[\"https:\/\/aem.hr\/goran-stimec-varazdinski-otpad-20-godina-ekoloske-politicke-i-pravosudne-krize\/\"]}]},{\"@type\":\"BreadcrumbList\",\"@id\":\"https:\/\/aem.hr\/goran-stimec-varazdinski-otpad-20-godina-ekoloske-politicke-i-pravosudne-krize\/#breadcrumb\",\"itemListElement\":[{\"@type\":\"ListItem\",\"position\":1,\"name\":\"Po\u010detna stranica\",\"item\":\"https:\/\/aem.hr\/\"},{\"@type\":\"ListItem\",\"position\":2,\"name\":\"Goran \u0160timec &#8211; Vara\u017edinski otpad &#8211; 20 godina ekolo\u0161ke, politi\u010dke i pravosudne krize\"}]},{\"@type\":\"WebSite\",\"@id\":\"https:\/\/aem.hr\/#website\",\"url\":\"https:\/\/aem.hr\/\",\"name\":\"Agencija za elektroni\u010dke medije\",\"description\":\"\",\"potentialAction\":[{\"@type\":\"SearchAction\",\"target\":{\"@type\":\"EntryPoint\",\"urlTemplate\":\"https:\/\/aem.hr\/?s={search_term_string}\"},\"query-input\":{\"@type\":\"PropertyValueSpecification\",\"valueRequired\":true,\"valueName\":\"search_term_string\"}}],\"inLanguage\":\"en-US\"}]}<\/script>\n<!-- \/ Yoast SEO plugin. -->","yoast_head_json":{"title":"Goran \u0160timec - Vara\u017edinski otpad - 20 godina ekolo\u0161ke, politi\u010dke i pravosudne krize - Agencija za elektroni\u010dke medije","robots":{"index":"index","follow":"follow","max-snippet":"max-snippet:-1","max-image-preview":"max-image-preview:large","max-video-preview":"max-video-preview:-1"},"canonical":"https:\/\/aem.hr\/goran-stimec-varazdinski-otpad-20-godina-ekoloske-politicke-i-pravosudne-krize\/","og_locale":"en_US","og_type":"article","og_title":"Goran \u0160timec - Vara\u017edinski otpad - 20 godina ekolo\u0161ke, politi\u010dke i pravosudne krize - Agencija za elektroni\u010dke medije","og_url":"https:\/\/aem.hr\/goran-stimec-varazdinski-otpad-20-godina-ekoloske-politicke-i-pravosudne-krize\/","og_site_name":"Agencija za elektroni\u010dke medije","article_modified_time":"2025-01-16T11:33:58+00:00","twitter_card":"summary_large_image","twitter_misc":{"Est. reading time":"1 minute"},"schema":{"@context":"https:\/\/schema.org","@graph":[{"@type":"WebPage","@id":"https:\/\/aem.hr\/goran-stimec-varazdinski-otpad-20-godina-ekoloske-politicke-i-pravosudne-krize\/","url":"https:\/\/aem.hr\/goran-stimec-varazdinski-otpad-20-godina-ekoloske-politicke-i-pravosudne-krize\/","name":"Goran \u0160timec - Vara\u017edinski otpad - 20 godina ekolo\u0161ke, politi\u010dke i pravosudne krize - Agencija za elektroni\u010dke medije","isPartOf":{"@id":"https:\/\/aem.hr\/#website"},"datePublished":"2025-01-16T11:33:57+00:00","dateModified":"2025-01-16T11:33:58+00:00","breadcrumb":{"@id":"https:\/\/aem.hr\/goran-stimec-varazdinski-otpad-20-godina-ekoloske-politicke-i-pravosudne-krize\/#breadcrumb"},"inLanguage":"en-US","potentialAction":[{"@type":"ReadAction","target":["https:\/\/aem.hr\/goran-stimec-varazdinski-otpad-20-godina-ekoloske-politicke-i-pravosudne-krize\/"]}]},{"@type":"BreadcrumbList","@id":"https:\/\/aem.hr\/goran-stimec-varazdinski-otpad-20-godina-ekoloske-politicke-i-pravosudne-krize\/#breadcrumb","itemListElement":[{"@type":"ListItem","position":1,"name":"Po\u010detna stranica","item":"https:\/\/aem.hr\/"},{"@type":"ListItem","position":2,"name":"Goran \u0160timec &#8211; Vara\u017edinski otpad &#8211; 20 godina ekolo\u0161ke, politi\u010dke i pravosudne krize"}]},{"@type":"WebSite","@id":"https:\/\/aem.hr\/#website","url":"https:\/\/aem.hr\/","name":"Agencija za elektroni\u010dke medije","description":"","potentialAction":[{"@type":"SearchAction","target":{"@type":"EntryPoint","urlTemplate":"https:\/\/aem.hr\/?s={search_term_string}"},"query-input":{"@type":"PropertyValueSpecification","valueRequired":true,"valueName":"search_term_string"}}],"inLanguage":"en-US"}]}},"coauthors":[],"author_meta":{"author_link":"https:\/\/aem.hr\/en\/blog\/author\/mkirac\/","display_name":"Matko Kirac"},"relative_dates":{"created":"Posted 1 year ago","modified":"Updated 1 year ago"},"absolute_dates":{"created":"Posted on 16. January 2025.","modified":"Updated on 16. January 2025."},"absolute_dates_time":{"created":"Posted on 16. January 2025. 12:33","modified":"Updated on 16. January 2025. 12:33"},"featured_img_caption":"","featured_img":false,"series_order":"","_links":{"self":[{"href":"https:\/\/aem.hr\/en\/wp-json\/wp\/v2\/pages\/18765","targetHints":{"allow":["GET"]}}],"collection":[{"href":"https:\/\/aem.hr\/en\/wp-json\/wp\/v2\/pages"}],"about":[{"href":"https:\/\/aem.hr\/en\/wp-json\/wp\/v2\/types\/page"}],"author":[{"embeddable":true,"href":"https:\/\/aem.hr\/en\/wp-json\/wp\/v2\/users\/18"}],"replies":[{"embeddable":true,"href":"https:\/\/aem.hr\/en\/wp-json\/wp\/v2\/comments?post=18765"}],"version-history":[{"count":1,"href":"https:\/\/aem.hr\/en\/wp-json\/wp\/v2\/pages\/18765\/revisions"}],"predecessor-version":[{"id":18787,"href":"https:\/\/aem.hr\/en\/wp-json\/wp\/v2\/pages\/18765\/revisions\/18787"}],"wp:attachment":[{"href":"https:\/\/aem.hr\/en\/wp-json\/wp\/v2\/media?parent=18765"}],"curies":[{"name":"wp","href":"https:\/\/api.w.org\/{rel}","templated":true}]}}