{"id":18789,"date":"2025-01-16T12:35:15","date_gmt":"2025-01-16T11:35:15","guid":{"rendered":"http:\/\/aem.hr\/?page_id=18789"},"modified":"2025-01-16T12:35:35","modified_gmt":"2025-01-16T11:35:35","slug":"kresimir-pucic-mladi-u-vrtlogu-nasilja-u-digitalnom-svijetu","status":"publish","type":"page","link":"https:\/\/aem.hr\/en\/kresimir-pucic-mladi-u-vrtlogu-nasilja-u-digitalnom-svijetu\/","title":{"rendered":"Kre\u0161imir Pu\u010di\u0107 &#8211; Mladi u vrtlogu nasilja u digitalnom svijetu"},"content":{"rendered":"\n<div class=\"wp-block-file\"><a id=\"wp-block-file--media-a23c4c7f-d5b8-4abb-a459-df75be7d1271\" href=\"https:\/\/aem.hr\/wp-content\/uploads\/2025\/01\/1.-Oprez-Dijete-online_6_11zon.pdf\">1. Oprez! Dijete online!_6_11zon<\/a><a href=\"https:\/\/aem.hr\/wp-content\/uploads\/2025\/01\/1.-Oprez-Dijete-online_6_11zon.pdf\" class=\"wp-block-file__button wp-element-button\" download aria-describedby=\"wp-block-file--media-a23c4c7f-d5b8-4abb-a459-df75be7d1271\">Preuzimanje<\/a><\/div>\n\n\n\n<div class=\"wp-block-file\"><a id=\"wp-block-file--media-376398a4-d156-4c48-af02-aea425c0636c\" href=\"https:\/\/aem.hr\/wp-content\/uploads\/2025\/01\/2.-Porazno-je-sto-djeca-i-mladi-smatraju_7.pdf\">2. Porazno je \u0161to djeca i mladi smatraju_7<\/a><a href=\"https:\/\/aem.hr\/wp-content\/uploads\/2025\/01\/2.-Porazno-je-sto-djeca-i-mladi-smatraju_7.pdf\" class=\"wp-block-file__button wp-element-button\" download aria-describedby=\"wp-block-file--media-376398a4-d156-4c48-af02-aea425c0636c\">Preuzimanje<\/a><\/div>\n\n\n\n<div class=\"wp-block-file\"><a id=\"wp-block-file--media-2ea6b86a-bd7d-48c2-99eb-bebbbb6bedd1\" href=\"https:\/\/aem.hr\/wp-content\/uploads\/2025\/01\/3.-Sexting-nije-nevini-flert_8_11zon.pdf\">3. Sexting nije nevini flert_8_11zon<\/a><a href=\"https:\/\/aem.hr\/wp-content\/uploads\/2025\/01\/3.-Sexting-nije-nevini-flert_8_11zon.pdf\" class=\"wp-block-file__button wp-element-button\" download aria-describedby=\"wp-block-file--media-2ea6b86a-bd7d-48c2-99eb-bebbbb6bedd1\">Preuzimanje<\/a><\/div>\n\n\n\n<div class=\"wp-block-file\"><a id=\"wp-block-file--media-fe61210b-e610-452a-b3ea-24feab0e36ff\" href=\"https:\/\/aem.hr\/wp-content\/uploads\/2025\/01\/4.-Bezopasna-aplikacija-puna-smijeha_9_11zon.pdf\">4. Bezopasna aplikacija puna smijeha_9_11zon<\/a><a href=\"https:\/\/aem.hr\/wp-content\/uploads\/2025\/01\/4.-Bezopasna-aplikacija-puna-smijeha_9_11zon.pdf\" class=\"wp-block-file__button wp-element-button\" download aria-describedby=\"wp-block-file--media-fe61210b-e610-452a-b3ea-24feab0e36ff\">Preuzimanje<\/a><\/div>\n\n\n\n<div class=\"wp-block-file\"><a id=\"wp-block-file--media-72c731e6-99e3-4b36-b207-973f137f81d2\" href=\"https:\/\/aem.hr\/wp-content\/uploads\/2025\/01\/5.-Vecina-pocinitelja-vrsnjackog-nasilja-su-djecaci_10.pdf\">5. Ve\u0107ina po\u010dinitelja vr\u0161nja\u010dkog nasilja su dje\u010daci,_10<\/a><a href=\"https:\/\/aem.hr\/wp-content\/uploads\/2025\/01\/5.-Vecina-pocinitelja-vrsnjackog-nasilja-su-djecaci_10.pdf\" class=\"wp-block-file__button wp-element-button\" download aria-describedby=\"wp-block-file--media-72c731e6-99e3-4b36-b207-973f137f81d2\">Preuzimanje<\/a><\/div>\n\n\n\n<div class=\"wp-block-file\"><a id=\"wp-block-file--media-f43f249b-745c-4673-bf5f-fef5c06d5914\" href=\"https:\/\/aem.hr\/wp-content\/uploads\/2025\/01\/6.-Svake-minute-internetom-se-podijeli-160_1_11zon.pdf\">6. Svake minute internetom se podijeli 160_1_11zon<\/a><a href=\"https:\/\/aem.hr\/wp-content\/uploads\/2025\/01\/6.-Svake-minute-internetom-se-podijeli-160_1_11zon.pdf\" class=\"wp-block-file__button wp-element-button\" download aria-describedby=\"wp-block-file--media-f43f249b-745c-4673-bf5f-fef5c06d5914\">Preuzimanje<\/a><\/div>\n\n\n\n<div class=\"wp-block-file\"><a id=\"wp-block-file--media-7890f282-03db-42f6-bd84-beb1f19196a8\" href=\"https:\/\/aem.hr\/wp-content\/uploads\/2025\/01\/7.-Online-oglasavanje-zvijer-koju-nije-lako-ukrotiti_2.pdf\">7. Online ogla\u0161avanje &#8211; zvijer koju nije lako ukrotiti_2<\/a><a href=\"https:\/\/aem.hr\/wp-content\/uploads\/2025\/01\/7.-Online-oglasavanje-zvijer-koju-nije-lako-ukrotiti_2.pdf\" class=\"wp-block-file__button wp-element-button\" download aria-describedby=\"wp-block-file--media-7890f282-03db-42f6-bd84-beb1f19196a8\">Preuzimanje<\/a><\/div>\n\n\n\n<div class=\"wp-block-file\"><a id=\"wp-block-file--media-07d7245b-21ad-4257-93b8-37572a690b60\" href=\"https:\/\/aem.hr\/wp-content\/uploads\/2025\/01\/8.-Kada-dijete-od-rodenja-raste-uz-medije_3.pdf\">8. Kada dijete od ro\u0111enja raste uz medije_3<\/a><a href=\"https:\/\/aem.hr\/wp-content\/uploads\/2025\/01\/8.-Kada-dijete-od-rodenja-raste-uz-medije_3.pdf\" class=\"wp-block-file__button wp-element-button\" download aria-describedby=\"wp-block-file--media-07d7245b-21ad-4257-93b8-37572a690b60\">Preuzimanje<\/a><\/div>\n\n\n\n<div class=\"wp-block-file\"><a id=\"wp-block-file--media-5eb03baf-28b0-4cd4-a7a4-e1eafc41c141\" href=\"https:\/\/aem.hr\/wp-content\/uploads\/2025\/01\/9.-Trebamo-se-zabrinuti-zbog-sve-brutalnijih_4_11zon.pdf\">9. Trebamo se zabrinuti zbog sve brutalnijih_4_11zon<\/a><a href=\"https:\/\/aem.hr\/wp-content\/uploads\/2025\/01\/9.-Trebamo-se-zabrinuti-zbog-sve-brutalnijih_4_11zon.pdf\" class=\"wp-block-file__button wp-element-button\" download aria-describedby=\"wp-block-file--media-5eb03baf-28b0-4cd4-a7a4-e1eafc41c141\">Preuzimanje<\/a><\/div>\n\n\n\n<div class=\"wp-block-file\"><a id=\"wp-block-file--media-38cd1e75-2101-41eb-8856-797695e0586b\" href=\"https:\/\/aem.hr\/wp-content\/uploads\/2025\/01\/10.-Bijeg-u-virtualni-svijet_5_11zon.pdf\">10. Bijeg u virtualni svijet_5_11zon<\/a><a href=\"https:\/\/aem.hr\/wp-content\/uploads\/2025\/01\/10.-Bijeg-u-virtualni-svijet_5_11zon.pdf\" class=\"wp-block-file__button wp-element-button\" download aria-describedby=\"wp-block-file--media-38cd1e75-2101-41eb-8856-797695e0586b\">Preuzimanje<\/a><\/div>\n\n\n\n<p><\/p>\n","protected":false},"excerpt":{"rendered":"","protected":false},"author":18,"featured_media":0,"parent":0,"menu_order":0,"comment_status":"closed","ping_status":"closed","template":"","meta":{"_acf_changed":false,"inline_featured_image":false,"advgb_blocks_editor_width":"","advgb_blocks_columns_visual_guide":"","_links_to":"","_links_to_type":0,"footnotes":""},"class_list":["post-18789","page","type-page","status-publish","hentry"],"acf":[],"yoast_head":"<!-- This site is optimized with the Yoast SEO plugin v25.7 - https:\/\/yoast.com\/wordpress\/plugins\/seo\/ -->\n<title>Kre\u0161imir Pu\u010di\u0107 - Mladi u vrtlogu nasilja u digitalnom svijetu - Agencija za elektroni\u010dke medije<\/title>\n<meta name=\"robots\" content=\"index, follow, max-snippet:-1, max-image-preview:large, max-video-preview:-1\" \/>\n<link rel=\"canonical\" href=\"https:\/\/aem.hr\/kresimir-pucic-mladi-u-vrtlogu-nasilja-u-digitalnom-svijetu\/\" \/>\n<meta property=\"og:locale\" content=\"en_US\" \/>\n<meta property=\"og:type\" content=\"article\" \/>\n<meta property=\"og:title\" content=\"Kre\u0161imir Pu\u010di\u0107 - Mladi u vrtlogu nasilja u digitalnom svijetu - Agencija za elektroni\u010dke medije\" \/>\n<meta property=\"og:url\" content=\"https:\/\/aem.hr\/kresimir-pucic-mladi-u-vrtlogu-nasilja-u-digitalnom-svijetu\/\" \/>\n<meta property=\"og:site_name\" content=\"Agencija za elektroni\u010dke medije\" \/>\n<meta property=\"article:modified_time\" content=\"2025-01-16T11:35:35+00:00\" \/>\n<meta name=\"twitter:card\" content=\"summary_large_image\" \/>\n<meta name=\"twitter:label1\" content=\"Est. reading time\" \/>\n\t<meta name=\"twitter:data1\" content=\"1 minute\" \/>\n<script type=\"application\/ld+json\" class=\"yoast-schema-graph\">{\"@context\":\"https:\/\/schema.org\",\"@graph\":[{\"@type\":\"WebPage\",\"@id\":\"https:\/\/aem.hr\/kresimir-pucic-mladi-u-vrtlogu-nasilja-u-digitalnom-svijetu\/\",\"url\":\"https:\/\/aem.hr\/kresimir-pucic-mladi-u-vrtlogu-nasilja-u-digitalnom-svijetu\/\",\"name\":\"Kre\u0161imir Pu\u010di\u0107 - Mladi u vrtlogu nasilja u digitalnom svijetu - Agencija za elektroni\u010dke medije\",\"isPartOf\":{\"@id\":\"https:\/\/aem.hr\/#website\"},\"datePublished\":\"2025-01-16T11:35:15+00:00\",\"dateModified\":\"2025-01-16T11:35:35+00:00\",\"breadcrumb\":{\"@id\":\"https:\/\/aem.hr\/kresimir-pucic-mladi-u-vrtlogu-nasilja-u-digitalnom-svijetu\/#breadcrumb\"},\"inLanguage\":\"en-US\",\"potentialAction\":[{\"@type\":\"ReadAction\",\"target\":[\"https:\/\/aem.hr\/kresimir-pucic-mladi-u-vrtlogu-nasilja-u-digitalnom-svijetu\/\"]}]},{\"@type\":\"BreadcrumbList\",\"@id\":\"https:\/\/aem.hr\/kresimir-pucic-mladi-u-vrtlogu-nasilja-u-digitalnom-svijetu\/#breadcrumb\",\"itemListElement\":[{\"@type\":\"ListItem\",\"position\":1,\"name\":\"Po\u010detna stranica\",\"item\":\"https:\/\/aem.hr\/\"},{\"@type\":\"ListItem\",\"position\":2,\"name\":\"Kre\u0161imir Pu\u010di\u0107 &#8211; Mladi u vrtlogu nasilja u digitalnom svijetu\"}]},{\"@type\":\"WebSite\",\"@id\":\"https:\/\/aem.hr\/#website\",\"url\":\"https:\/\/aem.hr\/\",\"name\":\"Agencija za elektroni\u010dke medije\",\"description\":\"\",\"potentialAction\":[{\"@type\":\"SearchAction\",\"target\":{\"@type\":\"EntryPoint\",\"urlTemplate\":\"https:\/\/aem.hr\/?s={search_term_string}\"},\"query-input\":{\"@type\":\"PropertyValueSpecification\",\"valueRequired\":true,\"valueName\":\"search_term_string\"}}],\"inLanguage\":\"en-US\"}]}<\/script>\n<!-- \/ Yoast SEO plugin. -->","yoast_head_json":{"title":"Kre\u0161imir Pu\u010di\u0107 - Mladi u vrtlogu nasilja u digitalnom svijetu - Agencija za elektroni\u010dke medije","robots":{"index":"index","follow":"follow","max-snippet":"max-snippet:-1","max-image-preview":"max-image-preview:large","max-video-preview":"max-video-preview:-1"},"canonical":"https:\/\/aem.hr\/kresimir-pucic-mladi-u-vrtlogu-nasilja-u-digitalnom-svijetu\/","og_locale":"en_US","og_type":"article","og_title":"Kre\u0161imir Pu\u010di\u0107 - Mladi u vrtlogu nasilja u digitalnom svijetu - Agencija za elektroni\u010dke medije","og_url":"https:\/\/aem.hr\/kresimir-pucic-mladi-u-vrtlogu-nasilja-u-digitalnom-svijetu\/","og_site_name":"Agencija za elektroni\u010dke medije","article_modified_time":"2025-01-16T11:35:35+00:00","twitter_card":"summary_large_image","twitter_misc":{"Est. reading time":"1 minute"},"schema":{"@context":"https:\/\/schema.org","@graph":[{"@type":"WebPage","@id":"https:\/\/aem.hr\/kresimir-pucic-mladi-u-vrtlogu-nasilja-u-digitalnom-svijetu\/","url":"https:\/\/aem.hr\/kresimir-pucic-mladi-u-vrtlogu-nasilja-u-digitalnom-svijetu\/","name":"Kre\u0161imir Pu\u010di\u0107 - Mladi u vrtlogu nasilja u digitalnom svijetu - Agencija za elektroni\u010dke medije","isPartOf":{"@id":"https:\/\/aem.hr\/#website"},"datePublished":"2025-01-16T11:35:15+00:00","dateModified":"2025-01-16T11:35:35+00:00","breadcrumb":{"@id":"https:\/\/aem.hr\/kresimir-pucic-mladi-u-vrtlogu-nasilja-u-digitalnom-svijetu\/#breadcrumb"},"inLanguage":"en-US","potentialAction":[{"@type":"ReadAction","target":["https:\/\/aem.hr\/kresimir-pucic-mladi-u-vrtlogu-nasilja-u-digitalnom-svijetu\/"]}]},{"@type":"BreadcrumbList","@id":"https:\/\/aem.hr\/kresimir-pucic-mladi-u-vrtlogu-nasilja-u-digitalnom-svijetu\/#breadcrumb","itemListElement":[{"@type":"ListItem","position":1,"name":"Po\u010detna stranica","item":"https:\/\/aem.hr\/"},{"@type":"ListItem","position":2,"name":"Kre\u0161imir Pu\u010di\u0107 &#8211; Mladi u vrtlogu nasilja u digitalnom svijetu"}]},{"@type":"WebSite","@id":"https:\/\/aem.hr\/#website","url":"https:\/\/aem.hr\/","name":"Agencija za elektroni\u010dke medije","description":"","potentialAction":[{"@type":"SearchAction","target":{"@type":"EntryPoint","urlTemplate":"https:\/\/aem.hr\/?s={search_term_string}"},"query-input":{"@type":"PropertyValueSpecification","valueRequired":true,"valueName":"search_term_string"}}],"inLanguage":"en-US"}]}},"coauthors":[],"author_meta":{"author_link":"https:\/\/aem.hr\/en\/blog\/author\/mkirac\/","display_name":"Matko Kirac"},"relative_dates":{"created":"Posted 1 year ago","modified":"Updated 1 year ago"},"absolute_dates":{"created":"Posted on 16. January 2025.","modified":"Updated on 16. January 2025."},"absolute_dates_time":{"created":"Posted on 16. January 2025. 12:35","modified":"Updated on 16. January 2025. 12:35"},"featured_img_caption":"","featured_img":false,"series_order":"","_links":{"self":[{"href":"https:\/\/aem.hr\/en\/wp-json\/wp\/v2\/pages\/18789","targetHints":{"allow":["GET"]}}],"collection":[{"href":"https:\/\/aem.hr\/en\/wp-json\/wp\/v2\/pages"}],"about":[{"href":"https:\/\/aem.hr\/en\/wp-json\/wp\/v2\/types\/page"}],"author":[{"embeddable":true,"href":"https:\/\/aem.hr\/en\/wp-json\/wp\/v2\/users\/18"}],"replies":[{"embeddable":true,"href":"https:\/\/aem.hr\/en\/wp-json\/wp\/v2\/comments?post=18789"}],"version-history":[{"count":2,"href":"https:\/\/aem.hr\/en\/wp-json\/wp\/v2\/pages\/18789\/revisions"}],"predecessor-version":[{"id":18813,"href":"https:\/\/aem.hr\/en\/wp-json\/wp\/v2\/pages\/18789\/revisions\/18813"}],"wp:attachment":[{"href":"https:\/\/aem.hr\/en\/wp-json\/wp\/v2\/media?parent=18789"}],"curies":[{"name":"wp","href":"https:\/\/api.w.org\/{rel}","templated":true}]}}