{"id":18814,"date":"2025-01-16T12:36:57","date_gmt":"2025-01-16T11:36:57","guid":{"rendered":"http:\/\/aem.hr\/?page_id=18814"},"modified":"2025-01-16T12:36:58","modified_gmt":"2025-01-16T11:36:58","slug":"zdenko-duka-sloboda-medija-u-rh-im-li-je-premalo-ili-bas-taman","status":"publish","type":"page","link":"https:\/\/aem.hr\/en\/zdenko-duka-sloboda-medija-u-rh-im-li-je-premalo-ili-bas-taman\/","title":{"rendered":"Zdenko Duka &#8211; Sloboda medija u Rh &#8211; im li je premalo ili ba\u0161 taman?"},"content":{"rendered":"\n<div class=\"wp-block-file\"><a id=\"wp-block-file--media-45a49851-1891-4ff1-ae3c-8e2fa5be04fd\" href=\"https:\/\/aem.hr\/wp-content\/uploads\/2025\/01\/1.-EUTANAZIJA-NOVINARSTVA_-Mediji-pod-dirigentskom-palicom-HDZ-a.pdf\">1. EUTANAZIJA NOVINARSTVA_ Mediji pod dirigentskom palicom HDZ-a<\/a><a href=\"https:\/\/aem.hr\/wp-content\/uploads\/2025\/01\/1.-EUTANAZIJA-NOVINARSTVA_-Mediji-pod-dirigentskom-palicom-HDZ-a.pdf\" class=\"wp-block-file__button wp-element-button\" download aria-describedby=\"wp-block-file--media-45a49851-1891-4ff1-ae3c-8e2fa5be04fd\">Preuzimanje<\/a><\/div>\n\n\n\n<div class=\"wp-block-file\"><a id=\"wp-block-file--media-4fe43a77-3cb9-44c1-a936-215cb9e988d9\" href=\"https:\/\/aem.hr\/wp-content\/uploads\/2025\/01\/2.-KOME-STETI-\u201ePREVISE-SLOBODE-MEDIJA_-\u201eSvaki-novinar-se-u-zivotu-suocio-sa-zabranom.pdf\">2. KOME \u0160TETI \u201ePREVI\u0160E\u201c SLOBODE MEDIJA_ \u201eSvaki novinar se u \u017eivotu suo\u010dio sa zabranom\u201c<\/a><a href=\"https:\/\/aem.hr\/wp-content\/uploads\/2025\/01\/2.-KOME-STETI-\u201ePREVISE-SLOBODE-MEDIJA_-\u201eSvaki-novinar-se-u-zivotu-suocio-sa-zabranom.pdf\" class=\"wp-block-file__button wp-element-button\" download aria-describedby=\"wp-block-file--media-4fe43a77-3cb9-44c1-a936-215cb9e988d9\">Preuzimanje<\/a><\/div>\n\n\n\n<div class=\"wp-block-file\"><a id=\"wp-block-file--media-03fc1eab-5b92-4b8e-86b2-23f24acbf07a\" href=\"https:\/\/aem.hr\/wp-content\/uploads\/2025\/01\/3.-NAJVECE-BOLJKE-DOMACEG-NOVINARSTVA_-Senzacionalizam-politicki-vlastodrsci-i-veliki-oglasivaci.pdf\">3. NAJVE\u0106E BOLJKE DOMA\u0106EG NOVINARSTVA_ Senzacionalizam, politi\u010dki vlastodr\u0161ci i veliki ogla\u0161iva\u010di<\/a><a href=\"https:\/\/aem.hr\/wp-content\/uploads\/2025\/01\/3.-NAJVECE-BOLJKE-DOMACEG-NOVINARSTVA_-Senzacionalizam-politicki-vlastodrsci-i-veliki-oglasivaci.pdf\" class=\"wp-block-file__button wp-element-button\" download aria-describedby=\"wp-block-file--media-03fc1eab-5b92-4b8e-86b2-23f24acbf07a\">Preuzimanje<\/a><\/div>\n\n\n\n<div class=\"wp-block-file\"><a id=\"wp-block-file--media-f52cfaf4-0c59-4f88-b28d-e2f4211295be\" href=\"https:\/\/aem.hr\/wp-content\/uploads\/2025\/01\/4.-HRVATSKA-RADIOTELEVIZIJA_-Proslost-sadasnjost-ili-buducnost.pdf\">4. HRVATSKA RADIOTELEVIZIJA_ Pro\u0161lost, sada\u0161njost ili budu\u0107nost<\/a><a href=\"https:\/\/aem.hr\/wp-content\/uploads\/2025\/01\/4.-HRVATSKA-RADIOTELEVIZIJA_-Proslost-sadasnjost-ili-buducnost.pdf\" class=\"wp-block-file__button wp-element-button\" download aria-describedby=\"wp-block-file--media-f52cfaf4-0c59-4f88-b28d-e2f4211295be\">Preuzimanje<\/a><\/div>\n\n\n\n<div class=\"wp-block-file\"><a id=\"wp-block-file--media-bd095bf9-c273-4dad-a8ba-ef8ca3a7bee8\" href=\"https:\/\/aem.hr\/wp-content\/uploads\/2025\/01\/5.-USKOPLJAVANJE-MEDIJA_-Premijeru-cemu-onda-novinarstvo.pdf\">5. U\u0160KOPLJAVANJE MEDIJA_ Premijeru, \u010demu onda novinarstvo<\/a><a href=\"https:\/\/aem.hr\/wp-content\/uploads\/2025\/01\/5.-USKOPLJAVANJE-MEDIJA_-Premijeru-cemu-onda-novinarstvo.pdf\" class=\"wp-block-file__button wp-element-button\" download aria-describedby=\"wp-block-file--media-bd095bf9-c273-4dad-a8ba-ef8ca3a7bee8\">Preuzimanje<\/a><\/div>\n\n\n\n<div class=\"wp-block-file\"><a id=\"wp-block-file--media-ecb35a5b-bebe-4a2d-9c65-151159147fee\" href=\"https:\/\/aem.hr\/wp-content\/uploads\/2025\/01\/6.-TUZBE-KAO-PORUKA-NOVINARIMA_-Pametnije-je-ne-\u201etalasati.pdf\">6. TU\u017dBE KAO PORUKA NOVINARIMA_ Pametnije je ne \u201etalasati<\/a><a href=\"https:\/\/aem.hr\/wp-content\/uploads\/2025\/01\/6.-TUZBE-KAO-PORUKA-NOVINARIMA_-Pametnije-je-ne-\u201etalasati.pdf\" class=\"wp-block-file__button wp-element-button\" download aria-describedby=\"wp-block-file--media-ecb35a5b-bebe-4a2d-9c65-151159147fee\">Preuzimanje<\/a><\/div>\n\n\n\n<p><\/p>\n","protected":false},"excerpt":{"rendered":"","protected":false},"author":18,"featured_media":0,"parent":0,"menu_order":0,"comment_status":"closed","ping_status":"closed","template":"","meta":{"_acf_changed":false,"inline_featured_image":false,"advgb_blocks_editor_width":"","advgb_blocks_columns_visual_guide":"","_links_to":"","_links_to_type":0,"footnotes":""},"class_list":["post-18814","page","type-page","status-publish","hentry"],"acf":[],"yoast_head":"<!-- This site is optimized with the Yoast SEO plugin v25.7 - https:\/\/yoast.com\/wordpress\/plugins\/seo\/ -->\n<title>Zdenko Duka - Sloboda medija u Rh - im li je premalo ili ba\u0161 taman? - Agencija za elektroni\u010dke medije<\/title>\n<meta name=\"robots\" content=\"index, follow, max-snippet:-1, max-image-preview:large, max-video-preview:-1\" \/>\n<link rel=\"canonical\" href=\"https:\/\/aem.hr\/zdenko-duka-sloboda-medija-u-rh-im-li-je-premalo-ili-bas-taman\/\" \/>\n<meta property=\"og:locale\" content=\"en_US\" \/>\n<meta property=\"og:type\" content=\"article\" \/>\n<meta property=\"og:title\" content=\"Zdenko Duka - Sloboda medija u Rh - im li je premalo ili ba\u0161 taman? - Agencija za elektroni\u010dke medije\" \/>\n<meta property=\"og:url\" content=\"https:\/\/aem.hr\/zdenko-duka-sloboda-medija-u-rh-im-li-je-premalo-ili-bas-taman\/\" \/>\n<meta property=\"og:site_name\" content=\"Agencija za elektroni\u010dke medije\" \/>\n<meta property=\"article:modified_time\" content=\"2025-01-16T11:36:58+00:00\" \/>\n<meta name=\"twitter:card\" content=\"summary_large_image\" \/>\n<meta name=\"twitter:label1\" content=\"Est. reading time\" \/>\n\t<meta name=\"twitter:data1\" content=\"1 minute\" \/>\n<script type=\"application\/ld+json\" class=\"yoast-schema-graph\">{\"@context\":\"https:\/\/schema.org\",\"@graph\":[{\"@type\":\"WebPage\",\"@id\":\"https:\/\/aem.hr\/zdenko-duka-sloboda-medija-u-rh-im-li-je-premalo-ili-bas-taman\/\",\"url\":\"https:\/\/aem.hr\/zdenko-duka-sloboda-medija-u-rh-im-li-je-premalo-ili-bas-taman\/\",\"name\":\"Zdenko Duka - Sloboda medija u Rh - im li je premalo ili ba\u0161 taman? - Agencija za elektroni\u010dke medije\",\"isPartOf\":{\"@id\":\"https:\/\/aem.hr\/#website\"},\"datePublished\":\"2025-01-16T11:36:57+00:00\",\"dateModified\":\"2025-01-16T11:36:58+00:00\",\"breadcrumb\":{\"@id\":\"https:\/\/aem.hr\/zdenko-duka-sloboda-medija-u-rh-im-li-je-premalo-ili-bas-taman\/#breadcrumb\"},\"inLanguage\":\"en-US\",\"potentialAction\":[{\"@type\":\"ReadAction\",\"target\":[\"https:\/\/aem.hr\/zdenko-duka-sloboda-medija-u-rh-im-li-je-premalo-ili-bas-taman\/\"]}]},{\"@type\":\"BreadcrumbList\",\"@id\":\"https:\/\/aem.hr\/zdenko-duka-sloboda-medija-u-rh-im-li-je-premalo-ili-bas-taman\/#breadcrumb\",\"itemListElement\":[{\"@type\":\"ListItem\",\"position\":1,\"name\":\"Po\u010detna stranica\",\"item\":\"https:\/\/aem.hr\/\"},{\"@type\":\"ListItem\",\"position\":2,\"name\":\"Zdenko Duka &#8211; Sloboda medija u Rh &#8211; im li je premalo ili ba\u0161 taman?\"}]},{\"@type\":\"WebSite\",\"@id\":\"https:\/\/aem.hr\/#website\",\"url\":\"https:\/\/aem.hr\/\",\"name\":\"Agencija za elektroni\u010dke medije\",\"description\":\"\",\"potentialAction\":[{\"@type\":\"SearchAction\",\"target\":{\"@type\":\"EntryPoint\",\"urlTemplate\":\"https:\/\/aem.hr\/?s={search_term_string}\"},\"query-input\":{\"@type\":\"PropertyValueSpecification\",\"valueRequired\":true,\"valueName\":\"search_term_string\"}}],\"inLanguage\":\"en-US\"}]}<\/script>\n<!-- \/ Yoast SEO plugin. -->","yoast_head_json":{"title":"Zdenko Duka - Sloboda medija u Rh - im li je premalo ili ba\u0161 taman? - Agencija za elektroni\u010dke medije","robots":{"index":"index","follow":"follow","max-snippet":"max-snippet:-1","max-image-preview":"max-image-preview:large","max-video-preview":"max-video-preview:-1"},"canonical":"https:\/\/aem.hr\/zdenko-duka-sloboda-medija-u-rh-im-li-je-premalo-ili-bas-taman\/","og_locale":"en_US","og_type":"article","og_title":"Zdenko Duka - Sloboda medija u Rh - im li je premalo ili ba\u0161 taman? - Agencija za elektroni\u010dke medije","og_url":"https:\/\/aem.hr\/zdenko-duka-sloboda-medija-u-rh-im-li-je-premalo-ili-bas-taman\/","og_site_name":"Agencija za elektroni\u010dke medije","article_modified_time":"2025-01-16T11:36:58+00:00","twitter_card":"summary_large_image","twitter_misc":{"Est. reading time":"1 minute"},"schema":{"@context":"https:\/\/schema.org","@graph":[{"@type":"WebPage","@id":"https:\/\/aem.hr\/zdenko-duka-sloboda-medija-u-rh-im-li-je-premalo-ili-bas-taman\/","url":"https:\/\/aem.hr\/zdenko-duka-sloboda-medija-u-rh-im-li-je-premalo-ili-bas-taman\/","name":"Zdenko Duka - Sloboda medija u Rh - im li je premalo ili ba\u0161 taman? - Agencija za elektroni\u010dke medije","isPartOf":{"@id":"https:\/\/aem.hr\/#website"},"datePublished":"2025-01-16T11:36:57+00:00","dateModified":"2025-01-16T11:36:58+00:00","breadcrumb":{"@id":"https:\/\/aem.hr\/zdenko-duka-sloboda-medija-u-rh-im-li-je-premalo-ili-bas-taman\/#breadcrumb"},"inLanguage":"en-US","potentialAction":[{"@type":"ReadAction","target":["https:\/\/aem.hr\/zdenko-duka-sloboda-medija-u-rh-im-li-je-premalo-ili-bas-taman\/"]}]},{"@type":"BreadcrumbList","@id":"https:\/\/aem.hr\/zdenko-duka-sloboda-medija-u-rh-im-li-je-premalo-ili-bas-taman\/#breadcrumb","itemListElement":[{"@type":"ListItem","position":1,"name":"Po\u010detna stranica","item":"https:\/\/aem.hr\/"},{"@type":"ListItem","position":2,"name":"Zdenko Duka &#8211; Sloboda medija u Rh &#8211; im li je premalo ili ba\u0161 taman?"}]},{"@type":"WebSite","@id":"https:\/\/aem.hr\/#website","url":"https:\/\/aem.hr\/","name":"Agencija za elektroni\u010dke medije","description":"","potentialAction":[{"@type":"SearchAction","target":{"@type":"EntryPoint","urlTemplate":"https:\/\/aem.hr\/?s={search_term_string}"},"query-input":{"@type":"PropertyValueSpecification","valueRequired":true,"valueName":"search_term_string"}}],"inLanguage":"en-US"}]}},"coauthors":[],"author_meta":{"author_link":"https:\/\/aem.hr\/en\/blog\/author\/mkirac\/","display_name":"Matko Kirac"},"relative_dates":{"created":"Posted 1 year ago","modified":"Updated 1 year ago"},"absolute_dates":{"created":"Posted on 16. January 2025.","modified":"Updated on 16. January 2025."},"absolute_dates_time":{"created":"Posted on 16. January 2025. 12:36","modified":"Updated on 16. January 2025. 12:36"},"featured_img_caption":"","featured_img":false,"series_order":"","_links":{"self":[{"href":"https:\/\/aem.hr\/en\/wp-json\/wp\/v2\/pages\/18814","targetHints":{"allow":["GET"]}}],"collection":[{"href":"https:\/\/aem.hr\/en\/wp-json\/wp\/v2\/pages"}],"about":[{"href":"https:\/\/aem.hr\/en\/wp-json\/wp\/v2\/types\/page"}],"author":[{"embeddable":true,"href":"https:\/\/aem.hr\/en\/wp-json\/wp\/v2\/users\/18"}],"replies":[{"embeddable":true,"href":"https:\/\/aem.hr\/en\/wp-json\/wp\/v2\/comments?post=18814"}],"version-history":[{"count":1,"href":"https:\/\/aem.hr\/en\/wp-json\/wp\/v2\/pages\/18814\/revisions"}],"predecessor-version":[{"id":18828,"href":"https:\/\/aem.hr\/en\/wp-json\/wp\/v2\/pages\/18814\/revisions\/18828"}],"wp:attachment":[{"href":"https:\/\/aem.hr\/en\/wp-json\/wp\/v2\/media?parent=18814"}],"curies":[{"name":"wp","href":"https:\/\/api.w.org\/{rel}","templated":true}]}}