{"id":18847,"date":"2025-01-16T12:41:28","date_gmt":"2025-01-16T11:41:28","guid":{"rendered":"http:\/\/aem.hr\/?page_id=18847"},"modified":"2025-01-16T12:41:29","modified_gmt":"2025-01-16T11:41:29","slug":"damir-kopljar-pogled-iz-juzne-amerike-zasto-juznoamericki-hrvati-dolaze-studirati-u-hrvatsku","status":"publish","type":"page","link":"https:\/\/aem.hr\/en\/damir-kopljar-pogled-iz-juzne-amerike-zasto-juznoamericki-hrvati-dolaze-studirati-u-hrvatsku\/","title":{"rendered":"Damir Kopljar &#8211; Pogled iz Ju\u017ene Amerike &#8211; za\u0161to ju\u017enoameri\u010dki Hrvati dolaze studirati u Hrvatsku?"},"content":{"rendered":"\n<div class=\"wp-block-file\"><a id=\"wp-block-file--media-1e6596c3-bbb4-4f0c-a219-fc2a7bc1054f\" href=\"https:\/\/aem.hr\/wp-content\/uploads\/2025\/01\/1.-Upoznajte-Mirka-Pincetica.pdf\">1. Upoznajte Mirka Pinceti\u0107a<\/a><a href=\"https:\/\/aem.hr\/wp-content\/uploads\/2025\/01\/1.-Upoznajte-Mirka-Pincetica.pdf\" class=\"wp-block-file__button wp-element-button\" download aria-describedby=\"wp-block-file--media-1e6596c3-bbb4-4f0c-a219-fc2a7bc1054f\">Preuzimanje<\/a><\/div>\n\n\n\n<div class=\"wp-block-file\"><a id=\"wp-block-file--media-14c3ff5e-b76a-45c6-a412-36172230cdcc\" href=\"https:\/\/aem.hr\/wp-content\/uploads\/2025\/01\/2.-Upoznajte-Micaelu-Jijena-Sanchez.pdf\">2. Upoznajte Micaelu Jijena Sanchez<\/a><a href=\"https:\/\/aem.hr\/wp-content\/uploads\/2025\/01\/2.-Upoznajte-Micaelu-Jijena-Sanchez.pdf\" class=\"wp-block-file__button wp-element-button\" download aria-describedby=\"wp-block-file--media-14c3ff5e-b76a-45c6-a412-36172230cdcc\">Preuzimanje<\/a><\/div>\n\n\n\n<div class=\"wp-block-file\"><a id=\"wp-block-file--media-d74f2e17-c55e-4362-bfe7-564225294d55\" href=\"https:\/\/aem.hr\/wp-content\/uploads\/2025\/01\/3.-Upoznajte-Macarenu-Santana.pdf\">3. Upoznajte Macarenu Santana<\/a><a href=\"https:\/\/aem.hr\/wp-content\/uploads\/2025\/01\/3.-Upoznajte-Macarenu-Santana.pdf\" class=\"wp-block-file__button wp-element-button\" download aria-describedby=\"wp-block-file--media-d74f2e17-c55e-4362-bfe7-564225294d55\">Preuzimanje<\/a><\/div>\n\n\n\n<div class=\"wp-block-file\"><a id=\"wp-block-file--media-193d91fb-eebc-4178-8add-f587f563c0fb\" href=\"https:\/\/aem.hr\/wp-content\/uploads\/2025\/01\/4.-Upoznajte-Nazarenu-Mendoza-Joy.pdf\">4. Upoznajte Nazarenu Mendoza Joy<\/a><a href=\"https:\/\/aem.hr\/wp-content\/uploads\/2025\/01\/4.-Upoznajte-Nazarenu-Mendoza-Joy.pdf\" class=\"wp-block-file__button wp-element-button\" download aria-describedby=\"wp-block-file--media-193d91fb-eebc-4178-8add-f587f563c0fb\">Preuzimanje<\/a><\/div>\n\n\n\n<div class=\"wp-block-file\"><a id=\"wp-block-file--media-8adff49a-1f20-4491-bc0b-e7b46eb49f2a\" href=\"https:\/\/aem.hr\/wp-content\/uploads\/2025\/01\/5.-Hrvatsku-se-na-jednaki-nacin-voli-od-Njemacke.pdf\">5. Hrvatsku se na jednaki na\u010din voli od Njema\u010dke<\/a><a href=\"https:\/\/aem.hr\/wp-content\/uploads\/2025\/01\/5.-Hrvatsku-se-na-jednaki-nacin-voli-od-Njemacke.pdf\" class=\"wp-block-file__button wp-element-button\" download aria-describedby=\"wp-block-file--media-8adff49a-1f20-4491-bc0b-e7b46eb49f2a\">Preuzimanje<\/a><\/div>\n\n\n\n<div class=\"wp-block-file\"><a id=\"wp-block-file--media-55f78479-108c-4822-9051-b92fc61214c8\" href=\"https:\/\/aem.hr\/wp-content\/uploads\/2025\/01\/6.-Integracija-hrvatske-dijaspore.pdf\">6. Integracija hrvatske dijaspore<\/a><a href=\"https:\/\/aem.hr\/wp-content\/uploads\/2025\/01\/6.-Integracija-hrvatske-dijaspore.pdf\" class=\"wp-block-file__button wp-element-button\" download aria-describedby=\"wp-block-file--media-55f78479-108c-4822-9051-b92fc61214c8\">Preuzimanje<\/a><\/div>\n\n\n\n<div class=\"wp-block-file\"><a id=\"wp-block-file--media-46373cb5-78bc-4406-ac82-6cc46b6af3d2\" href=\"https:\/\/aem.hr\/wp-content\/uploads\/2025\/01\/7.-Razlozi-iseljavanja-u-Juznu-Ameriku-1.pdf\">7. Razlozi iseljavanja u Ju\u017enu Ameriku 1<\/a><a href=\"https:\/\/aem.hr\/wp-content\/uploads\/2025\/01\/7.-Razlozi-iseljavanja-u-Juznu-Ameriku-1.pdf\" class=\"wp-block-file__button wp-element-button\" download aria-describedby=\"wp-block-file--media-46373cb5-78bc-4406-ac82-6cc46b6af3d2\">Preuzimanje<\/a><\/div>\n\n\n\n<div class=\"wp-block-file\"><a id=\"wp-block-file--media-9c13d167-da78-4b7d-a8db-12c634417673\" href=\"https:\/\/aem.hr\/wp-content\/uploads\/2025\/01\/8.-Razlozi-iseljavanja-u-Juznu-Ameriku-2.pdf\">8. Razlozi iseljavanja u Ju\u017enu Ameriku 2<\/a><a href=\"https:\/\/aem.hr\/wp-content\/uploads\/2025\/01\/8.-Razlozi-iseljavanja-u-Juznu-Ameriku-2.pdf\" class=\"wp-block-file__button wp-element-button\" download aria-describedby=\"wp-block-file--media-9c13d167-da78-4b7d-a8db-12c634417673\">Preuzimanje<\/a><\/div>\n\n\n\n<div class=\"wp-block-file\"><a id=\"wp-block-file--media-d7dd3f4e-d96f-4a5d-8cf1-e2a3ec94bf1f\" href=\"https:\/\/aem.hr\/wp-content\/uploads\/2025\/01\/9.-Zivot-iseljenika-u-Juznoj-Americi-prvi-dio.pdf\">9. \u017divot iseljenika u Ju\u017enoj Americi (prvi dio)<\/a><a href=\"https:\/\/aem.hr\/wp-content\/uploads\/2025\/01\/9.-Zivot-iseljenika-u-Juznoj-Americi-prvi-dio.pdf\" class=\"wp-block-file__button wp-element-button\" download aria-describedby=\"wp-block-file--media-d7dd3f4e-d96f-4a5d-8cf1-e2a3ec94bf1f\">Preuzimanje<\/a><\/div>\n\n\n\n<div class=\"wp-block-file\"><a id=\"wp-block-file--media-9008f24e-34f4-43bf-b31a-09368cd48bfa\" href=\"https:\/\/aem.hr\/wp-content\/uploads\/2025\/01\/10.-Zivot-iseljenika-u-Juznoj-Americi-drugi-dio.pdf\">10.  \u017divot iseljenika u Ju\u017enoj Americi (drugi dio)<\/a><a href=\"https:\/\/aem.hr\/wp-content\/uploads\/2025\/01\/10.-Zivot-iseljenika-u-Juznoj-Americi-drugi-dio.pdf\" class=\"wp-block-file__button wp-element-button\" download aria-describedby=\"wp-block-file--media-9008f24e-34f4-43bf-b31a-09368cd48bfa\">Preuzimanje<\/a><\/div>\n","protected":false},"excerpt":{"rendered":"","protected":false},"author":18,"featured_media":0,"parent":0,"menu_order":0,"comment_status":"closed","ping_status":"closed","template":"","meta":{"_acf_changed":false,"inline_featured_image":false,"advgb_blocks_editor_width":"","advgb_blocks_columns_visual_guide":"","_links_to":"","_links_to_type":0,"footnotes":""},"class_list":["post-18847","page","type-page","status-publish","hentry"],"acf":[],"yoast_head":"<!-- This site is optimized with the Yoast SEO plugin v25.7 - https:\/\/yoast.com\/wordpress\/plugins\/seo\/ -->\n<title>Damir Kopljar - Pogled iz Ju\u017ene Amerike - za\u0161to ju\u017enoameri\u010dki Hrvati dolaze studirati u Hrvatsku? - Agencija za elektroni\u010dke medije<\/title>\n<meta name=\"robots\" content=\"index, follow, max-snippet:-1, max-image-preview:large, max-video-preview:-1\" \/>\n<link rel=\"canonical\" href=\"https:\/\/aem.hr\/damir-kopljar-pogled-iz-juzne-amerike-zasto-juznoamericki-hrvati-dolaze-studirati-u-hrvatsku\/\" \/>\n<meta property=\"og:locale\" content=\"en_US\" \/>\n<meta property=\"og:type\" content=\"article\" \/>\n<meta property=\"og:title\" content=\"Damir Kopljar - Pogled iz Ju\u017ene Amerike - za\u0161to ju\u017enoameri\u010dki Hrvati dolaze studirati u Hrvatsku? - Agencija za elektroni\u010dke medije\" \/>\n<meta property=\"og:url\" content=\"https:\/\/aem.hr\/damir-kopljar-pogled-iz-juzne-amerike-zasto-juznoamericki-hrvati-dolaze-studirati-u-hrvatsku\/\" \/>\n<meta property=\"og:site_name\" content=\"Agencija za elektroni\u010dke medije\" \/>\n<meta property=\"article:modified_time\" content=\"2025-01-16T11:41:29+00:00\" \/>\n<meta name=\"twitter:card\" content=\"summary_large_image\" \/>\n<meta name=\"twitter:label1\" content=\"Est. reading time\" \/>\n\t<meta name=\"twitter:data1\" content=\"1 minute\" \/>\n<script type=\"application\/ld+json\" class=\"yoast-schema-graph\">{\"@context\":\"https:\/\/schema.org\",\"@graph\":[{\"@type\":\"WebPage\",\"@id\":\"https:\/\/aem.hr\/damir-kopljar-pogled-iz-juzne-amerike-zasto-juznoamericki-hrvati-dolaze-studirati-u-hrvatsku\/\",\"url\":\"https:\/\/aem.hr\/damir-kopljar-pogled-iz-juzne-amerike-zasto-juznoamericki-hrvati-dolaze-studirati-u-hrvatsku\/\",\"name\":\"Damir Kopljar - Pogled iz Ju\u017ene Amerike - za\u0161to ju\u017enoameri\u010dki Hrvati dolaze studirati u Hrvatsku? - Agencija za elektroni\u010dke medije\",\"isPartOf\":{\"@id\":\"https:\/\/aem.hr\/#website\"},\"datePublished\":\"2025-01-16T11:41:28+00:00\",\"dateModified\":\"2025-01-16T11:41:29+00:00\",\"breadcrumb\":{\"@id\":\"https:\/\/aem.hr\/damir-kopljar-pogled-iz-juzne-amerike-zasto-juznoamericki-hrvati-dolaze-studirati-u-hrvatsku\/#breadcrumb\"},\"inLanguage\":\"en-US\",\"potentialAction\":[{\"@type\":\"ReadAction\",\"target\":[\"https:\/\/aem.hr\/damir-kopljar-pogled-iz-juzne-amerike-zasto-juznoamericki-hrvati-dolaze-studirati-u-hrvatsku\/\"]}]},{\"@type\":\"BreadcrumbList\",\"@id\":\"https:\/\/aem.hr\/damir-kopljar-pogled-iz-juzne-amerike-zasto-juznoamericki-hrvati-dolaze-studirati-u-hrvatsku\/#breadcrumb\",\"itemListElement\":[{\"@type\":\"ListItem\",\"position\":1,\"name\":\"Po\u010detna stranica\",\"item\":\"https:\/\/aem.hr\/\"},{\"@type\":\"ListItem\",\"position\":2,\"name\":\"Damir Kopljar &#8211; Pogled iz Ju\u017ene Amerike &#8211; za\u0161to ju\u017enoameri\u010dki Hrvati dolaze studirati u Hrvatsku?\"}]},{\"@type\":\"WebSite\",\"@id\":\"https:\/\/aem.hr\/#website\",\"url\":\"https:\/\/aem.hr\/\",\"name\":\"Agencija za elektroni\u010dke medije\",\"description\":\"\",\"potentialAction\":[{\"@type\":\"SearchAction\",\"target\":{\"@type\":\"EntryPoint\",\"urlTemplate\":\"https:\/\/aem.hr\/?s={search_term_string}\"},\"query-input\":{\"@type\":\"PropertyValueSpecification\",\"valueRequired\":true,\"valueName\":\"search_term_string\"}}],\"inLanguage\":\"en-US\"}]}<\/script>\n<!-- \/ Yoast SEO plugin. -->","yoast_head_json":{"title":"Damir Kopljar - Pogled iz Ju\u017ene Amerike - za\u0161to ju\u017enoameri\u010dki Hrvati dolaze studirati u Hrvatsku? - Agencija za elektroni\u010dke medije","robots":{"index":"index","follow":"follow","max-snippet":"max-snippet:-1","max-image-preview":"max-image-preview:large","max-video-preview":"max-video-preview:-1"},"canonical":"https:\/\/aem.hr\/damir-kopljar-pogled-iz-juzne-amerike-zasto-juznoamericki-hrvati-dolaze-studirati-u-hrvatsku\/","og_locale":"en_US","og_type":"article","og_title":"Damir Kopljar - Pogled iz Ju\u017ene Amerike - za\u0161to ju\u017enoameri\u010dki Hrvati dolaze studirati u Hrvatsku? - Agencija za elektroni\u010dke medije","og_url":"https:\/\/aem.hr\/damir-kopljar-pogled-iz-juzne-amerike-zasto-juznoamericki-hrvati-dolaze-studirati-u-hrvatsku\/","og_site_name":"Agencija za elektroni\u010dke medije","article_modified_time":"2025-01-16T11:41:29+00:00","twitter_card":"summary_large_image","twitter_misc":{"Est. reading time":"1 minute"},"schema":{"@context":"https:\/\/schema.org","@graph":[{"@type":"WebPage","@id":"https:\/\/aem.hr\/damir-kopljar-pogled-iz-juzne-amerike-zasto-juznoamericki-hrvati-dolaze-studirati-u-hrvatsku\/","url":"https:\/\/aem.hr\/damir-kopljar-pogled-iz-juzne-amerike-zasto-juznoamericki-hrvati-dolaze-studirati-u-hrvatsku\/","name":"Damir Kopljar - Pogled iz Ju\u017ene Amerike - za\u0161to ju\u017enoameri\u010dki Hrvati dolaze studirati u Hrvatsku? - Agencija za elektroni\u010dke medije","isPartOf":{"@id":"https:\/\/aem.hr\/#website"},"datePublished":"2025-01-16T11:41:28+00:00","dateModified":"2025-01-16T11:41:29+00:00","breadcrumb":{"@id":"https:\/\/aem.hr\/damir-kopljar-pogled-iz-juzne-amerike-zasto-juznoamericki-hrvati-dolaze-studirati-u-hrvatsku\/#breadcrumb"},"inLanguage":"en-US","potentialAction":[{"@type":"ReadAction","target":["https:\/\/aem.hr\/damir-kopljar-pogled-iz-juzne-amerike-zasto-juznoamericki-hrvati-dolaze-studirati-u-hrvatsku\/"]}]},{"@type":"BreadcrumbList","@id":"https:\/\/aem.hr\/damir-kopljar-pogled-iz-juzne-amerike-zasto-juznoamericki-hrvati-dolaze-studirati-u-hrvatsku\/#breadcrumb","itemListElement":[{"@type":"ListItem","position":1,"name":"Po\u010detna stranica","item":"https:\/\/aem.hr\/"},{"@type":"ListItem","position":2,"name":"Damir Kopljar &#8211; Pogled iz Ju\u017ene Amerike &#8211; za\u0161to ju\u017enoameri\u010dki Hrvati dolaze studirati u Hrvatsku?"}]},{"@type":"WebSite","@id":"https:\/\/aem.hr\/#website","url":"https:\/\/aem.hr\/","name":"Agencija za elektroni\u010dke medije","description":"","potentialAction":[{"@type":"SearchAction","target":{"@type":"EntryPoint","urlTemplate":"https:\/\/aem.hr\/?s={search_term_string}"},"query-input":{"@type":"PropertyValueSpecification","valueRequired":true,"valueName":"search_term_string"}}],"inLanguage":"en-US"}]}},"coauthors":[],"author_meta":{"author_link":"https:\/\/aem.hr\/en\/blog\/author\/mkirac\/","display_name":"Matko Kirac"},"relative_dates":{"created":"Posted 1 year ago","modified":"Updated 1 year ago"},"absolute_dates":{"created":"Posted on 16. January 2025.","modified":"Updated on 16. January 2025."},"absolute_dates_time":{"created":"Posted on 16. January 2025. 12:41","modified":"Updated on 16. January 2025. 12:41"},"featured_img_caption":"","featured_img":false,"series_order":"","_links":{"self":[{"href":"https:\/\/aem.hr\/en\/wp-json\/wp\/v2\/pages\/18847","targetHints":{"allow":["GET"]}}],"collection":[{"href":"https:\/\/aem.hr\/en\/wp-json\/wp\/v2\/pages"}],"about":[{"href":"https:\/\/aem.hr\/en\/wp-json\/wp\/v2\/types\/page"}],"author":[{"embeddable":true,"href":"https:\/\/aem.hr\/en\/wp-json\/wp\/v2\/users\/18"}],"replies":[{"embeddable":true,"href":"https:\/\/aem.hr\/en\/wp-json\/wp\/v2\/comments?post=18847"}],"version-history":[{"count":1,"href":"https:\/\/aem.hr\/en\/wp-json\/wp\/v2\/pages\/18847\/revisions"}],"predecessor-version":[{"id":18866,"href":"https:\/\/aem.hr\/en\/wp-json\/wp\/v2\/pages\/18847\/revisions\/18866"}],"wp:attachment":[{"href":"https:\/\/aem.hr\/en\/wp-json\/wp\/v2\/media?parent=18847"}],"curies":[{"name":"wp","href":"https:\/\/api.w.org\/{rel}","templated":true}]}}