{"id":18868,"date":"2025-01-16T12:58:31","date_gmt":"2025-01-16T11:58:31","guid":{"rendered":"http:\/\/aem.hr\/?page_id=18868"},"modified":"2025-01-16T12:58:32","modified_gmt":"2025-01-16T11:58:32","slug":"slavko-nedic-od-pavlinskih-zapisa-do-online-trazilica-prica-o-pjesmaricama","status":"publish","type":"page","link":"https:\/\/aem.hr\/en\/slavko-nedic-od-pavlinskih-zapisa-do-online-trazilica-prica-o-pjesmaricama\/","title":{"rendered":"Slavko Nedi\u0107 &#8211; Od pavlinskih zapisa do online tra\u017eilica, pri\u010da o pjesmaricama"},"content":{"rendered":"\n<div class=\"wp-block-file\"><a id=\"wp-block-file--media-4cbf05b6-6b72-4461-8c1d-8f35d5319dac\" href=\"https:\/\/aem.hr\/wp-content\/uploads\/2025\/01\/1.-Prica-o-pjesmaricama.pdf\">1. Pri\u010da o pjesmaricama<\/a><a href=\"https:\/\/aem.hr\/wp-content\/uploads\/2025\/01\/1.-Prica-o-pjesmaricama.pdf\" class=\"wp-block-file__button wp-element-button\" download aria-describedby=\"wp-block-file--media-4cbf05b6-6b72-4461-8c1d-8f35d5319dac\">Preuzimanje<\/a><\/div>\n\n\n\n<div class=\"wp-block-file\"><a id=\"wp-block-file--media-ca7c1256-1bd1-490b-8e42-aee97abcb20e\" href=\"https:\/\/aem.hr\/wp-content\/uploads\/2025\/01\/2.-Note-umjesto-vinila.pdf\">2. Note umjesto vinila<\/a><a href=\"https:\/\/aem.hr\/wp-content\/uploads\/2025\/01\/2.-Note-umjesto-vinila.pdf\" class=\"wp-block-file__button wp-element-button\" download aria-describedby=\"wp-block-file--media-ca7c1256-1bd1-490b-8e42-aee97abcb20e\">Preuzimanje<\/a><\/div>\n\n\n\n<div class=\"wp-block-file\"><a id=\"wp-block-file--media-7e244089-6e79-40ad-bf5e-65dee20ecff8\" href=\"https:\/\/aem.hr\/wp-content\/uploads\/2025\/01\/3.-Poslijeratna-notna-izdanja.pdf\">3. Poslijeratna notna izdanja<\/a><a href=\"https:\/\/aem.hr\/wp-content\/uploads\/2025\/01\/3.-Poslijeratna-notna-izdanja.pdf\" class=\"wp-block-file__button wp-element-button\" download aria-describedby=\"wp-block-file--media-7e244089-6e79-40ad-bf5e-65dee20ecff8\">Preuzimanje<\/a><\/div>\n\n\n\n<div class=\"wp-block-file\"><a id=\"wp-block-file--media-5748f9be-5694-4728-90d9-2a86bdb3535c\" href=\"https:\/\/aem.hr\/wp-content\/uploads\/2025\/01\/4.-Jugotonova-notna-izadnja.pdf\">4. Jugotonova notna izadnja<\/a><a href=\"https:\/\/aem.hr\/wp-content\/uploads\/2025\/01\/4.-Jugotonova-notna-izadnja.pdf\" class=\"wp-block-file__button wp-element-button\" download aria-describedby=\"wp-block-file--media-5748f9be-5694-4728-90d9-2a86bdb3535c\">Preuzimanje<\/a><\/div>\n\n\n\n<div class=\"wp-block-file\"><a id=\"wp-block-file--media-d2dc6e54-7423-4793-a888-eac6aeac7b70\" href=\"https:\/\/aem.hr\/wp-content\/uploads\/2025\/01\/5.-Antologije-popularnih-pjesama.pdf\">5. Antologije popularnih pjesama<\/a><a href=\"https:\/\/aem.hr\/wp-content\/uploads\/2025\/01\/5.-Antologije-popularnih-pjesama.pdf\" class=\"wp-block-file__button wp-element-button\" download aria-describedby=\"wp-block-file--media-d2dc6e54-7423-4793-a888-eac6aeac7b70\">Preuzimanje<\/a><\/div>\n\n\n\n<div class=\"wp-block-file\"><a id=\"wp-block-file--media-47ca6d06-753e-4a76-a01a-d5e7ee192228\" href=\"https:\/\/aem.hr\/wp-content\/uploads\/2025\/01\/6.-Notna-izdanja-HDS-a-Cantusa-i-MIC-a.pdf\">6. Notna izdanja HDS-a, Cantusa i MIC-a<\/a><a href=\"https:\/\/aem.hr\/wp-content\/uploads\/2025\/01\/6.-Notna-izdanja-HDS-a-Cantusa-i-MIC-a.pdf\" class=\"wp-block-file__button wp-element-button\" download aria-describedby=\"wp-block-file--media-47ca6d06-753e-4a76-a01a-d5e7ee192228\">Preuzimanje<\/a><\/div>\n\n\n\n<div class=\"wp-block-file\"><a id=\"wp-block-file--media-b6441626-4954-47f3-84b0-ede66465ede0\" href=\"https:\/\/aem.hr\/wp-content\/uploads\/2025\/01\/7.-Pjesmarice-duhovnih-sansona.pdf\">7. Pjesmarice duhovnih \u0161ansona<\/a><a href=\"https:\/\/aem.hr\/wp-content\/uploads\/2025\/01\/7.-Pjesmarice-duhovnih-sansona.pdf\" class=\"wp-block-file__button wp-element-button\" download aria-describedby=\"wp-block-file--media-b6441626-4954-47f3-84b0-ede66465ede0\">Preuzimanje<\/a><\/div>\n\n\n\n<div class=\"wp-block-file\"><a id=\"wp-block-file--media-cba74193-d073-48a6-bbc7-2ca456451079\" href=\"https:\/\/aem.hr\/wp-content\/uploads\/2025\/01\/8.-Online-trazilice-i-baze-pjesama.pdf\">8. Online tra\u017eilice i baze pjesama<\/a><a href=\"https:\/\/aem.hr\/wp-content\/uploads\/2025\/01\/8.-Online-trazilice-i-baze-pjesama.pdf\" class=\"wp-block-file__button wp-element-button\" download aria-describedby=\"wp-block-file--media-cba74193-d073-48a6-bbc7-2ca456451079\">Preuzimanje<\/a><\/div>\n","protected":false},"excerpt":{"rendered":"","protected":false},"author":18,"featured_media":0,"parent":0,"menu_order":0,"comment_status":"closed","ping_status":"closed","template":"","meta":{"_acf_changed":false,"inline_featured_image":false,"advgb_blocks_editor_width":"","advgb_blocks_columns_visual_guide":"","_links_to":"","_links_to_type":0,"footnotes":""},"class_list":["post-18868","page","type-page","status-publish","hentry"],"acf":[],"yoast_head":"<!-- This site is optimized with the Yoast SEO plugin v25.7 - https:\/\/yoast.com\/wordpress\/plugins\/seo\/ -->\n<title>Slavko Nedi\u0107 - Od pavlinskih zapisa do online tra\u017eilica, pri\u010da o pjesmaricama - Agencija za elektroni\u010dke medije<\/title>\n<meta name=\"robots\" content=\"index, follow, max-snippet:-1, max-image-preview:large, max-video-preview:-1\" \/>\n<link rel=\"canonical\" href=\"https:\/\/aem.hr\/en\/slavko-nedic-od-pavlinskih-zapisa-do-online-trazilica-prica-o-pjesmaricama\/\" \/>\n<meta property=\"og:locale\" content=\"en_US\" \/>\n<meta property=\"og:type\" content=\"article\" \/>\n<meta property=\"og:title\" content=\"Slavko Nedi\u0107 - Od pavlinskih zapisa do online tra\u017eilica, pri\u010da o pjesmaricama - Agencija za elektroni\u010dke medije\" \/>\n<meta property=\"og:url\" content=\"https:\/\/aem.hr\/en\/slavko-nedic-od-pavlinskih-zapisa-do-online-trazilica-prica-o-pjesmaricama\/\" \/>\n<meta property=\"og:site_name\" content=\"Agencija za elektroni\u010dke medije\" \/>\n<meta property=\"article:modified_time\" content=\"2025-01-16T11:58:32+00:00\" \/>\n<meta name=\"twitter:card\" content=\"summary_large_image\" \/>\n<meta name=\"twitter:label1\" content=\"Est. reading time\" \/>\n\t<meta name=\"twitter:data1\" content=\"1 minute\" \/>\n<script type=\"application\/ld+json\" class=\"yoast-schema-graph\">{\"@context\":\"https:\/\/schema.org\",\"@graph\":[{\"@type\":\"WebPage\",\"@id\":\"https:\/\/aem.hr\/en\/slavko-nedic-od-pavlinskih-zapisa-do-online-trazilica-prica-o-pjesmaricama\/\",\"url\":\"https:\/\/aem.hr\/en\/slavko-nedic-od-pavlinskih-zapisa-do-online-trazilica-prica-o-pjesmaricama\/\",\"name\":\"Slavko Nedi\u0107 - Od pavlinskih zapisa do online tra\u017eilica, pri\u010da o pjesmaricama - Agencija za elektroni\u010dke medije\",\"isPartOf\":{\"@id\":\"https:\/\/aem.hr\/#website\"},\"datePublished\":\"2025-01-16T11:58:31+00:00\",\"dateModified\":\"2025-01-16T11:58:32+00:00\",\"breadcrumb\":{\"@id\":\"https:\/\/aem.hr\/en\/slavko-nedic-od-pavlinskih-zapisa-do-online-trazilica-prica-o-pjesmaricama\/#breadcrumb\"},\"inLanguage\":\"en-US\",\"potentialAction\":[{\"@type\":\"ReadAction\",\"target\":[\"https:\/\/aem.hr\/en\/slavko-nedic-od-pavlinskih-zapisa-do-online-trazilica-prica-o-pjesmaricama\/\"]}]},{\"@type\":\"BreadcrumbList\",\"@id\":\"https:\/\/aem.hr\/en\/slavko-nedic-od-pavlinskih-zapisa-do-online-trazilica-prica-o-pjesmaricama\/#breadcrumb\",\"itemListElement\":[{\"@type\":\"ListItem\",\"position\":1,\"name\":\"Po\u010detna stranica\",\"item\":\"https:\/\/aem.hr\/\"},{\"@type\":\"ListItem\",\"position\":2,\"name\":\"Slavko Nedi\u0107 &#8211; Od pavlinskih zapisa do online tra\u017eilica, pri\u010da o pjesmaricama\"}]},{\"@type\":\"WebSite\",\"@id\":\"https:\/\/aem.hr\/#website\",\"url\":\"https:\/\/aem.hr\/\",\"name\":\"Agencija za elektroni\u010dke medije\",\"description\":\"\",\"potentialAction\":[{\"@type\":\"SearchAction\",\"target\":{\"@type\":\"EntryPoint\",\"urlTemplate\":\"https:\/\/aem.hr\/?s={search_term_string}\"},\"query-input\":{\"@type\":\"PropertyValueSpecification\",\"valueRequired\":true,\"valueName\":\"search_term_string\"}}],\"inLanguage\":\"en-US\"}]}<\/script>\n<!-- \/ Yoast SEO plugin. -->","yoast_head_json":{"title":"Slavko Nedi\u0107 - Od pavlinskih zapisa do online tra\u017eilica, pri\u010da o pjesmaricama - Agencija za elektroni\u010dke medije","robots":{"index":"index","follow":"follow","max-snippet":"max-snippet:-1","max-image-preview":"max-image-preview:large","max-video-preview":"max-video-preview:-1"},"canonical":"https:\/\/aem.hr\/en\/slavko-nedic-od-pavlinskih-zapisa-do-online-trazilica-prica-o-pjesmaricama\/","og_locale":"en_US","og_type":"article","og_title":"Slavko Nedi\u0107 - Od pavlinskih zapisa do online tra\u017eilica, pri\u010da o pjesmaricama - Agencija za elektroni\u010dke medije","og_url":"https:\/\/aem.hr\/en\/slavko-nedic-od-pavlinskih-zapisa-do-online-trazilica-prica-o-pjesmaricama\/","og_site_name":"Agencija za elektroni\u010dke medije","article_modified_time":"2025-01-16T11:58:32+00:00","twitter_card":"summary_large_image","twitter_misc":{"Est. reading time":"1 minute"},"schema":{"@context":"https:\/\/schema.org","@graph":[{"@type":"WebPage","@id":"https:\/\/aem.hr\/en\/slavko-nedic-od-pavlinskih-zapisa-do-online-trazilica-prica-o-pjesmaricama\/","url":"https:\/\/aem.hr\/en\/slavko-nedic-od-pavlinskih-zapisa-do-online-trazilica-prica-o-pjesmaricama\/","name":"Slavko Nedi\u0107 - Od pavlinskih zapisa do online tra\u017eilica, pri\u010da o pjesmaricama - Agencija za elektroni\u010dke medije","isPartOf":{"@id":"https:\/\/aem.hr\/#website"},"datePublished":"2025-01-16T11:58:31+00:00","dateModified":"2025-01-16T11:58:32+00:00","breadcrumb":{"@id":"https:\/\/aem.hr\/en\/slavko-nedic-od-pavlinskih-zapisa-do-online-trazilica-prica-o-pjesmaricama\/#breadcrumb"},"inLanguage":"en-US","potentialAction":[{"@type":"ReadAction","target":["https:\/\/aem.hr\/en\/slavko-nedic-od-pavlinskih-zapisa-do-online-trazilica-prica-o-pjesmaricama\/"]}]},{"@type":"BreadcrumbList","@id":"https:\/\/aem.hr\/en\/slavko-nedic-od-pavlinskih-zapisa-do-online-trazilica-prica-o-pjesmaricama\/#breadcrumb","itemListElement":[{"@type":"ListItem","position":1,"name":"Po\u010detna stranica","item":"https:\/\/aem.hr\/"},{"@type":"ListItem","position":2,"name":"Slavko Nedi\u0107 &#8211; Od pavlinskih zapisa do online tra\u017eilica, pri\u010da o pjesmaricama"}]},{"@type":"WebSite","@id":"https:\/\/aem.hr\/#website","url":"https:\/\/aem.hr\/","name":"Agencija za elektroni\u010dke medije","description":"","potentialAction":[{"@type":"SearchAction","target":{"@type":"EntryPoint","urlTemplate":"https:\/\/aem.hr\/?s={search_term_string}"},"query-input":{"@type":"PropertyValueSpecification","valueRequired":true,"valueName":"search_term_string"}}],"inLanguage":"en-US"}]}},"coauthors":[],"author_meta":{"author_link":"https:\/\/aem.hr\/en\/blog\/author\/mkirac\/","display_name":"Matko Kirac"},"relative_dates":{"created":"Posted 1 year ago","modified":"Updated 1 year ago"},"absolute_dates":{"created":"Posted on 16. January 2025.","modified":"Updated on 16. January 2025."},"absolute_dates_time":{"created":"Posted on 16. January 2025. 12:58","modified":"Updated on 16. January 2025. 12:58"},"featured_img_caption":"","featured_img":false,"series_order":"","_links":{"self":[{"href":"https:\/\/aem.hr\/en\/wp-json\/wp\/v2\/pages\/18868","targetHints":{"allow":["GET"]}}],"collection":[{"href":"https:\/\/aem.hr\/en\/wp-json\/wp\/v2\/pages"}],"about":[{"href":"https:\/\/aem.hr\/en\/wp-json\/wp\/v2\/types\/page"}],"author":[{"embeddable":true,"href":"https:\/\/aem.hr\/en\/wp-json\/wp\/v2\/users\/18"}],"replies":[{"embeddable":true,"href":"https:\/\/aem.hr\/en\/wp-json\/wp\/v2\/comments?post=18868"}],"version-history":[{"count":1,"href":"https:\/\/aem.hr\/en\/wp-json\/wp\/v2\/pages\/18868\/revisions"}],"predecessor-version":[{"id":18884,"href":"https:\/\/aem.hr\/en\/wp-json\/wp\/v2\/pages\/18868\/revisions\/18884"}],"wp:attachment":[{"href":"https:\/\/aem.hr\/en\/wp-json\/wp\/v2\/media?parent=18868"}],"curies":[{"name":"wp","href":"https:\/\/api.w.org\/{rel}","templated":true}]}}