{"id":18886,"date":"2025-01-16T13:02:36","date_gmt":"2025-01-16T12:02:36","guid":{"rendered":"http:\/\/aem.hr\/?page_id=18886"},"modified":"2025-01-16T13:02:37","modified_gmt":"2025-01-16T12:02:37","slug":"drazena-lejo-siromasni-bolesni-iskljuceni","status":"publish","type":"page","link":"https:\/\/aem.hr\/en\/drazena-lejo-siromasni-bolesni-iskljuceni\/","title":{"rendered":"Dra\u017eena Lejo &#8211; Siroma\u0161ni, bolesni, isklju\u010deni"},"content":{"rendered":"\n<div class=\"wp-block-file\"><a id=\"wp-block-file--media-51e32b0f-e416-48d3-8a68-086b6f414fb2\" href=\"https:\/\/aem.hr\/wp-content\/uploads\/2025\/01\/1.-Siromas\u030ctvo-je-gotovo-siguran-okidac\u030c-za-bolest.pdf\">1. Siromas\u030ctvo je gotovo siguran okidac\u030c za bolest<\/a><a href=\"https:\/\/aem.hr\/wp-content\/uploads\/2025\/01\/1.-Siromas\u030ctvo-je-gotovo-siguran-okidac\u030c-za-bolest.pdf\" class=\"wp-block-file__button wp-element-button\" download aria-describedby=\"wp-block-file--media-51e32b0f-e416-48d3-8a68-086b6f414fb2\">Preuzimanje<\/a><\/div>\n\n\n\n<div class=\"wp-block-file\"><a id=\"wp-block-file--media-bcad6841-43f6-4fbe-87d6-ca366395f878\" href=\"https:\/\/aem.hr\/wp-content\/uploads\/2025\/01\/2.-Gubitak-posla-usred-bolesti-tez\u030ci-je-i-od-same-borbe.pdf\">2. Gubitak posla usred bolesti tez\u030ci je i od same borbe<\/a><a href=\"https:\/\/aem.hr\/wp-content\/uploads\/2025\/01\/2.-Gubitak-posla-usred-bolesti-tez\u030ci-je-i-od-same-borbe.pdf\" class=\"wp-block-file__button wp-element-button\" download aria-describedby=\"wp-block-file--media-bcad6841-43f6-4fbe-87d6-ca366395f878\">Preuzimanje<\/a><\/div>\n\n\n\n<div class=\"wp-block-file\"><a id=\"wp-block-file--media-7b68c70f-f314-4310-9153-0ac8b0d7a28b\" href=\"https:\/\/aem.hr\/wp-content\/uploads\/2025\/01\/3.-Je-li-istina-da-novac-ne-donosi-srec\u0301u.pdf\">3. Je li istina da novac ne donosi srec\u0301u<\/a><a href=\"https:\/\/aem.hr\/wp-content\/uploads\/2025\/01\/3.-Je-li-istina-da-novac-ne-donosi-srec\u0301u.pdf\" class=\"wp-block-file__button wp-element-button\" download aria-describedby=\"wp-block-file--media-7b68c70f-f314-4310-9153-0ac8b0d7a28b\">Preuzimanje<\/a><\/div>\n\n\n\n<div class=\"wp-block-file\"><a id=\"wp-block-file--media-664f3d5d-edf2-4e52-88de-f1c47da4deda\" href=\"https:\/\/aem.hr\/wp-content\/uploads\/2025\/01\/4.-Nevidljivi-i-bolesni-bez-zdravstvene-zas\u030ctite-i-krova-na-glavom.pdf\">4. Nevidljivi i bolesni bez zdravstvene zas\u030ctite i krova na glavom<\/a><a href=\"https:\/\/aem.hr\/wp-content\/uploads\/2025\/01\/4.-Nevidljivi-i-bolesni-bez-zdravstvene-zas\u030ctite-i-krova-na-glavom.pdf\" class=\"wp-block-file__button wp-element-button\" download aria-describedby=\"wp-block-file--media-664f3d5d-edf2-4e52-88de-f1c47da4deda\">Preuzimanje<\/a><\/div>\n\n\n\n<div class=\"wp-block-file\"><a id=\"wp-block-file--media-0b35a6d4-575a-4f14-b791-3f4455d01092\" href=\"https:\/\/aem.hr\/wp-content\/uploads\/2025\/01\/5.-Hrabre-i-uporne-z\u030cene-u-borbi-protiv-siromas\u030ctva-i-bolesti.pdf\">5. Hrabre i uporne z\u030cene u borbi protiv siromas\u030ctva i bolesti<\/a><a href=\"https:\/\/aem.hr\/wp-content\/uploads\/2025\/01\/5.-Hrabre-i-uporne-z\u030cene-u-borbi-protiv-siromas\u030ctva-i-bolesti.pdf\" class=\"wp-block-file__button wp-element-button\" download aria-describedby=\"wp-block-file--media-0b35a6d4-575a-4f14-b791-3f4455d01092\">Preuzimanje<\/a><\/div>\n","protected":false},"excerpt":{"rendered":"","protected":false},"author":18,"featured_media":0,"parent":0,"menu_order":0,"comment_status":"closed","ping_status":"closed","template":"","meta":{"_acf_changed":false,"inline_featured_image":false,"advgb_blocks_editor_width":"","advgb_blocks_columns_visual_guide":"","_links_to":"","_links_to_type":0,"footnotes":""},"class_list":["post-18886","page","type-page","status-publish","hentry"],"acf":[],"yoast_head":"<!-- This site is optimized with the Yoast SEO plugin v25.7 - https:\/\/yoast.com\/wordpress\/plugins\/seo\/ -->\n<title>Dra\u017eena Lejo - Siroma\u0161ni, bolesni, isklju\u010deni - Agencija za elektroni\u010dke medije<\/title>\n<meta name=\"robots\" content=\"index, follow, max-snippet:-1, max-image-preview:large, max-video-preview:-1\" \/>\n<link rel=\"canonical\" href=\"https:\/\/aem.hr\/en\/drazena-lejo-siromasni-bolesni-iskljuceni\/\" \/>\n<meta property=\"og:locale\" content=\"en_US\" \/>\n<meta property=\"og:type\" content=\"article\" \/>\n<meta property=\"og:title\" content=\"Dra\u017eena Lejo - Siroma\u0161ni, bolesni, isklju\u010deni - Agencija za elektroni\u010dke medije\" \/>\n<meta property=\"og:url\" content=\"https:\/\/aem.hr\/en\/drazena-lejo-siromasni-bolesni-iskljuceni\/\" \/>\n<meta property=\"og:site_name\" content=\"Agencija za elektroni\u010dke medije\" \/>\n<meta property=\"article:modified_time\" content=\"2025-01-16T12:02:37+00:00\" \/>\n<meta name=\"twitter:card\" content=\"summary_large_image\" \/>\n<meta name=\"twitter:label1\" content=\"Est. reading time\" \/>\n\t<meta name=\"twitter:data1\" content=\"1 minute\" \/>\n<script type=\"application\/ld+json\" class=\"yoast-schema-graph\">{\"@context\":\"https:\/\/schema.org\",\"@graph\":[{\"@type\":\"WebPage\",\"@id\":\"https:\/\/aem.hr\/en\/drazena-lejo-siromasni-bolesni-iskljuceni\/\",\"url\":\"https:\/\/aem.hr\/en\/drazena-lejo-siromasni-bolesni-iskljuceni\/\",\"name\":\"Dra\u017eena Lejo - Siroma\u0161ni, bolesni, isklju\u010deni - Agencija za elektroni\u010dke medije\",\"isPartOf\":{\"@id\":\"https:\/\/aem.hr\/#website\"},\"datePublished\":\"2025-01-16T12:02:36+00:00\",\"dateModified\":\"2025-01-16T12:02:37+00:00\",\"breadcrumb\":{\"@id\":\"https:\/\/aem.hr\/en\/drazena-lejo-siromasni-bolesni-iskljuceni\/#breadcrumb\"},\"inLanguage\":\"en-US\",\"potentialAction\":[{\"@type\":\"ReadAction\",\"target\":[\"https:\/\/aem.hr\/en\/drazena-lejo-siromasni-bolesni-iskljuceni\/\"]}]},{\"@type\":\"BreadcrumbList\",\"@id\":\"https:\/\/aem.hr\/en\/drazena-lejo-siromasni-bolesni-iskljuceni\/#breadcrumb\",\"itemListElement\":[{\"@type\":\"ListItem\",\"position\":1,\"name\":\"Po\u010detna stranica\",\"item\":\"https:\/\/aem.hr\/\"},{\"@type\":\"ListItem\",\"position\":2,\"name\":\"Dra\u017eena Lejo &#8211; Siroma\u0161ni, bolesni, isklju\u010deni\"}]},{\"@type\":\"WebSite\",\"@id\":\"https:\/\/aem.hr\/#website\",\"url\":\"https:\/\/aem.hr\/\",\"name\":\"Agencija za elektroni\u010dke medije\",\"description\":\"\",\"potentialAction\":[{\"@type\":\"SearchAction\",\"target\":{\"@type\":\"EntryPoint\",\"urlTemplate\":\"https:\/\/aem.hr\/?s={search_term_string}\"},\"query-input\":{\"@type\":\"PropertyValueSpecification\",\"valueRequired\":true,\"valueName\":\"search_term_string\"}}],\"inLanguage\":\"en-US\"}]}<\/script>\n<!-- \/ Yoast SEO plugin. -->","yoast_head_json":{"title":"Dra\u017eena Lejo - Siroma\u0161ni, bolesni, isklju\u010deni - Agencija za elektroni\u010dke medije","robots":{"index":"index","follow":"follow","max-snippet":"max-snippet:-1","max-image-preview":"max-image-preview:large","max-video-preview":"max-video-preview:-1"},"canonical":"https:\/\/aem.hr\/en\/drazena-lejo-siromasni-bolesni-iskljuceni\/","og_locale":"en_US","og_type":"article","og_title":"Dra\u017eena Lejo - Siroma\u0161ni, bolesni, isklju\u010deni - Agencija za elektroni\u010dke medije","og_url":"https:\/\/aem.hr\/en\/drazena-lejo-siromasni-bolesni-iskljuceni\/","og_site_name":"Agencija za elektroni\u010dke medije","article_modified_time":"2025-01-16T12:02:37+00:00","twitter_card":"summary_large_image","twitter_misc":{"Est. reading time":"1 minute"},"schema":{"@context":"https:\/\/schema.org","@graph":[{"@type":"WebPage","@id":"https:\/\/aem.hr\/en\/drazena-lejo-siromasni-bolesni-iskljuceni\/","url":"https:\/\/aem.hr\/en\/drazena-lejo-siromasni-bolesni-iskljuceni\/","name":"Dra\u017eena Lejo - Siroma\u0161ni, bolesni, isklju\u010deni - Agencija za elektroni\u010dke medije","isPartOf":{"@id":"https:\/\/aem.hr\/#website"},"datePublished":"2025-01-16T12:02:36+00:00","dateModified":"2025-01-16T12:02:37+00:00","breadcrumb":{"@id":"https:\/\/aem.hr\/en\/drazena-lejo-siromasni-bolesni-iskljuceni\/#breadcrumb"},"inLanguage":"en-US","potentialAction":[{"@type":"ReadAction","target":["https:\/\/aem.hr\/en\/drazena-lejo-siromasni-bolesni-iskljuceni\/"]}]},{"@type":"BreadcrumbList","@id":"https:\/\/aem.hr\/en\/drazena-lejo-siromasni-bolesni-iskljuceni\/#breadcrumb","itemListElement":[{"@type":"ListItem","position":1,"name":"Po\u010detna stranica","item":"https:\/\/aem.hr\/"},{"@type":"ListItem","position":2,"name":"Dra\u017eena Lejo &#8211; Siroma\u0161ni, bolesni, isklju\u010deni"}]},{"@type":"WebSite","@id":"https:\/\/aem.hr\/#website","url":"https:\/\/aem.hr\/","name":"Agencija za elektroni\u010dke medije","description":"","potentialAction":[{"@type":"SearchAction","target":{"@type":"EntryPoint","urlTemplate":"https:\/\/aem.hr\/?s={search_term_string}"},"query-input":{"@type":"PropertyValueSpecification","valueRequired":true,"valueName":"search_term_string"}}],"inLanguage":"en-US"}]}},"coauthors":[],"author_meta":{"author_link":"https:\/\/aem.hr\/en\/blog\/author\/mkirac\/","display_name":"Matko Kirac"},"relative_dates":{"created":"Posted 1 year ago","modified":"Updated 1 year ago"},"absolute_dates":{"created":"Posted on 16. January 2025.","modified":"Updated on 16. January 2025."},"absolute_dates_time":{"created":"Posted on 16. January 2025. 13:02","modified":"Updated on 16. January 2025. 13:02"},"featured_img_caption":"","featured_img":false,"series_order":"","_links":{"self":[{"href":"https:\/\/aem.hr\/en\/wp-json\/wp\/v2\/pages\/18886","targetHints":{"allow":["GET"]}}],"collection":[{"href":"https:\/\/aem.hr\/en\/wp-json\/wp\/v2\/pages"}],"about":[{"href":"https:\/\/aem.hr\/en\/wp-json\/wp\/v2\/types\/page"}],"author":[{"embeddable":true,"href":"https:\/\/aem.hr\/en\/wp-json\/wp\/v2\/users\/18"}],"replies":[{"embeddable":true,"href":"https:\/\/aem.hr\/en\/wp-json\/wp\/v2\/comments?post=18886"}],"version-history":[{"count":1,"href":"https:\/\/aem.hr\/en\/wp-json\/wp\/v2\/pages\/18886\/revisions"}],"predecessor-version":[{"id":18897,"href":"https:\/\/aem.hr\/en\/wp-json\/wp\/v2\/pages\/18886\/revisions\/18897"}],"wp:attachment":[{"href":"https:\/\/aem.hr\/en\/wp-json\/wp\/v2\/media?parent=18886"}],"curies":[{"name":"wp","href":"https:\/\/api.w.org\/{rel}","templated":true}]}}