{"id":18899,"date":"2025-01-16T13:04:03","date_gmt":"2025-01-16T12:04:03","guid":{"rendered":"http:\/\/aem.hr\/?page_id=18899"},"modified":"2025-01-16T13:04:04","modified_gmt":"2025-01-16T12:04:04","slug":"augustin-basic-nacionalni-i-religijski-identitet-manjina-i-njihovo-pozicioniranje-u-drustvu","status":"publish","type":"page","link":"https:\/\/aem.hr\/en\/augustin-basic-nacionalni-i-religijski-identitet-manjina-i-njihovo-pozicioniranje-u-drustvu\/","title":{"rendered":"Augustin Ba\u0161i\u0107 &#8211; Nacionalni i religijski identitet manjina i njihovo pozicioniranje u dru\u0161tvu"},"content":{"rendered":"\n<div class=\"wp-block-file\"><a id=\"wp-block-file--media-6b6a07c3-edcc-4977-a0e3-4f02b4cb032f\" href=\"https:\/\/aem.hr\/wp-content\/uploads\/2025\/01\/1.-Kosta-Milkov-Religijske-zajednice.pdf\">1. Kosta Milkov Religijske zajednice<\/a><a href=\"https:\/\/aem.hr\/wp-content\/uploads\/2025\/01\/1.-Kosta-Milkov-Religijske-zajednice.pdf\" class=\"wp-block-file__button wp-element-button\" download aria-describedby=\"wp-block-file--media-6b6a07c3-edcc-4977-a0e3-4f02b4cb032f\">Preuzimanje<\/a><\/div>\n\n\n\n<div class=\"wp-block-file\"><a id=\"wp-block-file--media-5cf7d84a-3c80-430a-ac8b-633a3450aa0a\" href=\"https:\/\/aem.hr\/wp-content\/uploads\/2025\/01\/2.-Franic-o-komunizmu.pdf\">2. Frani\u0107 o komunizmu<\/a><a href=\"https:\/\/aem.hr\/wp-content\/uploads\/2025\/01\/2.-Franic-o-komunizmu.pdf\" class=\"wp-block-file__button wp-element-button\" download aria-describedby=\"wp-block-file--media-5cf7d84a-3c80-430a-ac8b-633a3450aa0a\">Preuzimanje<\/a><\/div>\n\n\n\n<div class=\"wp-block-file\"><a id=\"wp-block-file--media-87517f81-997b-4d0e-a9ce-6f64a4e31c2c\" href=\"https:\/\/aem.hr\/wp-content\/uploads\/2025\/01\/3.-Alili-Dug-u-Islamu.pdf\">3. Alili &#8211; Dug u Islamu<\/a><a href=\"https:\/\/aem.hr\/wp-content\/uploads\/2025\/01\/3.-Alili-Dug-u-Islamu.pdf\" class=\"wp-block-file__button wp-element-button\" download aria-describedby=\"wp-block-file--media-87517f81-997b-4d0e-a9ce-6f64a4e31c2c\">Preuzimanje<\/a><\/div>\n\n\n\n<div class=\"wp-block-file\"><a id=\"wp-block-file--media-f35f42fa-0be6-423b-8535-a2b6df931d8c\" href=\"https:\/\/aem.hr\/wp-content\/uploads\/2025\/01\/4.-Tolnauer-O-Romima-i-dalje.pdf\">4. Tolnauer &#8211; O Romima i dalje<\/a><a href=\"https:\/\/aem.hr\/wp-content\/uploads\/2025\/01\/4.-Tolnauer-O-Romima-i-dalje.pdf\" class=\"wp-block-file__button wp-element-button\" download aria-describedby=\"wp-block-file--media-f35f42fa-0be6-423b-8535-a2b6df931d8c\">Preuzimanje<\/a><\/div>\n\n\n\n<div class=\"wp-block-file\"><a id=\"wp-block-file--media-f38ba79b-56cb-4426-a2aa-255bbbed3c72\" href=\"https:\/\/aem.hr\/wp-content\/uploads\/2025\/01\/5.-Beric-Korupcija-je-nadjacala.pdf\">5. Beri\u0107 &#8211; Korupcija je nadja\u010dala<\/a><a href=\"https:\/\/aem.hr\/wp-content\/uploads\/2025\/01\/5.-Beric-Korupcija-je-nadjacala.pdf\" class=\"wp-block-file__button wp-element-button\" download aria-describedby=\"wp-block-file--media-f38ba79b-56cb-4426-a2aa-255bbbed3c72\">Preuzimanje<\/a><\/div>\n\n\n\n<div class=\"wp-block-file\"><a id=\"wp-block-file--media-b9b86a25-d533-4c3a-844e-e5187ec0eee3\" href=\"https:\/\/aem.hr\/wp-content\/uploads\/2025\/01\/6.-Graljuk-Hrvatska-je-de-jure.pdf\">6. Graljuk &#8211; Hrvatska je de jure<\/a><a href=\"https:\/\/aem.hr\/wp-content\/uploads\/2025\/01\/6.-Graljuk-Hrvatska-je-de-jure.pdf\" class=\"wp-block-file__button wp-element-button\" download aria-describedby=\"wp-block-file--media-b9b86a25-d533-4c3a-844e-e5187ec0eee3\">Preuzimanje<\/a><\/div>\n","protected":false},"excerpt":{"rendered":"","protected":false},"author":18,"featured_media":0,"parent":0,"menu_order":0,"comment_status":"closed","ping_status":"closed","template":"","meta":{"_acf_changed":false,"inline_featured_image":false,"advgb_blocks_editor_width":"","advgb_blocks_columns_visual_guide":"","_links_to":"","_links_to_type":0,"footnotes":""},"class_list":["post-18899","page","type-page","status-publish","hentry"],"acf":[],"yoast_head":"<!-- This site is optimized with the Yoast SEO plugin v25.7 - https:\/\/yoast.com\/wordpress\/plugins\/seo\/ -->\n<title>Augustin Ba\u0161i\u0107 - Nacionalni i religijski identitet manjina i njihovo pozicioniranje u dru\u0161tvu - Agencija za elektroni\u010dke medije<\/title>\n<meta name=\"robots\" content=\"index, follow, max-snippet:-1, max-image-preview:large, max-video-preview:-1\" \/>\n<link rel=\"canonical\" href=\"https:\/\/aem.hr\/en\/augustin-basic-nacionalni-i-religijski-identitet-manjina-i-njihovo-pozicioniranje-u-drustvu\/\" \/>\n<meta property=\"og:locale\" content=\"en_US\" \/>\n<meta property=\"og:type\" content=\"article\" \/>\n<meta property=\"og:title\" content=\"Augustin Ba\u0161i\u0107 - Nacionalni i religijski identitet manjina i njihovo pozicioniranje u dru\u0161tvu - Agencija za elektroni\u010dke medije\" \/>\n<meta property=\"og:url\" content=\"https:\/\/aem.hr\/en\/augustin-basic-nacionalni-i-religijski-identitet-manjina-i-njihovo-pozicioniranje-u-drustvu\/\" \/>\n<meta property=\"og:site_name\" content=\"Agencija za elektroni\u010dke medije\" \/>\n<meta property=\"article:modified_time\" content=\"2025-01-16T12:04:04+00:00\" \/>\n<meta name=\"twitter:card\" content=\"summary_large_image\" \/>\n<meta name=\"twitter:label1\" content=\"Est. reading time\" \/>\n\t<meta name=\"twitter:data1\" content=\"1 minute\" \/>\n<script type=\"application\/ld+json\" class=\"yoast-schema-graph\">{\"@context\":\"https:\/\/schema.org\",\"@graph\":[{\"@type\":\"WebPage\",\"@id\":\"https:\/\/aem.hr\/en\/augustin-basic-nacionalni-i-religijski-identitet-manjina-i-njihovo-pozicioniranje-u-drustvu\/\",\"url\":\"https:\/\/aem.hr\/en\/augustin-basic-nacionalni-i-religijski-identitet-manjina-i-njihovo-pozicioniranje-u-drustvu\/\",\"name\":\"Augustin Ba\u0161i\u0107 - Nacionalni i religijski identitet manjina i njihovo pozicioniranje u dru\u0161tvu - Agencija za elektroni\u010dke medije\",\"isPartOf\":{\"@id\":\"https:\/\/aem.hr\/#website\"},\"datePublished\":\"2025-01-16T12:04:03+00:00\",\"dateModified\":\"2025-01-16T12:04:04+00:00\",\"breadcrumb\":{\"@id\":\"https:\/\/aem.hr\/en\/augustin-basic-nacionalni-i-religijski-identitet-manjina-i-njihovo-pozicioniranje-u-drustvu\/#breadcrumb\"},\"inLanguage\":\"en-US\",\"potentialAction\":[{\"@type\":\"ReadAction\",\"target\":[\"https:\/\/aem.hr\/en\/augustin-basic-nacionalni-i-religijski-identitet-manjina-i-njihovo-pozicioniranje-u-drustvu\/\"]}]},{\"@type\":\"BreadcrumbList\",\"@id\":\"https:\/\/aem.hr\/en\/augustin-basic-nacionalni-i-religijski-identitet-manjina-i-njihovo-pozicioniranje-u-drustvu\/#breadcrumb\",\"itemListElement\":[{\"@type\":\"ListItem\",\"position\":1,\"name\":\"Po\u010detna stranica\",\"item\":\"https:\/\/aem.hr\/\"},{\"@type\":\"ListItem\",\"position\":2,\"name\":\"Augustin Ba\u0161i\u0107 &#8211; Nacionalni i religijski identitet manjina i njihovo pozicioniranje u dru\u0161tvu\"}]},{\"@type\":\"WebSite\",\"@id\":\"https:\/\/aem.hr\/#website\",\"url\":\"https:\/\/aem.hr\/\",\"name\":\"Agencija za elektroni\u010dke medije\",\"description\":\"\",\"potentialAction\":[{\"@type\":\"SearchAction\",\"target\":{\"@type\":\"EntryPoint\",\"urlTemplate\":\"https:\/\/aem.hr\/?s={search_term_string}\"},\"query-input\":{\"@type\":\"PropertyValueSpecification\",\"valueRequired\":true,\"valueName\":\"search_term_string\"}}],\"inLanguage\":\"en-US\"}]}<\/script>\n<!-- \/ Yoast SEO plugin. -->","yoast_head_json":{"title":"Augustin Ba\u0161i\u0107 - Nacionalni i religijski identitet manjina i njihovo pozicioniranje u dru\u0161tvu - Agencija za elektroni\u010dke medije","robots":{"index":"index","follow":"follow","max-snippet":"max-snippet:-1","max-image-preview":"max-image-preview:large","max-video-preview":"max-video-preview:-1"},"canonical":"https:\/\/aem.hr\/en\/augustin-basic-nacionalni-i-religijski-identitet-manjina-i-njihovo-pozicioniranje-u-drustvu\/","og_locale":"en_US","og_type":"article","og_title":"Augustin Ba\u0161i\u0107 - Nacionalni i religijski identitet manjina i njihovo pozicioniranje u dru\u0161tvu - Agencija za elektroni\u010dke medije","og_url":"https:\/\/aem.hr\/en\/augustin-basic-nacionalni-i-religijski-identitet-manjina-i-njihovo-pozicioniranje-u-drustvu\/","og_site_name":"Agencija za elektroni\u010dke medije","article_modified_time":"2025-01-16T12:04:04+00:00","twitter_card":"summary_large_image","twitter_misc":{"Est. reading time":"1 minute"},"schema":{"@context":"https:\/\/schema.org","@graph":[{"@type":"WebPage","@id":"https:\/\/aem.hr\/en\/augustin-basic-nacionalni-i-religijski-identitet-manjina-i-njihovo-pozicioniranje-u-drustvu\/","url":"https:\/\/aem.hr\/en\/augustin-basic-nacionalni-i-religijski-identitet-manjina-i-njihovo-pozicioniranje-u-drustvu\/","name":"Augustin Ba\u0161i\u0107 - Nacionalni i religijski identitet manjina i njihovo pozicioniranje u dru\u0161tvu - Agencija za elektroni\u010dke medije","isPartOf":{"@id":"https:\/\/aem.hr\/#website"},"datePublished":"2025-01-16T12:04:03+00:00","dateModified":"2025-01-16T12:04:04+00:00","breadcrumb":{"@id":"https:\/\/aem.hr\/en\/augustin-basic-nacionalni-i-religijski-identitet-manjina-i-njihovo-pozicioniranje-u-drustvu\/#breadcrumb"},"inLanguage":"en-US","potentialAction":[{"@type":"ReadAction","target":["https:\/\/aem.hr\/en\/augustin-basic-nacionalni-i-religijski-identitet-manjina-i-njihovo-pozicioniranje-u-drustvu\/"]}]},{"@type":"BreadcrumbList","@id":"https:\/\/aem.hr\/en\/augustin-basic-nacionalni-i-religijski-identitet-manjina-i-njihovo-pozicioniranje-u-drustvu\/#breadcrumb","itemListElement":[{"@type":"ListItem","position":1,"name":"Po\u010detna stranica","item":"https:\/\/aem.hr\/"},{"@type":"ListItem","position":2,"name":"Augustin Ba\u0161i\u0107 &#8211; Nacionalni i religijski identitet manjina i njihovo pozicioniranje u dru\u0161tvu"}]},{"@type":"WebSite","@id":"https:\/\/aem.hr\/#website","url":"https:\/\/aem.hr\/","name":"Agencija za elektroni\u010dke medije","description":"","potentialAction":[{"@type":"SearchAction","target":{"@type":"EntryPoint","urlTemplate":"https:\/\/aem.hr\/?s={search_term_string}"},"query-input":{"@type":"PropertyValueSpecification","valueRequired":true,"valueName":"search_term_string"}}],"inLanguage":"en-US"}]}},"coauthors":[],"author_meta":{"author_link":"https:\/\/aem.hr\/en\/blog\/author\/mkirac\/","display_name":"Matko Kirac"},"relative_dates":{"created":"Posted 1 year ago","modified":"Updated 1 year ago"},"absolute_dates":{"created":"Posted on 16. January 2025.","modified":"Updated on 16. January 2025."},"absolute_dates_time":{"created":"Posted on 16. January 2025. 13:04","modified":"Updated on 16. January 2025. 13:04"},"featured_img_caption":"","featured_img":false,"series_order":"","_links":{"self":[{"href":"https:\/\/aem.hr\/en\/wp-json\/wp\/v2\/pages\/18899","targetHints":{"allow":["GET"]}}],"collection":[{"href":"https:\/\/aem.hr\/en\/wp-json\/wp\/v2\/pages"}],"about":[{"href":"https:\/\/aem.hr\/en\/wp-json\/wp\/v2\/types\/page"}],"author":[{"embeddable":true,"href":"https:\/\/aem.hr\/en\/wp-json\/wp\/v2\/users\/18"}],"replies":[{"embeddable":true,"href":"https:\/\/aem.hr\/en\/wp-json\/wp\/v2\/comments?post=18899"}],"version-history":[{"count":1,"href":"https:\/\/aem.hr\/en\/wp-json\/wp\/v2\/pages\/18899\/revisions"}],"predecessor-version":[{"id":18913,"href":"https:\/\/aem.hr\/en\/wp-json\/wp\/v2\/pages\/18899\/revisions\/18913"}],"wp:attachment":[{"href":"https:\/\/aem.hr\/en\/wp-json\/wp\/v2\/media?parent=18899"}],"curies":[{"name":"wp","href":"https:\/\/api.w.org\/{rel}","templated":true}]}}